{"id":1439,"date":"2024-12-18T12:38:27","date_gmt":"2024-12-18T12:38:27","guid":{"rendered":"https:\/\/www.unioviedo.es\/grupoetic\/?page_id=1439"},"modified":"2026-03-10T20:58:42","modified_gmt":"2026-03-10T20:58:42","slug":"globalabs","status":"publish","type":"page","link":"https:\/\/www.unioviedo.es\/grupoetic\/globalabs\/","title":{"rendered":"GlobaLabs"},"content":{"rendered":"<h1><span style=\"color: #33cccc;\"><strong>I+D GlobaLabs<\/strong><\/span><\/h1>\n<h3>Investigaci\u00f3n participativa en laboratorios juveniles de ciudadan\u00eda global (GlobaLabs). PID2023-146088OB-C32<\/h3>\n<div style=\"width: 100%;\">\n<div style=\"position: relative; padding-bottom: 56.25%; padding-top: 0; height: 0;\"><iframe loading=\"lazy\" style=\"position: absolute; top: 0; left: 0; width: 100%; height: 100%;\" title=\"GlobaLabs\" src=\"https:\/\/view.genially.com\/6888575bd0053e1d957c40e2\" width=\"1200\" height=\"675\" frameborder=\"0\" scrolling=\"yes\" allowfullscreen=\"allowfullscreen\"><\/iframe><\/div>\n<\/div>\n<p><strong>\u00bfDe qu\u00e9 trata el proyecto?<\/strong><\/p>\n<p>El proyecto \u201cInvestigaci\u00f3n participativa en laboratorios juveniles de ciudadan\u00eda global (GlobaLabs)\u201d (PID2023-146088OB-C32, financiado por MICIU\/AEI\/10.13039\/501100011033 y por FEDER\/UE) presenta una investigaci\u00f3n coordinada de tres subproyectos orientada a solucionar el problema de c\u00f3mo los j\u00f3venes construyen ciudadan\u00eda global.\u00a0 Este proyecto es continuaci\u00f3n de un proyecto anterior: <a href=\"https:\/\/www.unioviedo.es\/grupoetic\/id-conciudadaniaglobal\/\">La construcci\u00f3n de la ciudadan\u00eda global con personas j\u00f3venes investigando pr\u00e1cticas transformadoras con metodolog\u00edas participativas e inclusivas<\/a> (PID2020-114478RB-C22. MCIN\/AEI\/ 10.13039\/501100011033). La hip\u00f3tesis de partida es que el desarrollo de un modelo comprometido y activo de ciudadan\u00eda global requiere un conocimiento profundo sobre los dilemas y problemas planetarios a los que se enfrenta la humanidad. Para mejorar los niveles de compromiso global, las personas j\u00f3venes deben participar en experiencias que aumenten y mejoren su agencia, voz y capacidad de investigaci\u00f3n y comprensi\u00f3n sobre esas problem\u00e1ticas globales en entornos presenciales y virtuales.<\/p>\n<p><strong>\u00bfQu\u00e9 objetivos persigue?<\/strong><\/p>\n<p>Su objetivo es documentar y acompa\u00f1ar procesos de investigaci\u00f3n juvenil (14 y 17 a\u00f1os) en escenarios presenciales y virtuales a trav\u00e9s del enfoque JIRG (personas j\u00f3venes investigando retos globales). La metodolog\u00eda personas j\u00f3venes como investigadoras de retos globales (JIRG) permitir\u00e1 a estas dar respuesta a esos retos y reflexionar sobre su papel en un mundo altamente interconectado.<\/p>\n<p><strong>\u00bfQui\u00e9n lo financia?<\/strong><\/p>\n<p>Ministerio de Ciencia, Investigaci\u00f3n y Universidades. Convocatoria e Generaci\u00f3n del conocimiento 2023.<\/p>\n<p><strong>\u00bfQui\u00e9nes participan?<\/strong><\/p>\n<p class=\"font_8 wixui-rich-text__text\">Universidades impulsoras: Universidad de Cantabria (IP. Adelina Calvo), Universidad de Oviedo (IP. Isabel Hevia) y Universidade da Coru\u00f1a (IP. Ren\u00e9e DePalma)<\/p>\n<p class=\"font_8 wixui-rich-text__text\">Personas del equipo investigador de Uniovi: Aquilina Fueyo, Gloria Braga, Alejandro Rodr\u00edguez, Santiago Fano, David Men\u00e9ndez, Mar\u00eda Verdeja, Antonio Urbano, M\u00aa Teresa Iglesias, Jos\u00e9 Luis Belver, Cristina Valdes, Sara de la Fuente, Laura Armas y Anus Teja.<\/p>\n<p><strong>Resultados del proyecto:\u00a0<\/strong><\/p>\n<ul>\n<li><a href=\"https:\/\/www.unioviedo.es\/grupoetic\/globalabs\/publicaciones-globalabs\/\">Publicaciones<\/a><\/li>\n<li><a href=\"https:\/\/www.unioviedo.es\/grupoetic\/difusion-y-transferencia-globalabs\/\">Difusi\u00f3n y transferencia<\/a><\/li>\n<\/ul>\n<p><a href=\"http:\/\/www.unioviedo.es\/grupoetic\/wp-content\/uploads\/2025\/07\/Todos-los-logos-id.png\"><img loading=\"lazy\" decoding=\"async\" class=\"wp-image-1763 aligncenter\" src=\"http:\/\/www.unioviedo.es\/grupoetic\/wp-content\/uploads\/2025\/07\/Todos-los-logos-id-1024x90.png\" alt=\"\" width=\"768\" height=\"68\" srcset=\"https:\/\/www.unioviedo.es\/grupoetic\/wp-content\/uploads\/2025\/07\/Todos-los-logos-id-1024x90.png 1024w, https:\/\/www.unioviedo.es\/grupoetic\/wp-content\/uploads\/2025\/07\/Todos-los-logos-id-300x26.png 300w, https:\/\/www.unioviedo.es\/grupoetic\/wp-content\/uploads\/2025\/07\/Todos-los-logos-id-768x67.png 768w, https:\/\/www.unioviedo.es\/grupoetic\/wp-content\/uploads\/2025\/07\/Todos-los-logos-id-1536x134.png 1536w, https:\/\/www.unioviedo.es\/grupoetic\/wp-content\/uploads\/2025\/07\/Todos-los-logos-id-2048x179.png 2048w\" sizes=\"(max-width: 768px) 100vw, 768px\" \/><\/a><\/p>\n<p><iframe loading=\"lazy\" title=\"YouTube video player\" src=\"https:\/\/www.youtube.com\/embed\/cCzhZo8ZxxY?si=IxKSqA2fhlVhMw2M\" width=\"560\" height=\"315\" frameborder=\"0\" allowfullscreen=\"allowfullscreen\"><\/iframe><\/p>\n","protected":false},"excerpt":{"rendered":"<p>I+D GlobaLabs Investigaci\u00f3n participativa en laboratorios juveniles de ciudadan\u00eda global (GlobaLabs). PID2023-146088OB-C32 \u00bfDe qu\u00e9 trata el proyecto? El proyecto \u201cInvestigaci\u00f3n participativa en laboratorios juveniles de ciudadan\u00eda global (GlobaLabs)\u201d (PID2023-146088OB-C32, financiado por MICIU\/AEI\/10.13039\/501100011033 y por FEDER\/UE) presenta una investigaci\u00f3n coordinada de tres subproyectos orientada a solucionar el problema de c\u00f3mo los j\u00f3venes construyen ciudadan\u00eda global.\u00a0 Este proyecto es continuaci\u00f3n de un proyecto anterior: La construcci\u00f3n de la ciudadan\u00eda global con personas j\u00f3venes investigando pr\u00e1cticas transformadoras con metodolog\u00edas participativas e inclusivas (PID2020-114478RB-C22. MCIN\/AEI\/ 10.13039\/501100011033). La hip\u00f3tesis de partida es que el desarrollo de un modelo comprometido y activo de ciudadan\u00eda global requiere un conocimiento profundo sobre los dilemas y problemas planetarios a los que se enfrenta la humanidad. Para mejorar los niveles de compromiso global, las personas j\u00f3venes deben participar en experiencias que aumenten y mejoren su agencia, voz y capacidad de investigaci\u00f3n y comprensi\u00f3n sobre esas problem\u00e1ticas globales en entornos presenciales y virtuales. \u00bfQu\u00e9 objetivos persigue? Su objetivo es documentar y acompa\u00f1ar procesos de investigaci\u00f3n juvenil (14 y 17 a\u00f1os) en escenarios presenciales y virtuales a trav\u00e9s del enfoque JIRG (personas j\u00f3venes investigando retos globales). La metodolog\u00eda personas j\u00f3venes como investigadoras de retos globales (JIRG) permitir\u00e1 a estas dar respuesta a [&hellip;]<\/p>\n","protected":false},"author":6,"featured_media":0,"parent":0,"menu_order":0,"comment_status":"closed","ping_status":"closed","template":"","meta":{"footnotes":""},"_links":{"self":[{"href":"https:\/\/www.unioviedo.es\/grupoetic\/wp-json\/wp\/v2\/pages\/1439"}],"collection":[{"href":"https:\/\/www.unioviedo.es\/grupoetic\/wp-json\/wp\/v2\/pages"}],"about":[{"href":"https:\/\/www.unioviedo.es\/grupoetic\/wp-json\/wp\/v2\/types\/page"}],"author":[{"embeddable":true,"href":"https:\/\/www.unioviedo.es\/grupoetic\/wp-json\/wp\/v2\/users\/6"}],"replies":[{"embeddable":true,"href":"https:\/\/www.unioviedo.es\/grupoetic\/wp-json\/wp\/v2\/comments?post=1439"}],"version-history":[{"count":13,"href":"https:\/\/www.unioviedo.es\/grupoetic\/wp-json\/wp\/v2\/pages\/1439\/revisions"}],"predecessor-version":[{"id":1858,"href":"https:\/\/www.unioviedo.es\/grupoetic\/wp-json\/wp\/v2\/pages\/1439\/revisions\/1858"}],"wp:attachment":[{"href":"https:\/\/www.unioviedo.es\/grupoetic\/wp-json\/wp\/v2\/media?parent=1439"}],"curies":[{"name":"wp","href":"https:\/\/api.w.org\/{rel}","templated":true}]}}