{"id":1861,"date":"2026-03-10T21:14:12","date_gmt":"2026-03-10T21:14:12","guid":{"rendered":"https:\/\/www.unioviedo.es\/grupoetic\/?page_id=1861"},"modified":"2026-03-26T12:05:27","modified_gmt":"2026-03-26T12:05:27","slug":"resultados-globalabs","status":"publish","type":"page","link":"https:\/\/www.unioviedo.es\/grupoetic\/globalabs\/resultados-globalabs\/","title":{"rendered":"Resultados GlobaLabs"},"content":{"rendered":"<p>En este apartado se ir\u00e1n recogiendo los materiales y recursos que emanen directamente de la investigaci\u00f3n realizada dentro de GlobaLabs<\/p>\n<p><span style=\"color: #800080;\"><strong>FASE 1:\u00a0<\/strong><\/span><\/p>\n<p>Hevia Artime, I. (Coord.) (2026). Investigar con j\u00f3venes sobre retos globales. Mapeo de ideas emergentes para el dise\u00f1o de experiencias de co-investigaci\u00f3n. <i><span data-contrast=\"auto\"> | <\/span><\/i><em><a href=\"http:\/\/www.unioviedo.es\/grupoetic\/wp-content\/uploads\/2026\/03\/Guia-Fase-I_final_reducido.pdf\">Enlace a la gu\u00eda<\/a>.\u00a0<\/em><\/p>\n","protected":false},"excerpt":{"rendered":"<p>En este apartado se ir\u00e1n recogiendo los materiales y recursos que emanen directamente de la investigaci\u00f3n realizada dentro de GlobaLabs FASE 1:\u00a0 Hevia Artime, I. (Coord.) (2026). Investigar con j\u00f3venes sobre retos globales. Mapeo de ideas emergentes para el dise\u00f1o de experiencias de co-investigaci\u00f3n. | Enlace a la gu\u00eda.\u00a0<\/p>\n","protected":false},"author":6,"featured_media":0,"parent":1439,"menu_order":3,"comment_status":"closed","ping_status":"closed","template":"","meta":{"footnotes":""},"_links":{"self":[{"href":"https:\/\/www.unioviedo.es\/grupoetic\/wp-json\/wp\/v2\/pages\/1861"}],"collection":[{"href":"https:\/\/www.unioviedo.es\/grupoetic\/wp-json\/wp\/v2\/pages"}],"about":[{"href":"https:\/\/www.unioviedo.es\/grupoetic\/wp-json\/wp\/v2\/types\/page"}],"author":[{"embeddable":true,"href":"https:\/\/www.unioviedo.es\/grupoetic\/wp-json\/wp\/v2\/users\/6"}],"replies":[{"embeddable":true,"href":"https:\/\/www.unioviedo.es\/grupoetic\/wp-json\/wp\/v2\/comments?post=1861"}],"version-history":[{"count":5,"href":"https:\/\/www.unioviedo.es\/grupoetic\/wp-json\/wp\/v2\/pages\/1861\/revisions"}],"predecessor-version":[{"id":1871,"href":"https:\/\/www.unioviedo.es\/grupoetic\/wp-json\/wp\/v2\/pages\/1861\/revisions\/1871"}],"up":[{"embeddable":true,"href":"https:\/\/www.unioviedo.es\/grupoetic\/wp-json\/wp\/v2\/pages\/1439"}],"wp:attachment":[{"href":"https:\/\/www.unioviedo.es\/grupoetic\/wp-json\/wp\/v2\/media?parent=1861"}],"curies":[{"name":"wp","href":"https:\/\/api.w.org\/{rel}","templated":true}]}}