{"id":32,"date":"2014-05-09T10:56:43","date_gmt":"2014-05-09T10:56:43","guid":{"rendered":"http:\/\/www.unioviedo.es\/grupoetic\/?page_id=32"},"modified":"2014-06-22T19:51:43","modified_gmt":"2014-06-22T19:51:43","slug":"objetivos","status":"publish","type":"page","link":"https:\/\/www.unioviedo.es\/grupoetic\/objetivos\/","title":{"rendered":"OBJETIVOS"},"content":{"rendered":"<p><img loading=\"lazy\" decoding=\"async\" class=\"wp-image-93 size-full aligncenter\" src=\"http:\/\/www.unioviedo.es\/grupoetic\/wp-content\/uploads\/2014\/05\/eco-learning.png\" alt=\"eco-learning\" width=\"400\" height=\"265\" srcset=\"https:\/\/www.unioviedo.es\/grupoetic\/wp-content\/uploads\/2014\/05\/eco-learning.png 400w, https:\/\/www.unioviedo.es\/grupoetic\/wp-content\/uploads\/2014\/05\/eco-learning-300x198.png 300w\" sizes=\"(max-width: 400px) 100vw, 400px\" \/><\/p>\n<p>El<strong> Proyecto ECO<\/strong> se propone extender a una escala pan-europea las experiencias <strong>MOOC<\/strong> m\u00e1s exitosas de Europa, poniendo a prueba y desarrollando estas mejores pr\u00e1cticas a trav\u00e9s de su implementaci\u00f3n en n\u00facleos regionales de excelencia en distintos pa\u00edses europeos. Para conseguirlo, <strong>ECO<\/strong> desarrollar\u00e1 un innovador modelo pedag\u00f3gico para el aprendizaje virtual, basado en el Aprendizaje Colaborativo en Red y Ubicuo, desarrollando\u00a0una <strong><a title=\"ECOLearning.eu\" href=\"http:\/\/www.ecolearning.eu\">plataforma MOOC<\/a> <\/strong>que integre los diferentes m\u00f3dulos aportados por los distintos socios del proyecto, con el objeto de formar y certificar a profesores para la creaci\u00f3n de sus propios cursos online.<\/p>\n<p>Algunos de los principales objetivos del proyecto son:<\/p>\n<ul>\n<li>Analizar los requisitos de las plataformas <strong>MOOC<\/strong> desde un punto de vista pedag\u00f3gico (incluyendo el an\u00e1lisis de aprendizaje, web 2.0 y otros aspectos).<\/li>\n<li>Desarrollar un marco para el dise\u00f1o e implementaci\u00f3n de <strong>MOOCs<\/strong>.<\/li>\n<li>Dise\u00f1ar la arquitectura general de la plataforma <strong>ECO<\/strong> e integrar los m\u00f3dulos individuales en la plataforma final.<\/li>\n<li>Poner a prueba la plataforma ECO a trav\u00e9s de 10 n\u00facleos educativos distribuidos en diversos pa\u00edses de la Uni\u00f3n Europea (Reino Unido, Holanda, Italia, Alemania, Portugal y Espa\u00f1a), implicando al menos a 50.000 estudiantes (profesores de diversos niveles educativos).<\/li>\n<li>Analizar y evaluar el escenario internacional de\u00a0<strong>MOOCs<\/strong>, desde un punto de vista educativo, tecnol\u00f3gico y financiero.<\/li>\n<li>Desarrollar una estrategia de negocio adecuada para la sostenibilidad de <strong>ECO<\/strong>.<\/li>\n<li>Aumentar el conocimiento en Europa de los beneficios que para la ciudadan\u00eda e instituciones europeas suponen los recursos educativos abiertos.<\/li>\n<\/ul>\n<p>&nbsp;<\/p>\n<p><img loading=\"lazy\" decoding=\"async\" class=\"alignnone  wp-image-88 aligncenter\" src=\"http:\/\/www.unioviedo.es\/grupoetic\/wp-content\/uploads\/2014\/05\/eco-logo-mal-300x144.png\" alt=\"ECO LOGO\" width=\"183\" height=\"88\" srcset=\"https:\/\/www.unioviedo.es\/grupoetic\/wp-content\/uploads\/2014\/05\/eco-logo-mal-300x144.png 300w, https:\/\/www.unioviedo.es\/grupoetic\/wp-content\/uploads\/2014\/05\/eco-logo-mal.png 409w\" sizes=\"(max-width: 183px) 100vw, 183px\" \/><\/p>\n<p style=\"text-align: center;\"><img loading=\"lazy\" decoding=\"async\" src=\"http:\/\/www.unioviedo.es\/grupoetic\/wp-content\/uploads\/2014\/05\/Logo_cip_ECO-2-e1395828571466.png\" alt=\"Logo_cip_ECO-2-e1395828571466\" width=\"72\" height=\"54\" \/><img loading=\"lazy\" decoding=\"async\" src=\"http:\/\/www.unioviedo.es\/grupoetic\/wp-content\/uploads\/2014\/05\/European_Commission_ECO-1-e1395306793829.jpeg\" alt=\"European_Commission_ECO-1-e1395306793829\" width=\"46\" height=\"54\" \/><\/p>\n","protected":false},"excerpt":{"rendered":"<p>El Proyecto ECO se propone extender a una escala pan-europea las experiencias MOOC m\u00e1s exitosas de Europa, poniendo a prueba y desarrollando estas mejores pr\u00e1cticas a trav\u00e9s de su implementaci\u00f3n en n\u00facleos regionales de excelencia en distintos pa\u00edses europeos. Para conseguirlo, ECO desarrollar\u00e1 un innovador modelo pedag\u00f3gico para el aprendizaje virtual, basado en el Aprendizaje Colaborativo en Red y Ubicuo, desarrollando\u00a0una plataforma MOOC que integre los diferentes m\u00f3dulos aportados por los distintos socios del proyecto, con el objeto de formar y certificar a profesores para la creaci\u00f3n de sus propios cursos online. Algunos de los principales objetivos del proyecto son: Analizar los requisitos de las plataformas MOOC desde un punto de vista pedag\u00f3gico (incluyendo el an\u00e1lisis de aprendizaje, web 2.0 y otros aspectos). Desarrollar un marco para el dise\u00f1o e implementaci\u00f3n de MOOCs. Dise\u00f1ar la arquitectura general de la plataforma ECO e integrar los m\u00f3dulos individuales en la plataforma final. Poner a prueba la plataforma ECO a trav\u00e9s de 10 n\u00facleos educativos distribuidos en diversos pa\u00edses de la Uni\u00f3n Europea (Reino Unido, Holanda, Italia, Alemania, Portugal y Espa\u00f1a), implicando al menos a 50.000 estudiantes (profesores de diversos niveles educativos). Analizar y evaluar el escenario internacional de\u00a0MOOCs, desde un punto de [&hellip;]<\/p>\n","protected":false},"author":2,"featured_media":0,"parent":0,"menu_order":0,"comment_status":"closed","ping_status":"open","template":"","meta":{"footnotes":""},"_links":{"self":[{"href":"https:\/\/www.unioviedo.es\/grupoetic\/wp-json\/wp\/v2\/pages\/32"}],"collection":[{"href":"https:\/\/www.unioviedo.es\/grupoetic\/wp-json\/wp\/v2\/pages"}],"about":[{"href":"https:\/\/www.unioviedo.es\/grupoetic\/wp-json\/wp\/v2\/types\/page"}],"author":[{"embeddable":true,"href":"https:\/\/www.unioviedo.es\/grupoetic\/wp-json\/wp\/v2\/users\/2"}],"replies":[{"embeddable":true,"href":"https:\/\/www.unioviedo.es\/grupoetic\/wp-json\/wp\/v2\/comments?post=32"}],"version-history":[{"count":14,"href":"https:\/\/www.unioviedo.es\/grupoetic\/wp-json\/wp\/v2\/pages\/32\/revisions"}],"predecessor-version":[{"id":112,"href":"https:\/\/www.unioviedo.es\/grupoetic\/wp-json\/wp\/v2\/pages\/32\/revisions\/112"}],"wp:attachment":[{"href":"https:\/\/www.unioviedo.es\/grupoetic\/wp-json\/wp\/v2\/media?parent=32"}],"curies":[{"name":"wp","href":"https:\/\/api.w.org\/{rel}","templated":true}]}}