{"id":567,"date":"2015-11-15T10:56:22","date_gmt":"2015-11-15T10:56:22","guid":{"rendered":"http:\/\/www.unioviedo.es\/grupoetic\/?page_id=567"},"modified":"2024-10-21T18:24:43","modified_gmt":"2024-10-21T18:24:43","slug":"jornadas-y-congresos","status":"publish","type":"page","link":"https:\/\/www.unioviedo.es\/grupoetic\/jornadas-y-congresos\/","title":{"rendered":"CURSOS, JORNADAS Y CONGRESOS"},"content":{"rendered":"<p style=\"text-align: justify;\">En este apartado se recoge la participaci\u00f3n en Cursos, Congresos y Jornadas, bien como miembros del Comit\u00e9 Organizador de las mismas como la participaci\u00f3n a trav\u00e9s de Ponencias, Comunicaciones o P\u00f3ster.<\/p>\n<p><span style=\"color: #ffcc00;\"><strong>CURSOS<\/strong><\/span><\/p>\n<ul>\n<li style=\"text-align: justify;\">Taller \u00ab<strong><em>Medios de Comunicaci\u00f3n y Redes Sociales en la Educaci\u00f3n para el Desarrollo<\/em><\/strong>\u00bb a cargo de Aquilina Fueyo, Isabel Hevia y Sara Garcia en el curso\u00a0\u00ab<em>Haciendo Educaci\u00f3n para el Desarrollo<\/em>\u00bb en Oviedo del 20 al 22 octubre 2015\u00a0<a href=\"http:\/\/www.cooperacionasturiana.com\/aacd\/contenidos\/actualidad\/Noticia0023.html\" target=\"_blank\" rel=\"noopener\">Acceso<\/a><\/li>\n<li style=\"text-align: justify;\">Curso \u201c<strong><em>Creaci\u00f3n y Dise\u00f1o de MOOCs<\/em><\/strong>\u201d impartido por Aquilina Fueyo, Gloria Braga, Santiago Fano y Jos\u00e9 Luis Belver en la Facultad de Educaci\u00f3n y Trabajo Social de la Universidad de Valladolid el 5 y 6 de Marzo de 2015.<\/li>\n<\/ul>\n<p style=\"text-align: justify;\"><span style=\"color: #ffcc00;\"><strong>CONGRESOS<\/strong><\/span><\/p>\n<ul style=\"text-align: justify;\">\n<li>Ponencia \u00ab<em><strong>La educaci\u00f3n para el desarrollo como propuesta educativa cr\u00edtica<\/strong><\/em>\u00ab.\u00a0<i>Dra. Aquilina Fueyo Guti\u00e9rrez<\/i>. En Congreso IEPC 2015 Educaci\u00f3n para el Desarrollo, \u00bfHac\u00eda un desarrollo con equidad?. 04\/11\/2015 \u00a0<a href=\"http:\/\/universidadabierta.org\/congreso.htm\" target=\"_blank\" rel=\"noopener\">Acceso<\/a><\/li>\n<li>Participaci\u00f3n en el Comit\u00e9 Organizador del \u00ab<strong><em>II Congreso Internacional Educaci\u00f3n Medi\u00e1tica y Competencia Digital. Ludoliteracy, creaci\u00f3n colectiva y aprendizaje<\/em><\/strong>\u00bb celebrado en Barcelona el 14 y 15 de noviembre de 2013 <a href=\"http:\/\/www.uoc.edu\/portal\/es\/symposia\/congreso_ludoliteracy2013\/index.html\" target=\"_blank\" rel=\"noopener\">Acceso<\/a><\/li>\n<li>Participaci\u00f3n en el Comit\u00e9 Organizador del \u00ab<strong><em>I Congreso Internacional de Educaci\u00f3n Medi\u00e1tica y Competencia Digital. La cultura de la participaci\u00f3n<\/em><\/strong>\u00bb celebrado en Segovia del 13 al 15 de octubre de 2011. \u00a0<a href=\"http:\/\/www.educacionmediatica.es\/congreso2011\/index.html\" target=\"_blank\" rel=\"noopener\">Acceso<\/a><\/li>\n<\/ul>\n<p style=\"text-align: justify;\"><span style=\"color: #ffcc00;\"><strong>JORNADAS<\/strong><\/span><\/p>\n","protected":false},"excerpt":{"rendered":"<p>En este apartado se recoge la participaci\u00f3n en Cursos, Congresos y Jornadas, bien como miembros del Comit\u00e9 Organizador de las mismas como la participaci\u00f3n a trav\u00e9s de Ponencias, Comunicaciones o P\u00f3ster. CURSOS Taller \u00abMedios de Comunicaci\u00f3n y Redes Sociales en la Educaci\u00f3n para el Desarrollo\u00bb a cargo de Aquilina Fueyo, Isabel Hevia y Sara Garcia en el curso\u00a0\u00abHaciendo Educaci\u00f3n para el Desarrollo\u00bb en Oviedo del 20 al 22 octubre 2015\u00a0Acceso Curso \u201cCreaci\u00f3n y Dise\u00f1o de MOOCs\u201d impartido por Aquilina Fueyo, Gloria Braga, Santiago Fano y Jos\u00e9 Luis Belver en la Facultad de Educaci\u00f3n y Trabajo Social de la Universidad de Valladolid el 5 y 6 de Marzo de 2015. CONGRESOS Ponencia \u00abLa educaci\u00f3n para el desarrollo como propuesta educativa cr\u00edtica\u00ab.\u00a0Dra. Aquilina Fueyo Guti\u00e9rrez. En Congreso IEPC 2015 Educaci\u00f3n para el Desarrollo, \u00bfHac\u00eda un desarrollo con equidad?. 04\/11\/2015 \u00a0Acceso Participaci\u00f3n en el Comit\u00e9 Organizador del \u00abII Congreso Internacional Educaci\u00f3n Medi\u00e1tica y Competencia Digital. Ludoliteracy, creaci\u00f3n colectiva y aprendizaje\u00bb celebrado en Barcelona el 14 y 15 de noviembre de 2013 Acceso Participaci\u00f3n en el Comit\u00e9 Organizador del \u00abI Congreso Internacional de Educaci\u00f3n Medi\u00e1tica y Competencia Digital. La cultura de la participaci\u00f3n\u00bb celebrado en Segovia del 13 al 15 de octubre de 2011. [&hellip;]<\/p>\n","protected":false},"author":1,"featured_media":0,"parent":0,"menu_order":0,"comment_status":"open","ping_status":"open","template":"","meta":{"footnotes":""},"_links":{"self":[{"href":"https:\/\/www.unioviedo.es\/grupoetic\/wp-json\/wp\/v2\/pages\/567"}],"collection":[{"href":"https:\/\/www.unioviedo.es\/grupoetic\/wp-json\/wp\/v2\/pages"}],"about":[{"href":"https:\/\/www.unioviedo.es\/grupoetic\/wp-json\/wp\/v2\/types\/page"}],"author":[{"embeddable":true,"href":"https:\/\/www.unioviedo.es\/grupoetic\/wp-json\/wp\/v2\/users\/1"}],"replies":[{"embeddable":true,"href":"https:\/\/www.unioviedo.es\/grupoetic\/wp-json\/wp\/v2\/comments?post=567"}],"version-history":[{"count":11,"href":"https:\/\/www.unioviedo.es\/grupoetic\/wp-json\/wp\/v2\/pages\/567\/revisions"}],"predecessor-version":[{"id":1300,"href":"https:\/\/www.unioviedo.es\/grupoetic\/wp-json\/wp\/v2\/pages\/567\/revisions\/1300"}],"wp:attachment":[{"href":"https:\/\/www.unioviedo.es\/grupoetic\/wp-json\/wp\/v2\/media?parent=567"}],"curies":[{"name":"wp","href":"https:\/\/api.w.org\/{rel}","templated":true}]}}