{"id":7,"date":"2014-05-08T14:44:35","date_gmt":"2014-05-08T14:44:35","guid":{"rendered":"http:\/\/www.unioviedo.es\/grupoetic\/?page_id=7"},"modified":"2014-06-22T19:51:17","modified_gmt":"2014-06-22T19:51:17","slug":"proyecto","status":"publish","type":"page","link":"https:\/\/www.unioviedo.es\/grupoetic\/proyecto\/","title":{"rendered":"PROYECTO ECO"},"content":{"rendered":"<p><strong>ECO:\u00a0Elearning, Communication and Open-data: Massive Mobile, Ubiquitous\u00a0and Open Learning<\/strong>\u00a0es un proyecto del Programa Marco para Innovaci\u00f3n y la Competitividad de la Comunidad Europea (Grant agreement n\u00ba: 621127) en el que la Universidad de Oviedo colabora junto a otras 23 universidades y entidades europeas con el objetivo de desarrollar\u00a0una innovadora plataforma de Cursos Online Masivos y Abiertos (MOOC) basada en la cultura de la participaci\u00f3n y el aprendizaje colaborativo dentro del marco conectivista del Networked Learning (Aprendizaje Colaborativo en Red).<\/p>\n<p>As\u00ed, la creaci\u00f3n de la plataforma <strong><a title=\"Eco Learning Platform\" href=\"http:\/\/www.ecolearning.eu\" target=\"_blank\">ECOlearning.eu<\/a><\/strong>\u00a0no supone\u00a0solamente un relevante esfuerzo hacia\u00a0la\u00a0innovaci\u00f3n pedag\u00f3gico-tecnol\u00f3gica dentro del marco de la Comunidad Europea, sino la creaci\u00f3n efectiva de una red educativa viva\u00a0en la que colaborar\u00e1n decenas de miles\u00a0de profesores, estudiantes e instituciones y cuyo impacto alcanzar\u00e1 a nuestro entorno educativo cercano.<\/p>\n<p><iframe loading=\"lazy\" style=\"border: 0px none #ffffff; opacity: 1; visibility: visible;\" src=\"http:\/\/www.canal.uned.es\/mmobj\/iframe\/id\/19757\" width=\"480\" height=\"270\" frameborder=\"1\" scrolling=\"no\" allowfullscreen=\"allowfullscreen\"><\/iframe><\/p>\n<hr \/>\n<p>&nbsp;<\/p>\n<p><strong>EL PROYECTO:<\/strong><\/p>\n<p>Los Recursos Educativos Abiertos (<strong>Open Educational Resources, OER<\/strong>) ofrecen la potencialidad de ampliar el acceso a la educaci\u00f3n y mejorar la calidad y la eficiancia de la ense\u00f1anza-aprendizaje en Europa. La soluci\u00f3n\u00a0m\u00e1s exitosa a la hora de\u00a0lograr una implementaci\u00f3n pr\u00e1ctica de los OER la representan, sin duda, los Cursos Online Masivos y Abiertos (<strong>MOOC<\/strong>, Massive Open Online Courses): cursos en red de gran alcance que representan uno de los m\u00e1s innovadores desarrollos en la educaci\u00f3n abierta, en su esfuerzo continuado hacia la mejora de la calidad, el acceso y la igualdad en la educaci\u00f3n y la instrucci\u00f3n.<\/p>\n<p>Los <strong>MOOC<\/strong> pueden ser aplicados en la educaci\u00f3n formal\/no-formal\/informal y convierten el aprendizaje en ubicuo. ECO se propone extender a una escala pan-europea las experiencias MOOC m\u00e1s exitosas de Europa, desarrollando estas mejores pr\u00e1cticas a trav\u00e9s de su implementaci\u00f3n efectiva en n\u00facleos\u00a0regionales de excelencia en la Comunidad Europea, evaluando los resultados y proponiendo innovaciones para el aprendizaje virtual abierto y m\u00f3vil.<\/p>\n<p>Con tal\u00a0objetivo, <strong>ECO<\/strong> utiliza la m\u00e1s vanguardista tecnolog\u00eda para implementar las distintas plataformas MOOC aportadas por los socios del proyecto, posibilitando el intercambio de experiencias educativas de alto inter\u00e9s entre todos los pa\u00edses\u00a0y n\u00facleos\u00a0educativos implicados en el proyecto.<\/p>\n<p>Asimismo, <strong>ECO<\/strong> contribuir\u00e1 a aumentar el conocimiento en Europa sobre los beneficios que suponen los recursos educativos abiertos para los ciudadanos y las instituciones europeas. El proyecto demostrar\u00e1 el potencial de los MOOC (cursos y comunidades) para disminuir o eliminar las brechas tecnol\u00f3gicas que afectan a las personas con necesidades especiales o en riesgo de exclusi\u00f3n dentro de los procesos educativos.<\/p>\n<p>El impacto esperado de <strong>ECO<\/strong> se ver\u00e1 incrementado con la preparaci\u00f3n de profesorado certificado que ser\u00e1 capaz de crear sus propios cursos online y otros recursos educativos abiertos, as\u00ed como de distribuirlos a trav\u00e9s de la plataforma de aprendizaje abierto y online que re\u00fane a todos los pilotos del proyecto, extendiendo dicho impacto a sus respectivas comunidades. Es por ello que el Proyecto <strong>ECO<\/strong> resulta de gran inter\u00e9s y presta especial atenci\u00f3n para la formaci\u00f3n del profesorado europeo.<\/p>\n<p>&nbsp;<\/p>\n<p style=\"text-align: center;\"><a href=\"http:\/\/ec.europa.eu\/cip\/index_en.htm\"><img loading=\"lazy\" decoding=\"async\" src=\"http:\/\/www.unioviedo.es\/grupoetic\/wp-content\/uploads\/2014\/05\/Logo_cip_ECO-2-e1395828571466.png\" alt=\"CIP\" width=\"116\" height=\"87\" \/><\/a><a href=\"http:\/\/ec.europa.eu\/index_en.htm\"><img loading=\"lazy\" decoding=\"async\" src=\"http:\/\/www.unioviedo.es\/grupoetic\/wp-content\/uploads\/2014\/05\/European_Commission_ECO-1-e1395306793829.jpeg\" alt=\"European Comission\" width=\"72\" height=\"84\" \/><\/a><\/p>\n<h6 style=\"text-align: center;\"><span style=\"font-weight: bold; color: #777777;\">Proyecto financiado por el Programa Marco para la Competitividad y la Innovaci\u00f3n de la Comunidad Europea\u00a0(CIP)<\/span><br style=\"font-weight: bold; color: #777777;\" \/><span style=\"font-weight: bold; color: #777777;\">Programme under grant agreement n\u00b0 621127<\/span><\/h6>\n<h3><\/h3>\n","protected":false},"excerpt":{"rendered":"<p>ECO:\u00a0Elearning, Communication and Open-data: Massive Mobile, Ubiquitous\u00a0and Open Learning\u00a0es un proyecto del Programa Marco para Innovaci\u00f3n y la Competitividad de la Comunidad Europea (Grant agreement n\u00ba: 621127) en el que la Universidad de Oviedo colabora junto a otras 23 universidades y entidades europeas con el objetivo de desarrollar\u00a0una innovadora plataforma de Cursos Online Masivos y Abiertos (MOOC) basada en la cultura de la participaci\u00f3n y el aprendizaje colaborativo dentro del marco conectivista del Networked Learning (Aprendizaje Colaborativo en Red). As\u00ed, la creaci\u00f3n de la plataforma ECOlearning.eu\u00a0no supone\u00a0solamente un relevante esfuerzo hacia\u00a0la\u00a0innovaci\u00f3n pedag\u00f3gico-tecnol\u00f3gica dentro del marco de la Comunidad Europea, sino la creaci\u00f3n efectiva de una red educativa viva\u00a0en la que colaborar\u00e1n decenas de miles\u00a0de profesores, estudiantes e instituciones y cuyo impacto alcanzar\u00e1 a nuestro entorno educativo cercano. &nbsp; EL PROYECTO: Los Recursos Educativos Abiertos (Open Educational Resources, OER) ofrecen la potencialidad de ampliar el acceso a la educaci\u00f3n y mejorar la calidad y la eficiancia de la ense\u00f1anza-aprendizaje en Europa. La soluci\u00f3n\u00a0m\u00e1s exitosa a la hora de\u00a0lograr una implementaci\u00f3n pr\u00e1ctica de los OER la representan, sin duda, los Cursos Online Masivos y Abiertos (MOOC, Massive Open Online Courses): cursos en red de gran alcance que representan uno de los m\u00e1s [&hellip;]<\/p>\n","protected":false},"author":2,"featured_media":0,"parent":0,"menu_order":0,"comment_status":"closed","ping_status":"open","template":"","meta":{"footnotes":""},"_links":{"self":[{"href":"https:\/\/www.unioviedo.es\/grupoetic\/wp-json\/wp\/v2\/pages\/7"}],"collection":[{"href":"https:\/\/www.unioviedo.es\/grupoetic\/wp-json\/wp\/v2\/pages"}],"about":[{"href":"https:\/\/www.unioviedo.es\/grupoetic\/wp-json\/wp\/v2\/types\/page"}],"author":[{"embeddable":true,"href":"https:\/\/www.unioviedo.es\/grupoetic\/wp-json\/wp\/v2\/users\/2"}],"replies":[{"embeddable":true,"href":"https:\/\/www.unioviedo.es\/grupoetic\/wp-json\/wp\/v2\/comments?post=7"}],"version-history":[{"count":31,"href":"https:\/\/www.unioviedo.es\/grupoetic\/wp-json\/wp\/v2\/pages\/7\/revisions"}],"predecessor-version":[{"id":182,"href":"https:\/\/www.unioviedo.es\/grupoetic\/wp-json\/wp\/v2\/pages\/7\/revisions\/182"}],"wp:attachment":[{"href":"https:\/\/www.unioviedo.es\/grupoetic\/wp-json\/wp\/v2\/media?parent=7"}],"curies":[{"name":"wp","href":"https:\/\/api.w.org\/{rel}","templated":true}]}}