{"id":851,"date":"2022-04-24T10:03:03","date_gmt":"2022-04-24T10:03:03","guid":{"rendered":"http:\/\/www.unioviedo.es\/grupoetic\/?page_id=851"},"modified":"2025-01-17T20:27:15","modified_gmt":"2025-01-17T20:27:15","slug":"id-conciudadaniaglobal","status":"publish","type":"page","link":"https:\/\/www.unioviedo.es\/grupoetic\/id-conciudadaniaglobal\/","title":{"rendered":"I+D ConCiudadaniaGlobal"},"content":{"rendered":"<p style=\"text-align: center;\"><img loading=\"lazy\" decoding=\"async\" class=\"size-full wp-image-1369 aligncenter\" src=\"http:\/\/www.unioviedo.es\/grupoetic\/wp-content\/uploads\/2024\/10\/Banner-Principal-idi-IETIC-EVEA1.png\" alt=\"\" width=\"1000\" height=\"250\" srcset=\"https:\/\/www.unioviedo.es\/grupoetic\/wp-content\/uploads\/2024\/10\/Banner-Principal-idi-IETIC-EVEA1.png 1000w, https:\/\/www.unioviedo.es\/grupoetic\/wp-content\/uploads\/2024\/10\/Banner-Principal-idi-IETIC-EVEA1-300x75.png 300w, https:\/\/www.unioviedo.es\/grupoetic\/wp-content\/uploads\/2024\/10\/Banner-Principal-idi-IETIC-EVEA1-768x192.png 768w\" sizes=\"(max-width: 1000px) 100vw, 1000px\" \/><\/p>\n<h3 style=\"text-align: center;\"><strong><a href=\"#_ftn1\" name=\"_ftnref1\"><\/a><\/strong><\/h3>\n<hr \/>\n<h3 style=\"text-align: center;\"><strong><a href=\"#_ftn1\" name=\"_ftnref1\"><\/a><\/strong><\/h3>\n<p><strong>\u00bfDe qu\u00e9 trata el proyecto? <\/strong><a href=\"#_ftn1\" name=\"_ftnref1\"><\/a><\/p>\n<p>El ejercicio de la ciudan\u00eda global es un complejo proceso que no se configura exclusivamente en la educaci\u00f3n formal. Los j\u00f3venes de entre 14-16 a\u00f1os desarrollan emergentes modelos h\u00edbridos de ciudadan\u00eda global a partir del desarrollo de su compromiso c\u00edvico y pol\u00edtico en escenarios presenciales y virtuales. El proyecto busca mejorar el conocimiento de estos modelos, a trav\u00e9s del an\u00e1lisis de distintas experiencias formativas en las que participan las personas j\u00f3venes, con el prop\u00f3sito de\u00a0 mejorar y ampliar sus posibilidades de participaci\u00f3n dise\u00f1ando nuevas experiencias y estrategias destinadas a aumentar su agencia para intervenir en el entorno local y global.<a href=\"#_ftnref1\" name=\"_ftn1\"><\/a><\/p>\n<p><a href=\"#_ftn1\" name=\"_ftnref1\"><\/a><\/p>\n<p><strong>Objetivo general:<\/strong> estudiar el desarrollo de la ciudadan\u00eda global en j\u00f3venes de entre 14 y 16 a\u00f1os a trav\u00e9s del an\u00e1lisis y desarrollo de experiencias socioeducativas (\u00e1mbito formal y no formal) que se desarrollan en contextos presenciales (centro educativo, asociaci\u00f3n, organizaci\u00f3n, etc.) y virtuales (redes sociales, plataformas de formaci\u00f3n online, etc.).<\/p>\n<p><strong>Objetivos espec\u00edficos:<\/strong><\/p>\n<ul>\n<li data-leveltext=\"\uf0b7\" data-font=\"Symbol\" data-listid=\"2\" data-list-defn-props=\"{&quot;335552541&quot;:1,&quot;335559683&quot;:0,&quot;335559684&quot;:-2,&quot;335559685&quot;:720,&quot;335559991&quot;:360,&quot;469769226&quot;:&quot;Symbol&quot;,&quot;469769242&quot;:[8226],&quot;469777803&quot;:&quot;left&quot;,&quot;469777804&quot;:&quot;\uf0b7&quot;,&quot;469777815&quot;:&quot;hybridMultilevel&quot;}\" aria-setsize=\"-1\" data-aria-posinset=\"1\" data-aria-level=\"1\"><span data-contrast=\"auto\">Mapear y documentar experiencias educativas de ciudadan\u00eda global<\/span><span data-ccp-props=\"{&quot;134233117&quot;:false,&quot;134233118&quot;:false,&quot;201341983&quot;:0,&quot;335551550&quot;:0,&quot;335551620&quot;:0,&quot;335559738&quot;:0,&quot;335559739&quot;:0,&quot;335559740&quot;:279}\">.<\/span><\/li>\n<\/ul>\n<ul>\n<li data-leveltext=\"\uf0b7\" data-font=\"Symbol\" data-listid=\"2\" data-list-defn-props=\"{&quot;335552541&quot;:1,&quot;335559683&quot;:0,&quot;335559684&quot;:-2,&quot;335559685&quot;:720,&quot;335559991&quot;:360,&quot;469769226&quot;:&quot;Symbol&quot;,&quot;469769242&quot;:[8226],&quot;469777803&quot;:&quot;left&quot;,&quot;469777804&quot;:&quot;\uf0b7&quot;,&quot;469777815&quot;:&quot;hybridMultilevel&quot;}\" aria-setsize=\"-1\" data-aria-posinset=\"2\" data-aria-level=\"1\"><span data-contrast=\"auto\">Comprender en profundidad, mediante el estudio de casos, los significados que los participantes en experiencias de ciudadan\u00eda global otorgan a sus experiencias.<\/span><span data-ccp-props=\"{&quot;134233117&quot;:false,&quot;134233118&quot;:false,&quot;201341983&quot;:0,&quot;335551550&quot;:0,&quot;335551620&quot;:0,&quot;335559738&quot;:0,&quot;335559739&quot;:0,&quot;335559740&quot;:279}\">\u00a0<\/span><\/li>\n<\/ul>\n<ul>\n<li data-leveltext=\"\uf0b7\" data-font=\"Symbol\" data-listid=\"2\" data-list-defn-props=\"{&quot;335552541&quot;:1,&quot;335559683&quot;:0,&quot;335559684&quot;:-2,&quot;335559685&quot;:720,&quot;335559991&quot;:360,&quot;469769226&quot;:&quot;Symbol&quot;,&quot;469769242&quot;:[8226],&quot;469777803&quot;:&quot;left&quot;,&quot;469777804&quot;:&quot;\uf0b7&quot;,&quot;469777815&quot;:&quot;hybridMultilevel&quot;}\" aria-setsize=\"-1\" data-aria-posinset=\"3\" data-aria-level=\"1\"><span data-contrast=\"auto\">Codise\u00f1ar experiencias de ciudadan\u00eda global que mejoren y ampl\u00eden el compromiso c\u00edvico y pol\u00edtico.<\/span><span data-ccp-props=\"{&quot;134233117&quot;:false,&quot;134233118&quot;:false,&quot;201341983&quot;:0,&quot;335551550&quot;:0,&quot;335551620&quot;:0,&quot;335559738&quot;:0,&quot;335559739&quot;:0,&quot;335559740&quot;:279}\">\u00a0<\/span><\/li>\n<\/ul>\n<ul>\n<li data-leveltext=\"\uf0b7\" data-font=\"Symbol\" data-listid=\"2\" data-list-defn-props=\"{&quot;335552541&quot;:1,&quot;335559683&quot;:0,&quot;335559684&quot;:-2,&quot;335559685&quot;:720,&quot;335559991&quot;:360,&quot;469769226&quot;:&quot;Symbol&quot;,&quot;469769242&quot;:[8226],&quot;469777803&quot;:&quot;left&quot;,&quot;469777804&quot;:&quot;\uf0b7&quot;,&quot;469777815&quot;:&quot;hybridMultilevel&quot;}\" aria-setsize=\"-1\" data-aria-posinset=\"4\" data-aria-level=\"1\"><span data-contrast=\"auto\">Evaluar y diseminar las experiencias dise\u00f1adas, as\u00ed como los principales resultados del proyecto<\/span><span data-ccp-props=\"{&quot;134233117&quot;:false,&quot;134233118&quot;:false,&quot;201341983&quot;:0,&quot;335551550&quot;:0,&quot;335551620&quot;:0,&quot;335559738&quot;:0,&quot;335559739&quot;:0,&quot;335559740&quot;:279}\">.<\/span><\/li>\n<\/ul>\n<p><strong>Metodolog\u00eda: <\/strong>cualitativa etnogr\u00e1fica, narrativa y participativa que busca conocer en profundidad para mejorar.<\/p>\n<p><strong>L\u00edneas clave: <\/strong>Enfoque de g\u00e9nero y sostenibilidad, Inclusi\u00f3n y participaci\u00f3, Comparativa y coordinaci\u00f3n entre sedes<\/p>\n<p style=\"text-align: right;\"><a href=\"https:\/\/view.genial.ly\/6262649991059e00187d0d5a\"><strong>Para saber m\u00e1s sobre el proyecto<\/strong><\/a><\/p>\n<p><strong>Resultados del Proyecto<\/strong><\/p>\n<ul>\n<li><a href=\"https:\/\/www.unioviedo.es\/grupoetic\/publicaciones-id-conciudadania-global\/\">Publicaciones<\/a><\/li>\n<li><a href=\"https:\/\/www.unioviedo.es\/grupoetic\/difusion-y-transferencia\/\">Difusi\u00f3n y Transferencia<\/a><\/li>\n<li><a href=\"https:\/\/www.unioviedo.es\/grupoetic\/resultados\/\">Resultados por fases<\/a><\/li>\n<\/ul>\n<p><span style=\"color: #008080;\"><strong>Entidades colaboradoras<\/strong><\/span><\/p>\n<p><span data-contrast=\"auto\">Asociaci\u00f3n Los Glayus<\/span><\/p>\n<p><a href=\"https:\/\/asociacionlosglayus.org\/\"><img loading=\"lazy\" decoding=\"async\" class=\"alignnone wp-image-1314\" src=\"http:\/\/www.unioviedo.es\/grupoetic\/wp-content\/uploads\/2024\/10\/logo-asociacion-los-glayus.png\" alt=\"\" width=\"298\" height=\"78\" srcset=\"https:\/\/www.unioviedo.es\/grupoetic\/wp-content\/uploads\/2024\/10\/logo-asociacion-los-glayus.png 1845w, https:\/\/www.unioviedo.es\/grupoetic\/wp-content\/uploads\/2024\/10\/logo-asociacion-los-glayus-300x79.png 300w, https:\/\/www.unioviedo.es\/grupoetic\/wp-content\/uploads\/2024\/10\/logo-asociacion-los-glayus-1024x268.png 1024w, https:\/\/www.unioviedo.es\/grupoetic\/wp-content\/uploads\/2024\/10\/logo-asociacion-los-glayus-768x201.png 768w, https:\/\/www.unioviedo.es\/grupoetic\/wp-content\/uploads\/2024\/10\/logo-asociacion-los-glayus-1536x402.png 1536w\" sizes=\"(max-width: 298px) 100vw, 298px\" \/><\/a><\/p>\n<p><span data-contrast=\"auto\">Fundaci\u00f3n por la Acci\u00f3n Social Mar de Niebla<\/span><\/p>\n<p><a href=\"https:\/\/mardeniebla.es\/\"><img loading=\"lazy\" decoding=\"async\" class=\"alignnone wp-image-1313\" src=\"http:\/\/www.unioviedo.es\/grupoetic\/wp-content\/uploads\/2024\/10\/logo_mar-de-niebla-300x156-1.jpg\" alt=\"\" width=\"181\" height=\"94\" \/><\/a><\/p>\n<p><span data-contrast=\"auto\">IES Rosario de Acu\u00f1a<\/span><\/p>\n<p><a href=\"https:\/\/alojaweb.educastur.es\/web\/iesrosarioacuna\"><img loading=\"lazy\" decoding=\"async\" class=\"alignnone wp-image-1312\" src=\"http:\/\/www.unioviedo.es\/grupoetic\/wp-content\/uploads\/2024\/10\/ies-rosario-de-acuna.jpg\" alt=\"\" width=\"222\" height=\"63\" srcset=\"https:\/\/www.unioviedo.es\/grupoetic\/wp-content\/uploads\/2024\/10\/ies-rosario-de-acuna.jpg 1060w, https:\/\/www.unioviedo.es\/grupoetic\/wp-content\/uploads\/2024\/10\/ies-rosario-de-acuna-300x85.jpg 300w, https:\/\/www.unioviedo.es\/grupoetic\/wp-content\/uploads\/2024\/10\/ies-rosario-de-acuna-1024x290.jpg 1024w, https:\/\/www.unioviedo.es\/grupoetic\/wp-content\/uploads\/2024\/10\/ies-rosario-de-acuna-768x217.jpg 768w\" sizes=\"(max-width: 222px) 100vw, 222px\" \/><\/a><\/p>\n<p><span data-contrast=\"auto\">IES Rey Pelayo<\/span><\/p>\n<p><a href=\"https:\/\/alojaweb.educastur.es\/web\/iesreypelayo\/portada\"><img loading=\"lazy\" decoding=\"async\" class=\"alignnone wp-image-1310\" src=\"http:\/\/www.unioviedo.es\/grupoetic\/wp-content\/uploads\/2024\/10\/logo-rey-pelayo.png\" alt=\"\" width=\"166\" height=\"79\" srcset=\"https:\/\/www.unioviedo.es\/grupoetic\/wp-content\/uploads\/2024\/10\/logo-rey-pelayo.png 330w, https:\/\/www.unioviedo.es\/grupoetic\/wp-content\/uploads\/2024\/10\/logo-rey-pelayo-300x143.png 300w\" sizes=\"(max-width: 166px) 100vw, 166px\" \/><\/a><\/p>\n<p><span data-contrast=\"auto\">Coordinadora Asturiana de ONGDs<\/span><\/p>\n<p><a href=\"https:\/\/www.codopa.org\/es\/\"><img loading=\"lazy\" decoding=\"async\" class=\"alignnone wp-image-1308\" src=\"http:\/\/www.unioviedo.es\/grupoetic\/wp-content\/uploads\/2024\/10\/logo_codopa.png\" alt=\"\" width=\"167\" height=\"60\" \/><\/a><\/p>\n<p><span data-contrast=\"auto\">Agencia Asturiana de Cooperaci\u00f3n al Desarrollo<\/span><\/p>\n<p><a href=\"https:\/\/cooperacion.asturias.es\/\"><img loading=\"lazy\" decoding=\"async\" class=\"alignnone wp-image-1307\" src=\"http:\/\/www.unioviedo.es\/grupoetic\/wp-content\/uploads\/2024\/10\/logo-cooperacion.jpg\" alt=\"\" width=\"81\" height=\"80\" srcset=\"https:\/\/www.unioviedo.es\/grupoetic\/wp-content\/uploads\/2024\/10\/logo-cooperacion.jpg 150w, https:\/\/www.unioviedo.es\/grupoetic\/wp-content\/uploads\/2024\/10\/logo-cooperacion-50x50.jpg 50w\" sizes=\"(max-width: 81px) 100vw, 81px\" \/><\/a><\/p>\n<p>Movimiento Asturiano por la Paz<\/p>\n<p><a href=\"https:\/\/www.eapnasturias.org\/entidad\/maspaz-movimiento-asturiano-por-la-paz-fip\/\" target=\"_blank\" rel=\"noopener\"><img loading=\"lazy\" decoding=\"async\" class=\"alignnone wp-image-1299\" src=\"http:\/\/www.unioviedo.es\/grupoetic\/wp-content\/uploads\/2024\/10\/maspaz.jpg\" alt=\"\" width=\"103\" height=\"74\" \/><\/a><\/p>\n<p>Soldepaz Pachakuti<\/p>\n<p><a href=\"https:\/\/pachakuti.org\/#\"><img loading=\"lazy\" decoding=\"async\" class=\"alignnone size-medium wp-image-1298\" src=\"http:\/\/www.unioviedo.es\/grupoetic\/wp-content\/uploads\/2024\/10\/soldepaz-pachakuti-logo-300x54.png\" alt=\"\" width=\"300\" height=\"54\" srcset=\"https:\/\/www.unioviedo.es\/grupoetic\/wp-content\/uploads\/2024\/10\/soldepaz-pachakuti-logo-300x54.png 300w, https:\/\/www.unioviedo.es\/grupoetic\/wp-content\/uploads\/2024\/10\/soldepaz-pachakuti-logo.png 700w\" sizes=\"(max-width: 300px) 100vw, 300px\" \/><\/a><\/p>\n<p>Ayuda en Acci\u00f3n<\/p>\n<p><a href=\"https:\/\/www.eapnasturias.org\/entidad\/fundacion-ayuda-en-accion\/\" target=\"_blank\" rel=\"noopener\"><img loading=\"lazy\" decoding=\"async\" class=\"alignnone wp-image-1306 \" src=\"http:\/\/www.unioviedo.es\/grupoetic\/wp-content\/uploads\/2024\/10\/ayuda-en-accion-img-logo_x500.png\" alt=\"\" width=\"163\" height=\"43\" srcset=\"https:\/\/www.unioviedo.es\/grupoetic\/wp-content\/uploads\/2024\/10\/ayuda-en-accion-img-logo_x500.png 500w, https:\/\/www.unioviedo.es\/grupoetic\/wp-content\/uploads\/2024\/10\/ayuda-en-accion-img-logo_x500-300x79.png 300w\" sizes=\"(max-width: 163px) 100vw, 163px\" \/><\/a><\/p>\n<h3 style=\"text-align: center;\"><strong>\u00a0<\/strong><\/h3>\n<p>&nbsp;<\/p>\n<p>&nbsp;<\/p>\n<p><a href=\"#_ftnref1\" name=\"_ftn1\">[1]<\/a> Este proyecto forma parte de un proyecto <strong>coordinado con la Universidad de Cantabria que lleva por t\u00edtulo<\/strong>: Investigando nuevos escenarios socioeducativos para la construcci\u00f3n de la ciudadan\u00eda global en el siglo XXI (INESCIGLO)<\/p>\n<p>&nbsp;<\/p>\n","protected":false},"excerpt":{"rendered":"<p>\u00bfDe qu\u00e9 trata el proyecto? El ejercicio de la ciudan\u00eda global es un complejo proceso que no se configura exclusivamente en la educaci\u00f3n formal. Los j\u00f3venes de entre 14-16 a\u00f1os desarrollan emergentes modelos h\u00edbridos de ciudadan\u00eda global a partir del desarrollo de su compromiso c\u00edvico y pol\u00edtico en escenarios presenciales y virtuales. El proyecto busca mejorar el conocimiento de estos modelos, a trav\u00e9s del an\u00e1lisis de distintas experiencias formativas en las que participan las personas j\u00f3venes, con el prop\u00f3sito de\u00a0 mejorar y ampliar sus posibilidades de participaci\u00f3n dise\u00f1ando nuevas experiencias y estrategias destinadas a aumentar su agencia para intervenir en el entorno local y global. Objetivo general: estudiar el desarrollo de la ciudadan\u00eda global en j\u00f3venes de entre 14 y 16 a\u00f1os a trav\u00e9s del an\u00e1lisis y desarrollo de experiencias socioeducativas (\u00e1mbito formal y no formal) que se desarrollan en contextos presenciales (centro educativo, asociaci\u00f3n, organizaci\u00f3n, etc.) y virtuales (redes sociales, plataformas de formaci\u00f3n online, etc.). Objetivos espec\u00edficos: Mapear y documentar experiencias educativas de ciudadan\u00eda global. Comprender en profundidad, mediante el estudio de casos, los significados que los participantes en experiencias de ciudadan\u00eda global otorgan a sus experiencias.\u00a0 Codise\u00f1ar experiencias de ciudadan\u00eda global que mejoren y ampl\u00eden el compromiso c\u00edvico [&hellip;]<\/p>\n","protected":false},"author":5,"featured_media":1261,"parent":0,"menu_order":2,"comment_status":"closed","ping_status":"closed","template":"","meta":{"footnotes":""},"_links":{"self":[{"href":"https:\/\/www.unioviedo.es\/grupoetic\/wp-json\/wp\/v2\/pages\/851"}],"collection":[{"href":"https:\/\/www.unioviedo.es\/grupoetic\/wp-json\/wp\/v2\/pages"}],"about":[{"href":"https:\/\/www.unioviedo.es\/grupoetic\/wp-json\/wp\/v2\/types\/page"}],"author":[{"embeddable":true,"href":"https:\/\/www.unioviedo.es\/grupoetic\/wp-json\/wp\/v2\/users\/5"}],"replies":[{"embeddable":true,"href":"https:\/\/www.unioviedo.es\/grupoetic\/wp-json\/wp\/v2\/comments?post=851"}],"version-history":[{"count":28,"href":"https:\/\/www.unioviedo.es\/grupoetic\/wp-json\/wp\/v2\/pages\/851\/revisions"}],"predecessor-version":[{"id":1489,"href":"https:\/\/www.unioviedo.es\/grupoetic\/wp-json\/wp\/v2\/pages\/851\/revisions\/1489"}],"wp:featuredmedia":[{"embeddable":true,"href":"https:\/\/www.unioviedo.es\/grupoetic\/wp-json\/wp\/v2\/media\/1261"}],"wp:attachment":[{"href":"https:\/\/www.unioviedo.es\/grupoetic\/wp-json\/wp\/v2\/media?parent=851"}],"curies":[{"name":"wp","href":"https:\/\/api.w.org\/{rel}","templated":true}]}}