{"id":102,"date":"2012-02-12T15:57:53","date_gmt":"2012-02-12T15:57:53","guid":{"rendered":"http:\/\/www.unioviedo.es\/gsd\/miwordpress\/?page_id=102"},"modified":"2024-01-04T20:18:34","modified_gmt":"2024-01-04T19:18:34","slug":"coauthors","status":"publish","type":"page","link":"https:\/\/www.unioviedo.es\/gsd\/coauthors\/","title":{"rendered":"Coauthors"},"content":{"rendered":"\n<ul style=\"list-style-type:none;\">\n\t<li> <img class='azc_flags' src='https:\/\/www.unioviedo.es\/gsd\/wp-content\/plugins\/azurecurve-flags\/images\/at.png' alt= 'Austria' \/> Austria <\/li>\n\t<ul>\n\t\t<li> Pawel Pilarczyk. Institute of Sciences and Technology <\/li>\n\t<\/ul>\n\n\t<li> <img class='azc_flags' src='https:\/\/www.unioviedo.es\/gsd\/wp-content\/plugins\/azurecurve-flags\/images\/be.png' alt= 'Belgium' \/> Belgium <\/li>\n\t<ul>\n\t\t<li> <a title=\"Freddy Dumortier\" href=\"http:\/\/www.uhasselt.be\/fiche_en?voornaam=freddy&amp;naam=dumortier\" target=\"_blank\" rel=\"noopener noreferrer\">Freddy Dumortier <\/a>. University of Hasselt, Belgium <\/li>\n\t<\/ul>\n\t\n\t<li> <img class='azc_flags' src='https:\/\/www.unioviedo.es\/gsd\/wp-content\/plugins\/azurecurve-flags\/images\/br.png' alt= 'Brazil' \/> Brazil <\/li>\n\t<ul>\n\t\t<li> Carlos Gutierrez. ICMC-USP, S\u00e3o Carlos <\/li>\n\t\t<li> Carlos Gustavo Moreira. IMPA, Rio de Janeiro <\/li>\n\t\t<li> Marcelo Viana. IMPA, Rio de Janeiro <\/li>\n\t<\/ul>\n\t\n\t<li> <img class='azc_flags' src='https:\/\/www.unioviedo.es\/gsd\/wp-content\/plugins\/azurecurve-flags\/images\/cl.png' alt= 'Chile' \/> Chile <\/li>\n\t<ul>\n\t\t<li><a title=\"V\u00edctor Gu\u00ed\u00f1ez\" href=\"http:\/\/www.mat.usach.cl\/index.php\/2012-12-19-12-50-19\/academicos\/121-victor-guinez-matamala\" target=\"_blank\" rel=\"noopener noreferrer\"> V\u00edctor Gu\u00ed\u00f1ez <\/a>. Universidad Santiago de Chile<\/li>\n\t\t<li><a title=\"Rafael Labraca\" href=\"http:\/\/www.mat.usach.cl\/index.php\/2012-12-19-12-50-19\/academicos\/112-rafael-labarca-briones\" target=\"_blank\" rel=\"noopener noreferrer\"> Rafael Labarca <\/a>. Universidad Santiago de Chile<\/li>\n\t<\/ul>\n\t\n\t<li> <img class='azc_flags' src='https:\/\/www.unioviedo.es\/gsd\/wp-content\/plugins\/azurecurve-flags\/images\/at.png' alt= 'Austria' \/> France <\/li>\n\t<ul>\n\t\t<li> Hector Giacomini. Universit\u00e9 de Tours<\/li>\n\t\t<li> Cristian Bonatti. Institute de Math\u00e9matiques de Bourgogne<\/li>\n\t<\/ul>\n\t\n\t<li> <img class='azc_flags' src='https:\/\/www.unioviedo.es\/gsd\/wp-content\/plugins\/azurecurve-flags\/images\/ir.png' alt= 'Iran Islamic Republic of' \/> Iran <\/li>\n\t<ul>\n\t\t<li> Abbas Fakhari. Damghan University<\/li>\n\t\t<li> Aliasghr Sarizadeh. Ilam University<\/li>\n\t<\/ul>\n\t\n\t<li> <img class='azc_flags' src='https:\/\/www.unioviedo.es\/gsd\/wp-content\/plugins\/azurecurve-flags\/images\/jp.png' alt= 'Japan' \/> Japan <\/li>\n\t<ul>\n\t\t<li><a title=\"Hiroshi Kokubu\" href=\"https:\/\/www.math.kyoto-u.ac.jp\/~kokubu\/\" target=\"_blank\" rel=\"noopener noreferrer\">Hiroshi Kokubu<\/a>. University of Kyoto, Japan<\/li>\n\t<\/ul>\n\t\n\t<li> <img class='azc_flags' src='https:\/\/www.unioviedo.es\/gsd\/wp-content\/plugins\/azurecurve-flags\/images\/pt.png' alt= 'Portugal' \/> Portugal <\/li>\n\t<ul>\n\t\t<li>  Jos\u00e9 F. Alves. CMUP, Universidade de Porto<\/li>\n\t\t<li> Sofia Castro. CMUP, , Universidade de Porto<\/li>\n\t\t<li> Isabel Labouriau. CMUP, , Universidade de Porto<\/li>\n\t\t<li> Alexandre Rodrigues. CMUP, , Universidade de Porto<\/li>\n\t\t<li> Claudia Valls. Universidade de Lisboa<\/li>\n\t<\/ul>\n\t\n\t<li> <img class='azc_flags' src='https:\/\/www.unioviedo.es\/gsd\/wp-content\/plugins\/azurecurve-flags\/images\/es.png' alt= 'Spain' \/> Spain <\/li>\n\t<ul>\n\t\t<li> Lluis Alsed\u00e1. Universitat de Lleida<\/li>\n\t\t<li>Carlos Escudero. Instituto de Ciencias Matem\u00e1ticas (Madrid)<\/li>\n\t\t<li>Jaume Gin\u00e9. Universitat de Lleida<\/li>\t\n\t\t<li>Maite Grau. Universitat de Lleida<\/li>\t\n\t\t<li>Jaume Llibre. Universitat Aut\u00f3noma de Barcelona<\/li>\n\t\t<li>Jos\u00e9 Mart\u00ednez Alfaro. Universitat de Val\u00e8ncia.<\/li>\n\t\t<li>Jos\u00e9 Para\u00f1os. Universidade de Santiago de Compostela<\/li>\n\t\t<li>Miguel del R\u00edo. Universidade de Santiago de Compostela<\/li>\n\t\t<li>Carles Sim\u00f3. Universitat de Barcelona<\/li>\n\t\t<li>Joan Carles Tatjer. Universitat de Barcelona<\/li>\n\t<\/ul>\n<\/ul>\n","protected":false},"excerpt":{"rendered":"<p>Austria Pawel Pilarczyk. Institute of Sciences and Technology Belgium Freddy Dumortier . University of Hasselt, Belgium Brazil Carlos Gutierrez. ICMC-USP, S\u00e3o Carlos Carlos Gustavo Moreira. IMPA, Rio de Janeiro Marcelo Viana. IMPA, Rio de Janeiro Chile V\u00edctor Gu\u00ed\u00f1ez . Universidad Santiago de Chile Rafael Labarca . Universidad Santiago de Chile France Hector Giacomini. Universit\u00e9 de &hellip; <\/p>\n<p class=\"link-more\"><a href=\"https:\/\/www.unioviedo.es\/gsd\/coauthors\/\" class=\"more-link\">Continuar leyendo<span class=\"screen-reader-text\"> \u00abCoauthors\u00bb<\/span><\/a><\/p>\n","protected":false},"author":1,"featured_media":0,"parent":0,"menu_order":0,"comment_status":"closed","ping_status":"closed","template":"","meta":{"footnotes":""},"class_list":["post-102","page","type-page","status-publish","hentry"],"_links":{"self":[{"href":"https:\/\/www.unioviedo.es\/gsd\/wp-json\/wp\/v2\/pages\/102","targetHints":{"allow":["GET"]}}],"collection":[{"href":"https:\/\/www.unioviedo.es\/gsd\/wp-json\/wp\/v2\/pages"}],"about":[{"href":"https:\/\/www.unioviedo.es\/gsd\/wp-json\/wp\/v2\/types\/page"}],"author":[{"embeddable":true,"href":"https:\/\/www.unioviedo.es\/gsd\/wp-json\/wp\/v2\/users\/1"}],"replies":[{"embeddable":true,"href":"https:\/\/www.unioviedo.es\/gsd\/wp-json\/wp\/v2\/comments?post=102"}],"version-history":[{"count":0,"href":"https:\/\/www.unioviedo.es\/gsd\/wp-json\/wp\/v2\/pages\/102\/revisions"}],"wp:attachment":[{"href":"https:\/\/www.unioviedo.es\/gsd\/wp-json\/wp\/v2\/media?parent=102"}],"curies":[{"name":"wp","href":"https:\/\/api.w.org\/{rel}","templated":true}]}}