{"id":535,"date":"2014-01-18T12:43:34","date_gmt":"2014-01-18T12:43:34","guid":{"rendered":"http:\/\/www.unioviedo.es\/gsd\/miwordpress\/?page_id=535"},"modified":"2024-02-01T12:24:47","modified_gmt":"2024-02-01T11:24:47","slug":"organized-events","status":"publish","type":"page","link":"https:\/\/www.unioviedo.es\/gsd\/organized-events\/","title":{"rendered":"Organized Events"},"content":{"rendered":"\n<p><strong>Upcoming events<\/strong><\/p>\n\n\n\n<p><\/p>\n\n\n\n<p><strong>Past events<\/strong><\/p>\n\n\n\n<ul>\n<li><a href=\"http:\/\/www.dance-net.org\/ddays2023\/\"> DDAYS 2023 <\/a> \nOviedo, October 3-6 (2023) <\/li>\n<li><a href=\"http:\/\/www.unioviedo.es\/surcom2015\"> International Conference Dynamical Systems: Surfing the complexity \u2013 A journey through Dynamical Systems <\/a> \nOviedo, June 3-5 (2015) <\/li>\n<li><a href=\"http:\/\/www.unioviedo.es\/ds100Poincare\"> International Conference Dynamical Systems: 100 years after Poincar\u00e9. <\/a> \nGij\u00f3n, September 3-7 (2012) <\/li>\n<li><a href=\"http:\/\/www.dance-net.org\/rtns2006\/\"> RTNS2006: Winter School on Dynamical Systems of the DANCE <\/a>\nSpanish Network, Gij\u00f3n, February 6-10 (2006) <\/li>\n<\/ul>\n\n\n\n<p><\/p>\n","protected":false},"excerpt":{"rendered":"<p>Upcoming events Past events DDAYS 2023 Oviedo, October 3-6 (2023) International Conference Dynamical Systems: Surfing the complexity \u2013 A journey through Dynamical Systems Oviedo, June 3-5 (2015) International Conference Dynamical Systems: 100 years after Poincar\u00e9. Gij\u00f3n, September 3-7 (2012) RTNS2006: Winter School on Dynamical Systems of the DANCE Spanish Network, Gij\u00f3n, February 6-10 (2006)<\/p>\n","protected":false},"author":1,"featured_media":0,"parent":0,"menu_order":0,"comment_status":"closed","ping_status":"closed","template":"","meta":{"footnotes":""},"class_list":["post-535","page","type-page","status-publish","hentry"],"_links":{"self":[{"href":"https:\/\/www.unioviedo.es\/gsd\/wp-json\/wp\/v2\/pages\/535","targetHints":{"allow":["GET"]}}],"collection":[{"href":"https:\/\/www.unioviedo.es\/gsd\/wp-json\/wp\/v2\/pages"}],"about":[{"href":"https:\/\/www.unioviedo.es\/gsd\/wp-json\/wp\/v2\/types\/page"}],"author":[{"embeddable":true,"href":"https:\/\/www.unioviedo.es\/gsd\/wp-json\/wp\/v2\/users\/1"}],"replies":[{"embeddable":true,"href":"https:\/\/www.unioviedo.es\/gsd\/wp-json\/wp\/v2\/comments?post=535"}],"version-history":[{"count":0,"href":"https:\/\/www.unioviedo.es\/gsd\/wp-json\/wp\/v2\/pages\/535\/revisions"}],"wp:attachment":[{"href":"https:\/\/www.unioviedo.es\/gsd\/wp-json\/wp\/v2\/media?parent=535"}],"curies":[{"name":"wp","href":"https:\/\/api.w.org\/{rel}","templated":true}]}}