{"id":591,"date":"2015-01-08T08:34:44","date_gmt":"2015-01-08T08:34:44","guid":{"rendered":"http:\/\/www.unioviedo.es\/gsd\/?page_id=591"},"modified":"2024-02-16T12:20:01","modified_gmt":"2024-02-16T11:20:01","slug":"seminar","status":"publish","type":"page","link":"https:\/\/www.unioviedo.es\/gsd\/seminar\/","title":{"rendered":"Seminar on Dynamical Systems"},"content":{"rendered":"\n<figure class=\"wp-block-image size-full\"><img loading=\"lazy\" decoding=\"async\" width=\"721\" height=\"454\" src=\"http:\/\/www.unioviedo.es\/gsd\/wp-content\/uploads\/2023\/11\/Facultad.jpg\" alt=\"\" class=\"wp-image-1294\" srcset=\"https:\/\/www.unioviedo.es\/gsd\/wp-content\/uploads\/2023\/11\/Facultad.jpg 721w, https:\/\/www.unioviedo.es\/gsd\/wp-content\/uploads\/2023\/11\/Facultad-300x189.jpg 300w\" sizes=\"auto, (max-width: 721px) 100vw, 721px\" \/><\/figure>\n\n\n<p><strong>Upcoming talks<\/strong><\/p>\n\n<p><strong>Previous talks<\/strong><\/p>\n<p><a href=\"http:\/\/www.unioviedo.es\/gsd\/wp-content\/uploads\/2024\/02\/Cartel-Charla-Ze.docx\">08\/02\/2024 Una aproximaci\u00f3n probabil\u00edstica al Caos (Jos\u00e9 F. Alves)<\/a><\/p>\n<p><a href=\"http:\/\/www.unioviedo.es\/gsd\/wp-content\/uploads\/2024\/02\/CONFERENCIA-PABLO-G.-BARRIENTOS-05-02-24.pdf\">05\/02\/2024 Domando el caos: ordenando el desorden (Pablo G. Barrientos)<\/a><\/p>\n<p>22\/05\/2019 Sistemas diferenciales cuasi-homog\u00e9neos y multiplicidad de ciclos l\u00edmite (Ant\u00f3n Lombardero)<\/p>\n<p>08\/05\/2019 Ciclos l\u00edmite algebraicos en sistemas polinomiales planos definidos a trozos (Set P\u00e9rez)<\/p>\n<p>27\/03\/2019 Estructura homocl\u00ednica en el modelo de Hindmarsh-Ros (Luc\u00eda P\u00e9rez)<\/p>\n<p>20\/03\/2019 Singularidades y caos (F\u00e1tima Drubi)<\/p>\n<p>28\/02\/2019 Kneading a triangle: a little journey through strange attractors (Enrique Vigil)<\/p>\n<p>20\/02\/2019 Hopf bifurcation at infinity and dissipative vector fields of the plane (Bego\u00f1a Alarc\u00f3n)<\/p>\n<p>09\/02\/2019 Exponentes de sistemas aleatorios, bifoco homocl\u00ednico reversible y tangencias heterodimensionales robustas (Pablo G. Barrientos)<\/p>\n<p>19\/12\/2018\u00a0 Estados de equilibrio para una clase de productos cruzados (Sebasti\u00e1n A. P\u00e9rez)<\/p>","protected":false},"excerpt":{"rendered":"<p>Upcoming talks Previous talks 08\/02\/2024 Una aproximaci\u00f3n probabil\u00edstica al Caos (Jos\u00e9 F. Alves) 05\/02\/2024 Domando el caos: ordenando el desorden (Pablo G. Barrientos) 22\/05\/2019 Sistemas diferenciales cuasi-homog\u00e9neos y multiplicidad de ciclos l\u00edmite (Ant\u00f3n Lombardero) 08\/05\/2019 Ciclos l\u00edmite algebraicos en sistemas polinomiales planos definidos a trozos (Set P\u00e9rez) 27\/03\/2019 Estructura homocl\u00ednica en el modelo de Hindmarsh-Ros &hellip; <\/p>\n<p class=\"link-more\"><a href=\"https:\/\/www.unioviedo.es\/gsd\/seminar\/\" class=\"more-link\">Continuar leyendo<span class=\"screen-reader-text\"> \u00abSeminar on Dynamical Systems\u00bb<\/span><\/a><\/p>\n","protected":false},"author":1,"featured_media":0,"parent":0,"menu_order":0,"comment_status":"closed","ping_status":"closed","template":"","meta":{"footnotes":""},"class_list":["post-591","page","type-page","status-publish","hentry"],"_links":{"self":[{"href":"https:\/\/www.unioviedo.es\/gsd\/wp-json\/wp\/v2\/pages\/591","targetHints":{"allow":["GET"]}}],"collection":[{"href":"https:\/\/www.unioviedo.es\/gsd\/wp-json\/wp\/v2\/pages"}],"about":[{"href":"https:\/\/www.unioviedo.es\/gsd\/wp-json\/wp\/v2\/types\/page"}],"author":[{"embeddable":true,"href":"https:\/\/www.unioviedo.es\/gsd\/wp-json\/wp\/v2\/users\/1"}],"replies":[{"embeddable":true,"href":"https:\/\/www.unioviedo.es\/gsd\/wp-json\/wp\/v2\/comments?post=591"}],"version-history":[{"count":2,"href":"https:\/\/www.unioviedo.es\/gsd\/wp-json\/wp\/v2\/pages\/591\/revisions"}],"predecessor-version":[{"id":1461,"href":"https:\/\/www.unioviedo.es\/gsd\/wp-json\/wp\/v2\/pages\/591\/revisions\/1461"}],"wp:attachment":[{"href":"https:\/\/www.unioviedo.es\/gsd\/wp-json\/wp\/v2\/media?parent=591"}],"curies":[{"name":"wp","href":"https:\/\/api.w.org\/{rel}","templated":true}]}}