{"id":76,"date":"2012-02-12T15:14:59","date_gmt":"2012-02-12T15:14:59","guid":{"rendered":"http:\/\/www.unioviedo.es\/gsd\/miwordpress\/?page_id=76"},"modified":"2025-02-03T16:17:59","modified_gmt":"2025-02-03T15:17:59","slug":"phd-thesis","status":"publish","type":"page","link":"https:\/\/www.unioviedo.es\/gsd\/phd-thesis\/","title":{"rendered":"PhD Thesis"},"content":{"rendered":"<table style=\"border: none;\" width=\"90%\" cellspacing=\"2\" cellpadding=\"0\">\n<tbody>\n<tr>\n<td class=\"FondoBarraNav1\" style=\"border: none;\" colspan=\"2\" valign=\"top\" height=\"17\"><a href=\"https:\/\/digibuo.uniovi.es\/dspace\/handle\/10651\/70741\">2024 Atractores extra\u00f1os bidimensionales en despliegues de tangencias de difeomorfismos en dimensi\u00f3n tres.<\/a><\/td>\n<\/tr>\n<tr valign=\"top\">\n<td style=\"border: none;\" width=\"45%\"><\/td>\n<td style=\"border: none;\" width=\"45%\">\n<p align=\"justify\"><small>Author: Alejandro Marqu\u00e9s Lobeiras<br \/>\nAdvisors: Jos\u00e9 \u00c1ngel Rodr\u00edguez M\u00e9ndez<br \/>\nUniversity of Oviedo<br \/>\nThesis defense: 30-09-2024<\/small><\/p>\n<\/td>\n<\/tr>\n<tr>\n<td class=\"FondoBarraNav1\" style=\"border: none;\" colspan=\"2\" valign=\"top\" height=\"17\"><a href=\"https:\/\/digibuo.uniovi.es\/dspace\/handle\/10651\/61356\">2021 Sistemas diferenciales quasi-homog\u00e9neos en el plano y en el espacio.<\/a><\/td>\n<\/tr>\n<tr valign=\"top\">\n<td style=\"border: none;\" width=\"45%\"><\/td>\n<td style=\"border: none;\" width=\"45%\">\n<p align=\"justify\"><small>Author: Ant\u00f3n Lombardero Ozores<br \/>\nAdvisors: Jes\u00fas Su\u00e1rez P\u00e9rez del R\u00edo and Mar\u00eda Bel\u00e9n Garc\u00eda Fern\u00e1ndez<br \/>\nUniversity of Oviedo<\/small>.<\/p>\n<\/td>\n<\/tr>\n<tr>\n<td class=\"FondoBarraNav1\" style=\"border: none;\" colspan=\"2\" valign=\"top\" height=\"17\"><a href=\"https:\/\/digibuo.uniovi.es\/dspace\/handle\/10651\/60432\">2021 Sistemas Din\u00e1micos en Neurociencia: el modelo de Hindmarsh-Rose.<\/a><\/td>\n<\/tr>\n<tr valign=\"top\">\n<td style=\"border: none;\" width=\"45%\"><\/td>\n<td style=\"border: none;\" width=\"45%\">\n<p align=\"justify\"><small>Author: Luc\u00eda P\u00e9rez P\u00e9rez<br \/>\nAdvisor: Santiago Iba\u00f1ez Mesa and Roberto Barrio Gil<br \/>\nUniversity of Oviedo<\/small>.<\/p>\n<\/td>\n<\/tr>\n<tr>\n<td class=\"FondoBarraNav1\" style=\"border: none;\" colspan=\"2\" valign=\"top\" height=\"17\"><a href=\"https:\/\/digibuo.uniovi.es\/dspace\/handle\/10651\/33949\">2015 Expanding baker maps: A first tool to study homoclinic biffurcations of 3-D diffeomorphisms.<\/a><\/td>\n<\/tr>\n<tr valign=\"top\">\n<td style=\"border: none;\" width=\"45%\"><\/td>\n<td style=\"border: none;\" width=\"45%\">\n<p align=\"justify\"><small>Author: Enrique Vigil \u00c1lvarez<br \/>\nAdvisor: Antonio Pumari\u00f1o V\u00e1zquez<br \/>\nUniversity of Oviedo<\/small>.<\/p>\n<\/td>\n<\/tr>\n<tr>\n<td class=\"FondoBarraNav1\" style=\"border: none;\" colspan=\"2\" valign=\"top\" height=\"17\"><a href=\"https:\/\/digibuo.uniovi.es\/dspace\/handle\/10651\/13166\">2012 Blenders and non-hyperbolic dynamics arising in generic unfoldings of nilpotent singularities.<\/a><\/td>\n<\/tr>\n<tr valign=\"top\">\n<td style=\"border: none;\" width=\"45%\"><\/td>\n<td style=\"border: none;\" width=\"45%\">\n<p align=\"justify\"><small>Author: Pablo Guti\u00e9rrez Barrientos<br \/>\nAdvisor: Jos\u00e9 \u00c1ngel Rodr\u00edguez M\u00e9ndez<br \/>\nUniversity of Oviedo.<\/small><\/p>\n<\/td>\n<\/tr>\n<tr>\n<td class=\"FondoBarraNav1\" style=\"border: none;\" colspan=\"2\" valign=\"top\" height=\"17\">2009\u00a0Synchronization and chaos in coupled systems: The model of two coupled brusselators.<\/td>\n<\/tr>\n<tr valign=\"top\">\n<td style=\"border: none;\" width=\"45%\"><\/td>\n<td style=\"border: none;\" width=\"45%\">\n<p align=\"justify\"><small>Author: F\u00e1tima Drubi Vega<br \/>\nAdvisor: Santiago Ib\u00e1\u00f1ez Mesa<br \/>\nUniversity of Oviedo.<\/small><\/p>\n<\/td>\n<\/tr>\n<tr>\n<td class=\"FondoBarraNav1\" style=\"border: none;\" colspan=\"2\" valign=\"top\" height=\"17\">2007 Integrabilidad, retratos de fases y ciclos l\u00edmite en campos polinomiales planos.<\/td>\n<\/tr>\n<tr valign=\"top\">\n<td style=\"border: none;\" width=\"45%\"><\/td>\n<td style=\"border: none;\" width=\"45%\">\n<p align=\"justify\"><small>Author: Mar\u00eda Bel\u00e9n Garc\u00eda Fern\u00e1ndez<br \/>\nAdvisor: Jes\u00fas Su\u00e1rez P\u00e9rez del R\u00edo<br \/>\nUniversity of Oviedo.<\/small><\/p>\n<\/td>\n<\/tr>\n<tr>\n<td class=\"FondoBarraNav1\" style=\"border: none;\" colspan=\"2\" valign=\"top\" height=\"17\">1996 Clasificaci\u00f3n topol\u00f3gica de campos vectoriales homog\u00e9neos y semihomog\u00e9neos en el plano.<\/td>\n<\/tr>\n<tr valign=\"top\">\n<td style=\"border: none;\" width=\"45%\"><\/td>\n<td style=\"border: none;\" width=\"45%\">\n<p align=\"justify\"><small>Author: Jes\u00fas Su\u00e1rez P\u00e9rez del R\u00edo<br \/>\nAdvisor: Jos\u00e9 Angel Rodr\u00edguez M\u00e9ndez<br \/>\nUniversity of Oviedo.<\/small><\/p>\n<\/td>\n<\/tr>\n<tr>\n<td class=\"FondoBarraNav1\" style=\"border: none;\" colspan=\"2\" valign=\"top\" height=\"17\">1994 Coexistencia con probabilidad positiva de m\u00e1s de un atractor extra\u00f1o.<\/td>\n<\/tr>\n<tr valign=\"top\">\n<td style=\"border: none;\" width=\"45%\"><\/td>\n<td style=\"border: none;\" width=\"45%\">\n<p align=\"justify\"><small>Author: Antonio Pumari\u00f1o V\u00e1zquez<br \/>\nAdvisor: Jos\u00e9 Angel Rodr\u00edguez M\u00e9ndez<br \/>\nUniversity of Oviedo.<\/small><\/p>\n<\/td>\n<\/tr>\n<tr>\n<td class=\"FondoBarraNav1\" style=\"border: none;\" colspan=\"2\" valign=\"top\" height=\"17\">1994 Singularidades nilpotentes de campos vectoriales en R3.<\/td>\n<\/tr>\n<tr valign=\"top\">\n<td style=\"border: none;\" width=\"45%\"><\/td>\n<td style=\"border: none;\" width=\"45%\">\n<p align=\"justify\"><small>Author: Santiago Ib\u00e1\u00f1ez Mesa<br \/>\nAdvisor: Jos\u00e9 Angel Rodr\u00edguez M\u00e9ndez<br \/>\nUniversity of Oviedo.<\/small><\/p>\n<\/td>\n<\/tr>\n<tr>\n<td class=\"FondoBarraNav1\" style=\"border: none;\" colspan=\"2\" valign=\"top\" height=\"17\">1993 Estructura peri\u00f3dica de aplicaciones continuas de un grafo contr\u00e1ctil.<\/td>\n<\/tr>\n<tr valign=\"top\">\n<td style=\"border: none;\" width=\"45%\"><\/td>\n<td style=\"border: none;\" width=\"45%\">\n<p align=\"justify\"><small>Author: Jos\u00e9 Para\u00f1os Pardo<br \/>\nAdvisor: Jos\u00e9 Angel Rodr\u00edguez M\u00e9ndez<br \/>\nUniversity of Santiago de Compostela.<\/small><\/p>\n<\/td>\n<\/tr>\n<\/tbody>\n<\/table>\n","protected":false},"excerpt":{"rendered":"<p>2024 Atractores extra\u00f1os bidimensionales en despliegues de tangencias de difeomorfismos en dimensi\u00f3n tres. Author: Alejandro Marqu\u00e9s Lobeiras Advisors: Jos\u00e9 \u00c1ngel Rodr\u00edguez M\u00e9ndez University of Oviedo Thesis defense: 30-09-2024 2021 Sistemas diferenciales quasi-homog\u00e9neos en el plano y en el espacio. Author: Ant\u00f3n Lombardero Ozores Advisors: Jes\u00fas Su\u00e1rez P\u00e9rez del R\u00edo and Mar\u00eda Bel\u00e9n Garc\u00eda Fern\u00e1ndez University &hellip; <\/p>\n<p class=\"link-more\"><a href=\"https:\/\/www.unioviedo.es\/gsd\/phd-thesis\/\" class=\"more-link\">Continuar leyendo<span class=\"screen-reader-text\"> \u00abPhD Thesis\u00bb<\/span><\/a><\/p>\n","protected":false},"author":1,"featured_media":0,"parent":0,"menu_order":0,"comment_status":"closed","ping_status":"closed","template":"","meta":{"footnotes":""},"class_list":["post-76","page","type-page","status-publish","hentry"],"_links":{"self":[{"href":"https:\/\/www.unioviedo.es\/gsd\/wp-json\/wp\/v2\/pages\/76","targetHints":{"allow":["GET"]}}],"collection":[{"href":"https:\/\/www.unioviedo.es\/gsd\/wp-json\/wp\/v2\/pages"}],"about":[{"href":"https:\/\/www.unioviedo.es\/gsd\/wp-json\/wp\/v2\/types\/page"}],"author":[{"embeddable":true,"href":"https:\/\/www.unioviedo.es\/gsd\/wp-json\/wp\/v2\/users\/1"}],"replies":[{"embeddable":true,"href":"https:\/\/www.unioviedo.es\/gsd\/wp-json\/wp\/v2\/comments?post=76"}],"version-history":[{"count":5,"href":"https:\/\/www.unioviedo.es\/gsd\/wp-json\/wp\/v2\/pages\/76\/revisions"}],"predecessor-version":[{"id":1511,"href":"https:\/\/www.unioviedo.es\/gsd\/wp-json\/wp\/v2\/pages\/76\/revisions\/1511"}],"wp:attachment":[{"href":"https:\/\/www.unioviedo.es\/gsd\/wp-json\/wp\/v2\/media?parent=76"}],"curies":[{"name":"wp","href":"https:\/\/api.w.org\/{rel}","templated":true}]}}