{"id":30838,"date":"2024-03-06T15:22:43","date_gmt":"2024-03-06T15:22:43","guid":{"rendered":"https:\/\/www.unioviedo.es\/heal\/?page_id=30838"},"modified":"2024-06-20T06:17:49","modified_gmt":"2024-06-20T06:17:49","slug":"symposium-organisers","status":"publish","type":"page","link":"https:\/\/www.unioviedo.es\/heal\/symposium-organisers\/","title":{"rendered":"Symposium Organisers"},"content":{"rendered":"<p>[vc_row full_width=&#8221;stretch_row&#8221; icon_animation=&#8221;&#8221; title=&#8221;Seminar Organisers:&#8221; heading_tag=&#8221;h3&#8243; read_more=&#8221;none&#8221; link=&#8221;&#8221; read_text=&#8221;Read More&#8221; hover_effect=&#8221;style_1&#8243; pos=&#8221;left&#8221; box_min_height=&#8221;&#8221; box_border_style=&#8221;&#8221; box_border_width=&#8221;&#8221; box_border_color=&#8221;&#8221; box_bg_color=&#8221;&#8221; el_class=&#8221;accent-icon-color accent-border-color&#8221; title_text_typography=&#8221;&#8221; title_font=&#8221;&#8221; title_font_style=&#8221;&#8221; desc_text_typography=&#8221;&#8221; desc_font=&#8221;&#8221; desc_font_style=&#8221;&#8221; css_info_box=&#8221;.vc_custom_1709742916485{margin-bottom: 20px !important;}&#8221; title_font_size=&#8221;desktop:20px;&#8221; title_font_line_height=&#8221;desktop:30px;&#8221; title_font_color=&#8221;&#8221; desc_font_size=&#8221;&#8221; desc_font_line_height=&#8221;&#8221; desc_font_color=&#8221;&#8221;][vc_column width=&#8221;1\/3&#8243;]<div class=\"aio-icon-component  vc_custom_1709743005130  accent-icon-color accent-border-color style_1\"><div id=\"Info-box-wrap-1555\" class=\"aio-icon-box left-icon\" style=\"\"  ><div class=\"aio-icon-left\"><div class=\"ult-just-icon-wrapper  \"><div class=\"align-icon\" style=\"text-align:center;\">\n<div class=\"aio-icon advanced \"  style=\"background:#7ec1d3;border-style:solid;border-color:;border-width:6px;width:8px;height:8px;line-height:8px;border-radius:0px;font-size:8px;display:inline-block;\">\n\t<i class=\"icomoon-font-awesome-14x14-flag\"><\/i>\n<\/div><\/div><\/div><\/div><div class=\"aio-ibd-block\"><div class=\"aio-icon-header\" ><h3 class=\"aio-icon-title ult-responsive\"  data-ultimate-target='#Info-box-wrap-1555 .aio-icon-title'  data-responsive-json-new='{\"font-size\":\"desktop:20px;\",\"line-height\":\"desktop:30px;\"}'  style=\"\">Symposium Director<\/h3><\/div> <!-- header --><div class=\"aio-icon-description ult-responsive\"  data-ultimate-target='#Info-box-wrap-1555 .aio-icon-description'  data-responsive-json-new='{\"font-size\":\"\",\"line-height\":\"\"}'  style=\"\">Luz Mar Gonz\u00e1lez-Arias (Universidad de Oviedo)<\/div> <!-- description --><\/div> <!-- aio-ibd-block --><\/div> <!-- aio-icon-box --><\/div> <!-- aio-icon-component -->[\/vc_column][vc_column width=&#8221;1\/3&#8243;]<div class=\"aio-icon-component  vc_custom_1709743027042  accent-icon-color accent-border-color style_1\"><div id=\"Info-box-wrap-4274\" class=\"aio-icon-box left-icon\" style=\"\"  ><div class=\"aio-icon-left\"><div class=\"ult-just-icon-wrapper  \"><div class=\"align-icon\" style=\"text-align:center;\">\n<div class=\"aio-icon advanced \"  style=\"background:#7ec1d3;border-style:solid;border-color:;border-width:6px;width:8px;height:8px;line-height:8px;border-radius:0px;font-size:8px;display:inline-block;\">\n\t<i class=\"icomoon-font-awesome-14x14-flag\"><\/i>\n<\/div><\/div><\/div><\/div><div class=\"aio-ibd-block\"><div class=\"aio-icon-header\" ><h3 class=\"aio-icon-title ult-responsive\"  data-ultimate-target='#Info-box-wrap-4274 .aio-icon-title'  data-responsive-json-new='{\"font-size\":\"desktop:20px;\",\"line-height\":\"desktop:30px;\"}'  style=\"\">Organising Committee<\/h3><\/div> <!-- header --><div class=\"aio-icon-description ult-responsive\"  data-ultimate-target='#Info-box-wrap-4274 .aio-icon-description'  data-responsive-json-new='{\"font-size\":\"\",\"line-height\":\"\"}'  style=\"\">Shadia Abdel-Rahman T\u00e9llez (Universidad de Oviedo)<br \/>\nM\u00e1ximo Al\u00e1ez Corral (Universidad de Oviedo)<br \/>\nMarta Ram\u00f3n Garc\u00eda (Universidad de Oviedo)<\/div> <!-- description --><\/div> <!-- aio-ibd-block --><\/div> <!-- aio-icon-box --><\/div> <!-- aio-icon-component -->[\/vc_column][vc_column width=&#8221;1\/3&#8243;]<div class=\"aio-icon-component  vc_custom_1714462291525  accent-icon-color accent-border-color style_1\"><div id=\"Info-box-wrap-5014\" class=\"aio-icon-box left-icon\" style=\"\"  ><div class=\"aio-icon-left\"><div class=\"ult-just-icon-wrapper  \"><div class=\"align-icon\" style=\"text-align:center;\">\n<div class=\"aio-icon advanced \"  style=\"background:#7ec1d3;border-style:solid;border-color:;border-width:6px;width:8px;height:8px;line-height:8px;border-radius:0px;font-size:8px;display:inline-block;\">\n\t<i class=\"icomoon-font-awesome-14x14-flag\"><\/i>\n<\/div><\/div><\/div><\/div><div class=\"aio-ibd-block\"><div class=\"aio-icon-header\" ><h3 class=\"aio-icon-title ult-responsive\"  data-ultimate-target='#Info-box-wrap-5014 .aio-icon-title'  data-responsive-json-new='{\"font-size\":\"desktop:20px;\",\"line-height\":\"desktop:30px;\"}'  style=\"\">Scientific Committee<\/h3><\/div> <!-- header --><div class=\"aio-icon-description ult-responsive\"  data-ultimate-target='#Info-box-wrap-5014 .aio-icon-description'  data-responsive-json-new='{\"font-size\":\"\",\"line-height\":\"\"}'  style=\"\">Alba de Juan i L\u00f3pez (Universidad de Oviedo)<br \/>\nLena Elipe Guti\u00e9rrez (Universidad de Oviedo)<br \/>\nMarta Fern\u00e1ndez Morales (Universidad de Oviedo)<br \/>\nCarmen Quijada D\u00edez (Universidad de Oviedo)<br \/>\nGloria Garc\u00eda Pintueles (Universidad de Oviedo)<\/div> <!-- description --><\/div> <!-- aio-ibd-block --><\/div> <!-- aio-icon-box --><\/div> <!-- aio-icon-component -->[\/vc_column][\/vc_row][vc_row icon_animation=&#8221;&#8221; title=&#8221;Seminar Organisers:&#8221; heading_tag=&#8221;h3&#8243; read_more=&#8221;none&#8221; link=&#8221;&#8221; read_text=&#8221;Read More&#8221; hover_effect=&#8221;style_1&#8243; pos=&#8221;left&#8221; box_min_height=&#8221;&#8221; box_border_style=&#8221;&#8221; box_border_width=&#8221;&#8221; box_border_color=&#8221;&#8221; box_bg_color=&#8221;&#8221; el_class=&#8221;accent-icon-color accent-border-color&#8221; title_text_typography=&#8221;&#8221; title_font=&#8221;&#8221; title_font_style=&#8221;&#8221; desc_text_typography=&#8221;&#8221; desc_font=&#8221;&#8221; desc_font_style=&#8221;&#8221; css_info_box=&#8221;.vc_custom_1709742916485{margin-bottom: 20px !important;}&#8221; title_font_size=&#8221;desktop:20px;&#8221; title_font_line_height=&#8221;desktop:30px;&#8221; title_font_color=&#8221;&#8221; desc_font_size=&#8221;&#8221; desc_font_line_height=&#8221;&#8221; desc_font_color=&#8221;&#8221;][vc_column width=&#8221;1\/3&#8243;]<div class=\"aio-icon-component  vc_custom_1714462307109  accent-icon-color accent-border-color style_1\"><div id=\"Info-box-wrap-5697\" class=\"aio-icon-box left-icon\" style=\"\"  ><div class=\"aio-icon-left\"><div class=\"ult-just-icon-wrapper  \"><div class=\"align-icon\" style=\"text-align:center;\">\n<div class=\"aio-icon advanced \"  style=\"background:#7ec1d3;border-style:solid;border-color:;border-width:6px;width:8px;height:8px;line-height:8px;border-radius:0px;font-size:8px;display:inline-block;\">\n\t<i class=\"icomoon-font-awesome-14x14-flag\"><\/i>\n<\/div><\/div><\/div><\/div><div class=\"aio-ibd-block\"><div class=\"aio-icon-header\" ><h3 class=\"aio-icon-title ult-responsive\"  data-ultimate-target='#Info-box-wrap-5697 .aio-icon-title'  data-responsive-json-new='{\"font-size\":\"desktop:20px;\",\"line-height\":\"desktop:30px;\"}'  style=\"\">Hippocrates Initiative Advisory Board<\/h3><\/div> <!-- header --><div class=\"aio-icon-description ult-responsive\"  data-ultimate-target='#Info-box-wrap-5697 .aio-icon-description'  data-responsive-json-new='{\"font-size\":\"\",\"line-height\":\"\"}'  style=\"\">Michael Hulse<br \/>\nEleanor Singer<br \/>\nRamsay Singer<br \/>\nAndrew Dimitri<\/div> <!-- description --><\/div> <!-- aio-ibd-block --><\/div> <!-- aio-icon-box --><\/div> <!-- aio-icon-component -->[\/vc_column][vc_column width=&#8221;1\/3&#8243;]<div class=\"aio-icon-component  vc_custom_1714462321573  accent-icon-color accent-border-color style_1\"><div id=\"Info-box-wrap-9811\" class=\"aio-icon-box left-icon\" style=\"\"  ><div class=\"aio-icon-left\"><div class=\"ult-just-icon-wrapper  \"><div class=\"align-icon\" style=\"text-align:center;\">\n<div class=\"aio-icon advanced \"  style=\"background:#7ec1d3;border-style:solid;border-color:;border-width:6px;width:8px;height:8px;line-height:8px;border-radius:0px;font-size:8px;display:inline-block;\">\n\t<i class=\"icomoon-font-awesome-14x14-flag\"><\/i>\n<\/div><\/div><\/div><\/div><div class=\"aio-ibd-block\"><div class=\"aio-icon-header\" ><h3 class=\"aio-icon-title ult-responsive\"  data-ultimate-target='#Info-box-wrap-9811 .aio-icon-title'  data-responsive-json-new='{\"font-size\":\"desktop:20px;\",\"line-height\":\"desktop:30px;\"}'  style=\"\">Community Managers<\/h3><\/div> <!-- header --><div class=\"aio-icon-description ult-responsive\"  data-ultimate-target='#Info-box-wrap-9811 .aio-icon-description'  data-responsive-json-new='{\"font-size\":\"\",\"line-height\":\"\"}'  style=\"\">Alba de Juan i L\u00f3pez<br \/>\nGloria Garc\u00eda Pintueles<\/div> <!-- description --><\/div> <!-- aio-ibd-block --><\/div> <!-- aio-icon-box --><\/div> <!-- aio-icon-component -->[\/vc_column][vc_column width=&#8221;1\/3&#8243;]<div class=\"aio-icon-component  vc_custom_1718864266407  accent-icon-color accent-border-color style_1\"><div id=\"Info-box-wrap-7188\" class=\"aio-icon-box left-icon\" style=\"\"  ><div class=\"aio-icon-left\"><div class=\"ult-just-icon-wrapper  \"><div class=\"align-icon\" style=\"text-align:center;\">\n<div class=\"aio-icon advanced \"  style=\"background:#7ec1d3;border-style:solid;border-color:;border-width:6px;width:8px;height:8px;line-height:8px;border-radius:0px;font-size:8px;display:inline-block;\">\n\t<i class=\"icomoon-font-awesome-14x14-flag\"><\/i>\n<\/div><\/div><\/div><\/div><div class=\"aio-ibd-block\"><div class=\"aio-icon-header\" ><h3 class=\"aio-icon-title ult-responsive\"  data-ultimate-target='#Info-box-wrap-7188 .aio-icon-title'  data-responsive-json-new='{\"font-size\":\"desktop:20px;\",\"line-height\":\"desktop:30px;\"}'  style=\"\">Technical Secretariat<\/h3><\/div> <!-- header --><div class=\"aio-icon-description ult-responsive\"  data-ultimate-target='#Info-box-wrap-7188 .aio-icon-description'  data-responsive-json-new='{\"font-size\":\"\",\"line-height\":\"\"}'  style=\"\">In\u00e9s Abello Collados<br \/>\nMar\u00eda Concepci\u00f3n Escobedo Gonz\u00e1lez<br \/>\nClaudia Garc\u00eda Paj\u00edn<br \/>\nAna Rodr\u00edguez D\u00edaz<\/div> <!-- description --><\/div> <!-- aio-ibd-block --><\/div> <!-- aio-icon-box --><\/div> <!-- aio-icon-component -->[\/vc_column][\/vc_row][vc_row][vc_column][vc_empty_space]<style type=\"text\/css\" data-type=\"the7_shortcodes-inline-css\">#default-btn-c6a48696cc990c3deaed5474c7d9c7f6 {\n  font-size: 16px;\n  line-height: 18px;\n  text-transform: uppercase;\n  padding: 10px 0px 4px 0px;\n}\n#default-btn-c6a48696cc990c3deaed5474c7d9c7f6.ico-right-side > i {\n  margin-right: 0px;\n  margin-left: 8px;\n}\n#default-btn-c6a48696cc990c3deaed5474c7d9c7f6:after {\n  height: 2px;\n}\n#default-btn-c6a48696cc990c3deaed5474c7d9c7f6 > i {\n  margin-right: 8px;\n  font-size: 11px;\n}\n#default-btn-c6a48696cc990c3deaed5474c7d9c7f6.ico-right-side > i {\n  margin-right: 0px;\n  margin-left: 8px;\n}\n#default-btn-c6a48696cc990c3deaed5474c7d9c7f6 > i {\n  margin-right: 8px;\n}\n<\/style><div class=\"btn-align-left\"><a href=\"https:\/\/www.unioviedo.es\/heal\/events\/2024-hippocrates-initiative\/\" class=\"default-btn-shortcode dt-btn-link link-hover-off upwards-line \" id=\"default-btn-c6a48696cc990c3deaed5474c7d9c7f6\"><i class=\"icomoon-the7-font-the7-arrow-02\"><\/i><span>Back to Symposium Home<\/span><\/a><\/div>[\/vc_column][\/vc_row]<\/p>\n","protected":false},"excerpt":{"rendered":"<p>[vc_row full_width=&#8221;stretch_row&#8221; icon_animation=&#8221;&#8221; title=&#8221;Seminar Organisers:&#8221; heading_tag=&#8221;h3&#8243; read_more=&#8221;none&#8221; link=&#8221;&#8221; read_text=&#8221;Read More&#8221; hover_effect=&#8221;style_1&#8243; pos=&#8221;left&#8221; box_min_height=&#8221;&#8221; box_border_style=&#8221;&#8221; box_border_width=&#8221;&#8221; box_border_color=&#8221;&#8221; box_bg_color=&#8221;&#8221; el_class=&#8221;accent-icon-color accent-border-color&#8221; title_text_typography=&#8221;&#8221; title_font=&#8221;&#8221; title_font_style=&#8221;&#8221; desc_text_typography=&#8221;&#8221; desc_font=&#8221;&#8221; desc_font_style=&#8221;&#8221; css_info_box=&#8221;.vc_custom_1709742916485{margin-bottom: 20px !important;}&#8221; title_font_size=&#8221;desktop:20px;&#8221; title_font_line_height=&#8221;desktop:30px;&#8221; title_font_color=&#8221;&#8221; desc_font_size=&#8221;&#8221; desc_font_line_height=&#8221;&#8221; desc_font_color=&#8221;&#8221;][vc_column width=&#8221;1\/3&#8243;][\/vc_column][vc_column width=&#8221;1\/3&#8243;][\/vc_column][vc_column width=&#8221;1\/3&#8243;][\/vc_column][\/vc_row][vc_row icon_animation=&#8221;&#8221; title=&#8221;Seminar Organisers:&#8221; heading_tag=&#8221;h3&#8243; read_more=&#8221;none&#8221; link=&#8221;&#8221; read_text=&#8221;Read More&#8221; hover_effect=&#8221;style_1&#8243; pos=&#8221;left&#8221; box_min_height=&#8221;&#8221; box_border_style=&#8221;&#8221; box_border_width=&#8221;&#8221; box_border_color=&#8221;&#8221; box_bg_color=&#8221;&#8221; el_class=&#8221;accent-icon-color accent-border-color&#8221; title_text_typography=&#8221;&#8221;&hellip;<\/p>\n","protected":false},"author":4,"featured_media":0,"parent":0,"menu_order":0,"comment_status":"closed","ping_status":"closed","template":"","meta":{"footnotes":""},"class_list":["post-30838","page","type-page","status-publish","hentry","description-off"],"yoast_head":"<!-- This site is optimized with the Yoast SEO plugin v21.7 - https:\/\/yoast.com\/wordpress\/plugins\/seo\/ -->\n<title>Symposium Organisers - Heal<\/title>\n<meta name=\"robots\" content=\"index, follow, max-snippet:-1, max-image-preview:large, max-video-preview:-1\" \/>\n<link rel=\"canonical\" href=\"https:\/\/www.unioviedo.es\/heal\/symposium-organisers\/\" \/>\n<meta property=\"og:locale\" content=\"en_US\" \/>\n<meta property=\"og:type\" content=\"article\" \/>\n<meta property=\"og:title\" content=\"HEAL - Writers&#039; corner\" \/>\n<meta property=\"og:description\" content=\"HEAL: Health, Environment, Arts and Literature\" \/>\n<meta property=\"og:url\" content=\"https:\/\/www.unioviedo.es\/heal\/symposium-organisers\/\" \/>\n<meta property=\"og:site_name\" content=\"Heal\" \/>\n<meta property=\"article:modified_time\" content=\"2024-06-20T06:17:49+00:00\" \/>\n<meta property=\"og:image\" content=\"https:\/\/www.unioviedo.es\/heal\/wp-content\/uploads\/2021\/03\/Portada-HEAL-1200fb.jpg\" \/>\n\t<meta property=\"og:image:width\" content=\"703\" \/>\n\t<meta property=\"og:image:height\" content=\"369\" \/>\n\t<meta property=\"og:image:type\" content=\"image\/jpeg\" \/>\n<meta name=\"twitter:card\" content=\"summary_large_image\" \/>\n<meta name=\"twitter:title\" content=\"HEAL - Writers&#039; corner\" \/>\n<meta name=\"twitter:description\" content=\"HEAL: Health, Environment, Arts and Literature\" \/>\n<meta name=\"twitter:image\" content=\"https:\/\/www.unioviedo.es\/heal\/wp-content\/uploads\/2021\/03\/Portada-HEAL-1024tw.jpg\" \/>\n<meta name=\"twitter:label1\" content=\"Est. reading time\" \/>\n\t<meta name=\"twitter:data1\" content=\"2 minutes\" \/>\n<script type=\"application\/ld+json\" class=\"yoast-schema-graph\">{\"@context\":\"https:\/\/schema.org\",\"@graph\":[{\"@type\":\"WebPage\",\"@id\":\"https:\/\/www.unioviedo.es\/heal\/symposium-organisers\/\",\"url\":\"https:\/\/www.unioviedo.es\/heal\/symposium-organisers\/\",\"name\":\"Symposium Organisers - Heal\",\"isPartOf\":{\"@id\":\"https:\/\/www.unioviedo.es\/heal\/#website\"},\"datePublished\":\"2024-03-06T15:22:43+00:00\",\"dateModified\":\"2024-06-20T06:17:49+00:00\",\"breadcrumb\":{\"@id\":\"https:\/\/www.unioviedo.es\/heal\/symposium-organisers\/#breadcrumb\"},\"inLanguage\":\"en-US\",\"potentialAction\":[{\"@type\":\"ReadAction\",\"target\":[\"https:\/\/www.unioviedo.es\/heal\/symposium-organisers\/\"]}]},{\"@type\":\"BreadcrumbList\",\"@id\":\"https:\/\/www.unioviedo.es\/heal\/symposium-organisers\/#breadcrumb\",\"itemListElement\":[{\"@type\":\"ListItem\",\"position\":1,\"name\":\"Home\",\"item\":\"https:\/\/www.unioviedo.es\/heal\/\"},{\"@type\":\"ListItem\",\"position\":2,\"name\":\"Symposium Organisers\"}]},{\"@type\":\"WebSite\",\"@id\":\"https:\/\/www.unioviedo.es\/heal\/#website\",\"url\":\"https:\/\/www.unioviedo.es\/heal\/\",\"name\":\"Heal\",\"description\":\"\",\"potentialAction\":[{\"@type\":\"SearchAction\",\"target\":{\"@type\":\"EntryPoint\",\"urlTemplate\":\"https:\/\/www.unioviedo.es\/heal\/?s={search_term_string}\"},\"query-input\":\"required name=search_term_string\"}],\"inLanguage\":\"en-US\"}]}<\/script>\n<!-- \/ Yoast SEO plugin. -->","yoast_head_json":{"title":"Symposium Organisers - Heal","robots":{"index":"index","follow":"follow","max-snippet":"max-snippet:-1","max-image-preview":"max-image-preview:large","max-video-preview":"max-video-preview:-1"},"canonical":"https:\/\/www.unioviedo.es\/heal\/symposium-organisers\/","og_locale":"en_US","og_type":"article","og_title":"HEAL - Writers' corner","og_description":"HEAL: Health, Environment, Arts and Literature","og_url":"https:\/\/www.unioviedo.es\/heal\/symposium-organisers\/","og_site_name":"Heal","article_modified_time":"2024-06-20T06:17:49+00:00","og_image":[{"width":703,"height":369,"url":"https:\/\/www.unioviedo.es\/heal\/wp-content\/uploads\/2021\/03\/Portada-HEAL-1200fb.jpg","type":"image\/jpeg"}],"twitter_card":"summary_large_image","twitter_title":"HEAL - Writers' corner","twitter_description":"HEAL: Health, Environment, Arts and Literature","twitter_image":"https:\/\/www.unioviedo.es\/heal\/wp-content\/uploads\/2021\/03\/Portada-HEAL-1024tw.jpg","twitter_misc":{"Est. reading time":"2 minutes"},"schema":{"@context":"https:\/\/schema.org","@graph":[{"@type":"WebPage","@id":"https:\/\/www.unioviedo.es\/heal\/symposium-organisers\/","url":"https:\/\/www.unioviedo.es\/heal\/symposium-organisers\/","name":"Symposium Organisers - Heal","isPartOf":{"@id":"https:\/\/www.unioviedo.es\/heal\/#website"},"datePublished":"2024-03-06T15:22:43+00:00","dateModified":"2024-06-20T06:17:49+00:00","breadcrumb":{"@id":"https:\/\/www.unioviedo.es\/heal\/symposium-organisers\/#breadcrumb"},"inLanguage":"en-US","potentialAction":[{"@type":"ReadAction","target":["https:\/\/www.unioviedo.es\/heal\/symposium-organisers\/"]}]},{"@type":"BreadcrumbList","@id":"https:\/\/www.unioviedo.es\/heal\/symposium-organisers\/#breadcrumb","itemListElement":[{"@type":"ListItem","position":1,"name":"Home","item":"https:\/\/www.unioviedo.es\/heal\/"},{"@type":"ListItem","position":2,"name":"Symposium Organisers"}]},{"@type":"WebSite","@id":"https:\/\/www.unioviedo.es\/heal\/#website","url":"https:\/\/www.unioviedo.es\/heal\/","name":"Heal","description":"","potentialAction":[{"@type":"SearchAction","target":{"@type":"EntryPoint","urlTemplate":"https:\/\/www.unioviedo.es\/heal\/?s={search_term_string}"},"query-input":"required name=search_term_string"}],"inLanguage":"en-US"}]}},"_links":{"self":[{"href":"https:\/\/www.unioviedo.es\/heal\/wp-json\/wp\/v2\/pages\/30838","targetHints":{"allow":["GET"]}}],"collection":[{"href":"https:\/\/www.unioviedo.es\/heal\/wp-json\/wp\/v2\/pages"}],"about":[{"href":"https:\/\/www.unioviedo.es\/heal\/wp-json\/wp\/v2\/types\/page"}],"author":[{"embeddable":true,"href":"https:\/\/www.unioviedo.es\/heal\/wp-json\/wp\/v2\/users\/4"}],"replies":[{"embeddable":true,"href":"https:\/\/www.unioviedo.es\/heal\/wp-json\/wp\/v2\/comments?post=30838"}],"version-history":[{"count":15,"href":"https:\/\/www.unioviedo.es\/heal\/wp-json\/wp\/v2\/pages\/30838\/revisions"}],"predecessor-version":[{"id":31087,"href":"https:\/\/www.unioviedo.es\/heal\/wp-json\/wp\/v2\/pages\/30838\/revisions\/31087"}],"wp:attachment":[{"href":"https:\/\/www.unioviedo.es\/heal\/wp-json\/wp\/v2\/media?parent=30838"}],"curies":[{"name":"wp","href":"https:\/\/api.w.org\/{rel}","templated":true}]}}