{"id":30869,"date":"2024-03-07T10:22:36","date_gmt":"2024-03-07T10:22:36","guid":{"rendered":"https:\/\/www.unioviedo.es\/heal\/?page_id=30869"},"modified":"2024-04-30T07:48:32","modified_gmt":"2024-04-30T07:48:32","slug":"transport-and-accommodation","status":"publish","type":"page","link":"https:\/\/www.unioviedo.es\/heal\/transport-and-accommodation\/","title":{"rendered":"Transport and Accommodation"},"content":{"rendered":"<p>[vc_row][vc_column][vc_column_text]<strong>GETTING TO AVIL\u00c9S<\/strong><\/p>\n<p><strong>BY PLANE<\/strong><\/p>\n<p>Avil\u00e9s is located 17 km. from Asturias Airport. Buses to Avil\u00e9s leave the airport approximately every hour between 8.00 and 20.00, with additional services at 21.15, 22.30 and 23.59. Taxi fares start at 28 \u20ac.<\/p>\n<p><strong>Airport information: <\/strong><a href=\"https:\/\/www.aena.es\/en\/asturias\/getting-there\/bus.html\">https:\/\/www.aena.es\/en\/asturias\/getting-there\/bus.html<\/a><\/p>\n<p><strong>Bus tickets:<\/strong> <a href=\"https:\/\/www.alsa.com\/en\/web\/bus\/home\">https:\/\/www.alsa.com\/en\/web\/bus\/home<\/a><\/p>\n<p><strong>\u00a0<\/strong><\/p>\n<p><strong>BY TRAIN<\/strong><\/p>\n<p>Travel time between Madrid-Chamart\u00edn and Oviedo, the capital of the Principality of Asturias, is approximately 3 \u00bd hours by rail.<\/p>\n<p><strong>Tickets: <\/strong><a href=\"https:\/\/www.renfe.com\/es\/en\/travel\/prepare-your-trip\/billetes-ave-y-largadistancia\/all-tickets\">https:\/\/www.renfe.com\/es\/en\/travel\/prepare-your-trip\/billetes-ave-y-largadistancia\/all-tickets<\/a> )<\/p>\n<p>Commuter trains leave Oviedo for Avil\u00e9s approximately every 30 minutes (line C3).<\/p>\n<p><strong>Timetables:<\/strong> <a href=\"https:\/\/www.renfe.com\/es\/en\/suburban\/asturias-suburban\/timetables\">https:\/\/www.renfe.com\/es\/en\/suburban\/asturias-suburban\/timetables<\/a><\/p>\n<p>&nbsp;<\/p>\n<p><strong>ACCOMMODATION<\/strong><\/p>\n<p>The map below shows the location of the Avil\u00e9s train and bus stations, the conference venue, and a number of convenient hotels in its vicinity. It also highlights nearby supermarkets, pharmacies, restaurants, caf\u00e9s and main sightseeing attractions.[\/vc_column_text][vc_raw_html]JTNDaWZyYW1lJTIwc3JjJTNEJTIyaHR0cHMlM0ElMkYlMkZ3d3cuZ29vZ2xlLmNvbSUyRm1hcHMlMkZkJTJGZW1iZWQlM0ZtaWQlM0QxR3VGMUFnTmZESWcyX1RQNURPbzVnUl9YTlRUd1pGQSUyNmhsJTNEZXMlMjZlaGJjJTNEMkUzMTJGJTIyJTIwd2lkdGglM0QlMjIxMDAlMjUlMjIlMjBoZWlnaHQlM0QlMjI0ODAlMjIlM0UlM0MlMkZpZnJhbWUlM0UlMjA=[\/vc_raw_html][vc_empty_space height=&#8221;10px&#8221;][vc_column_text]Alternatively, transport and accommodation may be arranged through the travel agency Viajes La Villa, based in Avil\u00e9s. The agency may be contacted at <a href=\"mailto:info@viajeslavilla.es\">info@viajeslavilla.es<\/a>, providing the reference \u201cPoetry and Medicine Symposium\u201d.[\/vc_column_text]<style type=\"text\/css\" data-type=\"the7_shortcodes-inline-css\">#default-btn-c6a48696cc990c3deaed5474c7d9c7f6 {\n  font-size: 16px;\n  line-height: 18px;\n  text-transform: uppercase;\n  padding: 10px 0px 4px 0px;\n}\n#default-btn-c6a48696cc990c3deaed5474c7d9c7f6.ico-right-side > i {\n  margin-right: 0px;\n  margin-left: 8px;\n}\n#default-btn-c6a48696cc990c3deaed5474c7d9c7f6:after {\n  height: 2px;\n}\n#default-btn-c6a48696cc990c3deaed5474c7d9c7f6 > i {\n  margin-right: 8px;\n  font-size: 11px;\n}\n#default-btn-c6a48696cc990c3deaed5474c7d9c7f6.ico-right-side > i {\n  margin-right: 0px;\n  margin-left: 8px;\n}\n#default-btn-c6a48696cc990c3deaed5474c7d9c7f6 > i {\n  margin-right: 8px;\n}\n<\/style><div class=\"btn-align-left\"><a href=\"https:\/\/www.unioviedo.es\/heal\/events\/2024-hippocrates-initiative\/\" class=\"default-btn-shortcode dt-btn-link link-hover-off upwards-line \" id=\"default-btn-c6a48696cc990c3deaed5474c7d9c7f6\"><i class=\"icomoon-the7-font-the7-arrow-02\"><\/i><span>Back to Symposium Home<\/span><\/a><\/div>[\/vc_column][\/vc_row]<\/p>\n","protected":false},"excerpt":{"rendered":"<p>[vc_row][vc_column][vc_column_text]GETTING TO AVIL\u00c9S BY PLANE Avil\u00e9s is located 17 km. from Asturias Airport. Buses to Avil\u00e9s leave the airport approximately every hour between 8.00 and 20.00, with additional services at 21.15, 22.30 and 23.59. Taxi fares start at 28 \u20ac. Airport information: https:\/\/www.aena.es\/en\/asturias\/getting-there\/bus.html Bus tickets: https:\/\/www.alsa.com\/en\/web\/bus\/home \u00a0 BY TRAIN Travel time between Madrid-Chamart\u00edn and Oviedo,&hellip;<\/p>\n","protected":false},"author":4,"featured_media":0,"parent":0,"menu_order":0,"comment_status":"closed","ping_status":"closed","template":"","meta":{"footnotes":""},"class_list":["post-30869","page","type-page","status-publish","hentry","description-off"],"yoast_head":"<!-- This site is optimized with the Yoast SEO plugin v21.7 - https:\/\/yoast.com\/wordpress\/plugins\/seo\/ -->\n<title>Transport and Accommodation - Heal<\/title>\n<meta name=\"robots\" content=\"index, follow, max-snippet:-1, max-image-preview:large, max-video-preview:-1\" \/>\n<link rel=\"canonical\" href=\"https:\/\/www.unioviedo.es\/heal\/transport-and-accommodation\/\" \/>\n<meta property=\"og:locale\" content=\"en_US\" \/>\n<meta property=\"og:type\" content=\"article\" \/>\n<meta property=\"og:title\" content=\"HEAL - Writers&#039; corner\" \/>\n<meta property=\"og:description\" content=\"HEAL: Health, Environment, Arts and Literature\" \/>\n<meta property=\"og:url\" content=\"https:\/\/www.unioviedo.es\/heal\/transport-and-accommodation\/\" \/>\n<meta property=\"og:site_name\" content=\"Heal\" \/>\n<meta property=\"article:modified_time\" content=\"2024-04-30T07:48:32+00:00\" \/>\n<meta property=\"og:image\" content=\"https:\/\/www.unioviedo.es\/heal\/wp-content\/uploads\/2021\/03\/Portada-HEAL-1200fb.jpg\" \/>\n\t<meta property=\"og:image:width\" content=\"703\" \/>\n\t<meta property=\"og:image:height\" content=\"369\" \/>\n\t<meta property=\"og:image:type\" content=\"image\/jpeg\" \/>\n<meta name=\"twitter:card\" content=\"summary_large_image\" \/>\n<meta name=\"twitter:title\" content=\"HEAL - Writers&#039; corner\" \/>\n<meta name=\"twitter:description\" content=\"HEAL: Health, Environment, Arts and Literature\" \/>\n<meta name=\"twitter:image\" content=\"https:\/\/www.unioviedo.es\/heal\/wp-content\/uploads\/2021\/03\/Portada-HEAL-1024tw.jpg\" \/>\n<meta name=\"twitter:label1\" content=\"Est. reading time\" \/>\n\t<meta name=\"twitter:data1\" content=\"2 minutes\" \/>\n<script type=\"application\/ld+json\" class=\"yoast-schema-graph\">{\"@context\":\"https:\/\/schema.org\",\"@graph\":[{\"@type\":\"WebPage\",\"@id\":\"https:\/\/www.unioviedo.es\/heal\/transport-and-accommodation\/\",\"url\":\"https:\/\/www.unioviedo.es\/heal\/transport-and-accommodation\/\",\"name\":\"Transport and Accommodation - Heal\",\"isPartOf\":{\"@id\":\"https:\/\/www.unioviedo.es\/heal\/#website\"},\"datePublished\":\"2024-03-07T10:22:36+00:00\",\"dateModified\":\"2024-04-30T07:48:32+00:00\",\"breadcrumb\":{\"@id\":\"https:\/\/www.unioviedo.es\/heal\/transport-and-accommodation\/#breadcrumb\"},\"inLanguage\":\"en-US\",\"potentialAction\":[{\"@type\":\"ReadAction\",\"target\":[\"https:\/\/www.unioviedo.es\/heal\/transport-and-accommodation\/\"]}]},{\"@type\":\"BreadcrumbList\",\"@id\":\"https:\/\/www.unioviedo.es\/heal\/transport-and-accommodation\/#breadcrumb\",\"itemListElement\":[{\"@type\":\"ListItem\",\"position\":1,\"name\":\"Home\",\"item\":\"https:\/\/www.unioviedo.es\/heal\/\"},{\"@type\":\"ListItem\",\"position\":2,\"name\":\"Transport and Accommodation\"}]},{\"@type\":\"WebSite\",\"@id\":\"https:\/\/www.unioviedo.es\/heal\/#website\",\"url\":\"https:\/\/www.unioviedo.es\/heal\/\",\"name\":\"Heal\",\"description\":\"\",\"potentialAction\":[{\"@type\":\"SearchAction\",\"target\":{\"@type\":\"EntryPoint\",\"urlTemplate\":\"https:\/\/www.unioviedo.es\/heal\/?s={search_term_string}\"},\"query-input\":\"required name=search_term_string\"}],\"inLanguage\":\"en-US\"}]}<\/script>\n<!-- \/ Yoast SEO plugin. -->","yoast_head_json":{"title":"Transport and Accommodation - Heal","robots":{"index":"index","follow":"follow","max-snippet":"max-snippet:-1","max-image-preview":"max-image-preview:large","max-video-preview":"max-video-preview:-1"},"canonical":"https:\/\/www.unioviedo.es\/heal\/transport-and-accommodation\/","og_locale":"en_US","og_type":"article","og_title":"HEAL - Writers' corner","og_description":"HEAL: Health, Environment, Arts and Literature","og_url":"https:\/\/www.unioviedo.es\/heal\/transport-and-accommodation\/","og_site_name":"Heal","article_modified_time":"2024-04-30T07:48:32+00:00","og_image":[{"width":703,"height":369,"url":"https:\/\/www.unioviedo.es\/heal\/wp-content\/uploads\/2021\/03\/Portada-HEAL-1200fb.jpg","type":"image\/jpeg"}],"twitter_card":"summary_large_image","twitter_title":"HEAL - Writers' corner","twitter_description":"HEAL: Health, Environment, Arts and Literature","twitter_image":"https:\/\/www.unioviedo.es\/heal\/wp-content\/uploads\/2021\/03\/Portada-HEAL-1024tw.jpg","twitter_misc":{"Est. reading time":"2 minutes"},"schema":{"@context":"https:\/\/schema.org","@graph":[{"@type":"WebPage","@id":"https:\/\/www.unioviedo.es\/heal\/transport-and-accommodation\/","url":"https:\/\/www.unioviedo.es\/heal\/transport-and-accommodation\/","name":"Transport and Accommodation - Heal","isPartOf":{"@id":"https:\/\/www.unioviedo.es\/heal\/#website"},"datePublished":"2024-03-07T10:22:36+00:00","dateModified":"2024-04-30T07:48:32+00:00","breadcrumb":{"@id":"https:\/\/www.unioviedo.es\/heal\/transport-and-accommodation\/#breadcrumb"},"inLanguage":"en-US","potentialAction":[{"@type":"ReadAction","target":["https:\/\/www.unioviedo.es\/heal\/transport-and-accommodation\/"]}]},{"@type":"BreadcrumbList","@id":"https:\/\/www.unioviedo.es\/heal\/transport-and-accommodation\/#breadcrumb","itemListElement":[{"@type":"ListItem","position":1,"name":"Home","item":"https:\/\/www.unioviedo.es\/heal\/"},{"@type":"ListItem","position":2,"name":"Transport and Accommodation"}]},{"@type":"WebSite","@id":"https:\/\/www.unioviedo.es\/heal\/#website","url":"https:\/\/www.unioviedo.es\/heal\/","name":"Heal","description":"","potentialAction":[{"@type":"SearchAction","target":{"@type":"EntryPoint","urlTemplate":"https:\/\/www.unioviedo.es\/heal\/?s={search_term_string}"},"query-input":"required name=search_term_string"}],"inLanguage":"en-US"}]}},"_links":{"self":[{"href":"https:\/\/www.unioviedo.es\/heal\/wp-json\/wp\/v2\/pages\/30869","targetHints":{"allow":["GET"]}}],"collection":[{"href":"https:\/\/www.unioviedo.es\/heal\/wp-json\/wp\/v2\/pages"}],"about":[{"href":"https:\/\/www.unioviedo.es\/heal\/wp-json\/wp\/v2\/types\/page"}],"author":[{"embeddable":true,"href":"https:\/\/www.unioviedo.es\/heal\/wp-json\/wp\/v2\/users\/4"}],"replies":[{"embeddable":true,"href":"https:\/\/www.unioviedo.es\/heal\/wp-json\/wp\/v2\/comments?post=30869"}],"version-history":[{"count":12,"href":"https:\/\/www.unioviedo.es\/heal\/wp-json\/wp\/v2\/pages\/30869\/revisions"}],"predecessor-version":[{"id":31062,"href":"https:\/\/www.unioviedo.es\/heal\/wp-json\/wp\/v2\/pages\/30869\/revisions\/31062"}],"wp:attachment":[{"href":"https:\/\/www.unioviedo.es\/heal\/wp-json\/wp\/v2\/media?parent=30869"}],"curies":[{"name":"wp","href":"https:\/\/api.w.org\/{rel}","templated":true}]}}