{"id":4,"date":"2017-01-27T18:01:56","date_gmt":"2017-01-27T18:01:56","guid":{"rendered":"https:\/\/www.unioviedo.es\/hispalink\/?page_id=4"},"modified":"2020-12-29T17:19:35","modified_gmt":"2020-12-29T16:19:35","slug":"inicio","status":"publish","type":"page","link":"https:\/\/www.unioviedo.es\/hispalink\/?page_id=4","title":{"rendered":"HISPALINK-ASTURIAS"},"content":{"rendered":"<p>Aqu\u00ed pondremos breve introducci\u00f3n y esquema de la Web (estructura por apartados)<\/p>\n\n\n<figure class=\"wp-block-image size-large\"><img loading=\"lazy\" decoding=\"async\" width=\"265\" height=\"70\" src=\"https:\/\/www.unioviedo.es\/hispalink\/wp-content\/uploads\/\/logo-1.gif\" alt=\"\" class=\"wp-image-106\"\/><\/figure>\n<div class=\"pdf24Plugin-cp\"> \t<form name=\"pdf24Form0\" method=\"post\" action=\"https:\/\/doc2pdf.pdf24.org\/wordpress.php\" target=\"pdf24PopWin\" onsubmit=\"var pdf24Win = window.open('about:blank', 'pdf24PopWin', 'resizable=yes,scrollbars=yes,width=600,height=250,left='+(screen.width\/2-300)+',top='+(screen.height\/3-125)+''); pdf24Win.focus(); if(typeof pdf24OnCreatePDF === 'function'){void(pdf24OnCreatePDF(this,pdf24Win));}\"> \t\t<input type=\"hidden\" name=\"blogCharset\" value=\"Cw1x07UAAA==\" \/><input type=\"hidden\" name=\"blogPosts\" value=\"MwQA\" \/><input type=\"hidden\" name=\"blogUrl\" value=\"yygpKSi20tcvLy\/XK83LzC\/LTE3J10st1s\/ILC5IzMnMywYA\" \/><input type=\"hidden\" name=\"blogName\" value=\"88gsLkjMyczL1nUsLiktykwsBgA=\" \/><input type=\"hidden\" name=\"blogValueEncoding\" value=\"gzdeflate base64\" \/><input type=\"hidden\" name=\"postId_0\" value=\"MwEA\" \/><input type=\"hidden\" name=\"postTitle_0\" value=\"8\/AMDnD08fTz1nUMDgkN8nQMBgA=\" \/><input type=\"hidden\" name=\"postLink_0\" value=\"yygpKSi20tcvLy\/XK83LzC\/LTE3J10st1s\/ILC5IzMnMy9a3L0hMT43PTLE1AQA=\" \/><input type=\"hidden\" name=\"postAuthor_0\" value=\"S0zJzcwDAA==\" \/><input type=\"hidden\" name=\"postDateTime_0\" value=\"MzIwNNc1MNQ1MlcwtLAyMLQyNQMA\" \/><input type=\"hidden\" name=\"postContent_0\" value=\"TY8xbsMwEAR7veLAKikk2gHiAIEkIK9IfSbP1MEUSfNIC\/KfUuUJ\/liUuEm5xe7M9mn8uNT7F6QYbKY5ChwzXQk4lBxtNYbv3wFWILlUmhEsgUf4pCM8kZRcTakZt3YGTJgL2ijPvU5j0zT9iV3NBMajyKCW1B59NOeWZ3QEwjdqPWZHaux5duAjWg5uUB5vq9pAJj4yyhqMgoVtmQb1cnhVMBG7qQzqbadAshnUVEqSd62XZelq4HhlsrEj0RNLQs\/hrDe+iaFQKLqmX5ho7aOL7b5zfFKAfhtU\/2z\/PNv97qD02OvHmbH5AQ==\" \/> \t\t<a href=\"https:\/\/www.pdf24.org\" target=\"_blank\" title=\"www.pdf24.org\" rel=\"nofollow\"><img src=\"https:\/\/www.unioviedo.es\/hispalink\/wp-content\/plugins\/pdf24-post-to-pdf\/img\/pdf_32x32.png\" alt=\"\" border=\"0\" height=\"32\" \/><\/a> \t\t<span class=\"pdf24Plugin-cp-space\">&nbsp;&nbsp;<\/span> \t\t<span class=\"pdf24Plugin-cp-text\">Enviar art\u00edculo en formato PDF<\/span> \t\t<span class=\"pdf24Plugin-cp-space\">&nbsp;&nbsp;<\/span> \t\t<input class=\"pdf24Plugin-cp-input\" style=\"margin: 0px;\" type=\"text\" name=\"sendEmailTo\" placeholder=\"Correo electr\u00f3nico\" \/> \t\t<input class=\"pdf24Plugin-cp-submit\" style=\"margin: 0px;\" type=\"submit\" value=\"Enviar\" \/> \t<\/form> <\/div>","protected":false},"excerpt":{"rendered":"<p>Aqu\u00ed pondremos breve introducci\u00f3n y esquema de la Web (estructura por apartados) &nbsp;&nbsp; Enviar art\u00edculo en formato PDF &nbsp;&nbsp;<\/p>\n","protected":false},"author":1,"featured_media":29,"parent":0,"menu_order":0,"comment_status":"closed","ping_status":"closed","template":"","meta":{"footnotes":""},"class_list":["post-4","page","type-page","status-publish","has-post-thumbnail","hentry"],"_links":{"self":[{"href":"https:\/\/www.unioviedo.es\/hispalink\/index.php?rest_route=\/wp\/v2\/pages\/4","targetHints":{"allow":["GET"]}}],"collection":[{"href":"https:\/\/www.unioviedo.es\/hispalink\/index.php?rest_route=\/wp\/v2\/pages"}],"about":[{"href":"https:\/\/www.unioviedo.es\/hispalink\/index.php?rest_route=\/wp\/v2\/types\/page"}],"author":[{"embeddable":true,"href":"https:\/\/www.unioviedo.es\/hispalink\/index.php?rest_route=\/wp\/v2\/users\/1"}],"replies":[{"embeddable":true,"href":"https:\/\/www.unioviedo.es\/hispalink\/index.php?rest_route=%2Fwp%2Fv2%2Fcomments&post=4"}],"version-history":[{"count":6,"href":"https:\/\/www.unioviedo.es\/hispalink\/index.php?rest_route=\/wp\/v2\/pages\/4\/revisions"}],"predecessor-version":[{"id":147,"href":"https:\/\/www.unioviedo.es\/hispalink\/index.php?rest_route=\/wp\/v2\/pages\/4\/revisions\/147"}],"wp:featuredmedia":[{"embeddable":true,"href":"https:\/\/www.unioviedo.es\/hispalink\/index.php?rest_route=\/wp\/v2\/media\/29"}],"wp:attachment":[{"href":"https:\/\/www.unioviedo.es\/hispalink\/index.php?rest_route=%2Fwp%2Fv2%2Fmedia&parent=4"}],"curies":[{"name":"wp","href":"https:\/\/api.w.org\/{rel}","templated":true}]}}