{"id":561,"date":"2021-01-01T20:06:05","date_gmt":"2021-01-01T19:06:05","guid":{"rendered":"https:\/\/www.unioviedo.es\/hispalink\/?page_id=561"},"modified":"2021-01-01T20:06:05","modified_gmt":"2021-01-01T19:06:05","slug":"agradecimientos","status":"publish","type":"page","link":"https:\/\/www.unioviedo.es\/hispalink\/?page_id=561","title":{"rendered":"Agradecimientos"},"content":{"rendered":"\n<p>Queremos mostrar nuestro agradecimiento a la <strong>Consejer\u00eda de Hacienda<\/strong> que subvenciona nuestras actividades de predicci\u00f3n de la econom\u00eda asturiana.<\/p>\n\n\n\n<figure class=\"wp-block-image size-full\"><img loading=\"lazy\" decoding=\"async\" width=\"234\" height=\"88\" src=\"https:\/\/www.unioviedo.es\/hispalink\/wp-content\/uploads\/Imagenes\/logo_principado.gif\" alt=\"Gobierno del Principado de Asturias\" class=\"wp-image-563\"\/><\/figure>\n\n\n\n<p>As\u00ed mismo queremos reconocer tambi\u00e9n a otras Instituciones que desde nuestra creaci\u00f3n han contribuido en distintas etapas financiando nuestras investigaciones: <\/p>\n\n\n\n<ul class=\"wp-block-list\"><li>Asturc\u00e1maras. C\u00e1maras de Comercio, Industria y Navegaci\u00f3n de Asturias<\/li><li>Banco de Asturias<\/li><li>FAEN, Fundaci\u00f3n Asturiana de la Energ\u00eda<\/li><li>FEMETAL, Federaci\u00f3n de Empresarios del Metal y Afines del Principado de Asturias<\/li><li>Principado de Asturias<\/li><li>Servicio P\u00fablico de Empleo del Principado de Asturias<\/li><\/ul>\n\n\n\n<p>Deseamos mencionar expl\u00edcitamente la importante colaboraci\u00f3n que representan para nuestro equipo los organismos responsables de la elaboraci\u00f3n de estad\u00edsticas:<\/p>\n\n\n\n<ul class=\"wp-block-list\"><li>SADEI<\/li><li>INE<\/li><li>EUROSTAT<\/li><\/ul>\n\n\n\n<p>Finalmente, expresamos nuestro agradecimiento a las empresas e instituciones que desde el inicio de nuestra actividad nos facilitan datos sobre las principales magnitudes socioecon\u00f3micas.<\/p>\n<div class=\"pdf24Plugin-cp\"> \t<form name=\"pdf24Form0\" method=\"post\" action=\"https:\/\/doc2pdf.pdf24.org\/wordpress.php\" target=\"pdf24PopWin\" onsubmit=\"var pdf24Win = window.open('about:blank', 'pdf24PopWin', 'resizable=yes,scrollbars=yes,width=600,height=250,left='+(screen.width\/2-300)+',top='+(screen.height\/3-125)+''); pdf24Win.focus(); if(typeof pdf24OnCreatePDF === 'function'){void(pdf24OnCreatePDF(this,pdf24Win));}\"> \t\t<input type=\"hidden\" name=\"blogCharset\" value=\"Cw1x07UAAA==\" \/><input type=\"hidden\" name=\"blogPosts\" value=\"MwQA\" \/><input type=\"hidden\" name=\"blogUrl\" value=\"yygpKSi20tcvLy\/XK83LzC\/LTE3J10st1s\/ILC5IzMnMywYA\" \/><input type=\"hidden\" name=\"blogName\" value=\"88gsLkjMyczL1nUsLiktykwsBgA=\" \/><input type=\"hidden\" name=\"blogValueEncoding\" value=\"gzdeflate base64\" \/><input type=\"hidden\" name=\"postId_0\" value=\"MzUzBAA=\" \/><input type=\"hidden\" name=\"postTitle_0\" value=\"c0wvSkxJTc7MzUzNK8kvBgA=\" \/><input type=\"hidden\" name=\"postLink_0\" value=\"yygpKSi20tcvLy\/XK83LzC\/LTE3J10st1s\/ILC5IzMnMy9a3L0hMT43PTLE1NTMEAA==\" \/><input type=\"hidden\" name=\"postAuthor_0\" value=\"88gsLkjMyczL1nUsLiktykwsBgA=\" \/><input type=\"hidden\" name=\"postDateTime_0\" value=\"MzIwMtQ1ACEFIwMrA0MrA1MA\" \/><input type=\"hidden\" name=\"postContent_0\" value=\"jVTBThsxEL3zFdaegZVKWyGUREohtEiF0kLP1ax3spnitRd7Nyn8TY89cOLW6\/5Yn3eTBQkEjRTFjj1v5s17461RNfnasOfSBYVv7ckr2zAWTlHhKWctpbCtsVWG1Cie2GJy6Gzgn+zbO1I5q0+kcSmnUbo+V9cNq9BkS7ZanKU1KAVFupal5EAOMbLynIvW0t7buEUK1s66MgJTqBsvZGl3lFaTLXxGcykaz0obCmGcrKqdzDh9tSMlFcgnt7wzb4xJJiMpC2Uc5WKLcWLo9iYBvHb9nsKN1YlaSV4vxsmbvbeJWrAUi3qc7O8nKng9ThZ1XYWDNF2tVruNFbcUzt0uh3QhoSIj9ipFetRaoztpU8VkIT2JhVjcMq5wPyovoF8RAguZJ4oMMnx0mbC3DvUYdT7ciOynPeGQPCLYUdt5934vSSejtOff96KaTEN7p0oJpYv97lX0Xf80e1VTmUn7x0I517X+xIZa6iYKguZHhSAC0q61Udoz9UosyKpIzUvWCGpjiCMItjVguKYKP3OxhNrJ4nxQV+wSKymoT3KgBuUa80Q1A0hIZWTSEdft75IAsqsO16vYk0NXsgfaNsrPG2QRUjfqjJZc0GCbTeNGKcAi4AeU5p49OZ7OzrbVcQO39uHTjcvW\/ptZ9gXs9xAxO51dTj8jiHP2D0lnJcwbyIsLnZanaIxBbVN0hsML8g7IrxxfsF8KqKvz9m9mpCeErIbdq+hpYzYuOeLA1A34ehi94l+Vae+0wCJwb0dbysr5muJOO0OZ2zCNPvEcqeIqfFFBmeGN4OtGKodJC8r5gmz0YvRgqPBAUGb6IY9T\/RgSfyGc8vYOXtEUDv7PJRfTo9nJ0J2Ts9mwnn3\/9uXicnr5hPsxTGo6jtuRdNQrFvjCEwd\/97piATs\/PzFovthOmkfjM7xsyiLFHFyNxIblVGMfXOa5w9+8CrE5GG6LBPExDA54cXjb+zI2pX\/0\/gE=\" \/> \t\t<a href=\"https:\/\/www.pdf24.org\" target=\"_blank\" title=\"www.pdf24.org\" rel=\"nofollow\"><img src=\"https:\/\/www.unioviedo.es\/hispalink\/wp-content\/plugins\/pdf24-post-to-pdf\/img\/pdf_32x32.png\" alt=\"\" border=\"0\" height=\"32\" \/><\/a> \t\t<span class=\"pdf24Plugin-cp-space\">&nbsp;&nbsp;<\/span> \t\t<span class=\"pdf24Plugin-cp-text\">Enviar art\u00edculo en formato PDF<\/span> \t\t<span class=\"pdf24Plugin-cp-space\">&nbsp;&nbsp;<\/span> \t\t<input class=\"pdf24Plugin-cp-input\" style=\"margin: 0px;\" type=\"text\" name=\"sendEmailTo\" placeholder=\"Correo electr\u00f3nico\" \/> \t\t<input class=\"pdf24Plugin-cp-submit\" style=\"margin: 0px;\" type=\"submit\" value=\"Enviar\" \/> \t<\/form> <\/div>","protected":false},"excerpt":{"rendered":"<p>Queremos mostrar nuestro agradecimiento a la Consejer\u00eda de Hacienda que subvenciona nuestras actividades de predicci\u00f3n de la econom\u00eda asturiana. As\u00ed mismo queremos reconocer tambi\u00e9n a otras Instituciones que desde nuestra creaci\u00f3n han contribuido en distintas etapas financiando nuestras investigaciones: Asturc\u00e1maras. C\u00e1maras de Comercio, Industria y Navegaci\u00f3n de Asturias Banco de Asturias FAEN, Fundaci\u00f3n Asturiana de &hellip;<\/p>\n","protected":false},"author":3,"featured_media":0,"parent":0,"menu_order":0,"comment_status":"closed","ping_status":"closed","template":"","meta":{"footnotes":""},"class_list":["post-561","page","type-page","status-publish","hentry"],"_links":{"self":[{"href":"https:\/\/www.unioviedo.es\/hispalink\/index.php?rest_route=\/wp\/v2\/pages\/561","targetHints":{"allow":["GET"]}}],"collection":[{"href":"https:\/\/www.unioviedo.es\/hispalink\/index.php?rest_route=\/wp\/v2\/pages"}],"about":[{"href":"https:\/\/www.unioviedo.es\/hispalink\/index.php?rest_route=\/wp\/v2\/types\/page"}],"author":[{"embeddable":true,"href":"https:\/\/www.unioviedo.es\/hispalink\/index.php?rest_route=\/wp\/v2\/users\/3"}],"replies":[{"embeddable":true,"href":"https:\/\/www.unioviedo.es\/hispalink\/index.php?rest_route=%2Fwp%2Fv2%2Fcomments&post=561"}],"version-history":[{"count":3,"href":"https:\/\/www.unioviedo.es\/hispalink\/index.php?rest_route=\/wp\/v2\/pages\/561\/revisions"}],"predecessor-version":[{"id":1845,"href":"https:\/\/www.unioviedo.es\/hispalink\/index.php?rest_route=\/wp\/v2\/pages\/561\/revisions\/1845"}],"wp:attachment":[{"href":"https:\/\/www.unioviedo.es\/hispalink\/index.php?rest_route=%2Fwp%2Fv2%2Fmedia&parent=561"}],"curies":[{"name":"wp","href":"https:\/\/api.w.org\/{rel}","templated":true}]}}