{"id":2,"date":"2017-01-27T17:50:12","date_gmt":"2017-01-27T17:50:12","guid":{"rendered":"https:\/\/www.unioviedo.es\/idelrio\/?page_id=2"},"modified":"2021-04-27T12:56:42","modified_gmt":"2021-04-27T10:56:42","slug":"pagina-ejemplo","status":"publish","type":"page","link":"https:\/\/www.unioviedo.es\/idelrio\/index.php\/pagina-ejemplo\/","title":{"rendered":"Investigaci\u00f3n"},"content":{"rendered":"\n<p><strong><span class=\"has-inline-color has-cyan-bluish-gray-color\">\u201cEl aspecto m\u00e1s triste de la vida actual es que la ciencia gana en conocimiento m\u00e1s r\u00e1pidamente que la sociedad en sabidur\u00eda\u201d. Isaac Asimov<\/span><\/strong><\/p>\n\n\n\n<p class=\"has-text-align-center\"><strong><a href=\"https:\/\/publons.com\/researcher\/2474129\/ignacio-del-rio\/\" target=\"_blank\" rel=\"noreferrer noopener\">Research ID: N-1140-2014<\/a>\u00a0                                       <a href=\"http:\/\/orcid.org\/0000-0002-1880-9663\">C\u00f3digo ORCID: 0000-0002-1880-9663\u00a0<\/a><\/strong><\/p>\n","protected":false},"excerpt":{"rendered":"<p>\u201cEl aspecto m\u00e1s triste de la vida actual es que la ciencia gana en conocimiento m\u00e1s r\u00e1pidamente que la sociedad en sabidur\u00eda\u201d. Isaac Asimov Research ID: N-1140-2014\u00a0 C\u00f3digo ORCID: 0000-0002-1880-9663\u00a0<\/p>\n","protected":false},"author":1,"featured_media":195,"parent":0,"menu_order":0,"comment_status":"closed","ping_status":"open","template":"","meta":{"footnotes":""},"class_list":["post-2","page","type-page","status-publish","has-post-thumbnail","hentry"],"_links":{"self":[{"href":"https:\/\/www.unioviedo.es\/idelrio\/index.php\/wp-json\/wp\/v2\/pages\/2","targetHints":{"allow":["GET"]}}],"collection":[{"href":"https:\/\/www.unioviedo.es\/idelrio\/index.php\/wp-json\/wp\/v2\/pages"}],"about":[{"href":"https:\/\/www.unioviedo.es\/idelrio\/index.php\/wp-json\/wp\/v2\/types\/page"}],"author":[{"embeddable":true,"href":"https:\/\/www.unioviedo.es\/idelrio\/index.php\/wp-json\/wp\/v2\/users\/1"}],"replies":[{"embeddable":true,"href":"https:\/\/www.unioviedo.es\/idelrio\/index.php\/wp-json\/wp\/v2\/comments?post=2"}],"version-history":[{"count":9,"href":"https:\/\/www.unioviedo.es\/idelrio\/index.php\/wp-json\/wp\/v2\/pages\/2\/revisions"}],"predecessor-version":[{"id":272,"href":"https:\/\/www.unioviedo.es\/idelrio\/index.php\/wp-json\/wp\/v2\/pages\/2\/revisions\/272"}],"wp:featuredmedia":[{"embeddable":true,"href":"https:\/\/www.unioviedo.es\/idelrio\/index.php\/wp-json\/wp\/v2\/media\/195"}],"wp:attachment":[{"href":"https:\/\/www.unioviedo.es\/idelrio\/index.php\/wp-json\/wp\/v2\/media?parent=2"}],"curies":[{"name":"wp","href":"https:\/\/api.w.org\/{rel}","templated":true}]}}