{"id":564,"date":"2022-12-14T13:31:59","date_gmt":"2022-12-14T12:31:59","guid":{"rendered":"https:\/\/www.unioviedo.es\/inmotusalus\/?page_id=564"},"modified":"2023-01-03T15:25:03","modified_gmt":"2023-01-03T14:25:03","slug":"inicioii","status":"publish","type":"page","link":"https:\/\/www.unioviedo.es\/inmotusalus\/","title":{"rendered":"Inicio"},"content":{"rendered":"<p>[et_pb_section fb_built=\u00bb1&#8243; _builder_version=\u00bb4.16.1&#8243; _module_preset=\u00bbdefault\u00bb custom_margin=\u00bb0px||0px||false|false\u00bb global_colors_info=\u00bb{}\u00bb][et_pb_row column_structure=\u00bb2_5,3_5&#8243; _builder_version=\u00bb4.16.1&#8243; _module_preset=\u00bbdefault\u00bb custom_margin=\u00bb38px|auto||auto||\u00bb global_colors_info=\u00bb{}\u00bb][et_pb_column type=\u00bb2_5&#8243; _builder_version=\u00bb4.16.1&#8243; _module_preset=\u00bbdefault\u00bb global_colors_info=\u00bb{}\u00bb][et_pb_image src=\u00bbhttps:\/\/www.unioviedo.es\/inmotusalus\/wp-content\/uploads\/2022\/11\/CSD.png\u00bb title_text=\u00bbCSD\u00bb _builder_version=\u00bb4.16.1&#8243; _module_preset=\u00bbdefault\u00bb global_colors_info=\u00bb{}\u00bb][\/et_pb_image][\/et_pb_column][et_pb_column type=\u00bb3_5&#8243; _builder_version=\u00bb4.16.1&#8243; _module_preset=\u00bbdefault\u00bb global_colors_info=\u00bb{}\u00bb][et_pb_text _builder_version=\u00bb4.16.1&#8243; _module_preset=\u00bbdefault\u00bb global_colors_info=\u00bb{}\u00bb]<\/p>\n<div class=\"kc-elm kc-css-2331968 kc_col-sm-8 kc_column kc_col-sm-8\">\n<div class=\"kc-col-container\">\n<div class=\"kc-elm kc-css-1767222 kc_text_block\">\n<p>La Red de Investigaci\u00f3n en ciencias del Deporte \u201cIn Motu Salus\u201d, tiene como objetivo estudiar las Bases moleculares del ejercicio f\u00edsico para la salud y el rendimiento.<\/p>\n<p>Esta Red est\u00e1 financiada por el CSD, promueve y aglutina diferentes Universidades para la investigaci\u00f3n en el campo de la ciencias del deporte.<\/p>\n<\/div>\n<\/div>\n<\/div>\n<p>[\/et_pb_text][\/et_pb_column][\/et_pb_row][et_pb_row _builder_version=\u00bb4.16.1&#8243; _module_preset=\u00bbdefault\u00bb global_colors_info=\u00bb{}\u00bb][et_pb_column type=\u00bb4_4&#8243; _builder_version=\u00bb4.16.1&#8243; _module_preset=\u00bbdefault\u00bb global_colors_info=\u00bb{}\u00bb][et_pb_image src=\u00bbhttps:\/\/www.unioviedo.es\/inmotusalus\/wp-content\/uploads\/2019\/12\/adventure-athlete-athletic-daylight-235922-e1576680750285.jpg\u00bb title_text=\u00bbadventure-athlete-athletic-daylight-235922&#8243; align=\u00bbcenter\u00bb force_fullwidth=\u00bbon\u00bb _builder_version=\u00bb4.16.1&#8243; _module_preset=\u00bbdefault\u00bb global_colors_info=\u00bb{}\u00bb][\/et_pb_image][\/et_pb_column][\/et_pb_row][et_pb_row use_custom_gutter=\u00bbon\u00bb gutter_width=\u00bb1&#8243; make_equal=\u00bbon\u00bb _builder_version=\u00bb4.16.1&#8243; _module_preset=\u00bbdefault\u00bb background_color=\u00bb#bccf17&#8243; width=\u00bb100%\u00bb max_width=\u00bb100%\u00bb custom_padding=\u00bb16px||8px||false|false\u00bb global_colors_info=\u00bb{}\u00bb][et_pb_column type=\u00bb4_4&#8243; _builder_version=\u00bb4.16.1&#8243; _module_preset=\u00bbdefault\u00bb global_colors_info=\u00bb{}\u00bb][et_pb_text _builder_version=\u00bb4.16.1&#8243; _module_preset=\u00bbdefault\u00bb header_3_text_color=\u00bb#FFFFFF\u00bb width=\u00bb1080px\u00bb max_width=\u00bb1080px\u00bb module_alignment=\u00bbcenter\u00bb global_colors_info=\u00bb{}\u00bb]<\/p>\n<h3><strong>\u00bfPor qu\u00e9 la Red?<\/strong><\/h3>\n<p>[\/et_pb_text][\/et_pb_column][\/et_pb_row][et_pb_row column_structure=\u00bb2_3,1_3&#8243; _builder_version=\u00bb4.16.1&#8243; _module_preset=\u00bbdefault\u00bb global_colors_info=\u00bb{}\u00bb][et_pb_column type=\u00bb2_3&#8243; _builder_version=\u00bb4.16.1&#8243; _module_preset=\u00bbdefault\u00bb global_colors_info=\u00bb{}\u00bb][et_pb_text _builder_version=\u00bb4.16.1&#8243; _module_preset=\u00bbdefault\u00bb global_colors_info=\u00bb{}\u00bb]<\/p>\n<div class=\"kc-elm kc-css-236350 kc_col-sm-7 kc_column kc_col-sm-7\">\n<div class=\"kc-col-container\">\n<div class=\"kc-elm kc-css-3676 kc_text_block\">\n<p>La red \u201cIn motu salus\u201d la constituimos un grupo personas, dedicadas a la investigaci\u00f3n en diversos campos de las ciencias del deporte, que estamos interesados en entender c\u00f3mo act\u00faa el ejercicio f\u00edsico tanto en la salud como en el rendimiento deportivo.<\/p>\n<p>El ejercicio f\u00edsico, en la sociedad actual, presenta dos dimensiones complementarias, una orientada al rendimiento deportivo y otra orientada a la salud.<\/p>\n<p>El deporte es una manifestaci\u00f3n cultural de todas las sociedades que facilita el desarrollo humano. El deporte genera un enorme impacto social, generalmente asociado al desarrollo f\u00edsico, personal, social y econ\u00f3mico.<\/p>\n<p>La capacidad f\u00edsica es una cualidad evolutiva fundamental en el desarrollo humano. Hist\u00f3ricamente represent\u00f3 un elemento clave para la supervivencia, y en la actualidad es una estrategia que facilita la salud de las personas y de la poblaci\u00f3n, modula el desarrollo de las enfermedades cr\u00f3nicas m\u00e1s prevalentes y retrasa el envejecimiento.<\/p>\n<\/div>\n<\/div>\n<\/div>\n<p>[\/et_pb_text][\/et_pb_column][et_pb_column type=\u00bb1_3&#8243; _builder_version=\u00bb4.16.1&#8243; _module_preset=\u00bbdefault\u00bb global_colors_info=\u00bb{}\u00bb][et_pb_image src=\u00bbhttps:\/\/www.unioviedo.es\/inmotusalus\/wp-content\/uploads\/2019\/12\/Diploma-e1576323491352.jpg\u00bb title_text=\u00bbDiploma\u00bb _builder_version=\u00bb4.16.1&#8243; _module_preset=\u00bbdefault\u00bb global_colors_info=\u00bb{}\u00bb][\/et_pb_image][\/et_pb_column][\/et_pb_row][et_pb_row use_custom_gutter=\u00bbon\u00bb gutter_width=\u00bb1&#8243; make_equal=\u00bbon\u00bb _builder_version=\u00bb4.16.1&#8243; _module_preset=\u00bbdefault\u00bb background_color=\u00bb#bccf17&#8243; width=\u00bb100%\u00bb max_width=\u00bb100%\u00bb custom_padding=\u00bb16px||8px||false|false\u00bb global_colors_info=\u00bb{}\u00bb][et_pb_column type=\u00bb4_4&#8243; _builder_version=\u00bb4.16.1&#8243; _module_preset=\u00bbdefault\u00bb global_colors_info=\u00bb{}\u00bb][et_pb_text _builder_version=\u00bb4.16.1&#8243; _module_preset=\u00bbdefault\u00bb header_3_text_color=\u00bb#FFFFFF\u00bb width=\u00bb1080px\u00bb max_width=\u00bb1080px\u00bb module_alignment=\u00bbcenter\u00bb custom_padding=\u00bb||6px|||\u00bb global_colors_info=\u00bb{}\u00bb]<\/p>\n<h3><strong>Nuestro nombre<br \/><\/strong><\/h3>\n<p>[\/et_pb_text][\/et_pb_column][\/et_pb_row][et_pb_row column_structure=\u00bb1_4,3_4&#8243; _builder_version=\u00bb4.16.1&#8243; _module_preset=\u00bbdefault\u00bb global_colors_info=\u00bb{}\u00bb][et_pb_column type=\u00bb1_4&#8243; _builder_version=\u00bb4.16.1&#8243; _module_preset=\u00bbdefault\u00bb global_colors_info=\u00bb{}\u00bb][et_pb_image src=\u00bbhttps:\/\/www.unioviedo.es\/inmotusalus\/wp-content\/uploads\/2019\/12\/corredor.png\u00bb title_text=\u00bbcorredor\u00bb _builder_version=\u00bb4.16.1&#8243; _module_preset=\u00bbdefault\u00bb global_colors_info=\u00bb{}\u00bb][\/et_pb_image][\/et_pb_column][et_pb_column type=\u00bb3_4&#8243; _builder_version=\u00bb4.16.1&#8243; _module_preset=\u00bbdefault\u00bb global_colors_info=\u00bb{}\u00bb][et_pb_text _builder_version=\u00bb4.16.1&#8243; _module_preset=\u00bbdefault\u00bb global_colors_info=\u00bb{}\u00bb]<\/p>\n<p>&nbsp;<\/p>\n<p>T\u00edtulo corto: \u201c<strong>In motus salus<\/strong>\u201d define en lat\u00edn nuestro objetivo, la salud desde el movimiento.<\/p>\n<p>Nuestro t\u00edtulo representa el eje del conocimiento<\/p>\n<p><em>Bases moleculares y celulares del ejercicio f\u00edsico para la salud y el rendimiento,<\/em><\/p>\n<p>[\/et_pb_text][\/et_pb_column][\/et_pb_row][et_pb_row _builder_version=\u00bb4.16.1&#8243; _module_preset=\u00bbdefault\u00bb custom_margin=\u00bb0px||||false|false\u00bb custom_padding=\u00bb0px||||false|false\u00bb global_colors_info=\u00bb{}\u00bb][et_pb_column type=\u00bb4_4&#8243; _builder_version=\u00bb4.16.1&#8243; _module_preset=\u00bbdefault\u00bb global_colors_info=\u00bb{}\u00bb][et_pb_image src=\u00bbhttps:\/\/www.unioviedo.es\/inmotusalus\/wp-content\/uploads\/2021\/10\/Inmotusalus-01-e1635448015693.jpg\u00bb title_text=\u00bbInmotusalus 01&#8243; _builder_version=\u00bb4.16.1&#8243; _module_preset=\u00bbdefault\u00bb global_colors_info=\u00bb{}\u00bb][\/et_pb_image][\/et_pb_column][\/et_pb_row][\/et_pb_section]<\/p>\n","protected":false},"excerpt":{"rendered":"<p>La Red de Investigaci\u00f3n en ciencias del Deporte \u201cIn Motu Salus\u201d, tiene como objetivo estudiar las Bases moleculares del ejercicio f\u00edsico para la salud y el rendimiento. Esta Red est\u00e1 financiada por el CSD, promueve y aglutina diferentes Universidades para la investigaci\u00f3n en el campo de la ciencias del deporte. \u00bfPor qu\u00e9 la Red? La [&hellip;]<\/p>\n","protected":false},"author":1,"featured_media":0,"parent":0,"menu_order":0,"comment_status":"closed","ping_status":"closed","template":"","meta":{"_et_pb_use_builder":"on","_et_pb_old_content":"<p>[et_pb_section fb_built=\"1\" _builder_version=\"4.16.1\" _module_preset=\"default\" custom_margin=\"0px||0px||false|false\" global_colors_info=\"{}\"][et_pb_row column_structure=\"2_5,3_5\" _builder_version=\"4.16.1\" _module_preset=\"default\" custom_margin=\"38px|auto||auto||\" global_colors_info=\"{}\"][et_pb_column type=\"2_5\" _builder_version=\"4.16.1\" _module_preset=\"default\" global_colors_info=\"{}\"][et_pb_image src=\"https:\/\/www.unioviedo.es\/inmotusalus\/wp-content\/uploads\/2022\/11\/CSD.png\" title_text=\"CSD\" _builder_version=\"4.16.1\" _module_preset=\"default\" global_colors_info=\"{}\"][\/et_pb_image][\/et_pb_column][et_pb_column type=\"3_5\" _builder_version=\"4.16.1\" _module_preset=\"default\" global_colors_info=\"{}\"][et_pb_text _builder_version=\"4.16.1\" _module_preset=\"default\" global_colors_info=\"{}\"]<\/p><div class=\"kc-elm kc-css-2331968 kc_col-sm-8 kc_column kc_col-sm-8\"><div class=\"kc-col-container\"><div class=\"kc-elm kc-css-1767222 kc_text_block\"><p>La Red de Investigaci\u00f3n en ciencias del Deporte \u201cIn Motu Salus\u201d, tiene como objetivo estudiar las Bases moleculares del ejercicio f\u00edsico para la salud y el rendimiento.<\/p><p>Esta Red est\u00e1 financiada por el CSD, promueve y aglutina diferentes Universidades para la investigaci\u00f3n en el campo de la ciencias del deporte.<\/p><\/div><\/div><\/div><p>[\/et_pb_text][\/et_pb_column][\/et_pb_row][et_pb_row _builder_version=\"4.16.1\" _module_preset=\"default\" global_colors_info=\"{}\"][et_pb_column type=\"4_4\" _builder_version=\"4.16.1\" _module_preset=\"default\" global_colors_info=\"{}\"][et_pb_image src=\"https:\/\/www.unioviedo.es\/inmotusalus\/wp-content\/uploads\/2019\/12\/adventure-athlete-athletic-daylight-235922-e1576680750285.jpg\" title_text=\"adventure-athlete-athletic-daylight-235922\" align=\"center\" force_fullwidth=\"on\" _builder_version=\"4.16.1\" _module_preset=\"default\" global_colors_info=\"{}\"][\/et_pb_image][\/et_pb_column][\/et_pb_row][et_pb_row use_custom_gutter=\"on\" gutter_width=\"1\" make_equal=\"on\" _builder_version=\"4.16.1\" _module_preset=\"default\" background_color=\"#bccf17\" width=\"100%\" max_width=\"100%\" custom_padding=\"16px||8px||false|false\" global_colors_info=\"{}\"][et_pb_column type=\"4_4\" _builder_version=\"4.16.1\" _module_preset=\"default\" global_colors_info=\"{}\"][et_pb_text _builder_version=\"4.16.1\" _module_preset=\"default\" header_3_text_color=\"#FFFFFF\" width=\"1080px\" max_width=\"1080px\" module_alignment=\"center\" global_colors_info=\"{}\"]<\/p><h3><strong>\u00bfPor qu\u00e9 la Red?<\/strong><\/h3><p>[\/et_pb_text][\/et_pb_column][\/et_pb_row][et_pb_row column_structure=\"2_3,1_3\" _builder_version=\"4.16.1\" _module_preset=\"default\" global_colors_info=\"{}\"][et_pb_column type=\"2_3\" _builder_version=\"4.16.1\" _module_preset=\"default\" global_colors_info=\"{}\"][et_pb_text _builder_version=\"4.16.1\" _module_preset=\"default\" global_colors_info=\"{}\"]<\/p><div class=\"kc-elm kc-css-236350 kc_col-sm-7 kc_column kc_col-sm-7\"><div class=\"kc-col-container\"><div class=\"kc-elm kc-css-3676 kc_text_block\"><p>La red \u201cIn motu salus\u201d la constituimos un grupo personas, dedicadas a la investigaci\u00f3n en diversos campos de las ciencias del deporte, que estamos interesados en entender c\u00f3mo act\u00faa el ejercicio f\u00edsico tanto en la salud como en el rendimiento deportivo.<\/p><p>El ejercicio f\u00edsico, en la sociedad actual, presenta dos dimensiones complementarias, una orientada al rendimiento deportivo y otra orientada a la salud.<\/p><p>El deporte es una manifestaci\u00f3n cultural de todas las sociedades que facilita el desarrollo humano. El deporte genera un enorme impacto social, generalmente asociado al desarrollo f\u00edsico, personal, social y econ\u00f3mico.<\/p><p>La capacidad f\u00edsica es una cualidad evolutiva fundamental en el desarrollo humano. Hist\u00f3ricamente represent\u00f3 un elemento clave para la supervivencia, y en la actualidad es una estrategia que facilita la salud de las personas y de la poblaci\u00f3n, modula el desarrollo de las enfermedades cr\u00f3nicas m\u00e1s prevalentes y retrasa el envejecimiento.<\/p><\/div><\/div><\/div><p>[\/et_pb_text][\/et_pb_column][et_pb_column type=\"1_3\" _builder_version=\"4.16.1\" _module_preset=\"default\" global_colors_info=\"{}\"][et_pb_image src=\"https:\/\/www.unioviedo.es\/inmotusalus\/wp-content\/uploads\/2019\/12\/Diploma-e1576323491352.jpg\" title_text=\"Diploma\" _builder_version=\"4.16.1\" _module_preset=\"default\" global_colors_info=\"{}\"][\/et_pb_image][\/et_pb_column][\/et_pb_row][et_pb_row use_custom_gutter=\"on\" gutter_width=\"1\" make_equal=\"on\" _builder_version=\"4.16.1\" _module_preset=\"default\" background_color=\"#bccf17\" width=\"100%\" max_width=\"100%\" custom_padding=\"16px||8px||false|false\" global_colors_info=\"{}\"][et_pb_column type=\"4_4\" _builder_version=\"4.16.1\" _module_preset=\"default\" global_colors_info=\"{}\"][et_pb_text _builder_version=\"4.16.1\" _module_preset=\"default\" header_3_text_color=\"#FFFFFF\" width=\"1080px\" max_width=\"1080px\" module_alignment=\"center\" custom_padding=\"||6px|||\" global_colors_info=\"{}\"]<\/p><h3><strong>Nuestro nombre<br \/><\/strong><\/h3><p>[\/et_pb_text][\/et_pb_column][\/et_pb_row][et_pb_row column_structure=\"1_4,3_4\" _builder_version=\"4.16.1\" _module_preset=\"default\" global_colors_info=\"{}\"][et_pb_column type=\"1_4\" _builder_version=\"4.16.1\" _module_preset=\"default\" global_colors_info=\"{}\"][et_pb_image src=\"https:\/\/www.unioviedo.es\/inmotusalus\/wp-content\/uploads\/2019\/12\/corredor.png\" title_text=\"corredor\" _builder_version=\"4.16.1\" _module_preset=\"default\" global_colors_info=\"{}\"][\/et_pb_image][\/et_pb_column][et_pb_column type=\"3_4\" _builder_version=\"4.16.1\" _module_preset=\"default\" global_colors_info=\"{}\"][et_pb_text _builder_version=\"4.16.1\" _module_preset=\"default\" global_colors_info=\"{}\"]<\/p><p>\u00a0<\/p><p>T\u00edtulo corto: \u201c<strong>In motus salus<\/strong>\u201d define en lat\u00edn nuestro objetivo, la salud desde el movimiento.<\/p><p>Nuestro t\u00edtulo representa el eje del conocimiento<\/p><p><em>Bases moleculares y celulares del ejercicio f\u00edsico para la salud y el rendimiento,<\/em><\/p><p>[\/et_pb_text][\/et_pb_column][\/et_pb_row][et_pb_row _builder_version=\"4.16.1\" _module_preset=\"default\" custom_margin=\"0px||||false|false\" custom_padding=\"0px||||false|false\" global_colors_info=\"{}\"][et_pb_column type=\"4_4\" _builder_version=\"4.16.1\" _module_preset=\"default\" global_colors_info=\"{}\"][et_pb_image src=\"https:\/\/www.unioviedo.es\/inmotusalus\/wp-content\/uploads\/2021\/10\/Inmotusalus-01-e1635448015693.jpg\" title_text=\"Inmotusalus 01\" _builder_version=\"4.16.1\" _module_preset=\"default\" global_colors_info=\"{}\"][\/et_pb_image][\/et_pb_column][\/et_pb_row][\/et_pb_section]<\/p>","_et_gb_content_width":"","footnotes":""},"class_list":["post-564","page","type-page","status-publish","hentry"],"_links":{"self":[{"href":"https:\/\/www.unioviedo.es\/inmotusalus\/wp-json\/wp\/v2\/pages\/564","targetHints":{"allow":["GET"]}}],"collection":[{"href":"https:\/\/www.unioviedo.es\/inmotusalus\/wp-json\/wp\/v2\/pages"}],"about":[{"href":"https:\/\/www.unioviedo.es\/inmotusalus\/wp-json\/wp\/v2\/types\/page"}],"author":[{"embeddable":true,"href":"https:\/\/www.unioviedo.es\/inmotusalus\/wp-json\/wp\/v2\/users\/1"}],"replies":[{"embeddable":true,"href":"https:\/\/www.unioviedo.es\/inmotusalus\/wp-json\/wp\/v2\/comments?post=564"}],"version-history":[{"count":104,"href":"https:\/\/www.unioviedo.es\/inmotusalus\/wp-json\/wp\/v2\/pages\/564\/revisions"}],"predecessor-version":[{"id":1212,"href":"https:\/\/www.unioviedo.es\/inmotusalus\/wp-json\/wp\/v2\/pages\/564\/revisions\/1212"}],"wp:attachment":[{"href":"https:\/\/www.unioviedo.es\/inmotusalus\/wp-json\/wp\/v2\/media?parent=564"}],"curies":[{"name":"wp","href":"https:\/\/api.w.org\/{rel}","templated":true}]}}