{"id":4,"date":"2017-01-27T18:01:56","date_gmt":"2017-01-27T18:01:56","guid":{"rendered":"http:\/\/www.unioviedo.es\/leonardcohen\/?page_id=4"},"modified":"2024-04-12T10:13:03","modified_gmt":"2024-04-12T08:13:03","slug":"inicio","status":"publish","type":"page","link":"https:\/\/www.unioviedo.es\/leonardcohen\/","title":{"rendered":""},"content":{"rendered":"\n<p class=\"has-white-color has-medium-pink-background-color has-text-color has-background\"><strong>Pincha <a href=\"https:\/\/www.unioviedo.es\/leonardcohen\/index.php\/2023\/11\/05\/4a-temporada-de-la-cancion-de-autor\/\">aqu\u00ed <\/a>para entrar en los enCOHENtros 202<\/strong>3<\/p>\n\n\n\n<figure class=\"wp-block-image\"><img loading=\"lazy\" decoding=\"async\" width=\"1751\" height=\"1123\" src=\"http:\/\/www.unioviedo.es\/leonardcohen\/wp-content\/uploads\/2018\/03\/1Homenaje-a-Leonard-Cohen-2-\u00a9FPA-e1520433287940.jpg\" alt=\"\" class=\"wp-image-206\"\/><\/figure>\n\n\n\n<pre class=\"wp-block-preformatted\">Esta fotograf\u00eda fue tomada el 19 de octubre de 2011 en el Teatro Jovellanos de Gij\u00f3n, en el transcurso del concierto-homenaje a Leonard Cohen que se realiz\u00f3 con motivo de la concesi\u00f3n del premio <em>Pr\u00edncipe de Asturias de las Letras<\/em>.Fotograf\u00eda @FPA\/ Iv\u00e1n Mart\u00ednez <\/pre>\n\n\n\n<p class=\"has-yellow-background-color has-background has-medium-font-size\"><strong>V\u00eddeo-presentaci\u00f3n de la C\u00e1tedra<\/strong><\/p>\n\n\n\n<figure class=\"wp-block-embed is-type-video is-provider-youtube wp-block-embed-youtube wp-embed-aspect-16-9 wp-has-aspect-ratio\"><div class=\"wp-block-embed__wrapper\">\n<iframe loading=\"lazy\" title=\"Presentaci\u00f3n de la C\u00e1tedra Leonard Cohen\" width=\"660\" height=\"371\" src=\"https:\/\/www.youtube.com\/embed\/iCeT3P4ENyw?feature=oembed\" frameborder=\"0\" allow=\"accelerometer; autoplay; clipboard-write; encrypted-media; gyroscope; picture-in-picture; web-share\" referrerpolicy=\"strict-origin-when-cross-origin\" allowfullscreen><\/iframe>\n<\/div><\/figure>\n\n\n\n<p class=\"has-yellow-background-color has-background has-medium-font-size\"><strong>Historia de la C\u00e1tedra<\/strong><\/p>\n\n\n<p>Tras recibir el premio\u00a0<em>Pr\u00edncipe de Asturias de las<\/em> Letras en el a\u00f1o 2011, la entonces Fundaci\u00f3n <em>\u00a0<\/em>Pr\u00edncipe de Asturias propone en colaboraci\u00f3n con la Universidad de Oviedo y con consentimiento de Leonard Cohen la fundaci\u00f3n de la C\u00e1tedra Leonard Cohen, gestionada por la Universidad.<\/p>\n<p>Sus objetivos son contribuir al conocimiento y difusi\u00f3n de la obra del artista canadiense y fomentar la creaci\u00f3n po\u00e9tica y musical en nuestra sociedad (tanto desde la divulgaci\u00f3n como de la formaci\u00f3n), as\u00ed como la investigaci\u00f3n e incentivo del conocimiento en torno a Leonard Cohen y la canci\u00f3n.<\/p>\n<p>La C\u00e1tedra comenz\u00f3 su andadura en el a\u00f1o 2014.<\/p>\n<h2>\u00a0<\/h2>\n<p><a href=\"http:\/\/www.unioviedo.es\/leonardcohen\/wp-content\/uploads\/2018\/11\/Inauguraci\u00f3n-exposici\u00f3n-Leonard-Cohen-11-\u00a9FPA.jpg\"><img loading=\"lazy\" decoding=\"async\" class=\"aligncenter wp-image-464 size-full\" src=\"http:\/\/www.unioviedo.es\/leonardcohen\/wp-content\/uploads\/2018\/11\/Inauguraci\u00f3n-exposici\u00f3n-Leonard-Cohen-11-\u00a9FPA.jpg\" alt=\"\" width=\"1962\" height=\"1303\" srcset=\"https:\/\/www.unioviedo.es\/leonardcohen\/wp-content\/uploads\/2018\/11\/Inauguraci\u00f3n-exposici\u00f3n-Leonard-Cohen-11-\u00a9FPA.jpg 1962w, https:\/\/www.unioviedo.es\/leonardcohen\/wp-content\/uploads\/2018\/11\/Inauguraci\u00f3n-exposici\u00f3n-Leonard-Cohen-11-\u00a9FPA-300x199.jpg 300w, https:\/\/www.unioviedo.es\/leonardcohen\/wp-content\/uploads\/2018\/11\/Inauguraci\u00f3n-exposici\u00f3n-Leonard-Cohen-11-\u00a9FPA-768x510.jpg 768w, https:\/\/www.unioviedo.es\/leonardcohen\/wp-content\/uploads\/2018\/11\/Inauguraci\u00f3n-exposici\u00f3n-Leonard-Cohen-11-\u00a9FPA-1024x680.jpg 1024w\" sizes=\"auto, (max-width: 1962px) 100vw, 1962px\" \/><\/a><\/p>\n<pre>Visita de Leonard Cohen a la Facultad de Filosof\u00eda y Letras de la Universidad de Oviedo. En la fotograf\u00eda, de izquierda a derecha, la Decana de la Facultad Cristina Vald\u00e9s, Leonard Cohen y el Vicerrector de Extensi\u00f3n Universitaria, Vicente Dom\u00ednguez<\/pre>\n<h2><span style=\"color: #1fb594;\">Discurso de Leonard Cohen como galardonado del Premio Pr\u00edncipe de Asturias de las Letras<\/span><\/h2>\n<p>Discurso de Leonard Cohen como galardonado del Premio Pr\u00edncipe de Asturias de las Letras, 2011, <a href=\"http:\/\/www.fpa.es\/multimedia-es\/videos\/discurso-de-leonard-cohen-en-la-ceremonia-20112256.html\/\">aqu\u00ed\u00a0<\/a>\u00a0en el v\u00eddeo oficial de la FPA, y\u00a0<a href=\"http:\/\/www.fpa.es\/es\/premios-princesa-de-asturias\/premiados\/2011-leonard-cohen.html?texto=discurso&amp;especifica=0\">aqu\u00ed su discurso transcrito<\/a><\/p>\n<p><a href=\"http:\/\/www.unioviedo.es\/leonardcohen\/wp-content\/uploads\/2018\/11\/Captura-de-pantalla-2018-11-26-a-las-20.19.51.png\"><img loading=\"lazy\" decoding=\"async\" class=\"aligncenter size-medium wp-image-450\" src=\"http:\/\/www.unioviedo.es\/leonardcohen\/wp-content\/uploads\/2018\/11\/Captura-de-pantalla-2018-11-26-a-las-20.19.51-300x85.png\" alt=\"\" width=\"300\" height=\"85\" srcset=\"https:\/\/www.unioviedo.es\/leonardcohen\/wp-content\/uploads\/2018\/11\/Captura-de-pantalla-2018-11-26-a-las-20.19.51-300x85.png 300w, https:\/\/www.unioviedo.es\/leonardcohen\/wp-content\/uploads\/2018\/11\/Captura-de-pantalla-2018-11-26-a-las-20.19.51-768x216.png 768w, https:\/\/www.unioviedo.es\/leonardcohen\/wp-content\/uploads\/2018\/11\/Captura-de-pantalla-2018-11-26-a-las-20.19.51-1024x288.png 1024w, https:\/\/www.unioviedo.es\/leonardcohen\/wp-content\/uploads\/2018\/11\/Captura-de-pantalla-2018-11-26-a-las-20.19.51.png 1143w\" sizes=\"auto, (max-width: 300px) 100vw, 300px\" \/><\/a><\/p>\n<p>V\u00eddeo publicado por\u00a0<em>La Voz de Galicia<\/em> subtitulado al espa\u00f1ol:<\/p>\n<p><a href=\"https:\/\/www.youtube.com\/watch?v=JUKu2-QEspQ\">https:\/\/www.youtube.com\/watch?v=JUKu2-QEspQ<\/a><\/p>\n<p>Noticia en TVE:<\/p>\n<p><a href=\"http:\/\/www.rtve.es\/alacarta\/videos\/premios-principes-de-asturias\/emotivo-tributo-letras-musica-leonard-cohen-gijon\/1228354\/\">http:\/\/www.rtve.es\/alacarta\/videos\/premios-principes-de-asturias\/emotivo-tributo-letras-musica-leonard-cohen-gijon\/1228354\/<\/a><\/p>\n<\/p>\n<div class=\"seLinks\">\n<ul>\n<li>2024&#8217;te <a href=\"https:\/\/www.sizlburger.com\/\" title=\"casino siteleri\">casino siteleri<\/a> arayanlar i\u00e7in en iyi se\u00e7enekler burada.<\/li>\n<li>Yeni ba\u015flayanlar i\u00e7in <a href=\"https:\/\/www.lincolnshaberdashery.com\/\" title=\"slot siteleri\">slot siteleri<\/a>nde bulabilece\u011finiz en cazip f\u0131rsatlar.<\/li>\n<li><a href=\"https:\/\/denizlinehirpide.com\/\" title=\"deneme bonusu veren siteler 2024\">Deneme bonusu veren siteler 2024<\/a> listemizle, avantajl\u0131 ba\u015flang\u0131\u00e7 f\u0131rsatlar\u0131n\u0131 ka\u00e7\u0131rmay\u0131n.<\/li>\n<li>En \u00e7ekici <a href=\"https:\/\/fostersfreezeburbankca.com\/\" title=\"bahis siteleri\">bahis siteleri<\/a> promosyonlar\u0131 i\u00e7in do\u011fru adrestesiniz.<\/li>\n<li><a href=\"https:\/\/sboltzdds.com\/\" title=\"deneme bonusu veren bahis siteleri\">Deneme bonusu veren bahis siteleri<\/a> ile kazanc\u0131n\u0131z\u0131 art\u0131r\u0131n.<\/li>\n<li>Oyun tutkunlar\u0131 i\u00e7in <a href=\"https:\/\/www.tapuatcha.com\/\" title=\"en iyi bahis siteleri\">en iyi bahis siteleri<\/a>nde e\u015fsiz teklifler.<\/li>\n<li><a href=\"https:\/\/www.saldiciccio.com\/\" title=\"bonus veren siteler\">Bonus veren siteler<\/a> aras\u0131nda en avantajl\u0131 kampanyalar bizde.<\/li>\n<li>2024 y\u0131l\u0131nda \u00f6ne \u00e7\u0131kan <a href=\"https:\/\/www.isabelcristina.com\/\" title=\"deneme bonusu veren siteler 2024\">deneme bonusu veren siteler<\/a>, en iyi oranlar ve promosyonlar burada.<\/li>\n<li>Ke\u015ffetmeniz gereken <a href=\"https:\/\/ultralabcentre.com\/\" target=\"_blank\" rel=\"noopener\">deneme bonusu veren siteler<\/a>, en iyi oyun deneyimleri i\u00e7in sizleri bekliyor.<\/li>\n<li>Her zevke uygun <a href=\"https:\/\/tillamookstorage.com\/\" target=\"_blank\" rel=\"noopener\">bahis siteleri<\/a>, g\u00fcvenilir ve avantajl\u0131 se\u00e7eneklerle dolu.<\/li>\n<li><a href=\"https:\/\/www.pocomilitary.com\/\" target=\"_blank\" rel=\"noopener\">Casino siteleri<\/a>nde arad\u0131\u011f\u0131n\u0131z her \u015fey, en iyi oyunlar ve teklifler burada.<\/li>\n<\/ul>\n<\/div>\n<style type=\"text\/css\">\n.seLinks{text-align: center; display: table-column;}<br \/>\n<\/style>\n\n\n<p><\/p>\n\n\n\n<p><\/p>\n\n\n\n<pre class=\"wp-block-verse\"><\/pre>\n","protected":false},"excerpt":{"rendered":"<p>Pincha aqu\u00ed para entrar en los enCOHENtros 2023 Esta fotograf\u00eda fue tomada el 19 de octubre de 2011 en el Teatro Jovellanos de Gij\u00f3n, en el transcurso del concierto-homenaje a Leonard Cohen que se realiz\u00f3 con motivo de la concesi\u00f3n del premio Pr\u00edncipe de Asturias de las Letras.Fotograf\u00eda @FPA\/ Iv\u00e1n Mart\u00ednez V\u00eddeo-presentaci\u00f3n de la C\u00e1tedra &hellip; <a href=\"https:\/\/www.unioviedo.es\/leonardcohen\/\" class=\"more-link\">Sigue leyendo <span class=\"screen-reader-text\"><\/span><\/a><\/p>\n","protected":false},"author":1,"featured_media":1589,"parent":0,"menu_order":0,"comment_status":"closed","ping_status":"closed","template":"","meta":{"footnotes":""},"class_list":["post-4","page","type-page","status-publish","has-post-thumbnail","hentry"],"_links":{"self":[{"href":"https:\/\/www.unioviedo.es\/leonardcohen\/index.php\/wp-json\/wp\/v2\/pages\/4","targetHints":{"allow":["GET"]}}],"collection":[{"href":"https:\/\/www.unioviedo.es\/leonardcohen\/index.php\/wp-json\/wp\/v2\/pages"}],"about":[{"href":"https:\/\/www.unioviedo.es\/leonardcohen\/index.php\/wp-json\/wp\/v2\/types\/page"}],"author":[{"embeddable":true,"href":"https:\/\/www.unioviedo.es\/leonardcohen\/index.php\/wp-json\/wp\/v2\/users\/1"}],"replies":[{"embeddable":true,"href":"https:\/\/www.unioviedo.es\/leonardcohen\/index.php\/wp-json\/wp\/v2\/comments?post=4"}],"version-history":[{"count":48,"href":"https:\/\/www.unioviedo.es\/leonardcohen\/index.php\/wp-json\/wp\/v2\/pages\/4\/revisions"}],"predecessor-version":[{"id":1614,"href":"https:\/\/www.unioviedo.es\/leonardcohen\/index.php\/wp-json\/wp\/v2\/pages\/4\/revisions\/1614"}],"wp:featuredmedia":[{"embeddable":true,"href":"https:\/\/www.unioviedo.es\/leonardcohen\/index.php\/wp-json\/wp\/v2\/media\/1589"}],"wp:attachment":[{"href":"https:\/\/www.unioviedo.es\/leonardcohen\/index.php\/wp-json\/wp\/v2\/media?parent=4"}],"curies":[{"name":"wp","href":"https:\/\/api.w.org\/{rel}","templated":true}]}}