{"id":713,"date":"2019-04-29T15:25:20","date_gmt":"2019-04-29T13:25:20","guid":{"rendered":"http:\/\/www.unioviedo.es\/leonardcohen\/?page_id=713"},"modified":"2020-10-28T11:51:00","modified_gmt":"2020-10-28T10:51:00","slug":"videos","status":"publish","type":"page","link":"https:\/\/www.unioviedo.es\/leonardcohen\/index.php\/videos\/","title":{"rendered":"V\u00eddeos"},"content":{"rendered":"\n<p>V\u00eddeo de presentaci\u00f3n de la C\u00e1tedra Leonard Cohen<\/p>\n\n\n\n<figure class=\"wp-block-embed-youtube wp-block-embed is-type-video is-provider-youtube wp-embed-aspect-16-9 wp-has-aspect-ratio\"><div class=\"wp-block-embed__wrapper\">\n<iframe loading=\"lazy\" title=\"Presentaci\u00f3n de la C\u00e1tedra Leonard Cohen\" width=\"660\" height=\"371\" src=\"https:\/\/www.youtube.com\/embed\/iCeT3P4ENyw?feature=oembed\" frameborder=\"0\" allow=\"accelerometer; autoplay; clipboard-write; encrypted-media; gyroscope; picture-in-picture; web-share\" referrerpolicy=\"strict-origin-when-cross-origin\" allowfullscreen><\/iframe>\n<\/div><\/figure>\n\n\n\n<p>Lesa Luthiers (<a href=\"https:\/\/www.unioviedo.es\/leonardcohen\/index.php\/2018\/03\/05\/les-luthiers-curso-poco-extenso-de-extension-universitaria\/\">https:\/\/www.unioviedo.es\/leonardcohen\/index.php\/2018\/03\/05\/les-luthiers-curso-poco-extenso-de-extension-universitaria\/)<\/a><\/p>\n\n\n\n<figure class=\"wp-block-embed-youtube wp-block-embed is-type-video is-provider-youtube wp-embed-aspect-16-9 wp-has-aspect-ratio\"><div class=\"wp-block-embed__wrapper\">\n<iframe loading=\"lazy\" title=\"LES LUTHIERS en Uniovi y la FPA\" width=\"660\" height=\"371\" src=\"https:\/\/www.youtube.com\/embed\/PeZtvF2mpJw?feature=oembed\" frameborder=\"0\" allow=\"accelerometer; autoplay; clipboard-write; encrypted-media; gyroscope; picture-in-picture; web-share\" referrerpolicy=\"strict-origin-when-cross-origin\" allowfullscreen><\/iframe>\n<\/div><\/figure>\n\n\n\n<p>Jorge Ilegal (<a href=\"https:\/\/www.unioviedo.es\/leonardcohen\/index.php\/2018\/04\/20\/jorge-ilegal\/\">https:\/\/www.unioviedo.es\/leonardcohen\/index.php\/2018\/04\/20\/jorge-ilegal\/)<\/a><\/p>\n\n\n\n<figure class=\"wp-block-embed-youtube wp-block-embed is-type-video is-provider-youtube wp-embed-aspect-16-9 wp-has-aspect-ratio\"><div class=\"wp-block-embed__wrapper\">\n<iframe loading=\"lazy\" title=\"JORGE ILEGAL: Conferencia \/ charla C\u00e1tedra Leonard Cohen. Universidad de Oviedo.\" width=\"660\" height=\"371\" src=\"https:\/\/www.youtube.com\/embed\/mBROnyD3T-c?start=105&#038;feature=oembed\" frameborder=\"0\" allow=\"accelerometer; autoplay; clipboard-write; encrypted-media; gyroscope; picture-in-picture; web-share\" referrerpolicy=\"strict-origin-when-cross-origin\" allowfullscreen><\/iframe>\n<\/div><\/figure>\n\n\n\n<p>Encuentro con Rodrigo Cuevas <a href=\"https:\/\/www.unioviedo.es\/leonardcohen\/index.php\/2019\/03\/14\/el-cuple-del-siglo-xx-al-xxi-cancion-y-cambio-social\/\">https:\/\/www.unioviedo.es\/leonardcohen\/index.php\/2019\/03\/14\/el-cuple-del-siglo-xx-al-xxi-cancion-y-cambio-social\/<\/a><\/p>\n\n\n\n<figure class=\"wp-block-embed-youtube wp-block-embed is-type-video is-provider-youtube wp-embed-aspect-16-9 wp-has-aspect-ratio\"><div class=\"wp-block-embed__wrapper\">\n<iframe loading=\"lazy\" title=\"Encuentro con Rodrigo Cuevas (DR. Enrique Encabo) C\u00e1tedra Cohen\" width=\"660\" height=\"371\" src=\"https:\/\/www.youtube.com\/embed\/8vaxwb8IG5Y?start=3077&#038;feature=oembed\" frameborder=\"0\" allow=\"accelerometer; autoplay; clipboard-write; encrypted-media; gyroscope; picture-in-picture; web-share\" referrerpolicy=\"strict-origin-when-cross-origin\" allowfullscreen><\/iframe>\n<\/div><\/figure>\n\n\n\n<p>Charla sobre la hsitoria del cupl\u00e9 y encuentro con Lili\u00e1n de Celis<\/p>\n\n\n\n<figure class=\"wp-block-embed-youtube wp-block-embed is-type-video is-provider-youtube wp-embed-aspect-16-9 wp-has-aspect-ratio\"><div class=\"wp-block-embed__wrapper\">\n<iframe loading=\"lazy\" title=\"Conferencia de Javier Barreiro sobre cupl\u00e9 y Encuentro con Lilia\u0301n de Celis\" width=\"660\" height=\"371\" src=\"https:\/\/www.youtube.com\/embed\/hgGjbgVY9k8?start=125&#038;feature=oembed\" frameborder=\"0\" allow=\"accelerometer; autoplay; clipboard-write; encrypted-media; gyroscope; picture-in-picture; web-share\" referrerpolicy=\"strict-origin-when-cross-origin\" allowfullscreen><\/iframe>\n<\/div><\/figure>\n\n\n\n<p>Concierto Rodrigo Cuevas y Lili\u00e1n de Celis<\/p>\n\n\n\n<figure class=\"wp-block-embed-youtube wp-block-embed is-type-video is-provider-youtube wp-embed-aspect-16-9 wp-has-aspect-ratio\"><div class=\"wp-block-embed__wrapper\">\n<iframe loading=\"lazy\" title=\"Concierto Rodrigo Cuevas y Lili\u00e1n de Celis\" width=\"660\" height=\"371\" src=\"https:\/\/www.youtube.com\/embed\/I--HxIso7ok?feature=oembed\" frameborder=\"0\" allow=\"accelerometer; autoplay; clipboard-write; encrypted-media; gyroscope; picture-in-picture; web-share\" referrerpolicy=\"strict-origin-when-cross-origin\" allowfullscreen><\/iframe>\n<\/div><\/figure>\n\n\n\n<p>#Cohencierto (selecci\u00f3n) <a href=\"https:\/\/www.youtube.com\/watch?v=BTACjQkJXCc&amp;t=0s\">00:00<\/a> \u00abHallelujah\u00bb, versi\u00f3n de Igor Paskual <a href=\"https:\/\/www.youtube.com\/watch?v=BTACjQkJXCc&amp;t=292s\">4:52<\/a> V\u00eddeo presentaci\u00f3n de Igor Paskual <a href=\"https:\/\/www.youtube.com\/watch?v=BTACjQkJXCc&amp;t=373s\">6:13<\/a> \u00abTierra firme\u00bb, Igor Paskual <a href=\"https:\/\/www.youtube.com\/watch?v=BTACjQkJXCc&amp;t=593s\">9:53<\/a> V\u00eddeo presentaci\u00f3n de Toli Morilla <a href=\"https:\/\/www.youtube.com\/watch?v=BTACjQkJXCc&amp;t=709s\">11:49<\/a> \u00abPhoenix, Asturias\u00bb, Toli Morilla <a href=\"https:\/\/www.youtube.com\/watch?v=BTACjQkJXCc&amp;t=913s\">15:13<\/a>  V\u00eddeo presentaci\u00f3n de Pablo und Destruktion <a href=\"https:\/\/www.youtube.com\/watch?v=BTACjQkJXCc&amp;t=985s\">16:25<\/a> \u00abGij\u00f3n\u00bb, Pablo und Destruktion <a href=\"https:\/\/www.youtube.com\/watch?v=BTACjQkJXCc&amp;t=1203s\">20:03<\/a>  <a href=\"https:\/\/www.youtube.com\/watch?v=BTACjQkJXCc&amp;t=1240s\">20:40<\/a> \u00abEl futuro\u00bb, versi\u00f3n de Pablo und Destruktion <a href=\"https:\/\/www.youtube.com\/watch?v=BTACjQkJXCc&amp;t=1603s\">26:43<\/a> V\u00eddeo presentaci\u00f3n de H\u00e9ctor Tuya <a href=\"https:\/\/www.youtube.com\/watch?v=BTACjQkJXCc&amp;t=1691s\">28:11<\/a> \u00abLas reglas del fuego\u00bb, H\u00e9ctor Tuya <a href=\"https:\/\/www.youtube.com\/watch?v=BTACjQkJXCc&amp;t=1944s\">32:24<\/a> V\u00eddeo presentaci\u00f3n de Pablo Moro <a href=\"https:\/\/www.youtube.com\/watch?v=BTACjQkJXCc&amp;t=2025s\">33:45<\/a> \u00abLa luz del norte\u00bb, Pablo Moro <a href=\"https:\/\/www.youtube.com\/watch?v=BTACjQkJXCc&amp;t=2342s\">39:02<\/a> \u00abDance me to the end of love\u00bb, versi\u00f3n de Cristina Gestido y Pablo Moro <a href=\"https:\/\/www.youtube.com\/watch?v=BTACjQkJXCc&amp;t=2671s\">44:31<\/a> V\u00eddeo presentaci\u00f3n de Cristina Gestido <a href=\"https:\/\/www.youtube.com\/watch?v=BTACjQkJXCc&amp;t=2745s\">45:45<\/a> \u201cEnmanuelle\u201d, Cristina Gestido<\/p>\n\n\n\n<figure class=\"wp-block-embed-youtube wp-block-embed is-type-video is-provider-youtube wp-embed-aspect-16-9 wp-has-aspect-ratio\"><div class=\"wp-block-embed__wrapper\">\n<iframe loading=\"lazy\" title=\"#Cohencierto (selecci\u00f3n) (desglosado)\" width=\"660\" height=\"371\" src=\"https:\/\/www.youtube.com\/embed\/BTACjQkJXCc?start=2388&#038;feature=oembed\" frameborder=\"0\" allow=\"accelerometer; autoplay; clipboard-write; encrypted-media; gyroscope; picture-in-picture; web-share\" referrerpolicy=\"strict-origin-when-cross-origin\" allowfullscreen><\/iframe>\n<\/div><\/figure>\n\n\n\n<p>Concierto-Homenaje a Aute 00:00 \u00abPasaba por aqu\u00ed\u00bb 04:55 \u00abRosas en el mar\u00bb 10:19 \u00abLa belleza\u00bb 14:50 \u00abAnda suelto Satan\u00e1s\u00bb 18:04 \u00abAl alba\u00bb 23:59 \u00abCine, cine\u00bb<\/p>\n\n\n\n<figure class=\"wp-block-embed-youtube wp-block-embed is-type-video is-provider-youtube wp-embed-aspect-16-9 wp-has-aspect-ratio\"><div class=\"wp-block-embed__wrapper\">\n<iframe loading=\"lazy\" title=\"Homenaje a AUTE enCOHENtros \/SACO 6. Mapi Quintana y Carlos Pizarro\" width=\"660\" height=\"371\" src=\"https:\/\/www.youtube.com\/embed\/4JLrz9ukm7c?feature=oembed\" frameborder=\"0\" allow=\"accelerometer; autoplay; clipboard-write; encrypted-media; gyroscope; picture-in-picture; web-share\" referrerpolicy=\"strict-origin-when-cross-origin\" allowfullscreen><\/iframe>\n<\/div><\/figure>\n","protected":false},"excerpt":{"rendered":"<p>V\u00eddeo de presentaci\u00f3n de la C\u00e1tedra Leonard Cohen Lesa Luthiers (https:\/\/www.unioviedo.es\/leonardcohen\/index.php\/2018\/03\/05\/les-luthiers-curso-poco-extenso-de-extension-universitaria\/) Jorge Ilegal (https:\/\/www.unioviedo.es\/leonardcohen\/index.php\/2018\/04\/20\/jorge-ilegal\/) Encuentro con Rodrigo Cuevas https:\/\/www.unioviedo.es\/leonardcohen\/index.php\/2019\/03\/14\/el-cuple-del-siglo-xx-al-xxi-cancion-y-cambio-social\/ Charla sobre la hsitoria del cupl\u00e9 y encuentro con Lili\u00e1n de Celis Concierto Rodrigo Cuevas y Lili\u00e1n de Celis #Cohencierto (selecci\u00f3n) 00:00 \u00abHallelujah\u00bb, versi\u00f3n de Igor Paskual 4:52 V\u00eddeo presentaci\u00f3n de Igor Paskual 6:13 \u00abTierra firme\u00bb, &hellip; <a href=\"https:\/\/www.unioviedo.es\/leonardcohen\/index.php\/videos\/\" class=\"more-link\">Sigue leyendo <span class=\"screen-reader-text\">V\u00eddeos<\/span><\/a><\/p>\n","protected":false},"author":1,"featured_media":0,"parent":0,"menu_order":0,"comment_status":"closed","ping_status":"closed","template":"","meta":{"footnotes":""},"class_list":["post-713","page","type-page","status-publish","hentry"],"_links":{"self":[{"href":"https:\/\/www.unioviedo.es\/leonardcohen\/index.php\/wp-json\/wp\/v2\/pages\/713","targetHints":{"allow":["GET"]}}],"collection":[{"href":"https:\/\/www.unioviedo.es\/leonardcohen\/index.php\/wp-json\/wp\/v2\/pages"}],"about":[{"href":"https:\/\/www.unioviedo.es\/leonardcohen\/index.php\/wp-json\/wp\/v2\/types\/page"}],"author":[{"embeddable":true,"href":"https:\/\/www.unioviedo.es\/leonardcohen\/index.php\/wp-json\/wp\/v2\/users\/1"}],"replies":[{"embeddable":true,"href":"https:\/\/www.unioviedo.es\/leonardcohen\/index.php\/wp-json\/wp\/v2\/comments?post=713"}],"version-history":[{"count":3,"href":"https:\/\/www.unioviedo.es\/leonardcohen\/index.php\/wp-json\/wp\/v2\/pages\/713\/revisions"}],"predecessor-version":[{"id":1141,"href":"https:\/\/www.unioviedo.es\/leonardcohen\/index.php\/wp-json\/wp\/v2\/pages\/713\/revisions\/1141"}],"wp:attachment":[{"href":"https:\/\/www.unioviedo.es\/leonardcohen\/index.php\/wp-json\/wp\/v2\/media?parent=713"}],"curies":[{"name":"wp","href":"https:\/\/api.w.org\/{rel}","templated":true}]}}