{"id":762,"date":"2019-07-03T10:13:40","date_gmt":"2019-07-03T08:13:40","guid":{"rendered":"http:\/\/www.unioviedo.es\/leonardcohen\/?page_id=762"},"modified":"2021-04-02T11:44:52","modified_gmt":"2021-04-02T09:44:52","slug":"herramientas-para-la-investigacion","status":"publish","type":"page","link":"https:\/\/www.unioviedo.es\/leonardcohen\/index.php\/herramientas-para-la-investigacion\/","title":{"rendered":"Herramientas para la investigaci\u00f3n"},"content":{"rendered":"\n<p><strong>En este apartado la C\u00e1tedra pone a disposici\u00f3n de los usuarios distintas herramientas y fuentes de informaci\u00f3n que pueden facilitar la labor de investigaci\u00f3n acerca de la figura y el trabajo de Leonard Cohen.<\/strong><\/p>\n\n\n\n<p style=\"text-align:left\" class=\"has-background has-bright-blue-background-color\">La <strong>Universidad de Toronto<\/strong> (University of Toronto) custodia la mayor parte del <strong>archivo de Leonard Cohen<\/strong>. Este se encuentra en la<strong> <\/strong><em><strong>Thomas Fisher Rare Book Library<\/strong><\/em><strong> <\/strong>y est\u00e1 compuesto por 160 cajas de material donado por Cohen a la biblioteca a lo largo de su trayectoria profesional: cartas y notas escritas a mano, borradores de sus primeros poemas, manuscritos de sus novelas, letras de canciones, discos, retratos y pinturas. <br>El enlace que aparece a continuaci\u00f3n remite a la p\u00e1gina del archivo donde se puede consultar el material disponible y las v\u00edas de acceso al mismo. <br><br><a rel=\"noreferrer noopener\" aria-label=\" (abre en una nueva pesta\u00f1a)\" href=\"https:\/\/discoverarchives.library.utoronto.ca\/index.php\/leonard-cohen-papers\" target=\"_blank\">https:\/\/discoverarchives.library.utoronto.ca\/index.php\/leonard-cohen-papers<\/a><\/p>\n\n\n\n<p><\/p>\n\n\n\n<ul class=\"wp-block-gallery aligncenter columns-1 is-cropped wp-block-gallery-1 is-layout-flex wp-block-gallery-is-layout-flex\"><li class=\"blocks-gallery-item\"><figure><img loading=\"lazy\" decoding=\"async\" width=\"950\" height=\"633\" src=\"https:\/\/www.unioviedo.es\/leonardcohen\/wp-content\/uploads\/2019\/07\/0_7644321.jpg\" alt=\"\" data-id=\"768\" data-link=\"https:\/\/www.unioviedo.es\/leonardcohen\/index.php\/herramientas-para-la-investigacion\/0_7644321\/\" class=\"wp-image-768\" srcset=\"https:\/\/www.unioviedo.es\/leonardcohen\/wp-content\/uploads\/2019\/07\/0_7644321.jpg 950w, https:\/\/www.unioviedo.es\/leonardcohen\/wp-content\/uploads\/2019\/07\/0_7644321-300x200.jpg 300w, https:\/\/www.unioviedo.es\/leonardcohen\/wp-content\/uploads\/2019\/07\/0_7644321-768x512.jpg 768w\" sizes=\"auto, (max-width: 950px) 100vw, 950px\" \/><figcaption>Fotograf\u00eda de la<em> Thomas Fisher Rare Book Library<\/em>.<\/figcaption><\/figure><\/li><\/ul>\n\n\n\n<p class=\"has-background has-yellow-background-color\"> La<strong> web oficial<\/strong> de Leonard Cohen en ingl\u00e9s, donde se encuentra toda la informaci\u00f3n referente a la obra completa del autor y a las \u00faltimas actualizaciones.<br><br><a rel=\"noreferrer noopener\" aria-label=\" (abre en una nueva pesta\u00f1a)\" href=\"https:\/\/leonardcohen.com\/\" target=\"_blank\">https:\/\/leonardcohen.com\/<\/a><br><\/p>\n\n\n\n<p class=\"has-background has-bright-blue-background-color\"><strong>La p\u00e1gina \u201cThe Leonard Cohen Concordance\u201d <\/strong>ofrece la posibilidad de hacer una b\u00fasqueda avanzada de palabras claves (en ingl\u00e9s) en las novelas, los relatos cortos, los poemarios y las letras de canciones del cantautor y poeta canadiense.<br><br><a rel=\"noreferrer noopener\" aria-label=\" (abre en una nueva pesta\u00f1a)\" href=\"http:\/\/www.webheights.net\/cohenconcordance\/index.htm\" target=\"_blank\">http:\/\/www.webheights.net\/cohenconcordance\/index.htm<\/a><\/p>\n\n\n\n<p class=\"has-background has-yellow-background-color\"><strong>La p\u00e1gina Uned de Asturia<\/strong>s ha elaborado una lista ordenada alfab\u00e9ticamente de personas que tuvieron alg\u00fan tipo vinculaci\u00f3n o de presencia importante en la vida y obra de Leonard Cohen. Se puede consultar en el siguiente enlace:<br><br><a rel=\"noreferrer noopener\" aria-label=\" (abre en una nueva pesta\u00f1a)\" href=\"http:\/\/www.unedasturias.es\/cohen\/nombres-propios\/nombres.htm\" target=\"_blank\">http:\/\/www.unedasturias.es\/cohen\/nombres-propios\/nombres.htm<\/a><\/p>\n\n\n\n<p class=\"has-background has-bright-blue-background-color\">La p\u00e1gina <strong>Leonard Cohen Files<\/strong>, dirigida actualmente por Jarkko Arjatsalo desde Finlandia, es una fuente en activo desde 1995 que cont\u00f3 con la supervisi\u00f3n del propio Cohen. La web ofrece acceso a filmograf\u00eda, bocetos, autorretratos y dibujos, fotos, an\u00e1lisis, \u00e1lbumes de versiones y homenajes, la reproducci\u00f3n de poemas no publicados, informaci\u00f3n sobre eventos y tours y un largo etc\u00e9tera.<br><br><a rel=\"noreferrer noopener\" href=\"http:\/\/www.leonardcohenfiles.com\/\" target=\"_blank\">http:\/\/www.leonardcohenfiles.com<\/a>    <\/p>\n","protected":false},"excerpt":{"rendered":"<p>En este apartado la C\u00e1tedra pone a disposici\u00f3n de los usuarios distintas herramientas y fuentes de informaci\u00f3n que pueden facilitar la labor de investigaci\u00f3n acerca de la figura y el trabajo de Leonard Cohen. La Universidad de Toronto (University of Toronto) custodia la mayor parte del archivo de Leonard Cohen. Este se encuentra en la &hellip; <a href=\"https:\/\/www.unioviedo.es\/leonardcohen\/index.php\/herramientas-para-la-investigacion\/\" class=\"more-link\">Sigue leyendo <span class=\"screen-reader-text\">Herramientas para la investigaci\u00f3n<\/span><\/a><\/p>\n","protected":false},"author":1,"featured_media":0,"parent":0,"menu_order":0,"comment_status":"closed","ping_status":"closed","template":"","meta":{"footnotes":""},"class_list":["post-762","page","type-page","status-publish","hentry"],"_links":{"self":[{"href":"https:\/\/www.unioviedo.es\/leonardcohen\/index.php\/wp-json\/wp\/v2\/pages\/762","targetHints":{"allow":["GET"]}}],"collection":[{"href":"https:\/\/www.unioviedo.es\/leonardcohen\/index.php\/wp-json\/wp\/v2\/pages"}],"about":[{"href":"https:\/\/www.unioviedo.es\/leonardcohen\/index.php\/wp-json\/wp\/v2\/types\/page"}],"author":[{"embeddable":true,"href":"https:\/\/www.unioviedo.es\/leonardcohen\/index.php\/wp-json\/wp\/v2\/users\/1"}],"replies":[{"embeddable":true,"href":"https:\/\/www.unioviedo.es\/leonardcohen\/index.php\/wp-json\/wp\/v2\/comments?post=762"}],"version-history":[{"count":7,"href":"https:\/\/www.unioviedo.es\/leonardcohen\/index.php\/wp-json\/wp\/v2\/pages\/762\/revisions"}],"predecessor-version":[{"id":1207,"href":"https:\/\/www.unioviedo.es\/leonardcohen\/index.php\/wp-json\/wp\/v2\/pages\/762\/revisions\/1207"}],"wp:attachment":[{"href":"https:\/\/www.unioviedo.es\/leonardcohen\/index.php\/wp-json\/wp\/v2\/media?parent=762"}],"curies":[{"name":"wp","href":"https:\/\/api.w.org\/{rel}","templated":true}]}}