{"id":69,"date":"2023-02-28T23:48:12","date_gmt":"2023-02-28T23:48:12","guid":{"rendered":"https:\/\/www.unioviedo.es\/ligadebate\/?page_id=69"},"modified":"2023-03-20T13:00:23","modified_gmt":"2023-03-20T13:00:23","slug":"programa-debate-uniovi","status":"publish","type":"page","link":"https:\/\/www.unioviedo.es\/ligadebate\/?page_id=69","title":{"rendered":"Programa"},"content":{"rendered":"\t\t<div data-elementor-type=\"wp-page\" data-elementor-id=\"69\" class=\"elementor elementor-69\">\n\t\t\t\t\t\t\t\t\t<section class=\"elementor-section elementor-top-section elementor-element elementor-element-503bcc2a elementor-section-boxed elementor-section-height-default elementor-section-height-default\" data-id=\"503bcc2a\" data-element_type=\"section\" data-settings=\"{&quot;background_background&quot;:&quot;classic&quot;}\">\n\t\t\t\t\t\t\t<div class=\"elementor-background-overlay\"><\/div>\n\t\t\t\t\t\t\t<div class=\"elementor-container elementor-column-gap-default\">\n\t\t\t\t\t<div class=\"elementor-column elementor-col-100 elementor-top-column elementor-element elementor-element-c883df0\" data-id=\"c883df0\" data-element_type=\"column\">\n\t\t\t<div class=\"elementor-widget-wrap\">\n\t\t\t\t\t\t\t\t\t<\/div>\n\t\t<\/div>\n\t\t\t\t\t\t\t<\/div>\n\t\t<\/section>\n\t\t\t\t<section class=\"elementor-section elementor-top-section elementor-element elementor-element-1fd080f9 elementor-reverse-tablet elementor-reverse-mobile elementor-section-boxed elementor-section-height-default elementor-section-height-default\" data-id=\"1fd080f9\" data-element_type=\"section\">\n\t\t\t\t\t\t<div class=\"elementor-container elementor-column-gap-default\">\n\t\t\t\t\t<div class=\"elementor-column elementor-col-100 elementor-top-column elementor-element elementor-element-322edf98\" data-id=\"322edf98\" data-element_type=\"column\">\n\t\t\t<div class=\"elementor-widget-wrap elementor-element-populated\">\n\t\t\t\t\t\t\t\t<div class=\"elementor-element elementor-element-288ddfa6 elementor-invisible elementor-widget elementor-widget-heading\" data-id=\"288ddfa6\" data-element_type=\"widget\" data-settings=\"{&quot;_animation&quot;:&quot;fadeInUp&quot;}\" data-widget_type=\"heading.default\">\n\t\t\t\t<div class=\"elementor-widget-container\">\n\t\t\t<style>\/*! elementor - v3.11.2 - 22-02-2023 *\/\n.elementor-heading-title{padding:0;margin:0;line-height:1}.elementor-widget-heading .elementor-heading-title[class*=elementor-size-]>a{color:inherit;font-size:inherit;line-height:inherit}.elementor-widget-heading .elementor-heading-title.elementor-size-small{font-size:15px}.elementor-widget-heading .elementor-heading-title.elementor-size-medium{font-size:19px}.elementor-widget-heading .elementor-heading-title.elementor-size-large{font-size:29px}.elementor-widget-heading .elementor-heading-title.elementor-size-xl{font-size:39px}.elementor-widget-heading .elementor-heading-title.elementor-size-xxl{font-size:59px}<\/style><h2 class=\"elementor-heading-title elementor-size-default\">Programa<\/h2>\t\t<\/div>\n\t\t\t\t<\/div>\n\t\t\t\t<section class=\"elementor-section elementor-inner-section elementor-element elementor-element-11dbc794 elementor-section-boxed elementor-section-height-default elementor-section-height-default elementor-invisible\" data-id=\"11dbc794\" data-element_type=\"section\" data-settings=\"{&quot;animation&quot;:&quot;fadeInRight&quot;}\">\n\t\t\t\t\t\t<div class=\"elementor-container elementor-column-gap-default\">\n\t\t\t\t\t<div class=\"elementor-column elementor-col-50 elementor-inner-column elementor-element elementor-element-7543b9b2\" data-id=\"7543b9b2\" data-element_type=\"column\" data-settings=\"{&quot;background_background&quot;:&quot;classic&quot;}\">\n\t\t\t<div class=\"elementor-widget-wrap\">\n\t\t\t\t\t\t\t\t\t<\/div>\n\t\t<\/div>\n\t\t\t\t<div class=\"elementor-column elementor-col-50 elementor-inner-column elementor-element elementor-element-38b0f589\" data-id=\"38b0f589\" data-element_type=\"column\">\n\t\t\t<div class=\"elementor-widget-wrap elementor-element-populated\">\n\t\t\t\t\t\t\t\t<div class=\"elementor-element elementor-element-207a7ecd elementor-position-left elementor-vertical-align-middle elementor-view-default elementor-mobile-position-top elementor-widget elementor-widget-icon-box\" data-id=\"207a7ecd\" data-element_type=\"widget\" data-widget_type=\"icon-box.default\">\n\t\t\t\t<div class=\"elementor-widget-container\">\n\t\t\t<link rel=\"stylesheet\" href=\"https:\/\/www.unioviedo.es\/ligadebate\/wp-content\/plugins\/elementor\/assets\/css\/widget-icon-box.min.css\">\t\t<div class=\"elementor-icon-box-wrapper\">\n\t\t\t\t\t\t<div class=\"elementor-icon-box-icon\">\n\t\t\t\t<span class=\"elementor-icon elementor-animation-\" >\n\t\t\t\t<i aria-hidden=\"true\" class=\"icon icon-Computer\"><\/i>\t\t\t\t<\/span>\n\t\t\t<\/div>\n\t\t\t\t\t\t<div class=\"elementor-icon-box-content\">\n\t\t\t\t<h5 class=\"elementor-icon-box-title\">\n\t\t\t\t\t<span  >\n\t\t\t\t\t\tMi\u00e9rcoles, 22 de marzo\t\t\t\t\t<\/span>\n\t\t\t\t<\/h5>\n\t\t\t\t\t\t\t<\/div>\n\t\t<\/div>\n\t\t\t\t<\/div>\n\t\t\t\t<\/div>\n\t\t\t\t<div class=\"elementor-element elementor-element-3f6161c0 elementor-widget elementor-widget-text-editor\" data-id=\"3f6161c0\" data-element_type=\"widget\" data-widget_type=\"text-editor.default\">\n\t\t\t\t<div class=\"elementor-widget-container\">\n\t\t\t<style>\/*! elementor - v3.11.2 - 22-02-2023 *\/\n.elementor-widget-text-editor.elementor-drop-cap-view-stacked .elementor-drop-cap{background-color:#818a91;color:#fff}.elementor-widget-text-editor.elementor-drop-cap-view-framed .elementor-drop-cap{color:#818a91;border:3px solid;background-color:transparent}.elementor-widget-text-editor:not(.elementor-drop-cap-view-default) .elementor-drop-cap{margin-top:8px}.elementor-widget-text-editor:not(.elementor-drop-cap-view-default) .elementor-drop-cap-letter{width:1em;height:1em}.elementor-widget-text-editor .elementor-drop-cap{float:left;text-align:center;line-height:1;font-size:50px}.elementor-widget-text-editor .elementor-drop-cap-letter{display:inline-block}<\/style>\t\t\t\t<p>19:00 h: Recogida de acreditaciones<br \/>19:15 h: Inauguraci\u00f3n y saludos institucionales<br \/>19.45 h: VII Certamen \u201cMejor discurso\u201d G9<br \/>21:00 h: Cena de equipos, jueces, representantes institucionales y organizaci\u00f3n<\/p>\t\t\t\t\t\t<\/div>\n\t\t\t\t<\/div>\n\t\t\t\t\t<\/div>\n\t\t<\/div>\n\t\t\t\t\t\t\t<\/div>\n\t\t<\/section>\n\t\t\t\t<section class=\"elementor-section elementor-inner-section elementor-element elementor-element-1c5c1c9d elementor-section-boxed elementor-section-height-default elementor-section-height-default elementor-invisible\" data-id=\"1c5c1c9d\" data-element_type=\"section\" data-settings=\"{&quot;animation&quot;:&quot;fadeInRight&quot;,&quot;animation_delay&quot;:200}\">\n\t\t\t\t\t\t<div class=\"elementor-container elementor-column-gap-default\">\n\t\t\t\t\t<div class=\"elementor-column elementor-col-50 elementor-inner-column elementor-element elementor-element-10618494\" data-id=\"10618494\" data-element_type=\"column\" data-settings=\"{&quot;background_background&quot;:&quot;classic&quot;}\">\n\t\t\t<div class=\"elementor-widget-wrap\">\n\t\t\t\t\t\t\t\t\t<\/div>\n\t\t<\/div>\n\t\t\t\t<div class=\"elementor-column elementor-col-50 elementor-inner-column elementor-element elementor-element-4f8cee6a\" data-id=\"4f8cee6a\" data-element_type=\"column\">\n\t\t\t<div class=\"elementor-widget-wrap elementor-element-populated\">\n\t\t\t\t\t\t\t\t<div class=\"elementor-element elementor-element-c12f591 elementor-position-left elementor-vertical-align-middle elementor-view-default elementor-mobile-position-top elementor-widget elementor-widget-icon-box\" data-id=\"c12f591\" data-element_type=\"widget\" data-widget_type=\"icon-box.default\">\n\t\t\t\t<div class=\"elementor-widget-container\">\n\t\t\t\t\t<div class=\"elementor-icon-box-wrapper\">\n\t\t\t\t\t\t<div class=\"elementor-icon-box-icon\">\n\t\t\t\t<span class=\"elementor-icon elementor-animation-\" >\n\t\t\t\t<i aria-hidden=\"true\" class=\"icon icon-Computer\"><\/i>\t\t\t\t<\/span>\n\t\t\t<\/div>\n\t\t\t\t\t\t<div class=\"elementor-icon-box-content\">\n\t\t\t\t<h5 class=\"elementor-icon-box-title\">\n\t\t\t\t\t<span  >\n\t\t\t\t\t\tJueves, 23 de marzo\t\t\t\t\t<\/span>\n\t\t\t\t<\/h5>\n\t\t\t\t\t\t\t<\/div>\n\t\t<\/div>\n\t\t\t\t<\/div>\n\t\t\t\t<\/div>\n\t\t\t\t<div class=\"elementor-element elementor-element-e4f999c elementor-widget elementor-widget-text-editor\" data-id=\"e4f999c\" data-element_type=\"widget\" data-widget_type=\"text-editor.default\">\n\t\t\t\t<div class=\"elementor-widget-container\">\n\t\t\t\t\t\t\t<p>9:30 h: Sorteo de emparejamientos, en PARANINFO.<br \/>10:15 h: Primera fase de debates en PARANINFO, AULA MAGNA y BIBLIOTECA, seg\u00fan cuadro de competici\u00f3n.<br \/>12:00 h: Pausa caf\u00e9<br \/>14:00 h: Comida de equipos, jueces, representantes institucionales y organizaci\u00f3n<br \/>15:45 h: Comunicaci\u00f3n de equipos clasificados y sorteo seg\u00fan cuadro competici\u00f3n, en PARANINFO<br \/>16:00 h: Segunda fase de debates en PARANINFO y AULA MAGNA<br \/>20:00 h: Comunicaci\u00f3n de equipos finalistas y cierre de la jornada, en PARANINFO<br \/>22:00 h: Cena de equipos, jueces, representantes institucionales y organizaci\u00f3n<\/p>\t\t\t\t\t\t<\/div>\n\t\t\t\t<\/div>\n\t\t\t\t\t<\/div>\n\t\t<\/div>\n\t\t\t\t\t\t\t<\/div>\n\t\t<\/section>\n\t\t\t\t<section class=\"elementor-section elementor-inner-section elementor-element elementor-element-5b98764 elementor-section-boxed elementor-section-height-default elementor-section-height-default elementor-invisible\" data-id=\"5b98764\" data-element_type=\"section\" data-settings=\"{&quot;animation&quot;:&quot;fadeInRight&quot;,&quot;animation_delay&quot;:200}\">\n\t\t\t\t\t\t<div class=\"elementor-container elementor-column-gap-default\">\n\t\t\t\t\t<div class=\"elementor-column elementor-col-50 elementor-inner-column elementor-element elementor-element-17a79e9\" data-id=\"17a79e9\" data-element_type=\"column\" data-settings=\"{&quot;background_background&quot;:&quot;classic&quot;}\">\n\t\t\t<div class=\"elementor-widget-wrap\">\n\t\t\t\t\t\t\t\t\t<\/div>\n\t\t<\/div>\n\t\t\t\t<div class=\"elementor-column elementor-col-50 elementor-inner-column elementor-element elementor-element-a60623d\" data-id=\"a60623d\" data-element_type=\"column\">\n\t\t\t<div class=\"elementor-widget-wrap elementor-element-populated\">\n\t\t\t\t\t\t\t\t<div class=\"elementor-element elementor-element-1c33b55 elementor-position-left elementor-vertical-align-middle elementor-view-default elementor-mobile-position-top elementor-widget elementor-widget-icon-box\" data-id=\"1c33b55\" data-element_type=\"widget\" data-widget_type=\"icon-box.default\">\n\t\t\t\t<div class=\"elementor-widget-container\">\n\t\t\t\t\t<div class=\"elementor-icon-box-wrapper\">\n\t\t\t\t\t\t<div class=\"elementor-icon-box-icon\">\n\t\t\t\t<span class=\"elementor-icon elementor-animation-\" >\n\t\t\t\t<i aria-hidden=\"true\" class=\"icon icon-Safe-house\"><\/i>\t\t\t\t<\/span>\n\t\t\t<\/div>\n\t\t\t\t\t\t<div class=\"elementor-icon-box-content\">\n\t\t\t\t<h5 class=\"elementor-icon-box-title\">\n\t\t\t\t\t<span  >\n\t\t\t\t\t\tViernes, 24 de marzo\t\t\t\t\t<\/span>\n\t\t\t\t<\/h5>\n\t\t\t\t\t\t\t<\/div>\n\t\t<\/div>\n\t\t\t\t<\/div>\n\t\t\t\t<\/div>\n\t\t\t\t<div class=\"elementor-element elementor-element-8fa2e46 elementor-widget elementor-widget-text-editor\" data-id=\"8fa2e46\" data-element_type=\"widget\" data-widget_type=\"text-editor.default\">\n\t\t\t\t<div class=\"elementor-widget-container\">\n\t\t\t\t\t\t\t<p>11:15 h: Acceso a la Junta General del Principado<br \/>11:30 h: Recepci\u00f3n y saludos institucionales<br \/>12:00 h: FINAL DE LA XIII LIGA DE DEBATE INTERUNIVERSITARIO DEL G9<br \/>13:00 h: Repetici\u00f3n del discurso ganador del VII Certamen \u201cMejor Discurso\u201d G9<br \/>13:15 h: Entrega de premios, clausura y despedida<\/p>\t\t\t\t\t\t<\/div>\n\t\t\t\t<\/div>\n\t\t\t\t\t<\/div>\n\t\t<\/div>\n\t\t\t\t\t\t\t<\/div>\n\t\t<\/section>\n\t\t\t\t\t<\/div>\n\t\t<\/div>\n\t\t\t\t\t\t\t<\/div>\n\t\t<\/section>\n\t\t\t\t<section class=\"elementor-section elementor-top-section elementor-element elementor-element-6b79cb69 elementor-section-boxed elementor-section-height-default elementor-section-height-default\" data-id=\"6b79cb69\" data-element_type=\"section\" data-settings=\"{&quot;background_background&quot;:&quot;classic&quot;}\">\n\t\t\t\t\t\t\t<div class=\"elementor-background-overlay\"><\/div>\n\t\t\t\t\t\t\t<div class=\"elementor-container elementor-column-gap-no\">\n\t\t\t\t\t<div class=\"elementor-column elementor-col-100 elementor-top-column elementor-element elementor-element-3bae3666\" data-id=\"3bae3666\" data-element_type=\"column\">\n\t\t\t<div class=\"elementor-widget-wrap elementor-element-populated\">\n\t\t\t\t\t\t\t\t<div class=\"elementor-element elementor-element-75a37ffa elementor-align-center elementor-widget elementor-widget-button\" data-id=\"75a37ffa\" data-element_type=\"widget\" data-widget_type=\"button.default\">\n\t\t\t\t<div class=\"elementor-widget-container\">\n\t\t\t\t\t<div class=\"elementor-button-wrapper\">\n\t\t\t<a href=\"https:\/\/www.unioviedo.es\/ligadebate\/index.php\/participantes-debate-uniovi\/\" class=\"elementor-button-link elementor-button elementor-size-sm elementor-animation-float\" role=\"button\">\n\t\t\t\t\t\t<span class=\"elementor-button-content-wrapper\">\n\t\t\t\t\t\t\t<span class=\"elementor-button-icon elementor-align-icon-right\">\n\t\t\t\t<i aria-hidden=\"true\" class=\"icon icon-arrow-right\"><\/i>\t\t\t<\/span>\n\t\t\t\t\t\t<span class=\"elementor-button-text\">Participantes<\/span>\n\t\t<\/span>\n\t\t\t\t\t<\/a>\n\t\t<\/div>\n\t\t\t\t<\/div>\n\t\t\t\t<\/div>\n\t\t\t\t\t<\/div>\n\t\t<\/div>\n\t\t\t\t\t\t\t<\/div>\n\t\t<\/section>\n\t\t\t\t\t\t\t<\/div>\n\t\t","protected":false},"excerpt":{"rendered":"<p>Programa Mi\u00e9rcoles, 22 de marzo 19:00 h: Recogida de acreditaciones19:15 h: Inauguraci\u00f3n y saludos institucionales19.45 h: VII Certamen \u201cMejor discurso\u201d G921:00 h: Cena de equipos, jueces, representantes institucionales y organizaci\u00f3n Jueves, 23 de marzo 9:30 h: Sorteo de emparejamientos, en PARANINFO.10:15 h: Primera fase de debates en PARANINFO, AULA MAGNA y BIBLIOTECA, seg\u00fan cuadro de [&hellip;]<\/p>\n","protected":false},"author":1,"featured_media":0,"parent":0,"menu_order":0,"comment_status":"closed","ping_status":"closed","template":"","meta":{"footnotes":""},"class_list":["post-69","page","type-page","status-publish","hentry"],"yoast_head":"<!-- This site is optimized with the Yoast SEO plugin v27.4 - https:\/\/yoast.com\/product\/yoast-seo-wordpress\/ -->\n<title>Programa - Liga Nacional de Debate Universitario<\/title>\n<meta name=\"robots\" content=\"index, follow, max-snippet:-1, max-image-preview:large, max-video-preview:-1\" \/>\n<link rel=\"canonical\" href=\"https:\/\/www.unioviedo.es\/ligadebate\/?page_id=69\" \/>\n<meta property=\"og:locale\" content=\"es_ES\" \/>\n<meta property=\"og:type\" content=\"article\" \/>\n<meta property=\"og:title\" content=\"Programa - Liga Nacional de Debate Universitario\" \/>\n<meta property=\"og:description\" content=\"Programa Mi\u00e9rcoles, 22 de marzo 19:00 h: Recogida de acreditaciones19:15 h: Inauguraci\u00f3n y saludos institucionales19.45 h: VII Certamen \u201cMejor discurso\u201d G921:00 h: Cena de equipos, jueces, representantes institucionales y organizaci\u00f3n Jueves, 23 de marzo 9:30 h: Sorteo de emparejamientos, en PARANINFO.10:15 h: Primera fase de debates en PARANINFO, AULA MAGNA y BIBLIOTECA, seg\u00fan cuadro de [&hellip;]\" \/>\n<meta property=\"og:url\" content=\"https:\/\/www.unioviedo.es\/ligadebate\/?page_id=69\" \/>\n<meta property=\"og:site_name\" content=\"Liga Nacional de Debate Universitario\" \/>\n<meta property=\"article:modified_time\" content=\"2023-03-20T13:00:23+00:00\" \/>\n<meta name=\"twitter:card\" content=\"summary_large_image\" \/>\n<meta name=\"twitter:label1\" content=\"Tiempo de lectura\" \/>\n\t<meta name=\"twitter:data1\" content=\"1 minuto\" \/>\n<script type=\"application\/ld+json\" class=\"yoast-schema-graph\">{\"@context\":\"https:\\\/\\\/schema.org\",\"@graph\":[{\"@type\":\"WebPage\",\"@id\":\"https:\\\/\\\/www.unioviedo.es\\\/ligadebate\\\/?page_id=69\",\"url\":\"https:\\\/\\\/www.unioviedo.es\\\/ligadebate\\\/?page_id=69\",\"name\":\"Programa - Liga Nacional de Debate Universitario\",\"isPartOf\":{\"@id\":\"https:\\\/\\\/www.unioviedo.es\\\/ligadebate\\\/#website\"},\"datePublished\":\"2023-02-28T23:48:12+00:00\",\"dateModified\":\"2023-03-20T13:00:23+00:00\",\"breadcrumb\":{\"@id\":\"https:\\\/\\\/www.unioviedo.es\\\/ligadebate\\\/?page_id=69#breadcrumb\"},\"inLanguage\":\"es\",\"potentialAction\":[{\"@type\":\"ReadAction\",\"target\":[\"https:\\\/\\\/www.unioviedo.es\\\/ligadebate\\\/?page_id=69\"]}]},{\"@type\":\"BreadcrumbList\",\"@id\":\"https:\\\/\\\/www.unioviedo.es\\\/ligadebate\\\/?page_id=69#breadcrumb\",\"itemListElement\":[{\"@type\":\"ListItem\",\"position\":1,\"name\":\"Portada\",\"item\":\"https:\\\/\\\/www.unioviedo.es\\\/ligadebate\\\/\"},{\"@type\":\"ListItem\",\"position\":2,\"name\":\"Programa\"}]},{\"@type\":\"WebSite\",\"@id\":\"https:\\\/\\\/www.unioviedo.es\\\/ligadebate\\\/#website\",\"url\":\"https:\\\/\\\/www.unioviedo.es\\\/ligadebate\\\/\",\"name\":\"Liga Nacional de Debate Universitario\",\"description\":\"XIII Liga de Debate Interuniversitario Grupo 9 Universidades\",\"publisher\":{\"@id\":\"https:\\\/\\\/www.unioviedo.es\\\/ligadebate\\\/#organization\"},\"potentialAction\":[{\"@type\":\"SearchAction\",\"target\":{\"@type\":\"EntryPoint\",\"urlTemplate\":\"https:\\\/\\\/www.unioviedo.es\\\/ligadebate\\\/?s={search_term_string}\"},\"query-input\":{\"@type\":\"PropertyValueSpecification\",\"valueRequired\":true,\"valueName\":\"search_term_string\"}}],\"inLanguage\":\"es\"},{\"@type\":\"Organization\",\"@id\":\"https:\\\/\\\/www.unioviedo.es\\\/ligadebate\\\/#organization\",\"name\":\"Liga Nacional de Debate Universitario\",\"url\":\"https:\\\/\\\/www.unioviedo.es\\\/ligadebate\\\/\",\"logo\":{\"@type\":\"ImageObject\",\"inLanguage\":\"es\",\"@id\":\"https:\\\/\\\/www.unioviedo.es\\\/ligadebate\\\/#\\\/schema\\\/logo\\\/image\\\/\",\"url\":\"https:\\\/\\\/www.unioviedo.es\\\/ligadebate\\\/wp-content\\\/uploads\\\/2023\\\/03\\\/cropped-2023-01-18-LIGA-Debate-Logo-Grande.png\",\"contentUrl\":\"https:\\\/\\\/www.unioviedo.es\\\/ligadebate\\\/wp-content\\\/uploads\\\/2023\\\/03\\\/cropped-2023-01-18-LIGA-Debate-Logo-Grande.png\",\"width\":702,\"height\":346,\"caption\":\"Liga Nacional de Debate Universitario\"},\"image\":{\"@id\":\"https:\\\/\\\/www.unioviedo.es\\\/ligadebate\\\/#\\\/schema\\\/logo\\\/image\\\/\"}}]}<\/script>\n<!-- \/ Yoast SEO plugin. -->","yoast_head_json":{"title":"Programa - Liga Nacional de Debate Universitario","robots":{"index":"index","follow":"follow","max-snippet":"max-snippet:-1","max-image-preview":"max-image-preview:large","max-video-preview":"max-video-preview:-1"},"canonical":"https:\/\/www.unioviedo.es\/ligadebate\/?page_id=69","og_locale":"es_ES","og_type":"article","og_title":"Programa - Liga Nacional de Debate Universitario","og_description":"Programa Mi\u00e9rcoles, 22 de marzo 19:00 h: Recogida de acreditaciones19:15 h: Inauguraci\u00f3n y saludos institucionales19.45 h: VII Certamen \u201cMejor discurso\u201d G921:00 h: Cena de equipos, jueces, representantes institucionales y organizaci\u00f3n Jueves, 23 de marzo 9:30 h: Sorteo de emparejamientos, en PARANINFO.10:15 h: Primera fase de debates en PARANINFO, AULA MAGNA y BIBLIOTECA, seg\u00fan cuadro de [&hellip;]","og_url":"https:\/\/www.unioviedo.es\/ligadebate\/?page_id=69","og_site_name":"Liga Nacional de Debate Universitario","article_modified_time":"2023-03-20T13:00:23+00:00","twitter_card":"summary_large_image","twitter_misc":{"Tiempo de lectura":"1 minuto"},"schema":{"@context":"https:\/\/schema.org","@graph":[{"@type":"WebPage","@id":"https:\/\/www.unioviedo.es\/ligadebate\/?page_id=69","url":"https:\/\/www.unioviedo.es\/ligadebate\/?page_id=69","name":"Programa - Liga Nacional de Debate Universitario","isPartOf":{"@id":"https:\/\/www.unioviedo.es\/ligadebate\/#website"},"datePublished":"2023-02-28T23:48:12+00:00","dateModified":"2023-03-20T13:00:23+00:00","breadcrumb":{"@id":"https:\/\/www.unioviedo.es\/ligadebate\/?page_id=69#breadcrumb"},"inLanguage":"es","potentialAction":[{"@type":"ReadAction","target":["https:\/\/www.unioviedo.es\/ligadebate\/?page_id=69"]}]},{"@type":"BreadcrumbList","@id":"https:\/\/www.unioviedo.es\/ligadebate\/?page_id=69#breadcrumb","itemListElement":[{"@type":"ListItem","position":1,"name":"Portada","item":"https:\/\/www.unioviedo.es\/ligadebate\/"},{"@type":"ListItem","position":2,"name":"Programa"}]},{"@type":"WebSite","@id":"https:\/\/www.unioviedo.es\/ligadebate\/#website","url":"https:\/\/www.unioviedo.es\/ligadebate\/","name":"Liga Nacional de Debate Universitario","description":"XIII Liga de Debate Interuniversitario Grupo 9 Universidades","publisher":{"@id":"https:\/\/www.unioviedo.es\/ligadebate\/#organization"},"potentialAction":[{"@type":"SearchAction","target":{"@type":"EntryPoint","urlTemplate":"https:\/\/www.unioviedo.es\/ligadebate\/?s={search_term_string}"},"query-input":{"@type":"PropertyValueSpecification","valueRequired":true,"valueName":"search_term_string"}}],"inLanguage":"es"},{"@type":"Organization","@id":"https:\/\/www.unioviedo.es\/ligadebate\/#organization","name":"Liga Nacional de Debate Universitario","url":"https:\/\/www.unioviedo.es\/ligadebate\/","logo":{"@type":"ImageObject","inLanguage":"es","@id":"https:\/\/www.unioviedo.es\/ligadebate\/#\/schema\/logo\/image\/","url":"https:\/\/www.unioviedo.es\/ligadebate\/wp-content\/uploads\/2023\/03\/cropped-2023-01-18-LIGA-Debate-Logo-Grande.png","contentUrl":"https:\/\/www.unioviedo.es\/ligadebate\/wp-content\/uploads\/2023\/03\/cropped-2023-01-18-LIGA-Debate-Logo-Grande.png","width":702,"height":346,"caption":"Liga Nacional de Debate Universitario"},"image":{"@id":"https:\/\/www.unioviedo.es\/ligadebate\/#\/schema\/logo\/image\/"}}]}},"_links":{"self":[{"href":"https:\/\/www.unioviedo.es\/ligadebate\/index.php?rest_route=\/wp\/v2\/pages\/69","targetHints":{"allow":["GET"]}}],"collection":[{"href":"https:\/\/www.unioviedo.es\/ligadebate\/index.php?rest_route=\/wp\/v2\/pages"}],"about":[{"href":"https:\/\/www.unioviedo.es\/ligadebate\/index.php?rest_route=\/wp\/v2\/types\/page"}],"author":[{"embeddable":true,"href":"https:\/\/www.unioviedo.es\/ligadebate\/index.php?rest_route=\/wp\/v2\/users\/1"}],"replies":[{"embeddable":true,"href":"https:\/\/www.unioviedo.es\/ligadebate\/index.php?rest_route=%2Fwp%2Fv2%2Fcomments&post=69"}],"version-history":[{"count":34,"href":"https:\/\/www.unioviedo.es\/ligadebate\/index.php?rest_route=\/wp\/v2\/pages\/69\/revisions"}],"predecessor-version":[{"id":537,"href":"https:\/\/www.unioviedo.es\/ligadebate\/index.php?rest_route=\/wp\/v2\/pages\/69\/revisions\/537"}],"wp:attachment":[{"href":"https:\/\/www.unioviedo.es\/ligadebate\/index.php?rest_route=%2Fwp%2Fv2%2Fmedia&parent=69"}],"curies":[{"name":"wp","href":"https:\/\/api.w.org\/{rel}","templated":true}]}}