{"id":111,"date":"2021-02-11T18:49:30","date_gmt":"2021-02-11T17:49:30","guid":{"rendered":"https:\/\/www.unioviedo.es\/masterTEAyDI\/?page_id=111"},"modified":"2021-06-10T12:22:15","modified_gmt":"2021-06-10T10:22:15","slug":"preinscripcion-y-matriculacion","status":"publish","type":"page","link":"https:\/\/www.unioviedo.es\/masterTEAyDI\/index.php\/preinscripcion-y-matriculacion\/","title":{"rendered":"Preinscripci\u00f3n y matriculaci\u00f3n"},"content":{"rendered":"\n<div class=\"wp-block-columns\">\n<div class=\"wp-block-column\">\n<a href=\"https:\/\/www.uniovi.es\"><img loading=\"lazy\" src=\"https:\/\/www.unioviedo.es\/masterTEAyDI\/wp-content\/uploads\/2021\/02\/Logo-Uniovi-4.png\" alt=\"Universidad de oviedo\" width=\"322\" height=\"105\"><\/a>\n<\/div>\n\n\n\n<div class=\"wp-block-column\">\n<a href=\"https:\/\/cei.uniovi.es\/postgrado\/titulosyfc\/preinscripcionymatricula\"><img loading=\"lazy\" src=\"https:\/\/www.unioviedo.es\/masterTEAyDI\/wp-content\/uploads\/2021\/02\/logo-CIP-9.png\" alt=\"\" width=\"321\" height=\"103\"><\/a>\n<\/div>\n<\/div>\n\n\n\n<h3 style=\"color:#03618a\" class=\"has-inline-color\">Preinscripci\u00f3n y matr\u00edcula curso 2021-2022<\/h3>\n<p>La matr\u00edcula deber\u00e1 realizarse por internet siguiendo las indicaciones que aparecen en la p\u00e1gina web del Centro Internacional de Postgrado de la Universidad de Oviedo (cuyo enlace aparece en esta misma p\u00e1gina). <\/p>\n<p>Una vez realizada la preinscripci\u00f3n deber\u00e1 presentar toda la documentaci\u00f3n en el Registro General de la Universidad de Oviedo o enviarla por correo certificado a la siguiente direcci\u00f3n:<\/p>\n\n<em>Registro General de la Universidad de Oviedo<\/em><br>\nPza. Riego, 4<br>\n33003 Universidad de Oviedo<br>\n<br> \n<dl>\n<dt>PLAZO GENERAL DE PREINSCRIPCI\u00d3N<\/dt>\n<dd>1 de junio a 16 de agosto de 2021<\/dd>\n<dt>PLAZO GENERAL DE MATR\u00cdCULA<\/dt>\n<dd>14 a 22 de septiembre de 2021<\/dd>\n<dt>TASAS DE MATR\u00cdCULA<\/dt>\n<dd>1900 \u20ac<\/dd>\n<dd>(Se realizar\u00e1 en un solo pago al formalizar la matr\u00edcula)<\/dd>\n<dt>Otras fechas del proceso de matr\u00edcula del curso 2021-2022<\/dt>\n<dd><\/dd>\n<dt>Publicaci\u00f3n de listas provisionales<\/dt>\n<dd>3 de septiembre<\/dd>\n<dt>Reclamaciones a las listas provisionales<\/dt>\n<dd>4 y 7 de septiembre<\/dd>\n<dt>Listas definitivas<\/dt>\n<dd>10 de septiembre<\/dd>\n<\/dl>\n\n\n\n<div class=\"wp-block-buttons\">\n<div class=\"wp-block-button is-style-fill\"><a class=\"wp-block-button__link has-black-color has-luminous-vivid-orange-background-color has-text-color has-background\" href=\"https:\/\/cei.uniovi.es\/postgrado\/titulosyfc\/preinscripcionymatricula\">Preinscripci\u00f3n <em>on-line<\/em><\/a><\/div>\n<\/div>\n\n\n\n<div class=\"wp-block-columns\">\n<div class=\"wp-block-column\">\n<img loading=\"lazy\" src=\"https:\/\/www.unioviedo.es\/masterTEAyDI\/wp-content\/uploads\/2021\/02\/logo-CIP-7.png\" alt=\"Centro Internacional de Postgrado\" width=\"350\" height=\"113\">\n\n\n\n<div class=\"wp-block-buttons\">\n<div class=\"wp-block-button\"><a class=\"wp-block-button__link\" href=\"https:\/\/www.unioviedo.es\/masterTEAyDI\/wp-content\/uploads\/2021\/06\/Tutorial_Preinscripcion-Matricula.docx.pdf\">Tutorial preinscripci\u00f3n y matr\u00edcula<\/a><\/div>\n<\/div>\n<\/div>\n\n\n\n<div class=\"wp-block-column\">\n<h4>Centro Internacional de Postgrado<\/h4>\n<address>\nEdificio Hist\u00f3rico. Plaza de Riego, 4<br>\nEntresuelo &#8211; 33003 Oviedo<br>\nTel\u00e9fonos: 985 10 49 17 y 985 10 49 18<br>\nFax: 985 10 49 59<br>\nCorreo electr\u00f3nico:<br>\n<a href=\"mailto:cip.comunicacion@uniovi.es\">cip.comunicacion@uniovi.es<\/a><br>\n<a href=\"mailto:sec.masteres@uniovi.es\">sec.masteres@uniovi.es<\/a>\n<\/address>\n<\/div>\n<\/div>\n\n\n\n<div class=\"wp-block-buttons\">\n<div class=\"wp-block-button is-style-fill\"><a class=\"wp-block-button__link has-black-color has-luminous-vivid-orange-background-color has-text-color has-background\" href=\"https:\/\/cei.uniovi.es\/postgrado\/titulosyfc\/preguntasfrecuentes\">Preguntas frecuentes referentes a T\u00edtulos Propios \n<\/a><\/div>\n<\/div>\n","protected":false},"excerpt":{"rendered":"<p>Preinscripci\u00f3n y matr\u00edcula curso 2021-2022 La matr\u00edcula deber\u00e1 realizarse por internet siguiendo las indicaciones que aparecen en la p\u00e1gina web del Centro Internacional de Postgrado de la Universidad de Oviedo (cuyo enlace aparece en esta misma p\u00e1gina). Una vez realizada la preinscripci\u00f3n deber\u00e1 presentar toda la documentaci\u00f3n en el Registro General de la Universidad de &hellip; <\/p>\n<p class=\"link-more\"><a href=\"https:\/\/www.unioviedo.es\/masterTEAyDI\/index.php\/preinscripcion-y-matriculacion\/\" class=\"more-link\">Continuar leyendo<span class=\"screen-reader-text\"> \u00abPreinscripci\u00f3n y matriculaci\u00f3n\u00bb<\/span><\/a><\/p>\n","protected":false},"author":1,"featured_media":0,"parent":0,"menu_order":0,"comment_status":"closed","ping_status":"closed","template":"","meta":[],"_links":{"self":[{"href":"https:\/\/www.unioviedo.es\/masterTEAyDI\/index.php\/wp-json\/wp\/v2\/pages\/111"}],"collection":[{"href":"https:\/\/www.unioviedo.es\/masterTEAyDI\/index.php\/wp-json\/wp\/v2\/pages"}],"about":[{"href":"https:\/\/www.unioviedo.es\/masterTEAyDI\/index.php\/wp-json\/wp\/v2\/types\/page"}],"author":[{"embeddable":true,"href":"https:\/\/www.unioviedo.es\/masterTEAyDI\/index.php\/wp-json\/wp\/v2\/users\/1"}],"replies":[{"embeddable":true,"href":"https:\/\/www.unioviedo.es\/masterTEAyDI\/index.php\/wp-json\/wp\/v2\/comments?post=111"}],"version-history":[{"count":73,"href":"https:\/\/www.unioviedo.es\/masterTEAyDI\/index.php\/wp-json\/wp\/v2\/pages\/111\/revisions"}],"predecessor-version":[{"id":920,"href":"https:\/\/www.unioviedo.es\/masterTEAyDI\/index.php\/wp-json\/wp\/v2\/pages\/111\/revisions\/920"}],"wp:attachment":[{"href":"https:\/\/www.unioviedo.es\/masterTEAyDI\/index.php\/wp-json\/wp\/v2\/media?parent=111"}],"curies":[{"name":"wp","href":"https:\/\/api.w.org\/{rel}","templated":true}]}}