{"id":262,"date":"2021-02-16T12:28:46","date_gmt":"2021-02-16T11:28:46","guid":{"rendered":"https:\/\/www.unioviedo.es\/masterTEAyDI\/?page_id=262"},"modified":"2021-05-21T19:19:17","modified_gmt":"2021-05-21T17:19:17","slug":"a-quien-va-dirigido","status":"publish","type":"page","link":"https:\/\/www.unioviedo.es\/masterTEAyDI\/index.php\/a-quien-va-dirigido\/","title":{"rendered":"A qui\u00e9n va dirigido"},"content":{"rendered":"<h3 class=\"has-inline-color\" style=\"color: #03618a;\">Dirigido a:<\/h3>\n<ul>\n<li>Graduados o Licenciados en Psicolog\u00eda<\/li>\n<li>Graduados o Licenciados en Pedagog\u00eda o en Ciencias de la Educaci\u00f3n<\/li>\n<li>Graduados o Licenciados en Psicopedagog\u00eda<\/li>\n<li>Graduados o Diplomados en Magisterio Educaci\u00f3n Infantil<\/li>\n<li>Graduados o Diplomados en Magisterio Educaci\u00f3n Primaria<\/li>\n<li>Graduados o Diplomados en Magisterio Educaci\u00f3n Especial<\/li>\n<li>Graduados o Diplomados en Magisterio Audici\u00f3n y Lenguaje<\/li>\n<li>Graduados o Diplomados en Logopedia<\/li>\n<li>Graduados o Diplomados en Educaci\u00f3n Social<\/li>\n<li>Graduados o Diplomados en Trabajo Social<\/li>\n<li>Graduados o Diplomados en Terapia Ocupacional<\/li>\n<li>Graduados o Diplomados en Enfermer\u00eda<\/li>\n<li>Personas con otras titulaciones que quieran formarse en TEA y en DI<\/li>\n<\/ul>\n<h3 class=\"has-inline-color\" style=\"color: #03618a;\">Salidas profesionales:<\/h3>\n<ul>\n<li>Colegios y centros educativos de Educaci\u00f3n Infantil y Primaria, Centros Espec\u00edficos de Educaci\u00f3n Especial<\/li>\n<li>Colegios y centros Educativos de Educaci\u00f3n Secundaria<\/li>\n<li>Asociaciones, fundaciones y ONGs del tercer sector<\/li>\n<li>Centros de Atenci\u00f3n Temprana<\/li>\n<li>Centros de Apoyo a la Integraci\u00f3n<\/li>\n<li>Centros ocupacionales<\/li>\n<li>Centros de rehabilitaci\u00f3n<\/li>\n<li>Centros de d\u00eda<\/li>\n<li>Servicios de vivienda, residencias y pisos tutelados<\/li>\n<li>Cl\u00ednicas, consultas y gabinetes privados<\/li>\n<li>Asistencia personal y domiciliaria<\/li>\n<li>Equipos de orientaci\u00f3n y asesoramiento psicopedag\u00f3gico<\/li>\n<li>Centros de orientaci\u00f3n laboral<\/li>\n<li>Centros especiales de empleo<\/li>\n<li>Servicios de ocio y tiempo libre<\/li>\n<li>Servicios de las redes de salud mental<\/li>\n<li>Otros servicios de car\u00e1cter psicosocial y educativo que se dedican a la atenci\u00f3n de personas con TEA o discapacidad intelectual (inserci\u00f3n laboral, transici\u00f3n a la vida adulta, envejecimiento activo, educaci\u00f3n inclusiva\u2026)<\/li>\n<li>\u00c1mbito cient\u00edfico-investigaci\u00f3n<\/li>\n<\/ul>\n","protected":false},"excerpt":{"rendered":"<p>Dirigido a: Graduados o Licenciados en Psicolog\u00eda Graduados o Licenciados en Pedagog\u00eda o en Ciencias de la Educaci\u00f3n Graduados o Licenciados en Psicopedagog\u00eda Graduados o Diplomados en Magisterio Educaci\u00f3n Infantil Graduados o Diplomados en Magisterio Educaci\u00f3n Primaria Graduados o Diplomados en Magisterio Educaci\u00f3n Especial Graduados o Diplomados en Magisterio Audici\u00f3n y Lenguaje Graduados o Diplomados &hellip; <\/p>\n<p class=\"link-more\"><a href=\"https:\/\/www.unioviedo.es\/masterTEAyDI\/index.php\/a-quien-va-dirigido\/\" class=\"more-link\">Continuar leyendo<span class=\"screen-reader-text\"> \u00abA qui\u00e9n va dirigido\u00bb<\/span><\/a><\/p>\n","protected":false},"author":1,"featured_media":0,"parent":0,"menu_order":0,"comment_status":"closed","ping_status":"closed","template":"","meta":[],"_links":{"self":[{"href":"https:\/\/www.unioviedo.es\/masterTEAyDI\/index.php\/wp-json\/wp\/v2\/pages\/262"}],"collection":[{"href":"https:\/\/www.unioviedo.es\/masterTEAyDI\/index.php\/wp-json\/wp\/v2\/pages"}],"about":[{"href":"https:\/\/www.unioviedo.es\/masterTEAyDI\/index.php\/wp-json\/wp\/v2\/types\/page"}],"author":[{"embeddable":true,"href":"https:\/\/www.unioviedo.es\/masterTEAyDI\/index.php\/wp-json\/wp\/v2\/users\/1"}],"replies":[{"embeddable":true,"href":"https:\/\/www.unioviedo.es\/masterTEAyDI\/index.php\/wp-json\/wp\/v2\/comments?post=262"}],"version-history":[{"count":16,"href":"https:\/\/www.unioviedo.es\/masterTEAyDI\/index.php\/wp-json\/wp\/v2\/pages\/262\/revisions"}],"predecessor-version":[{"id":854,"href":"https:\/\/www.unioviedo.es\/masterTEAyDI\/index.php\/wp-json\/wp\/v2\/pages\/262\/revisions\/854"}],"wp:attachment":[{"href":"https:\/\/www.unioviedo.es\/masterTEAyDI\/index.php\/wp-json\/wp\/v2\/media?parent=262"}],"curies":[{"name":"wp","href":"https:\/\/api.w.org\/{rel}","templated":true}]}}