{"id":6,"date":"2017-01-27T18:01:56","date_gmt":"2017-01-27T18:01:56","guid":{"rendered":"https:\/\/www.unioviedo.es\/masterTEAyDI\/?page_id=6"},"modified":"2021-05-25T14:34:57","modified_gmt":"2021-05-25T12:34:57","slug":"contacto","status":"publish","type":"page","link":"https:\/\/www.unioviedo.es\/masterTEAyDI\/index.php\/contacto\/","title":{"rendered":"Contacto"},"content":{"rendered":"<h3 class=\"has-inline-color\" style=\"color: #03618a;\">Para informaci\u00f3n acad\u00e9mica y organizativa<\/h3>\n\n\n<div class=\"wp-block-columns\">\n<div class=\"wp-block-column\">\n<p><img loading=\"lazy\" src=\"https:\/\/www.unioviedo.es\/masterTEAyDI\/wp-content\/uploads\/2021\/02\/Asun-8.png\" alt=\"Asunci\u00f3n Monsalve Gonz\u00e1lez\" width=\"234\" height=\"280\"><br><em>Asunci\u00f3n Monsalve Gonz\u00e1lez<\/em><br><strong>Directora del M\u00e1ster<\/strong><br>\n<a href=\"mailto:monsalve@uniovi.es\">monsalve@uniovi.es<\/a><br>\n985103284<\/p>\n<\/div>\n\n\n\n<div class=\"wp-block-column\">\n<p><img loading=\"lazy\" src=\"https:\/\/www.unioviedo.es\/masterTEAyDI\/wp-content\/uploads\/2021\/02\/Laura-E.-Go\u0301mez-7.jpg\" alt=\"Laura E. G\u00f3mez S\u00e1nchez\" width=\"193\" height=\"280\"><br><em>Laura E. G\u00f3mez S\u00e1nchez<\/em><br><strong>Directora del M\u00e1ster<\/strong><br>\n<a href=\"mailto:gomezlaura@uniovi.es\">gomezlaura@uniovi.es<\/a><br>\n985103372<\/p>\n<\/div>\n<\/div>\n\n\n<h3 class=\"has-inline-color\" style=\"color: #03618a;\">Para asuntos administrativos (preinscripci\u00f3n, matriculaci\u00f3n, expedici\u00f3n de t\u00edtulo)<\/h3>\n\n\n<div class=\"wp-block-columns\">\n<div class=\"wp-block-column\">\n<p><a href=\"https:\/\/www.uniovi.es\/estudios\/titulospropios\"><img src=\"https:\/\/www.unioviedo.es\/masterTEAyDI\/wp-content\/uploads\/2021\/02\/logo-CIP-7.png\" alt=\"CIP\"><br>https:\/\/www.uniovi.es\/estudios\/titulospropios<\/a><\/p>\n<\/div>\n\n\n\n<div class=\"wp-block-column\">\n<h5>Informaci\u00f3n de contacto<\/h5>\n<address><strong>Centro Internacional de Postgrado<\/strong><br>Edificio Hist\u00f3rico. Plaza de Riego, 4<br>Entresuelo &#8211; 33003 Oviedo<br>Tel\u00e9fonos: 985 10 49 17 y 985 10 49 18<br>Fax:985 10 49 59<br>Correo electr\u00f3nicos: <a href=\"mailto:cip.comunicacion@uniovi.es\">cip.comunicacion@uniovi.es<\/a> y <a href=\"mailto:sec.masteres@uniovi.es\">sec.masteres@uniovi.es<\/a><\/address>\n<\/div>\n<\/div>\n","protected":false},"excerpt":{"rendered":"<p>Para informaci\u00f3n acad\u00e9mica y organizativa Asunci\u00f3n Monsalve Gonz\u00e1lezDirectora del M\u00e1ster monsalve@uniovi.es 985103284 Laura E. G\u00f3mez S\u00e1nchezDirectora del M\u00e1ster gomezlaura@uniovi.es 985103372 Para asuntos administrativos (preinscripci\u00f3n, matriculaci\u00f3n, expedici\u00f3n de t\u00edtulo) https:\/\/www.uniovi.es\/estudios\/titulospropios Informaci\u00f3n de contacto Centro Internacional de PostgradoEdificio Hist\u00f3rico. Plaza de Riego, 4Entresuelo &#8211; 33003 OviedoTel\u00e9fonos: 985 10 49 17 y 985 10 49 18Fax:985 10 49 &hellip; <\/p>\n<p class=\"link-more\"><a href=\"https:\/\/www.unioviedo.es\/masterTEAyDI\/index.php\/contacto\/\" class=\"more-link\">Continuar leyendo<span class=\"screen-reader-text\"> \u00abContacto\u00bb<\/span><\/a><\/p>\n","protected":false},"author":1,"featured_media":0,"parent":0,"menu_order":0,"comment_status":"closed","ping_status":"closed","template":"","meta":[],"_links":{"self":[{"href":"https:\/\/www.unioviedo.es\/masterTEAyDI\/index.php\/wp-json\/wp\/v2\/pages\/6"}],"collection":[{"href":"https:\/\/www.unioviedo.es\/masterTEAyDI\/index.php\/wp-json\/wp\/v2\/pages"}],"about":[{"href":"https:\/\/www.unioviedo.es\/masterTEAyDI\/index.php\/wp-json\/wp\/v2\/types\/page"}],"author":[{"embeddable":true,"href":"https:\/\/www.unioviedo.es\/masterTEAyDI\/index.php\/wp-json\/wp\/v2\/users\/1"}],"replies":[{"embeddable":true,"href":"https:\/\/www.unioviedo.es\/masterTEAyDI\/index.php\/wp-json\/wp\/v2\/comments?post=6"}],"version-history":[{"count":40,"href":"https:\/\/www.unioviedo.es\/masterTEAyDI\/index.php\/wp-json\/wp\/v2\/pages\/6\/revisions"}],"predecessor-version":[{"id":883,"href":"https:\/\/www.unioviedo.es\/masterTEAyDI\/index.php\/wp-json\/wp\/v2\/pages\/6\/revisions\/883"}],"wp:attachment":[{"href":"https:\/\/www.unioviedo.es\/masterTEAyDI\/index.php\/wp-json\/wp\/v2\/media?parent=6"}],"curies":[{"name":"wp","href":"https:\/\/api.w.org\/{rel}","templated":true}]}}