{"id":104,"date":"2018-01-31T18:51:21","date_gmt":"2018-01-31T17:51:21","guid":{"rendered":"http:\/\/www.unioviedo.es\/mastersiac\/?page_id=104"},"modified":"2024-12-02T12:55:14","modified_gmt":"2024-12-02T11:55:14","slug":"presentacion","status":"publish","type":"page","link":"https:\/\/www.unioviedo.es\/mastersiac\/","title":{"rendered":"<!Presentaci\u00f3n>"},"content":{"rendered":"\n<figure class=\"wp-block-image size-full is-style-default\"><img loading=\"lazy\" decoding=\"async\" width=\"768\" height=\"435\" src=\"https:\/\/www.unioviedo.es\/mastersiac\/wp-content\/uploads\/2024\/07\/cabecera_SIAC.png\" alt=\"\" class=\"wp-image-1181\" srcset=\"https:\/\/www.unioviedo.es\/mastersiac\/wp-content\/uploads\/2024\/07\/cabecera_SIAC.png 768w, https:\/\/www.unioviedo.es\/mastersiac\/wp-content\/uploads\/2024\/07\/cabecera_SIAC-300x170.png 300w\" sizes=\"auto, (max-width: 706px) 89vw, (max-width: 767px) 82vw, 740px\" \/><\/figure>\n\n\n<h1><strong># EMPLEABILIDAD<\/strong><\/h1>\n<p style=\"text-align: justify;\">\u00bfSab\u00edas que la mayor parte de los egresados en carreras empresariales se incorporan al mercado laboral en puestos relacionados directamente con el \u00e1rea de la Contabilidad, Auditor\u00eda, Consultor\u00eda \u00a0y Fiscalidad?<\/p>\n<p style=\"text-align: justify;\">El\u00a0<strong>M\u00e1ster Oficial en Sistemas de Informaci\u00f3n y An\u00e1lisis Contable (SIAC) de la Universidad de Oviedo<\/strong>, de perfil\u00a0<strong>profesional<\/strong>, pretende poner en tus manos las herramientas y conocimientos que sin duda te permitir\u00e1n asumir estas tareas profesionales con mayor seguridad.<\/p>\n<p style=\"text-align: justify;\">Seg\u00fan el <a href=\"https:\/\/www.uniovi.es\/documents\/39158\/8710706\/2024-07-17-UNIOVI-INFORME-2024-INSERCION-LABORAL.pdf\/0fed286c-7cae-6f14-4701-d114960d5a2e?t=1721214606494\">Informe de Inserci\u00f3n Laboral de la Universidad de Oviedo<\/a>, desarrollado en colaboraci\u00f3n con el Servicio P\u00fablico de Empleo del Principado de Asturias con datos de la Seguridad Social, <span style=\"background-color: #ffff00;\"><strong>el 100% de los egresados en el M\u00e1ster SIAC est\u00e1n trabajando en un periodo entre 6 y 12 meses desde la finalizaci\u00f3n de sus estudios<\/strong><\/span>. En su inmensa mayor\u00eda ya a los 6 meses.<\/p>\n<h1><strong># ESPECIALIZACI\u00d3N<\/strong><\/h1>\n<p style=\"text-align: justify;\">El M\u00e1ster te ofrece un doble itinerario en los que prima una visi\u00f3n eminentemente pr\u00e1ctica. El primero, denominado <strong>Contabilidad Superior<\/strong>, pretende completar tu formaci\u00f3n en el \u00e1mbito de la gesti\u00f3n y el an\u00e1lisis de la informaci\u00f3n contable persiguiendo ampliar tus conocimientos contables b\u00e1sicos, as\u00ed como desarrollar las habilidades y aptitudes necesarias para el desempe\u00f1o de cualquier funci\u00f3n en la organizaci\u00f3n que requiera del manejo de informaci\u00f3n econ\u00f3mico-financiera. El segundo itinerario, <strong>Auditor\u00eda de Cuentas<\/strong>, persigue formarte como profesional capaz de desempe\u00f1ar las labores propias del auditor de cuentas, y te proporciona los conocimientos, competencias y habilidades necesarios para ello.<\/p>\n<p style=\"text-align: justify;\">Contamos con el respaldo de\u00a0las principales asociaciones profesionales a nivel regional y nacional, de la instituci\u00f3n financiera emblem\u00e1tica de nuestra Comunidad Aut\u00f3noma y de varias administraciones p\u00fablicas. Este apoyo supondr\u00e1 en la pr\u00e1ctica la posibilidad de contar con la\u00a0<strong>participaci\u00f3n en la docencia de prestigiosos profesionales en activo<\/strong>\u00a0(auditores, consultores, asesores fiscales, directivos de empresas e instituciones p\u00fablicas).<\/p>\n<p class=\"x_MsoNormal\" style=\"text-align: justify;\">Aquellos alumnos que decidan cursar la rama en Auditor\u00eda de Cuentas deben valorar el hecho de que este M\u00e1ster <b>est\u00e1 homologado por el Instituto de Contabilidad y Auditor\u00eda de Cuentas (ICAC)<\/b> como programa de ense\u00f1anza te\u00f3rica de acceso al Registro Oficial de Auditores de Cuentas (ROAC) y, por tanto, <b>dispensa de la realizaci\u00f3n de las pruebas correspondientes a las materias cursadas en el M\u00e1ster<\/b> en la primera fase del examen de aptitud profesional que se requiere para ser auditor. <a href=\"https:\/\/www.icac.gob.es\/programasensenanzateorica\/cursoshomologados\">El detalle de las dispensas puede consultarse en la propia web del ICAC<\/a>. \u00a0Adem\u00e1s, la Universidad de Oviedo tambi\u00e9n tiene reconocida por el ICAC la <a href=\"https:\/\/www.icac.gob.es\/programasensenanzateorica\/dispensagenerica\">dispensa parcial de los t\u00edtulos de grado que se imparten en la Facultad de Econom\u00eda y Empresa<\/a>\u00a0<sup>(1)<\/sup>.<\/p>\n<h1><strong># ACREDITACI\u00d3N<\/strong><\/h1>\n<p style=\"text-align: justify;\"><span style=\"color: #000000; font-family: 'Times New Roman', serif; font-size: big;\"><span style=\"font-family: 'Libre Franklin', serif;\">El M\u00e1ster <strong>se imparte en la Facultad de Econom\u00eda y Empresa<\/strong> (FEE) de la Universidad de Oviedo, <a href=\"https:\/\/www.aacsb.edu\/members\/non-accredited-educational\/u\/universidad-de-oviedo\">acreditada por la<strong>\u00a0AACSB<\/strong><\/a> (Association to Advance Collegiate Schools of Business), una asociaci\u00f3n no lucrativa de instituciones educativas, corporaciones y otras organizaciones dedicadas a la educaci\u00f3n en el \u00e1mbito empresarial, con sede principal en EEUU. Esta asociaci\u00f3n, con m\u00e1s de un siglo de historia, cuenta entre sus socios fundadores a instituciones educativas tan prestigiosas como Harvard, Yale y Columbia.<\/span><\/span><\/p>\n<p style=\"text-align: justify;\"><span style=\"color: #000000; font-family: 'Times New Roman', serif; font-size: medium;\"><span style=\"font-family: 'Libre Franklin', serif;\">El prop\u00f3sito de la <a href=\"https:\/\/www.aacsb.edu\/members\/non-accredited-educational\/u\/universidad-de-oviedo\">acreditaci\u00f3n AACSB<\/a> es reconocer a los mejores centros educativos del mundo por su calidad docente en grado, posgrado y doctorado, y su investigaci\u00f3n en las \u00e1reas de administraci\u00f3n de empresa, contabilidad, finanzas y marketing. <\/span><\/span><span style=\"color: #000000; font-family: 'Times New Roman', serif; font-size: medium;\"><span style=\"font-family: Libre Franklin, serif;\">La FEE de la Universidad de Oviedo es una de las pocas instituciones educativas p\u00fablicas en Espa\u00f1a en el proceso de obtener dicha acreditaci\u00f3n.<\/span><\/span><\/p>\n<h1><strong># INTERNACIONALIZACI\u00d3N<\/strong><\/h1>\n<p>Adem\u00e1s, la Universidad de Oviedo integra y coordina la Universidad Europea INGENIUM. Compuesta por diez universidades europeas, ofrece desde 2023 una educaci\u00f3n de excelencia, internacional, inclusiva y socialmente responsable. Esta alianza estrat\u00e9gica permite a estudiantes, investigadores y personal de la Universidad de Oviedo acceder a una comunidad global de aprendizaje, innovaci\u00f3n y colaboraci\u00f3n, con una amplia oferta de programas, proyectos e intercambios que fomentan el desarrollo de competencias y la ampliaci\u00f3n de horizontes. Esta red promueve un ambiente multicultural que facilita el di\u00e1logo, el respeto y la convivencia, y ofrece oportunidades de movilidad y colaboraci\u00f3n internacional.<\/p>\n<hr \/>\n<p style=\"text-align: justify;\"><sup>(1)<\/sup>\u00a0<em>La interpretaci\u00f3n actual del ICAC es que el \u201cM\u00f3dulo II.1. Materias jur\u00eddicas\u201d constituye una unidad, y la dispensa del mismo requiere haber cursado la asignatura \u00abDerecho del Trabajo y de la Seguridad Social\u00bb, optativa en los Grados en ADE, Contabilidad y Finanzas y Econom\u00eda por la Universidad de Oviedo.<\/em><\/p>\n<hr \/>","protected":false},"excerpt":{"rendered":"<p># EMPLEABILIDAD \u00bfSab\u00edas que la mayor parte de los egresados en carreras empresariales se incorporan al mercado laboral en puestos relacionados directamente con el \u00e1rea de la Contabilidad, Auditor\u00eda, Consultor\u00eda \u00a0y Fiscalidad? El\u00a0M\u00e1ster Oficial en Sistemas de Informaci\u00f3n y An\u00e1lisis Contable (SIAC) de la Universidad de Oviedo, de perfil\u00a0profesional, pretende poner en tus manos las &hellip; <\/p>\n<p class=\"link-more\"><a href=\"https:\/\/www.unioviedo.es\/mastersiac\/\" class=\"more-link\">Continuar leyendo<span class=\"screen-reader-text\"> \u00ab<!Presentaci\u00f3n>\u00ab<\/span><\/a><\/p>\n","protected":false},"author":1,"featured_media":0,"parent":0,"menu_order":1,"comment_status":"closed","ping_status":"closed","template":"","meta":{"footnotes":""},"class_list":["post-104","page","type-page","status-publish","hentry"],"_links":{"self":[{"href":"https:\/\/www.unioviedo.es\/mastersiac\/index.php\/wp-json\/wp\/v2\/pages\/104","targetHints":{"allow":["GET"]}}],"collection":[{"href":"https:\/\/www.unioviedo.es\/mastersiac\/index.php\/wp-json\/wp\/v2\/pages"}],"about":[{"href":"https:\/\/www.unioviedo.es\/mastersiac\/index.php\/wp-json\/wp\/v2\/types\/page"}],"author":[{"embeddable":true,"href":"https:\/\/www.unioviedo.es\/mastersiac\/index.php\/wp-json\/wp\/v2\/users\/1"}],"replies":[{"embeddable":true,"href":"https:\/\/www.unioviedo.es\/mastersiac\/index.php\/wp-json\/wp\/v2\/comments?post=104"}],"version-history":[{"count":27,"href":"https:\/\/www.unioviedo.es\/mastersiac\/index.php\/wp-json\/wp\/v2\/pages\/104\/revisions"}],"predecessor-version":[{"id":1247,"href":"https:\/\/www.unioviedo.es\/mastersiac\/index.php\/wp-json\/wp\/v2\/pages\/104\/revisions\/1247"}],"wp:attachment":[{"href":"https:\/\/www.unioviedo.es\/mastersiac\/index.php\/wp-json\/wp\/v2\/media?parent=104"}],"curies":[{"name":"wp","href":"https:\/\/api.w.org\/{rel}","templated":true}]}}