{"id":1226,"date":"2024-09-02T16:18:31","date_gmt":"2024-09-02T14:18:31","guid":{"rendered":"https:\/\/www.unioviedo.es\/mastersiac\/?page_id=1226"},"modified":"2024-09-03T00:27:00","modified_gmt":"2024-09-02T22:27:00","slug":"programa-internacional-pibe-aeca","status":"publish","type":"page","link":"https:\/\/www.unioviedo.es\/mastersiac\/index.php\/programa-internacional-pibe-aeca\/","title":{"rendered":"Programa Internacional PIBE AECA"},"content":{"rendered":"\n<figure class=\"wp-block-image\"><img loading=\"lazy\" decoding=\"async\" width=\"915\" height=\"156\" src=\"https:\/\/www.unioviedo.es\/mastersiac\/wp-content\/uploads\/2024\/09\/PIBE-AECA-2024-Logo-horizontal.jpeg\" alt=\"\" class=\"wp-image-1229\" srcset=\"https:\/\/www.unioviedo.es\/mastersiac\/wp-content\/uploads\/2024\/09\/PIBE-AECA-2024-Logo-horizontal.jpeg 915w, https:\/\/www.unioviedo.es\/mastersiac\/wp-content\/uploads\/2024\/09\/PIBE-AECA-2024-Logo-horizontal-300x51.jpeg 300w, https:\/\/www.unioviedo.es\/mastersiac\/wp-content\/uploads\/2024\/09\/PIBE-AECA-2024-Logo-horizontal-768x131.jpeg 768w\" sizes=\"auto, (max-width: 706px) 89vw, (max-width: 767px) 82vw, 740px\" \/><\/figure>\n\n\n\n<p style=\"font-weight: 400; text-align: justify;\">El M\u00e1ster Universitario en Sistemas de Informaci\u00f3n y An\u00e1lisis Contable ha firmado un convenio de colaboraci\u00f3n con el Programa Internacional PIBE AECA de la Asociaci\u00f3n Espa\u00f1ola de Contabilidad y Administraci\u00f3n de Empresas que otorga una serie de ventajas al alumnado matriculado en el M\u00e1ster, que de su autorizaci\u00f3n expl\u00edcita a la Coordinadora del M\u00e1ster para formar parte de dicho Programa.<\/p>\n<p style=\"font-weight: 400; text-align: justify;\"><span style=\"font-size: revert;\">Toda la informaci\u00f3n sobre este Programa se encuentra disponible en la web de la Asociaci\u00f3n.<\/span><\/p>\n<p style=\"font-weight: 400; text-align: justify;\"><span style=\"font-size: revert;\">CONSULTA AQU\u00cd LAS VENTAJAS DEL PROGRAMA: <\/span><a href=\"https:\/\/aeca.es\/premios-y-becas\/pibe-aeca-2024\/masteres-y-cursos-becas-2024\/\">M\u00e1steres y cursos Becas 2024 | AECA<\/a><\/p>\n","protected":false},"excerpt":{"rendered":"<p>El M\u00e1ster Universitario en Sistemas de Informaci\u00f3n y An\u00e1lisis Contable ha firmado un convenio de colaboraci\u00f3n con el Programa Internacional PIBE AECA de la Asociaci\u00f3n Espa\u00f1ola de Contabilidad y Administraci\u00f3n de Empresas que otorga una serie de ventajas al alumnado matriculado en el M\u00e1ster, que de su autorizaci\u00f3n expl\u00edcita a la Coordinadora del M\u00e1ster para &hellip; <\/p>\n<p class=\"link-more\"><a href=\"https:\/\/www.unioviedo.es\/mastersiac\/index.php\/programa-internacional-pibe-aeca\/\" class=\"more-link\">Continuar leyendo<span class=\"screen-reader-text\"> \u00abPrograma Internacional PIBE AECA\u00bb<\/span><\/a><\/p>\n","protected":false},"author":1,"featured_media":0,"parent":0,"menu_order":0,"comment_status":"closed","ping_status":"closed","template":"","meta":{"footnotes":""},"class_list":["post-1226","page","type-page","status-publish","hentry"],"_links":{"self":[{"href":"https:\/\/www.unioviedo.es\/mastersiac\/index.php\/wp-json\/wp\/v2\/pages\/1226","targetHints":{"allow":["GET"]}}],"collection":[{"href":"https:\/\/www.unioviedo.es\/mastersiac\/index.php\/wp-json\/wp\/v2\/pages"}],"about":[{"href":"https:\/\/www.unioviedo.es\/mastersiac\/index.php\/wp-json\/wp\/v2\/types\/page"}],"author":[{"embeddable":true,"href":"https:\/\/www.unioviedo.es\/mastersiac\/index.php\/wp-json\/wp\/v2\/users\/1"}],"replies":[{"embeddable":true,"href":"https:\/\/www.unioviedo.es\/mastersiac\/index.php\/wp-json\/wp\/v2\/comments?post=1226"}],"version-history":[{"count":2,"href":"https:\/\/www.unioviedo.es\/mastersiac\/index.php\/wp-json\/wp\/v2\/pages\/1226\/revisions"}],"predecessor-version":[{"id":1231,"href":"https:\/\/www.unioviedo.es\/mastersiac\/index.php\/wp-json\/wp\/v2\/pages\/1226\/revisions\/1231"}],"wp:attachment":[{"href":"https:\/\/www.unioviedo.es\/mastersiac\/index.php\/wp-json\/wp\/v2\/media?parent=1226"}],"curies":[{"name":"wp","href":"https:\/\/api.w.org\/{rel}","templated":true}]}}