{"id":139,"date":"2018-02-04T20:47:06","date_gmt":"2018-02-04T19:47:06","guid":{"rendered":"http:\/\/www.unioviedo.es\/mastersiac\/?page_id=139"},"modified":"2020-07-29T23:16:18","modified_gmt":"2020-07-29T21:16:18","slug":"admision-y-matricula","status":"publish","type":"page","link":"https:\/\/www.unioviedo.es\/mastersiac\/index.php\/admision-y-matricula\/","title":{"rendered":"<!Admisi\u00f3n y matr\u00edcula>"},"content":{"rendered":"\n<p><!--<span style=\"color: #993300;\"><strong>ACTUALIZACI\u00d3N (5\/9\/19):<\/strong><\/span> Al cierre del plazo de matr\u00edcula a\u00fan quedan algunas plazas disponibles en ambos itinerarios. Para la admisi\u00f3n, contactar con la coordinadora del M\u00e1ster en irubin@uniovi.es --><\/p>\n\n<p style=\"text-align: justify;\"><span style=\"font-size: 12pt;\"><br \/>Toda la informaci\u00f3n sobre <strong>admisi\u00f3n, plazos y matr\u00edcula<\/strong> se encuentra disponible y permanentemente actualizada en la web del <a href=\"http:\/\/cei.uniovi.es\/postgrado\/masteres\/preinscripcionymatricula\">Centro Internacional de Posgrado de la Universidad de Oviedo<\/a>. <\/span><\/p>\n\n<a href=\"http:\/\/cei.uniovi.es\/postgrado\/masteres\/preinscripcionymatricula\"><p style=\"text-align: center;\"><span style=\"color: #ff0000;\"><strong>CONSULTA AQU\u00cd LA INFORMACI\u00d3N ACTUALIZADA SOBRE<\/strong><\/span><\/p>\n<p style=\"text-align: center;\"><span style=\"color: #ff0000;\"><strong>ADMISI\u00d3N, PLAZOS Y MATR\u00cdCULA.<\/strong><\/span><\/a><\/p>\n","protected":false},"excerpt":{"rendered":"<p>Toda la informaci\u00f3n sobre admisi\u00f3n, plazos y matr\u00edcula se encuentra disponible y permanentemente actualizada en la web del Centro Internacional de Posgrado de la Universidad de Oviedo. CONSULTA AQU\u00cd LA INFORMACI\u00d3N ACTUALIZADA SOBRE ADMISI\u00d3N, PLAZOS Y MATR\u00cdCULA.<\/p>\n","protected":false},"author":1,"featured_media":325,"parent":0,"menu_order":0,"comment_status":"closed","ping_status":"closed","template":"","meta":{"footnotes":""},"class_list":["post-139","page","type-page","status-publish","has-post-thumbnail","hentry"],"_links":{"self":[{"href":"https:\/\/www.unioviedo.es\/mastersiac\/index.php\/wp-json\/wp\/v2\/pages\/139","targetHints":{"allow":["GET"]}}],"collection":[{"href":"https:\/\/www.unioviedo.es\/mastersiac\/index.php\/wp-json\/wp\/v2\/pages"}],"about":[{"href":"https:\/\/www.unioviedo.es\/mastersiac\/index.php\/wp-json\/wp\/v2\/types\/page"}],"author":[{"embeddable":true,"href":"https:\/\/www.unioviedo.es\/mastersiac\/index.php\/wp-json\/wp\/v2\/users\/1"}],"replies":[{"embeddable":true,"href":"https:\/\/www.unioviedo.es\/mastersiac\/index.php\/wp-json\/wp\/v2\/comments?post=139"}],"version-history":[{"count":26,"href":"https:\/\/www.unioviedo.es\/mastersiac\/index.php\/wp-json\/wp\/v2\/pages\/139\/revisions"}],"predecessor-version":[{"id":677,"href":"https:\/\/www.unioviedo.es\/mastersiac\/index.php\/wp-json\/wp\/v2\/pages\/139\/revisions\/677"}],"wp:featuredmedia":[{"embeddable":true,"href":"https:\/\/www.unioviedo.es\/mastersiac\/index.php\/wp-json\/wp\/v2\/media\/325"}],"wp:attachment":[{"href":"https:\/\/www.unioviedo.es\/mastersiac\/index.php\/wp-json\/wp\/v2\/media?parent=139"}],"curies":[{"name":"wp","href":"https:\/\/api.w.org\/{rel}","templated":true}]}}