{"id":155,"date":"2018-02-05T01:23:02","date_gmt":"2018-02-05T00:23:02","guid":{"rendered":"http:\/\/www.unioviedo.es\/mastersiac\/?page_id=155"},"modified":"2020-07-31T12:11:20","modified_gmt":"2020-07-31T10:11:20","slug":"precio-y-becas","status":"publish","type":"page","link":"https:\/\/www.unioviedo.es\/mastersiac\/index.php\/precio-y-becas\/","title":{"rendered":"<!Precio y Becas>"},"content":{"rendered":"<div class=\"paragraph\">\n<p>El <a href=\"https:\/\/sede.asturias.es\/portal\/site\/Asturias\/menuitem.1003733838db7342ebc4e191100000f7\/?vgnextoid=d7d79d16b61ee010VgnVCM1000000100007fRCRD&amp;fecha=31\/07\/2020&amp;refArticulo=2020-06174&amp;i18n.http.lang=es\">Decreto 62\/2020 de 16 de julio <\/a>regula los precios p\u00fablicos de la Universidad para el curso 2020-2021. Este decreto mantiene el <strong>precio de la matr\u00edcula<\/strong> en el M\u00e1ster SIAC por curso acad\u00e9mico a 1.350 \u20ac (coste de 60 cr\u00e9ditos en primera matr\u00edcula + tasas de gesti\u00f3n).<\/p>\n<p>Adem\u00e1s, para extranjeros no residentes en Estados Miembros de la Uni\u00f3n Europea, el precio del cr\u00e9dito es habitualmente\u00a0el equivalente a una tercera matr\u00edcula, con la excepci\u00f3n de aquellos estudiantes sujetos a Convenio (<a href=\"https:\/\/sede.asturias.es\/bopa\/2014\/07\/08\/2014-11886.pdf\" target=\"_blank\" rel=\"noopener noreferrer\">Resoluci\u00f3n de 1 de julio de 2014<\/a>, BOPA n\u00ba 157, de 8 de julio de 2014).<\/p>\n<p>Los alumnos del M\u00e1ster SIAC podr\u00e1n optar a las\u00a0<strong>distintas becas y ayudas<\/strong>\u00a0<strong>de estudios<\/strong> ofertadas por el Ministerio, el Principado, la Universidad de Oviedo y otras entidades. Puedes encontrar toda la <a href=\"http:\/\/cei.uniovi.es\/postgrado\/masteres\/becas\" target=\"_blank\" rel=\"noopener noreferrer\"><span style=\"color: #3366ff;\"><strong>informaci\u00f3n actualizada sobre becas y ayudas<\/strong><\/span><\/a> para estudiantes de M\u00e1steres en la web del Centro Internacional de Postgrado.<\/p>\n<\/div>\n","protected":false},"excerpt":{"rendered":"<p>El Decreto 62\/2020 de 16 de julio regula los precios p\u00fablicos de la Universidad para el curso 2020-2021. Este decreto mantiene el precio de la matr\u00edcula en el M\u00e1ster SIAC por curso acad\u00e9mico a 1.350 \u20ac (coste de 60 cr\u00e9ditos en primera matr\u00edcula + tasas de gesti\u00f3n). Adem\u00e1s, para extranjeros no residentes en Estados Miembros &hellip; <\/p>\n<p class=\"link-more\"><a href=\"https:\/\/www.unioviedo.es\/mastersiac\/index.php\/precio-y-becas\/\" class=\"more-link\">Continuar leyendo<span class=\"screen-reader-text\"> \u00ab<!Precio y Becas>\u00ab<\/span><\/a><\/p>\n","protected":false},"author":1,"featured_media":156,"parent":0,"menu_order":0,"comment_status":"closed","ping_status":"closed","template":"","meta":{"footnotes":""},"class_list":["post-155","page","type-page","status-publish","has-post-thumbnail","hentry"],"_links":{"self":[{"href":"https:\/\/www.unioviedo.es\/mastersiac\/index.php\/wp-json\/wp\/v2\/pages\/155","targetHints":{"allow":["GET"]}}],"collection":[{"href":"https:\/\/www.unioviedo.es\/mastersiac\/index.php\/wp-json\/wp\/v2\/pages"}],"about":[{"href":"https:\/\/www.unioviedo.es\/mastersiac\/index.php\/wp-json\/wp\/v2\/types\/page"}],"author":[{"embeddable":true,"href":"https:\/\/www.unioviedo.es\/mastersiac\/index.php\/wp-json\/wp\/v2\/users\/1"}],"replies":[{"embeddable":true,"href":"https:\/\/www.unioviedo.es\/mastersiac\/index.php\/wp-json\/wp\/v2\/comments?post=155"}],"version-history":[{"count":10,"href":"https:\/\/www.unioviedo.es\/mastersiac\/index.php\/wp-json\/wp\/v2\/pages\/155\/revisions"}],"predecessor-version":[{"id":789,"href":"https:\/\/www.unioviedo.es\/mastersiac\/index.php\/wp-json\/wp\/v2\/pages\/155\/revisions\/789"}],"wp:featuredmedia":[{"embeddable":true,"href":"https:\/\/www.unioviedo.es\/mastersiac\/index.php\/wp-json\/wp\/v2\/media\/156"}],"wp:attachment":[{"href":"https:\/\/www.unioviedo.es\/mastersiac\/index.php\/wp-json\/wp\/v2\/media?parent=155"}],"curies":[{"name":"wp","href":"https:\/\/api.w.org\/{rel}","templated":true}]}}