{"id":159,"date":"2018-02-05T01:25:27","date_gmt":"2018-02-05T00:25:27","guid":{"rendered":"http:\/\/www.unioviedo.es\/mastersiac\/?page_id=159"},"modified":"2026-03-11T12:04:36","modified_gmt":"2026-03-11T11:04:36","slug":"asignaturas-y-horarios","status":"publish","type":"page","link":"https:\/\/www.unioviedo.es\/mastersiac\/index.php\/asignaturas-y-horarios\/","title":{"rendered":"<!Asignaturas y Horarios>"},"content":{"rendered":"<div id=\"wrapper\">\n<div id=\"content-wrapper\">\n<div id=\"contents-body\">\n<div id=\"contents\">\n<div id=\"wsite-content\" class=\"wsite-elements wsite-not-footer\">\n<div class=\"paragraph\">\n<p style=\"text-align: justify;\">El M\u00e1ster\u00a0en Sistemas de Informaci\u00f3n y An\u00e1lisis Contable\u00a0ofrece dos itinerarios o perfiles diferentes: Contabilidad Superior y Auditor\u00eda de Cuentas.\u00a0El programa es impartido a lo largo de un curso acad\u00e9mico, dividido en 2 semestres.<\/p>\n<p style=\"text-align: justify;\">El itinerario en\u00a0<strong>Contabilidad Superior\u00a0<\/strong>pretende dotar a los alumnos de las herramientas y conocimientos para desarrollar las tareas profesionales relacionadas con el manejo de informaci\u00f3n econ\u00f3mico-financiera.<\/p>\n<p style=\"text-align: justify;\">El itinerario en\u00a0<strong>Auditor\u00eda de Cuentas<\/strong>\u00a0persigue formar profesionales capaces de desempe\u00f1ar las labores propias del auditor de cuentas. El curso responde a los requisitos establecidos por el ICAC para los cursos deformaci\u00f3n de auditores de cuentas.<\/p>\n<p style=\"text-align: justify;\">El Plan de Estudios del M\u00e1ster se estructura en 5 M\u00f3dulos, cada uno de los cuales est\u00e1 integrado por varias asignaturas de car\u00e1cter obligatorio.\u00a0En total, el M\u00e1ster consta de 5 asignaturas comunes (adem\u00e1s de las Pr\u00e1cticas Externas y el Trabajo Fin de M\u00e1ster) y 5 \u00f3 7 asignaturas especializadas, dependiendo del perfil escogido.<\/p>\n<\/div>\n<div>\n<div class=\"wsite-image wsite-image-border-none \">\n<p><a href=\"http:\/\/www.unioviedo.es\/mastersiac\/wp-content\/uploads\/2018\/06\/triptico-Master-SIAC-20182019.png\"><img loading=\"lazy\" decoding=\"async\" class=\"aligncenter size-full wp-image-397\" src=\"http:\/\/www.unioviedo.es\/mastersiac\/wp-content\/uploads\/2018\/06\/triptico-Master-SIAC-20182019.png\" alt=\"\" width=\"835\" height=\"535\" srcset=\"https:\/\/www.unioviedo.es\/mastersiac\/wp-content\/uploads\/2018\/06\/triptico-Master-SIAC-20182019.png 835w, https:\/\/www.unioviedo.es\/mastersiac\/wp-content\/uploads\/2018\/06\/triptico-Master-SIAC-20182019-300x192.png 300w, https:\/\/www.unioviedo.es\/mastersiac\/wp-content\/uploads\/2018\/06\/triptico-Master-SIAC-20182019-768x492.png 768w\" sizes=\"auto, (max-width: 706px) 89vw, (max-width: 767px) 82vw, 740px\" \/><\/a><\/p>\n<div>\u00a0<\/div>\n<\/div>\n<\/div>\n<div>\n<div>\u00a0<\/div>\n<hr class=\"styled-hr\" \/>\n<div>\u00a0<\/div>\n<\/div>\n<div>\n<div class=\"wsite-multicol\">\n<div class=\"wsite-multicol-table-wrap\">\n<table class=\"wsite-multicol-table\" style=\"width: 647px;\">\n<tbody class=\"wsite-multicol-tbody\">\n<tr class=\"wsite-multicol-tr\">\n<td class=\"wsite-multicol-col\" style=\"width: 138px;\">\n<h2 class=\"wsite-content-title\"><strong><span style=\"font-size: medium; color: #800000;\">PRIMER M\u00d3DULO <\/span><\/strong><strong><span style=\"font-size: small; color: #800000;\">(com\u00fan)<\/span><\/strong><\/h2>\n<\/td>\n<td class=\"wsite-multicol-col\" style=\"width: 298px;\">\n<div class=\"paragraph\">\n<p><span style=\"color: #000000;\">Normas Internacionales de Informaci\u00f3n Financiera<\/span><\/p>\n<p><span style=\"color: #000000;\">Operaciones Societarias<\/span><\/p>\n<p><span style=\"color: #000000;\">Otros Marcos Normativos de Informaci\u00f3n Financiera<\/span><\/p>\n<p><span style=\"color: #000000;\">Consolidaci\u00f3n de Estados Financieros<\/span><\/p>\n<p><span style=\"color: #000000;\">Planes de Viabilidad y Valoraci\u00f3n de Empresas<\/span><\/p>\n<\/div>\n<\/td>\n<td class=\"wsite-multicol-col\" style=\"width: 48px;\">\n<div class=\"paragraph\">\n<p>Com\u00fan<\/p>\n<p>Com\u00fan<\/p>\n<p>Com\u00fan<\/p>\n<p>Com\u00fan<\/p>\n<p>Com\u00fan<\/p>\n<\/div>\n<\/td>\n<td class=\"wsite-multicol-col\" style=\"width: 125px;\">\n<div class=\"paragraph\">\n<p>4 cr\u00e9ditos<\/p>\n<p>3 cr\u00e9ditos<\/p>\n<p>3 cr\u00e9ditos<\/p>\n<p>3 cr\u00e9ditos<\/p>\n<p>3 cr\u00e9ditos<\/p>\n<\/div>\n<\/td>\n<\/tr>\n<\/tbody>\n<\/table>\n<\/div>\n<\/div>\n<\/div>\n<div>\n<div>\u00a0<\/div>\n<hr class=\"styled-hr\" \/>\n<div>\u00a0<\/div>\n<\/div>\n<div>\n<div class=\"wsite-multicol\">\n<div class=\"wsite-multicol-table-wrap\">\n<table class=\"wsite-multicol-table\" style=\"width: 96.1532507739938%;\">\n<tbody class=\"wsite-multicol-tbody\">\n<tr class=\"wsite-multicol-tr\">\n<td class=\"wsite-multicol-col\" style=\"width: 22.411128284389488%;\">\n<h2 class=\"wsite-content-title\"><strong><span style=\"font-size: medium; color: #800000;\">SEGUNDO M\u00d3DULO\u00a0 (C.S.)<\/span><\/strong><\/h2>\n<\/td>\n<td class=\"wsite-multicol-col\" style=\"width: 46.831530139103556%;\">\n<div class=\"paragraph\">\n<p><span style=\"color: #000000;\">Normas de Registro y Valoraci\u00f3n ICAC<\/span><\/p>\n<p><span style=\"color: #000000;\">Contabilidad de Costes y Gesti\u00f3n<\/span><\/p>\n<p><span style=\"color: #000000;\">Informaci\u00f3n financiera y no financiera<\/span><\/p>\n<p><span style=\"color: #000000;\">An\u00e1lisis Contable<\/span><\/p>\n<p><span style=\"color: #000000;\">Contabilidad y Fiscalidad<\/span><\/p>\n<p><span style=\"color: #000000;\">Contabilidad P\u00fablica<\/span><\/p>\n<p><span style=\"color: #000000;\">Tecnolog\u00edas de la Informaci\u00f3n<\/span><\/p>\n<\/div>\n<\/td>\n<td class=\"wsite-multicol-col\" style=\"width: 11.591962905718702%;\">\n<div class=\"paragraph\">\n<p>Espec\u00edf.<\/p>\n<p>Espec\u00edf.<\/p>\n<p>Espec\u00edf.<\/p>\n<p>Espec\u00edf.<\/p>\n<p>Espec\u00edf.<\/p>\n<p>Espec\u00edf.<\/p>\n<p>Espec\u00edf.<\/p>\n<\/div>\n<\/td>\n<td class=\"wsite-multicol-col\" style=\"width: 19.01081916537867%;\">\n<div class=\"paragraph\">\n<p>4 cr\u00e9ditos<\/p>\n<p>4 cr\u00e9ditos<\/p>\n<p>5 cr\u00e9ditos<\/p>\n<p>4 cr\u00e9ditos<\/p>\n<p>4 cr\u00e9ditos<\/p>\n<p>4 cr\u00e9ditos<\/p>\n<p>4 cr\u00e9ditos<\/p>\n<\/div>\n<\/td>\n<\/tr>\n<\/tbody>\n<\/table>\n<\/div>\n<\/div>\n<\/div>\n<div>\n<div>\u00a0<\/div>\n<hr class=\"styled-hr\" \/>\n<div>\u00a0<\/div>\n<\/div>\n<div>\n<div class=\"wsite-multicol\">\n<div class=\"wsite-multicol-table-wrap\">\n<table class=\"wsite-multicol-table\" style=\"width: 95.7088%; height: 253px;\">\n<tbody class=\"wsite-multicol-tbody\">\n<tr class=\"wsite-multicol-tr\" style=\"height: 253px;\">\n<td class=\"wsite-multicol-col\" style=\"width: 18.1395%; height: 253px;\">\n<h2 class=\"paragraph\"><span style=\"color: #8d2424; font-size: 12pt;\"><strong>TERCER M\u00d3DULO\u00a0 (A.C.)<\/strong><\/span><\/h2>\n<\/td>\n<td class=\"wsite-multicol-col\" style=\"width: 51.0078%; height: 253px;\">\n<div class=\"paragraph\">\n<p style=\"padding-left: 30px;\"><span style=\"color: #000000;\">Regulaci\u00f3n Legal de la Auditor\u00eda<\/span><\/p>\n<p style=\"padding-left: 30px;\"><span style=\"color: #000000;\">Metodolog\u00eda de la Auditor\u00eda I<\/span><\/p>\n<p style=\"padding-left: 30px;\"><span style=\"color: #000000;\">Metodolog\u00eda de la Auditor\u00eda II<\/span><\/p>\n<p style=\"padding-left: 30px;\"><span style=\"color: #000000;\">Informes de Auditor\u00eda<br \/><\/span><br \/><span style=\"color: #000000;\">Pr\u00e1cticas Profesionales de Auditor\u00eda I<\/span><\/p>\n<\/div>\n<\/td>\n<td class=\"wsite-multicol-col\" style=\"width: 11.1628%; height: 253px;\">\n<div class=\"paragraph\">\n<p>Espec\u00edf.<\/p>\n<p>Espec\u00edf.<\/p>\n<p>Espec\u00edf.<\/p>\n<p>Espec\u00edf.<\/p>\n<p>Espec\u00edf.<\/p>\n<\/div>\n<\/td>\n<td class=\"wsite-multicol-col\" style=\"width: 19.5349%; height: 253px;\">\n<div class=\"paragraph\">\n<p>5 cr\u00e9ditos<\/p>\n<p>5 cr\u00e9ditos<\/p>\n<p>5 cr\u00e9ditos<\/p>\n<p>3 cr\u00e9ditos<\/p>\n<p>11 cr\u00e9ditos<\/p>\n<\/div>\n<\/td>\n<\/tr>\n<\/tbody>\n<\/table>\n<\/div>\n<\/div>\n<\/div>\n<div>\n<div>\u00a0<\/div>\n<hr class=\"styled-hr\" \/>\n<div>\u00a0<\/div>\n<\/div>\n<div>\n<div class=\"wsite-multicol\">\n<div class=\"wsite-multicol-table-wrap\">\n<table class=\"wsite-multicol-table\" style=\"width: 709px; height: 111px;\">\n<tbody class=\"wsite-multicol-tbody\">\n<tr class=\"wsite-multicol-tr\">\n<td class=\"wsite-multicol-col\" style=\"width: 10px;\">\u00a0<\/td>\n<td class=\"wsite-multicol-col\" style=\"width: 423px;\">\n<div class=\"paragraph\">\n<p style=\"padding-left: 210px;\"><span style=\"color: #000000;\">Pr\u00e1cticas en empresas<\/span><\/p>\n<p style=\"padding-left: 210px;\"><span style=\"color: #000000;\">Trabajo Fin de M\u00e1ster<\/span><\/p>\n<\/div>\n<\/td>\n<td class=\"wsite-multicol-col\" style=\"width: 69px;\">\n<div class=\"paragraph\">\n<p>Com\u00fan<\/p>\n<p>Com\u00fan<\/p>\n<\/div>\n<\/td>\n<td class=\"wsite-multicol-col\" style=\"width: 166px;\">\n<div class=\"paragraph\">\n<p>9 cr\u00e9ditos<\/p>\n<p>6 cr\u00e9ditos<\/p>\n<\/div>\n<\/td>\n<\/tr>\n<\/tbody>\n<\/table>\n<\/div>\n<\/div>\n<\/div>\n<\/div>\n<\/div>\n<div><span style=\"color: #993300;\"><strong>IMPORTANTE<\/strong><\/span> El alumnado que est\u00e9 interesado en presentarse a las pruebas del Instituto de Contabilidad y Auditor\u00eda de Cuentas para acceder a la condici\u00f3n de auditor\/a debe tener en cuenta los siguientes aspectos, en funci\u00f3n del Grado de procedencia de la Universidad de Oviedo:<\/div>\n<div>\u00a0<\/div>\n<ul>\n<li><strong>Contabilidad y Finanzas<\/strong>: Ha de matricularse de las asignaturas obligatorias y<br \/>optativas del Itinerario de Auditor\u00eda.<\/li>\n<li><strong>Grado en ADE<\/strong>: Si desea obtener la dispensa del primer examen te\u00f3rico, debe cursar, adem\u00e1s del Itinerario en Auditor\u00eda de Cuentas, las asignaturas \u201c<em>Normas de registro y valoraci\u00f3n del ICAC<\/em>\u201d y \u201c<em>Tecnolog\u00edas de la informaci\u00f3n<\/em>\u201d.<\/li>\n<li><strong>Grado en Econom\u00eda<\/strong>: Si desea obtener la dispensa del primer examen te\u00f3rico, debe cursar, adem\u00e1s del Itinerario en Auditor\u00eda de Cuentas, las asignaturas \u201c<em>Normas de registro y valoraci\u00f3n del ICAC<\/em>\u201d, \u201c<em>Contabilidad de costes y control de gesti\u00f3n<\/em>\u201d, \u00ab<em>An\u00e1lisis contable<\/em>\u201d y \u201c<em>Tecnolog\u00edas de la informaci\u00f3n<\/em>\u201d<\/li>\n<\/ul>\n<div id=\"contents\">\n<div id=\"wsite-content\" class=\"wsite-elements wsite-not-footer\">\n<div><hr class=\"styled-hr\" \/>\n<div>\u00a0<\/div>\n<\/div>\n<div class=\"paragraph\">En el siguiente enlace podr\u00e1s consultar el <span style=\"color: #993300;\"><strong>Plan de Estudios<\/strong><\/span> del M\u00e1ster (asignaturas, horarios, profesores) en la <a href=\"https:\/\/www.uniovi.es\/estudia\/masteres\/socialesyjuridicas\/analisiscontable\">web oficial de la Universidad de Oviedo<\/a>.<\/div>\n<\/div>\n<\/div>\n<div>\u00a0<\/div>\n<div id=\"contents\">\n<div id=\"wsite-content\" class=\"wsite-elements wsite-not-footer\">\n<div>\n<div>Para consultar las <span style=\"color: #993300;\"><strong>gu\u00edas docentes vigentes<\/strong><\/span>\u00a0de cada una de las asignaturas, <a href=\"https:\/\/www.uniovi.es\/estudia\/masteres\/socialesyjuridicas\/analisiscontable\">sigue este enlace<\/a>. En el detalle del plan de estudios podr\u00e1s ver cada una de nuestras asignaturas con toda su informaci\u00f3n acad\u00e9mica.<\/div>\n<\/div>\n<\/div>\n<div>\u00a0<\/div>\n<div id=\"wsite-content\" class=\"wsite-elements wsite-not-footer\">\n<div><hr class=\"styled-hr\" \/>\n<div><strong><span style=\"color: #800000; font-size: 12pt;\">Horarios de clases<\/span><\/strong><\/div>\n<\/div>\n<div class=\"paragraph\" style=\"text-align: justify;\">El M\u00e1ster se imparte de lunes a viernes en horario de tarde, de 15:30 a 20:00 horas, en sesiones de 1 hora y media de duraci\u00f3n.<\/div>\n<div>\u00a0<\/div>\n<div class=\"paragraph\" style=\"text-align: justify;\">Los alumnos del itinerario de Auditor\u00eda de Cuentas que cursen \u201cNormas de Registro y Valoraci\u00f3n del ICAC\u201d y \u201cContabilidad de Costes y Gesti\u00f3n. Cuadro de Mando Integral\u201d dispondr\u00e1n de un <span style=\"color: #3366ff;\"><strong><a style=\"color: #3366ff;\" href=\"http:\/\/www.unioviedo.es\/mastersiac\/wp-content\/uploads\/2026\/03\/HORARIO_ICAC_2627_DEFINITIVO.pdf\" target=\"_blank\" rel=\"noopener noreferrer\">horario especial en sesiones de ma\u00f1ana<\/a><\/strong><\/span>.<\/div>\n<div>\u00a0<\/div>\n<div class=\"paragraph\" style=\"text-align: justify;\">Si lo deseas, puedes consultar en estos enlaces los horarios del M\u00e1ster SIAC para el curso 2026\/2027 en el <strong>grupo de\u00a0<span style=\"color: #3366ff;\"><a style=\"color: #3366ff;\" href=\"http:\/\/www.unioviedo.es\/mastersiac\/wp-content\/uploads\/2026\/03\/HORARIO_CS_2627_DEFINITIVO.pdf\" target=\"_blank\" rel=\"noopener noreferrer\">Contabilidad Superior<\/a><\/span><\/strong>\u00a0y el <strong>grupo de <span style=\"color: #3366ff;\"><a style=\"color: #3366ff;\" href=\"http:\/\/www.unioviedo.es\/mastersiac\/wp-content\/uploads\/2026\/03\/HORARIO_AU_2627_DEFINITIVO.pdf\">Auditor\u00eda Superior<\/a><\/span><\/strong>. Las aulas de impartici\u00f3n ser\u00e1n 82 y 84, respectivamente.<\/div>\n<div>\u00a0<\/div>\n<\/div>\n<\/div>\n<\/div>\n<div id=\"contents-body\">\n<div id=\"contents\">\n<div id=\"wsite-content\" class=\"wsite-elements wsite-not-footer\">\n<h2 class=\"wsite-content-title\"><strong><span style=\"font-size: 12pt;\"><span style=\"color: #990000;\">Horarios de <\/span><\/span><span style=\"color: #990000;\"><span style=\"font-size: 16px;\">ex\u00e1menes<\/span><\/span><\/strong><\/h2>\n<div class=\"paragraph\" style=\"text-align: justify;\">Las fechas oficiales de ex\u00e1menes para el periodo 2026\/2027 se encuentran disponibles en el siguiente <a href=\"http:\/\/www.unioviedo.es\/mastersiac\/wp-content\/uploads\/2026\/03\/FECHAS-EXAMENES-2026-27.pdf\"><span style=\"color: #3366ff;\"><strong>enlace<\/strong><\/span><\/a>. En este otro <a href=\"http:\/\/www.unioviedo.es\/mastersiac\/wp-content\/uploads\/2025\/05\/CALENDARIO-EXAMENES-2025-26.pdf\"><strong><span style=\"color: #3366ff;\">enlace<\/span><\/strong><\/a> puedes consultar los horarios de ex\u00e1menes para el actual curso 2025\/2026.<\/div>\n<div>\u00a0<\/div>\n<div>\n<h2 class=\"wsite-content-title\"><span style=\"color: #990000; font-size: medium;\"><span style=\"caret-color: #990000; font-weight: 600;\">Calendario Trabajos Fin de M\u00e1ster<\/span><\/span><\/h2>\n<div class=\"paragraph\" style=\"text-align: justify;\">El calendario de Trabajos Fin de M\u00e1ster para el periodo 2025\/2026 se encuentra publicado en el siguiente <span style=\"color: #3366ff;\"><strong><a style=\"color: #3366ff;\" href=\"http:\/\/www.unioviedo.es\/mastersiac\/wp-content\/uploads\/2025\/10\/CALENDARIO-TRABAJOS-FIN-DE-MASTER_2025-26.pdf\" target=\"_blank\" rel=\"noopener noreferrer\">enlace<\/a><\/strong><\/span>.<\/div>\n<\/div>\n<div>\n<div id=\"contents\">\n<div id=\"wsite-content\" class=\"wsite-elements wsite-not-footer\">\n<div>\n<div>\u00a0<\/div>\n<\/div>\n<\/div>\n<\/div>\n<\/div>\n<\/div>\n<\/div>\n<\/div>\n<\/div>\n<\/div>\n\n\n\n\n<p><\/p>\n\n\n","protected":false},"excerpt":{"rendered":"<p>El M\u00e1ster\u00a0en Sistemas de Informaci\u00f3n y An\u00e1lisis Contable\u00a0ofrece dos itinerarios o perfiles diferentes: Contabilidad Superior y Auditor\u00eda de Cuentas.\u00a0El programa es impartido a lo largo de un curso acad\u00e9mico, dividido en 2 semestres. El itinerario en\u00a0Contabilidad Superior\u00a0pretende dotar a los alumnos de las herramientas y conocimientos para desarrollar las tareas profesionales relacionadas con el manejo &hellip; <\/p>\n<p class=\"link-more\"><a href=\"https:\/\/www.unioviedo.es\/mastersiac\/index.php\/asignaturas-y-horarios\/\" class=\"more-link\">Continuar leyendo<span class=\"screen-reader-text\"> \u00ab<!Asignaturas y Horarios>\u00ab<\/span><\/a><\/p>\n","protected":false},"author":1,"featured_media":160,"parent":0,"menu_order":0,"comment_status":"closed","ping_status":"closed","template":"","meta":{"footnotes":""},"class_list":["post-159","page","type-page","status-publish","has-post-thumbnail","hentry"],"_links":{"self":[{"href":"https:\/\/www.unioviedo.es\/mastersiac\/index.php\/wp-json\/wp\/v2\/pages\/159","targetHints":{"allow":["GET"]}}],"collection":[{"href":"https:\/\/www.unioviedo.es\/mastersiac\/index.php\/wp-json\/wp\/v2\/pages"}],"about":[{"href":"https:\/\/www.unioviedo.es\/mastersiac\/index.php\/wp-json\/wp\/v2\/types\/page"}],"author":[{"embeddable":true,"href":"https:\/\/www.unioviedo.es\/mastersiac\/index.php\/wp-json\/wp\/v2\/users\/1"}],"replies":[{"embeddable":true,"href":"https:\/\/www.unioviedo.es\/mastersiac\/index.php\/wp-json\/wp\/v2\/comments?post=159"}],"version-history":[{"count":133,"href":"https:\/\/www.unioviedo.es\/mastersiac\/index.php\/wp-json\/wp\/v2\/pages\/159\/revisions"}],"predecessor-version":[{"id":1353,"href":"https:\/\/www.unioviedo.es\/mastersiac\/index.php\/wp-json\/wp\/v2\/pages\/159\/revisions\/1353"}],"wp:featuredmedia":[{"embeddable":true,"href":"https:\/\/www.unioviedo.es\/mastersiac\/index.php\/wp-json\/wp\/v2\/media\/160"}],"wp:attachment":[{"href":"https:\/\/www.unioviedo.es\/mastersiac\/index.php\/wp-json\/wp\/v2\/media?parent=159"}],"curies":[{"name":"wp","href":"https:\/\/api.w.org\/{rel}","templated":true}]}}