{"id":231,"date":"2018-02-07T00:24:54","date_gmt":"2018-02-06T23:24:54","guid":{"rendered":"http:\/\/www.unioviedo.es\/mastersiac\/?page_id=231"},"modified":"2025-07-25T20:05:28","modified_gmt":"2025-07-25T18:05:28","slug":"datos-de-contacto","status":"publish","type":"page","link":"https:\/\/www.unioviedo.es\/mastersiac\/index.php\/datos-de-contacto\/","title":{"rendered":"<!Datos de contacto>"},"content":{"rendered":"<table class=\"wsite-multicol-table\" style=\"height: 142px; width: 689px; border-color: #000000; background-color: #ffffff;\" border=\"0\">\n<tbody class=\"wsite-multicol-tbody\">\n<tr class=\"wsite-multicol-tr\" style=\"height: 131.516px;\">\n<td class=\"wsite-multicol-col\" style=\"width: 186.583px; height: 131.516px;\">\n<h2 class=\"wsite-content-title\"><span style=\"color: #800000; font-size: 12pt;\"><strong>COORDINADOR DEL M\u00c1STER SIAC<\/strong><\/span><\/h2>\n<\/td>\n<td class=\"wsite-multicol-col\" style=\"width: 551.417px; height: 131.516px;\">\n<div class=\"paragraph\" style=\"padding-left: 30px;\"><span style=\"font-size: 10pt;\"><strong>JES\u00daS GARC\u00cdA GARC\u00cdA<\/strong><\/span><br \/>\n<span style=\"font-size: 10pt;\"><strong> Profesor Titular de la Universidad de Oviedo<\/strong><\/span><br \/>\n<span style=\"font-size: 10pt;\"><strong> e-mail:<a href=\"mailto:jesgar@uniovi.es\"><span style=\"color: #0000ff;\"> jesgar@uniovi.es<\/span><\/a><\/strong><\/span><\/div>\n<\/td>\n<\/tr>\n<\/tbody>\n<\/table>\n<div class=\"paragraph\">\n<div>\n<div class=\"wsite-multicol\">\n<div class=\"wsite-multicol-table-wrap\">\n<table class=\"wsite-multicol-table\" style=\"height: 168px; width: 688px; background-color: #ffffff; border-color: #000000;\" border=\"0\">\n<tbody class=\"wsite-multicol-tbody\">\n<tr class=\"wsite-multicol-tr\">\n<td class=\"wsite-multicol-col\" style=\"width: 182.467px;\">\n<h2 class=\"wsite-content-title\"><span style=\"font-size: 12pt; color: #800000;\"><strong>DEPARTAMENTO DE CONTABILIDAD<\/strong><\/span><\/h2>\n<\/td>\n<td class=\"wsite-multicol-col\" style=\"width: 505.533px;\">\n<div class=\"paragraph\" style=\"padding-left: 30px;\"><span style=\"font-size: 10pt;\"><strong><span style=\"color: #333333;\">Dpto. de Contabilidad &#8211;\u00a0Facultad de Econom\u00eda y Empresa<\/span><\/strong><\/span><br \/>\n<span style=\"font-size: 10pt;\"><strong><span style=\"color: #333333;\"> Av. del Cristo, s\/n 33071 &#8211; Oviedo (Asturias)<\/span><\/strong><\/span><br \/>\n<span style=\"font-size: 10pt;\"><strong><span style=\"color: #333333;\"> e-mail:\u00a0<span style=\"color: #0000ff;\"><a style=\"color: #0000ff;\" href=\"mailto:dpto.contabilidad@uniovi.es\">dpto.contabilidad@uniovi.es<\/a><\/span><\/span><\/strong><\/span><br \/>\n<span style=\"font-size: 10pt;\"><strong><span style=\"color: #333333;\"> tlfo.: 985106217<\/span><\/strong><\/span><\/div>\n<\/td>\n<\/tr>\n<\/tbody>\n<\/table>\n<\/div>\n<\/div>\n<\/div>\n<div>\n<div class=\"wsite-multicol\">\n<div class=\"wsite-multicol-table-wrap\">\n<div>\n<div class=\"wsite-multicol\">\n<div class=\"wsite-multicol-table-wrap\"><\/div>\n<\/div>\n<\/div>\n<div><\/div>\n<\/div>\n<\/div>\n<\/div>\n<\/div>\n","protected":false},"excerpt":{"rendered":"<p>COORDINADOR DEL M\u00c1STER SIAC JES\u00daS GARC\u00cdA GARC\u00cdA Profesor Titular de la Universidad de Oviedo e-mail: jesgar@uniovi.es DEPARTAMENTO DE CONTABILIDAD Dpto. de Contabilidad &#8211;\u00a0Facultad de Econom\u00eda y Empresa Av. del Cristo, s\/n 33071 &#8211; Oviedo (Asturias) e-mail:\u00a0dpto.contabilidad@uniovi.es tlfo.: 985106217<\/p>\n","protected":false},"author":1,"featured_media":0,"parent":0,"menu_order":0,"comment_status":"closed","ping_status":"closed","template":"","meta":{"footnotes":""},"class_list":["post-231","page","type-page","status-publish","hentry"],"_links":{"self":[{"href":"https:\/\/www.unioviedo.es\/mastersiac\/index.php\/wp-json\/wp\/v2\/pages\/231","targetHints":{"allow":["GET"]}}],"collection":[{"href":"https:\/\/www.unioviedo.es\/mastersiac\/index.php\/wp-json\/wp\/v2\/pages"}],"about":[{"href":"https:\/\/www.unioviedo.es\/mastersiac\/index.php\/wp-json\/wp\/v2\/types\/page"}],"author":[{"embeddable":true,"href":"https:\/\/www.unioviedo.es\/mastersiac\/index.php\/wp-json\/wp\/v2\/users\/1"}],"replies":[{"embeddable":true,"href":"https:\/\/www.unioviedo.es\/mastersiac\/index.php\/wp-json\/wp\/v2\/comments?post=231"}],"version-history":[{"count":36,"href":"https:\/\/www.unioviedo.es\/mastersiac\/index.php\/wp-json\/wp\/v2\/pages\/231\/revisions"}],"predecessor-version":[{"id":1314,"href":"https:\/\/www.unioviedo.es\/mastersiac\/index.php\/wp-json\/wp\/v2\/pages\/231\/revisions\/1314"}],"wp:attachment":[{"href":"https:\/\/www.unioviedo.es\/mastersiac\/index.php\/wp-json\/wp\/v2\/media?parent=231"}],"curies":[{"name":"wp","href":"https:\/\/api.w.org\/{rel}","templated":true}]}}