{"id":714,"date":"2020-07-30T11:13:51","date_gmt":"2020-07-30T09:13:51","guid":{"rendered":"http:\/\/www.unioviedo.es\/mastersiac\/?page_id=714"},"modified":"2025-04-02T11:59:15","modified_gmt":"2025-04-02T09:59:15","slug":"entidades","status":"publish","type":"page","link":"https:\/\/www.unioviedo.es\/mastersiac\/index.php\/entidades\/","title":{"rendered":"Patrocinadores y colaboradores"},"content":{"rendered":"\n<h2 class=\"wp-block-heading\">Entidades patrocinadoras del M\u00e1ster<\/h2>\n\n\n\n<div>\n<div class=\"wsite-multicol\">\n<figure><\/figure>\n<div class=\"wsite-multicol-table-wrap\">\n<table class=\"wsite-multicol-table\" style=\"width: 565px;\">\n<tbody class=\"wsite-multicol-tbody\">\n<tr class=\"wsite-multicol-tr\">\n<td class=\"wsite-multicol-col\" style=\"width: 330px;\">\n<h2 class=\"wsite-content-title\"><a href=\"https:\/\/www.icjce.es\/\"><img loading=\"lazy\" decoding=\"async\" class=\"aligncenter wp-image-308 size-medium\" src=\"http:\/\/www.unioviedo.es\/mastersiac\/wp-content\/uploads\/2020\/07\/auditores.png\" alt=\"Auditores. Instituto de Censores Jurados de Cuentas de Espa\u00f1a\" width=\"200\" height=\"200\" \/><\/a><\/h2>\n<\/td>\n<td class=\"wsite-multicol-col\" style=\"width: 10px;\">\n<div>\n<div class=\"wsite-image wsite-image-border-none \">\n<div>\u00a0<\/div>\n<\/div>\n<\/div>\n<\/td>\n<td class=\"wsite-multicol-col\" style=\"width: 300px;\">\n<h2 class=\"wsite-content-title\"><a href=\"http:\/\/www.unioviedo.es\/mastersiac\/wp-content\/uploads\/2025\/04\/AF_UnicajaLogo_VP_-POS_CMYK.jpg\"><img loading=\"lazy\" decoding=\"async\" class=\"aligncenter size-medium wp-image-1275\" src=\"http:\/\/www.unioviedo.es\/mastersiac\/wp-content\/uploads\/2025\/04\/AF_UnicajaLogo_VP_-POS_CMYK-300x127.jpg\" alt=\"\" width=\"300\" height=\"127\" srcset=\"https:\/\/www.unioviedo.es\/mastersiac\/wp-content\/uploads\/2025\/04\/AF_UnicajaLogo_VP_-POS_CMYK-300x127.jpg 300w, https:\/\/www.unioviedo.es\/mastersiac\/wp-content\/uploads\/2025\/04\/AF_UnicajaLogo_VP_-POS_CMYK-1024x432.jpg 1024w, https:\/\/www.unioviedo.es\/mastersiac\/wp-content\/uploads\/2025\/04\/AF_UnicajaLogo_VP_-POS_CMYK-768x324.jpg 768w, https:\/\/www.unioviedo.es\/mastersiac\/wp-content\/uploads\/2025\/04\/AF_UnicajaLogo_VP_-POS_CMYK.jpg 1158w\" sizes=\"auto, (max-width: 300px) 100vw, 300px\" \/><\/a><\/h2>\n<\/td>\n<td class=\"wsite-multicol-col\" style=\"width: 10px;\">\n<div>\n<div class=\"wsite-image wsite-image-border-none \">\n<div>\u00a0<\/div>\n<\/div>\n<\/div>\n<\/td>\n<\/tr>\n<\/tbody>\n<\/table>\n<\/div>\n<\/div>\n<\/div>\n\n\n\n<h2 class=\"wp-block-heading\">Entidades colaboradoras que ofertan pr\u00e1cticas a los alumnos<\/h2>\n\n\n\n<figure class=\"wp-block-image size-full\"><img loading=\"lazy\" decoding=\"async\" width=\"1024\" height=\"264\" src=\"http:\/\/www.unioviedo.es\/mastersiac\/wp-content\/uploads\/2022\/06\/patrocinadores-1024x214-1.jpeg\" alt=\"\" class=\"wp-image-1072\" srcset=\"https:\/\/www.unioviedo.es\/mastersiac\/wp-content\/uploads\/2022\/06\/patrocinadores-1024x214-1.jpeg 1024w, https:\/\/www.unioviedo.es\/mastersiac\/wp-content\/uploads\/2022\/06\/patrocinadores-1024x214-1-300x77.jpeg 300w, https:\/\/www.unioviedo.es\/mastersiac\/wp-content\/uploads\/2022\/06\/patrocinadores-1024x214-1-768x198.jpeg 768w\" sizes=\"auto, (max-width: 706px) 89vw, (max-width: 767px) 82vw, 740px\" \/><figcaption class=\"wp-element-caption\">Screenshot<\/figcaption><\/figure>\n\n\n\n<ul class=\"wp-block-list\">\n<li>Aleastur<\/li>\n\n\n\n<li>Alvarez y Vi\u00f1uela<\/li>\n\n\n\n<li>Alsa Grupo<\/li>\n\n\n\n<li>Adinsa Asesores<\/li>\n\n\n\n<li>Asesor\u00eda Arias y San Mart\u00edn<\/li>\n\n\n\n<li>Asesor\u00eda Mel Asociados<\/li>\n\n\n\n<li>Auditores Tercera Generaci\u00f3n<\/li>\n\n\n\n<li>Ayuntamiento de Gij\u00f3n<\/li>\n\n\n\n<li>Balance Asesor\u00eda de Empresas<\/li>\n\n\n\n<li>Blanco, Gonz\u00e1lez y Mier Auditores<\/li>\n\n\n\n<li>BNFIX Norte Auditores<\/li>\n\n\n\n<li>BNFIX Norte Consultores<\/li>\n\n\n\n<li>Caja Rural de Asturias<\/li>\n\n\n\n<li>Centium Auditores<\/li>\n\n\n\n<li>Cogersa<\/li>\n\n\n\n<li>Deloitte<\/li>\n\n\n\n<li>Dupont<\/li>\n\n\n\n<li>E.B. Auditores<\/li>\n\n\n\n<li>ETL Global<\/li>\n\n\n\n<li>EUDITA PFS Auditores<\/li>\n\n\n\n<li>F\u00e9lix Fern\u00e1ndez D\u00edaz y Onaind\u00eda Auditores<\/li>\n\n\n\n<li>Supermercados masymas<\/li>\n\n\n\n<li>Iberaudit Kreston IBAC<\/li>\n\n\n\n<li>Llana Auditores<\/li>\n\n\n\n<li>Moro y Asociados<\/li>\n\n\n\n<li>Norte Auditores<\/li>\n\n\n\n<li>Noval, Vizoso y \u00c1lvarez Asesores<\/li>\n\n\n\n<li>Open Auditores<\/li>\n\n\n\n<li>Prensa Ib\u00e9rica<\/li>\n\n\n\n<li>PricewaterhouseCoopers<\/li>\n\n\n\n<li>Real Grupo de Cultura Covadonga<\/li>\n\n\n\n<li>Sindicatura de Cuentas del Principado de Asturias<\/li>\n\n\n\n<li>Telecable<\/li>\n\n\n\n<li>Unicaja Banco<\/li>\n\n\n\n<li>Vaciero<\/li>\n<\/ul>\n\n\n\n<p>Adem\u00e1s, agradecemos a las siguientes entidades su apoyo inicial para poner en marcha el M\u00e1ster SIAC con su doble itinerario en Contabilidad Superior y Auditor\u00eda de Cuentas en el curso 2015-2016, sin cuyo impulso no hubiera sido posible:<\/p>\n\n\n\n<ul class=\"wp-block-list\">\n<li>Caja Rural de Asturias<\/li>\n\n\n\n<li>Colegio de Economistas de Asturias<\/li>\n\n\n\n<li>Colegio Oficial de Titulados Mercantiles y Empresariales de Asturias<\/li>\n\n\n\n<li>Instituto de Censores Jurados de Cuentas de Espa\u00f1a &#8211; Agrupaci\u00f3n 9\u00aa<\/li>\n\n\n\n<li>Consejer\u00eda de Econom\u00eda y Hacienda del Principado de Asturias<\/li>\n\n\n\n<li>Sindicatura de Cuentas del Principado de Asturias<\/li>\n\n\n\n<li>Registro Mercantil y de Bienes Muebles de Asturias<\/li>\n\n\n\n<li>Ayuntamiento de Gij\u00f3n<\/li>\n\n\n\n<li>Deloitte<\/li>\n\n\n\n<li>PricewaterhouseCoopers Auditores<\/li>\n\n\n\n<li>Consorcio para la Gesti\u00f3n de Residuos Solidos de Asturias, COGERSA<\/li>\n\n\n\n<li>Real Grupo de Cultura Covadonga<\/li>\n<\/ul>\n","protected":false},"excerpt":{"rendered":"<p>Entidades patrocinadoras del M\u00e1ster \u00a0 \u00a0 Entidades colaboradoras que ofertan pr\u00e1cticas a los alumnos Adem\u00e1s, agradecemos a las siguientes entidades su apoyo inicial para poner en marcha el M\u00e1ster SIAC con su doble itinerario en Contabilidad Superior y Auditor\u00eda de Cuentas en el curso 2015-2016, sin cuyo impulso no hubiera sido posible:<\/p>\n","protected":false},"author":1,"featured_media":0,"parent":0,"menu_order":3,"comment_status":"closed","ping_status":"closed","template":"","meta":{"footnotes":""},"class_list":["post-714","page","type-page","status-publish","hentry"],"_links":{"self":[{"href":"https:\/\/www.unioviedo.es\/mastersiac\/index.php\/wp-json\/wp\/v2\/pages\/714","targetHints":{"allow":["GET"]}}],"collection":[{"href":"https:\/\/www.unioviedo.es\/mastersiac\/index.php\/wp-json\/wp\/v2\/pages"}],"about":[{"href":"https:\/\/www.unioviedo.es\/mastersiac\/index.php\/wp-json\/wp\/v2\/types\/page"}],"author":[{"embeddable":true,"href":"https:\/\/www.unioviedo.es\/mastersiac\/index.php\/wp-json\/wp\/v2\/users\/1"}],"replies":[{"embeddable":true,"href":"https:\/\/www.unioviedo.es\/mastersiac\/index.php\/wp-json\/wp\/v2\/comments?post=714"}],"version-history":[{"count":16,"href":"https:\/\/www.unioviedo.es\/mastersiac\/index.php\/wp-json\/wp\/v2\/pages\/714\/revisions"}],"predecessor-version":[{"id":1276,"href":"https:\/\/www.unioviedo.es\/mastersiac\/index.php\/wp-json\/wp\/v2\/pages\/714\/revisions\/1276"}],"wp:attachment":[{"href":"https:\/\/www.unioviedo.es\/mastersiac\/index.php\/wp-json\/wp\/v2\/media?parent=714"}],"curies":[{"name":"wp","href":"https:\/\/api.w.org\/{rel}","templated":true}]}}