{"id":16909,"date":"2019-09-30T11:31:36","date_gmt":"2019-09-30T09:31:36","guid":{"rendered":"http:\/\/www.unioviedo.es\/mcm\/?page_id=16909"},"modified":"2024-09-27T17:44:03","modified_gmt":"2024-09-27T15:44:03","slug":"contact","status":"publish","type":"page","link":"https:\/\/www.unioviedo.es\/mcm\/contact\/","title":{"rendered":"Contact"},"content":{"rendered":"<p>[vc_row css_animation=\u00bb\u00bb row_type=\u00bbrow\u00bb use_row_as_full_screen_section=\u00bbno\u00bb type=\u00bbfull_width\u00bb angled_section=\u00bbno\u00bb text_align=\u00bbleft\u00bb background_image_as_pattern=\u00bbwithout_pattern\u00bb css=\u00bb.vc_custom_1570523634204{margin-bottom: 20px !important;}\u00bb z_index=\u00bb\u00bb][vc_column][vc_column_text]<\/p>\r\n<h2><strong>Faculty of Biology<\/strong><\/h2>\r\n<p>C\/ Catedr\u00e1tico Valent\u00edn Andr\u00e9s \u00c1lvarez s\/n<br \/>33006 Oviedo (<a href=\"https:\/\/goo.gl\/maps\/Fo9hK4yrBaif2yHK9\" target=\"_blank\" rel=\"noopener noreferrer\">view in Google Maps<\/a>)<\/p>\r\n<hr \/>\r\n<p>&nbsp;<\/p>\r\n<div id=\"gtx-trans\" style=\"position: absolute; left: 110px; top: 75.025px;\">\r\n<div class=\"gtx-trans-icon\">\u00a0<\/div>\r\n<\/div>\r\n<p>[\/vc_column_text][\/vc_column][\/vc_row][vc_row css_animation=\u00bb\u00bb row_type=\u00bbrow\u00bb use_row_as_full_screen_section=\u00bbno\u00bb type=\u00bbfull_width\u00bb angled_section=\u00bbno\u00bb text_align=\u00bbleft\u00bb background_image_as_pattern=\u00bbwithout_pattern\u00bb][vc_column width=\u00bb1\/2&#8243;][vc_column_text]<\/p>\r\n<h3><strong>Phone<\/strong>:<\/h3>\r\n<p><a href=\"tel:+34985104807\">985 10 48 07<\/a><\/p>\r\n<p><a href=\"tel:+34985104808\">985 10 48 08<\/a><\/p>\r\n<p><a href=\"tel:+34985104809\">985 10 48 09<\/a><\/p>\r\n<p>&nbsp;<\/p>\r\n<h3><!-- \/wp:post-content --><\/h3>\r\n<h3><!-- wp:paragraph --><strong>Email<\/strong>:<\/h3>\r\n<p><a href=\"mailto:fac.biologia@uniovi.es\">fac.biologia@uniovi.es<\/a><\/p>\r\n<p>&nbsp;<\/p>\r\n<!-- \/wp:paragraph -->\r\n<div id=\"gtx-trans\" style=\"position: absolute; left: -38px; top: 203.338px;\">\r\n<div class=\"gtx-trans-icon\">\u00a0<\/div>\r\n<\/div>\r\n<p>[\/vc_column_text][\/vc_column][vc_column width=\u00bb1\/2&#8243;][vc_column_text]<\/p>\r\n<h3><strong>Coordination<\/strong>\u00a0:<\/h3>\r\n<p>&nbsp;<\/p>\r\n<!-- \/wp:paragraph -->\r\n<p><!-- wp:paragraph -->Gonzalo Machado-Schiaffino<\/p>\r\n<p>&nbsp;<\/p>\r\n<h3><!-- \/wp:paragraph --><\/h3>\r\n<p><!-- wp:paragraph --><strong>Phone<\/strong>:<\/p>\r\n<p><a href=\"tel:+34985102746\">985 10 6262<\/a><\/p>\r\n<p>&nbsp;<\/p>\r\n<h3><!-- \/wp:paragraph --><\/h3>\r\n<p><!-- wp:paragraph --><strong>Email<\/strong>:<\/p>\r\n<p><a href=\"mailto:borrellyaisel@uniovi.es\">machadogonzalo@uniovi.es<\/a><\/p>\r\n<!-- \/wp:paragraph -->\r\n<div id=\"gtx-trans\" style=\"position: absolute; left: -27px; top: 250.05px;\">\r\n<div class=\"gtx-trans-icon\">\u00a0<\/div>\r\n<\/div>\r\n<p>[\/vc_column_text][\/vc_column][\/vc_row][vc_row css_animation=\u00bb\u00bb row_type=\u00bbrow\u00bb use_row_as_full_screen_section=\u00bbno\u00bb type=\u00bbfull_width\u00bb angled_section=\u00bbno\u00bb text_align=\u00bbleft\u00bb background_image_as_pattern=\u00bbwithout_pattern\u00bb][vc_column][\/vc_column][\/vc_row]<\/p>","protected":false},"excerpt":{"rendered":"<p>[vc_row css_animation=\u00bb\u00bb row_type=\u00bbrow\u00bb use_row_as_full_screen_section=\u00bbno\u00bb type=\u00bbfull_width\u00bb angled_section=\u00bbno\u00bb text_align=\u00bbleft\u00bb background_image_as_pattern=\u00bbwithout_pattern\u00bb css=\u00bb.vc_custom_1570523634204{margin-bottom: 20px !important;}\u00bb z_index=\u00bb\u00bb][vc_column][vc_column_text] Faculty of Biology C\/ Catedr\u00e1tico Valent\u00edn Andr\u00e9s \u00c1lvarez s\/n33006 Oviedo (view in Google Maps) &nbsp; \u00a0 [\/vc_column_text][\/vc_column][\/vc_row][vc_row css_animation=\u00bb\u00bb row_type=\u00bbrow\u00bb use_row_as_full_screen_section=\u00bbno\u00bb type=\u00bbfull_width\u00bb angled_section=\u00bbno\u00bb text_align=\u00bbleft\u00bb background_image_as_pattern=\u00bbwithout_pattern\u00bb][vc_column width=\u00bb1\/2&#8243;][vc_column_text] Phone: 985 10 48 07 985 10 48&#8230;<\/p>\n","protected":false},"author":1,"featured_media":0,"parent":0,"menu_order":0,"comment_status":"closed","ping_status":"closed","template":"","meta":{"kt_blocks_editor_width":"","footnotes":""},"class_list":["post-16909","page","type-page","status-publish","hentry"],"_links":{"self":[{"href":"https:\/\/www.unioviedo.es\/mcm\/wp-json\/wp\/v2\/pages\/16909","targetHints":{"allow":["GET"]}}],"collection":[{"href":"https:\/\/www.unioviedo.es\/mcm\/wp-json\/wp\/v2\/pages"}],"about":[{"href":"https:\/\/www.unioviedo.es\/mcm\/wp-json\/wp\/v2\/types\/page"}],"author":[{"embeddable":true,"href":"https:\/\/www.unioviedo.es\/mcm\/wp-json\/wp\/v2\/users\/1"}],"replies":[{"embeddable":true,"href":"https:\/\/www.unioviedo.es\/mcm\/wp-json\/wp\/v2\/comments?post=16909"}],"version-history":[{"count":25,"href":"https:\/\/www.unioviedo.es\/mcm\/wp-json\/wp\/v2\/pages\/16909\/revisions"}],"predecessor-version":[{"id":17743,"href":"https:\/\/www.unioviedo.es\/mcm\/wp-json\/wp\/v2\/pages\/16909\/revisions\/17743"}],"wp:attachment":[{"href":"https:\/\/www.unioviedo.es\/mcm\/wp-json\/wp\/v2\/media?parent=16909"}],"curies":[{"name":"wp","href":"https:\/\/api.w.org\/{rel}","templated":true}]}}