{"id":1064,"date":"2022-08-03T06:57:03","date_gmt":"2022-08-03T06:57:03","guid":{"rendered":"https:\/\/www.unioviedo.es\/motostudent\/?page_id=1064"},"modified":"2022-08-09T09:56:39","modified_gmt":"2022-08-09T09:56:39","slug":"ms6","status":"publish","type":"page","link":"https:\/\/www.unioviedo.es\/motostudent\/ms6\/","title":{"rendered":"MS6"},"content":{"rendered":"\t\t<div data-elementor-type=\"wp-page\" data-elementor-id=\"1064\" class=\"elementor elementor-1064\" data-elementor-post-type=\"page\">\n\t\t\t\t\t\t\t\t\t<section class=\"elementor-section elementor-top-section elementor-element elementor-element-688ad9f elementor-section-boxed elementor-section-height-default elementor-section-height-default\" data-id=\"688ad9f\" data-element_type=\"section\" data-settings=\"{&quot;background_background&quot;:&quot;classic&quot;}\">\n\t\t\t\t\t\t\t<div class=\"elementor-background-overlay\"><\/div>\n\t\t\t\t\t\t\t<div class=\"elementor-container elementor-column-gap-default\">\n\t\t\t\t\t<div class=\"elementor-column elementor-col-100 elementor-top-column elementor-element elementor-element-f0dbd75\" data-id=\"f0dbd75\" data-element_type=\"column\">\n\t\t\t<div class=\"elementor-widget-wrap elementor-element-populated\">\n\t\t\t\t\t\t\t\t<div class=\"elementor-element elementor-element-be1fd37 elementor-widget elementor-widget-heading\" data-id=\"be1fd37\" data-element_type=\"widget\" data-widget_type=\"heading.default\">\n\t\t\t\t<div class=\"elementor-widget-container\">\n\t\t\t<style>\/*! elementor - v3.17.0 - 08-11-2023 *\/\n.elementor-heading-title{padding:0;margin:0;line-height:1}.elementor-widget-heading .elementor-heading-title[class*=elementor-size-]>a{color:inherit;font-size:inherit;line-height:inherit}.elementor-widget-heading .elementor-heading-title.elementor-size-small{font-size:15px}.elementor-widget-heading .elementor-heading-title.elementor-size-medium{font-size:19px}.elementor-widget-heading .elementor-heading-title.elementor-size-large{font-size:29px}.elementor-widget-heading .elementor-heading-title.elementor-size-xl{font-size:39px}.elementor-widget-heading .elementor-heading-title.elementor-size-xxl{font-size:59px}<\/style><h1 class=\"elementor-heading-title elementor-size-xl\">MS6: Nuestra primera moto el\u00e9ctrica<\/h1>\t\t<\/div>\n\t\t\t\t<\/div>\n\t\t\t\t\t<\/div>\n\t\t<\/div>\n\t\t\t\t\t\t\t<\/div>\n\t\t<\/section>\n\t\t\t\t<section class=\"elementor-section elementor-top-section elementor-element elementor-element-1f56240 elementor-section-boxed elementor-section-height-default elementor-section-height-default\" data-id=\"1f56240\" data-element_type=\"section\" data-settings=\"{&quot;shape_divider_top&quot;:&quot;opacity-tilt&quot;}\">\n\t\t\t\t\t<div class=\"elementor-shape elementor-shape-top\" data-negative=\"false\">\n\t\t\t<svg xmlns=\"http:\/\/www.w3.org\/2000\/svg\" viewBox=\"0 0 2600 131.1\" preserveAspectRatio=\"none\">\n\t<path class=\"elementor-shape-fill\" d=\"M0 0L2600 0 2600 69.1 0 0z\"\/>\n\t<path class=\"elementor-shape-fill\" style=\"opacity:0.5\" d=\"M0 0L2600 0 2600 69.1 0 69.1z\"\/>\n\t<path class=\"elementor-shape-fill\" style=\"opacity:0.25\" d=\"M2600 0L0 0 0 130.1 2600 69.1z\"\/>\n<\/svg>\t\t<\/div>\n\t\t\t\t\t<div class=\"elementor-container elementor-column-gap-default\">\n\t\t\t\t\t<div class=\"elementor-column elementor-col-100 elementor-top-column elementor-element elementor-element-e6997bc\" data-id=\"e6997bc\" data-element_type=\"column\">\n\t\t\t<div class=\"elementor-widget-wrap elementor-element-populated\">\n\t\t\t\t\t\t\t\t<div class=\"elementor-element elementor-element-8f88ece elementor-widget elementor-widget-text-editor\" data-id=\"8f88ece\" data-element_type=\"widget\" data-widget_type=\"text-editor.default\">\n\t\t\t\t<div class=\"elementor-widget-container\">\n\t\t\t<style>\/*! elementor - v3.17.0 - 08-11-2023 *\/\n.elementor-widget-text-editor.elementor-drop-cap-view-stacked .elementor-drop-cap{background-color:#69727d;color:#fff}.elementor-widget-text-editor.elementor-drop-cap-view-framed .elementor-drop-cap{color:#69727d;border:3px solid;background-color:transparent}.elementor-widget-text-editor:not(.elementor-drop-cap-view-default) .elementor-drop-cap{margin-top:8px}.elementor-widget-text-editor:not(.elementor-drop-cap-view-default) .elementor-drop-cap-letter{width:1em;height:1em}.elementor-widget-text-editor .elementor-drop-cap{float:left;text-align:center;line-height:1;font-size:50px}.elementor-widget-text-editor .elementor-drop-cap-letter{display:inline-block}<\/style>\t\t\t\t<p style=\"text-align: justify;\">\u00a0 \u00a0En pleno 2019 se daba comienzo a la sexta edici\u00f3n de motostudent y a nuestro sexto prototipo; est\u00e1bamos ante el comienzo de algo muy grande, un cambio de paradigma enorme para el equipo, ya que la sociedad estaba dando un salto en su movilidad, estaba dejando atr\u00e1s los combustibles f\u00f3siles para ver el futuro, un futuro con nuevos veh\u00edculos y motorizaciones, con combustibles ecol\u00f3gicos, el hidrogeno y la electricidad de mano de las bater\u00edas, y Wolfast no pudo ser menos, nos apuntamos a la tendencia y creamos el que es nuestro primer prototipo el\u00e9ctrico.<\/p>\n<p style=\"text-align: justify;\">\u00a0 \u00a0Era un reto totalmente nuevo para el equipo, lo cual requerir\u00eda de nuevos miembros del \u00e1rea de electr\u00f3nica, de una nueva organizaci\u00f3n y de un gran esfuerzo para llevarlo a cabo, y si no era ya poco lo que hab\u00eda que hacer en pleno comienzo de 2020 algo paso, un golpe de realidad que nos dejar\u00eda claro que el cambio de paradigma era mucho mas grande&#8230; El COVID hab\u00eda llegado.<\/p>\t\t\t\t\t\t<\/div>\n\t\t\t\t<\/div>\n\t\t\t\t<div class=\"elementor-element elementor-element-1f4b1de elementor-widget elementor-widget-image\" data-id=\"1f4b1de\" data-element_type=\"widget\" data-widget_type=\"image.default\">\n\t\t\t\t<div class=\"elementor-widget-container\">\n\t\t\t<style>\/*! elementor - v3.17.0 - 08-11-2023 *\/\n.elementor-widget-image{text-align:center}.elementor-widget-image a{display:inline-block}.elementor-widget-image a img[src$=\".svg\"]{width:48px}.elementor-widget-image img{vertical-align:middle;display:inline-block}<\/style>\t\t\t\t\t\t\t\t\t\t\t\t<img loading=\"lazy\" decoding=\"async\" width=\"2560\" height=\"864\" src=\"https:\/\/www.unioviedo.es\/motostudent\/wp-content\/uploads\/2022\/08\/MotoPortada-scaled.jpg\" class=\"attachment-full size-full wp-image-990\" alt=\"\" srcset=\"https:\/\/www.unioviedo.es\/motostudent\/wp-content\/uploads\/2022\/08\/MotoPortada-scaled.jpg 2560w, https:\/\/www.unioviedo.es\/motostudent\/wp-content\/uploads\/2022\/08\/MotoPortada-300x101.jpg 300w, https:\/\/www.unioviedo.es\/motostudent\/wp-content\/uploads\/2022\/08\/MotoPortada-1024x346.jpg 1024w, https:\/\/www.unioviedo.es\/motostudent\/wp-content\/uploads\/2022\/08\/MotoPortada-768x259.jpg 768w, https:\/\/www.unioviedo.es\/motostudent\/wp-content\/uploads\/2022\/08\/MotoPortada-1536x519.jpg 1536w, https:\/\/www.unioviedo.es\/motostudent\/wp-content\/uploads\/2022\/08\/MotoPortada-2048x692.jpg 2048w\" sizes=\"auto, (max-width: 2560px) 100vw, 2560px\" \/>\t\t\t\t\t\t\t\t\t\t\t\t\t\t\t<\/div>\n\t\t\t\t<\/div>\n\t\t\t\t<div class=\"elementor-element elementor-element-398f395 elementor-widget elementor-widget-text-editor\" data-id=\"398f395\" data-element_type=\"widget\" data-widget_type=\"text-editor.default\">\n\t\t\t\t<div class=\"elementor-widget-container\">\n\t\t\t\t\t\t\t<p style=\"text-align: justify;\">\u00a0 \u00a0Con la llegada del COVID al mundo y a Wolfast nuestra hoja de ruta tuvo que cambiar y nuestros esfuerzos se tuvieron que duplicar para sacar el proyecto adelante,\u00a0 en plena pandemia y confinamiento el equipo aprendi\u00f3 a avanzar de forma remota, a dise\u00f1ar, a comunicarse y a hacer del prototipo el\u00e9ctrico algo real aunque fuera de manera virtual en esta etapa.<\/p>\n<p style=\"text-align: justify;\">\u00a0 \u00a0Con la desescalada el equipo volvi\u00f3 a unificarse y se empez\u00f3 con el montaje y testeo del prototipo a la par que implement\u00e1bamos los protocolos de seguridad y sanidad en nuestro d\u00eda a d\u00eda y en nuestra forma de trabajar, d\u00e1ndole mucha importancia a toda nuestra imagen en l\u00ednea y a la organizaci\u00f3n de los eventos corporativos.<\/p>\t\t\t\t\t\t<\/div>\n\t\t\t\t<\/div>\n\t\t\t\t\t<\/div>\n\t\t<\/div>\n\t\t\t\t\t\t\t<\/div>\n\t\t<\/section>\n\t\t\t\t<section class=\"elementor-section elementor-top-section elementor-element elementor-element-627b441 elementor-section-boxed elementor-section-height-default elementor-section-height-default\" data-id=\"627b441\" data-element_type=\"section\">\n\t\t\t\t\t\t<div class=\"elementor-container elementor-column-gap-default\">\n\t\t\t\t\t<div class=\"elementor-column elementor-col-50 elementor-top-column elementor-element elementor-element-fcd8903\" data-id=\"fcd8903\" data-element_type=\"column\">\n\t\t\t<div class=\"elementor-widget-wrap elementor-element-populated\">\n\t\t\t\t\t\t\t\t<div class=\"elementor-element elementor-element-c9fce2a elementor-widget elementor-widget-image\" data-id=\"c9fce2a\" data-element_type=\"widget\" data-widget_type=\"image.default\">\n\t\t\t\t<div class=\"elementor-widget-container\">\n\t\t\t\t\t\t\t\t\t\t\t\t\t\t\t<img loading=\"lazy\" decoding=\"async\" width=\"1024\" height=\"683\" src=\"https:\/\/www.unioviedo.es\/motostudent\/wp-content\/uploads\/2022\/02\/210523sin-titulo-0516-1024x683.jpg\" class=\"attachment-large size-large wp-image-455\" alt=\"\" srcset=\"https:\/\/www.unioviedo.es\/motostudent\/wp-content\/uploads\/2022\/02\/210523sin-titulo-0516-1024x683.jpg 1024w, https:\/\/www.unioviedo.es\/motostudent\/wp-content\/uploads\/2022\/02\/210523sin-titulo-0516-300x200.jpg 300w, https:\/\/www.unioviedo.es\/motostudent\/wp-content\/uploads\/2022\/02\/210523sin-titulo-0516-768x512.jpg 768w, https:\/\/www.unioviedo.es\/motostudent\/wp-content\/uploads\/2022\/02\/210523sin-titulo-0516-1536x1024.jpg 1536w, https:\/\/www.unioviedo.es\/motostudent\/wp-content\/uploads\/2022\/02\/210523sin-titulo-0516-2048x1365.jpg 2048w\" sizes=\"auto, (max-width: 1024px) 100vw, 1024px\" \/>\t\t\t\t\t\t\t\t\t\t\t\t\t\t\t<\/div>\n\t\t\t\t<\/div>\n\t\t\t\t\t<\/div>\n\t\t<\/div>\n\t\t\t\t<div class=\"elementor-column elementor-col-50 elementor-top-column elementor-element elementor-element-d387afc\" data-id=\"d387afc\" data-element_type=\"column\">\n\t\t\t<div class=\"elementor-widget-wrap elementor-element-populated\">\n\t\t\t\t\t\t\t\t<div class=\"elementor-element elementor-element-0dbb616 elementor-widget elementor-widget-image\" data-id=\"0dbb616\" data-element_type=\"widget\" data-widget_type=\"image.default\">\n\t\t\t\t<div class=\"elementor-widget-container\">\n\t\t\t\t\t\t\t\t\t\t\t\t\t\t\t<img loading=\"lazy\" decoding=\"async\" width=\"2560\" height=\"1707\" src=\"https:\/\/www.unioviedo.es\/motostudent\/wp-content\/uploads\/2022\/02\/210523sin-titulo-0636-scaled.jpg\" class=\"attachment-full size-full wp-image-412\" alt=\"\" srcset=\"https:\/\/www.unioviedo.es\/motostudent\/wp-content\/uploads\/2022\/02\/210523sin-titulo-0636-scaled.jpg 2560w, https:\/\/www.unioviedo.es\/motostudent\/wp-content\/uploads\/2022\/02\/210523sin-titulo-0636-300x200.jpg 300w, https:\/\/www.unioviedo.es\/motostudent\/wp-content\/uploads\/2022\/02\/210523sin-titulo-0636-1024x683.jpg 1024w, https:\/\/www.unioviedo.es\/motostudent\/wp-content\/uploads\/2022\/02\/210523sin-titulo-0636-768x512.jpg 768w, https:\/\/www.unioviedo.es\/motostudent\/wp-content\/uploads\/2022\/02\/210523sin-titulo-0636-1536x1024.jpg 1536w, https:\/\/www.unioviedo.es\/motostudent\/wp-content\/uploads\/2022\/02\/210523sin-titulo-0636-2048x1365.jpg 2048w\" sizes=\"auto, (max-width: 2560px) 100vw, 2560px\" \/>\t\t\t\t\t\t\t\t\t\t\t\t\t\t\t<\/div>\n\t\t\t\t<\/div>\n\t\t\t\t\t<\/div>\n\t\t<\/div>\n\t\t\t\t\t\t\t<\/div>\n\t\t<\/section>\n\t\t\t\t<section class=\"elementor-section elementor-top-section elementor-element elementor-element-c3ccb1f elementor-section-boxed elementor-section-height-default elementor-section-height-default\" data-id=\"c3ccb1f\" data-element_type=\"section\">\n\t\t\t\t\t\t<div class=\"elementor-container elementor-column-gap-default\">\n\t\t\t\t\t<div class=\"elementor-column elementor-col-100 elementor-top-column elementor-element elementor-element-90a5731\" data-id=\"90a5731\" data-element_type=\"column\">\n\t\t\t<div class=\"elementor-widget-wrap elementor-element-populated\">\n\t\t\t\t\t\t\t\t<div class=\"elementor-element elementor-element-65b57c6 elementor-widget elementor-widget-text-editor\" data-id=\"65b57c6\" data-element_type=\"widget\" data-widget_type=\"text-editor.default\">\n\t\t\t\t<div class=\"elementor-widget-container\">\n\t\t\t\t\t\t\t<p style=\"text-align: justify;\">\u00a0 \u00a0Contra viento y marea el prototipo naci\u00f3 para demostrar\u00a0 y sobre todo para hacer saltar chispas con su color <i>electrolight<\/i>, un verde el\u00e9ctrico seleccionado como el color del a\u00f1o de nuestro patrocinador Axalta, y que junto a todo su sistema el\u00e9ctrico y sus nuevas geometr\u00edas hac\u00edan de la moto algo digno de ver.<\/p>\n<p style=\"text-align: justify;\">Aprovechando que todo eran novedades e innovaci\u00f3n en el prototipo, implementamos un sistema de suspensi\u00f3n progresiva mediante leva que nos permit\u00eda controlar y variar las geometr\u00edas del prototipo de una forma mas sencilla e innovadora.<\/p>\n<p style=\"text-align: justify;\">En esta primera edici\u00f3n el\u00e9ctrica, el equipo de la Universidad de Oviedo har\u00eda un muy buen trabajo consiguiendo situarse de nuevo entre los 10 mejores equipos, aun siendo el primer prototipo el\u00e9ctrico que se creaba, y consiguiendo lo siguientes resultados en la competici\u00f3n:<\/p>\n\n<ul>\n \t<li>\u00a0MS1: posici\u00f3n 10\u00ba de 45 participantes en la prueba<\/li>\n \t<li>MS2: posici\u00f3n 21\u00ba de 27 participantes en la prueba.<\/li>\n<\/ul>\t\t\t\t\t\t<\/div>\n\t\t\t\t<\/div>\n\t\t\t\t\t<\/div>\n\t\t<\/div>\n\t\t\t\t\t\t\t<\/div>\n\t\t<\/section>\n\t\t\t\t<section class=\"elementor-section elementor-top-section elementor-element elementor-element-1793cdd elementor-section-boxed elementor-section-height-default elementor-section-height-default\" data-id=\"1793cdd\" data-element_type=\"section\">\n\t\t\t\t\t\t<div class=\"elementor-container elementor-column-gap-default\">\n\t\t\t\t\t<div class=\"elementor-column elementor-col-100 elementor-top-column elementor-element elementor-element-2586b23\" data-id=\"2586b23\" data-element_type=\"column\">\n\t\t\t<div class=\"elementor-widget-wrap\">\n\t\t\t\t\t\t\t\t\t<\/div>\n\t\t<\/div>\n\t\t\t\t\t\t\t<\/div>\n\t\t<\/section>\n\t\t\t\t\t\t\t<\/div>\n\t\t","protected":false},"excerpt":{"rendered":"<p>MS6: Nuestra primera moto el\u00e9ctrica \u00a0 \u00a0En pleno 2019 se daba comienzo a la sexta edici\u00f3n de motostudent y a nuestro sexto prototipo; est\u00e1bamos ante el comienzo de algo muy grande, un cambio de paradigma enorme para el equipo, ya que la sociedad estaba dando un salto en su movilidad, estaba dejando atr\u00e1s los combustibles &hellip;<\/p>\n<p class=\"read-more\"> <a class=\"\" href=\"https:\/\/www.unioviedo.es\/motostudent\/ms6\/\"> <span class=\"screen-reader-text\">MS6<\/span> Leer m\u00e1s &raquo;<\/a><\/p>\n","protected":false},"author":1,"featured_media":0,"parent":0,"menu_order":0,"comment_status":"closed","ping_status":"closed","template":"","meta":{"site-sidebar-layout":"no-sidebar","site-content-layout":"page-builder","ast-main-header-display":"","ast-hfb-above-header-display":"","ast-hfb-below-header-display":"","ast-hfb-mobile-header-display":"","site-post-title":"disabled","ast-breadcrumbs-content":"","ast-featured-img":"disabled","footer-sml-layout":"","theme-transparent-header-meta":"","adv-header-id-meta":"","stick-header-meta":"","header-above-stick-meta":"","header-main-stick-meta":"","header-below-stick-meta":"","footnotes":""},"class_list":["post-1064","page","type-page","status-publish","hentry"],"_links":{"self":[{"href":"https:\/\/www.unioviedo.es\/motostudent\/wp-json\/wp\/v2\/pages\/1064","targetHints":{"allow":["GET"]}}],"collection":[{"href":"https:\/\/www.unioviedo.es\/motostudent\/wp-json\/wp\/v2\/pages"}],"about":[{"href":"https:\/\/www.unioviedo.es\/motostudent\/wp-json\/wp\/v2\/types\/page"}],"author":[{"embeddable":true,"href":"https:\/\/www.unioviedo.es\/motostudent\/wp-json\/wp\/v2\/users\/1"}],"replies":[{"embeddable":true,"href":"https:\/\/www.unioviedo.es\/motostudent\/wp-json\/wp\/v2\/comments?post=1064"}],"version-history":[{"count":35,"href":"https:\/\/www.unioviedo.es\/motostudent\/wp-json\/wp\/v2\/pages\/1064\/revisions"}],"predecessor-version":[{"id":1396,"href":"https:\/\/www.unioviedo.es\/motostudent\/wp-json\/wp\/v2\/pages\/1064\/revisions\/1396"}],"wp:attachment":[{"href":"https:\/\/www.unioviedo.es\/motostudent\/wp-json\/wp\/v2\/media?parent=1064"}],"curies":[{"name":"wp","href":"https:\/\/api.w.org\/{rel}","templated":true}]}}