{"id":1183,"date":"2022-08-06T15:27:51","date_gmt":"2022-08-06T15:27:51","guid":{"rendered":"http:\/\/www.unioviedo.es\/motostudent\/?page_id=1183"},"modified":"2022-08-09T10:03:00","modified_gmt":"2022-08-09T10:03:00","slug":"ms2","status":"publish","type":"page","link":"https:\/\/www.unioviedo.es\/motostudent\/ms2\/","title":{"rendered":"MS2"},"content":{"rendered":"\t\t<div data-elementor-type=\"wp-page\" data-elementor-id=\"1183\" class=\"elementor elementor-1183\" data-elementor-post-type=\"page\">\n\t\t\t\t\t\t\t\t\t<section class=\"elementor-section elementor-top-section elementor-element elementor-element-688ad9f elementor-section-boxed elementor-section-height-default elementor-section-height-default\" data-id=\"688ad9f\" data-element_type=\"section\" data-settings=\"{&quot;background_background&quot;:&quot;classic&quot;}\">\n\t\t\t\t\t\t\t<div class=\"elementor-background-overlay\"><\/div>\n\t\t\t\t\t\t\t<div class=\"elementor-container elementor-column-gap-default\">\n\t\t\t\t\t<div class=\"elementor-column elementor-col-100 elementor-top-column elementor-element elementor-element-f0dbd75\" data-id=\"f0dbd75\" data-element_type=\"column\">\n\t\t\t<div class=\"elementor-widget-wrap elementor-element-populated\">\n\t\t\t\t\t\t\t\t<div class=\"elementor-element elementor-element-be1fd37 elementor-widget elementor-widget-heading\" data-id=\"be1fd37\" data-element_type=\"widget\" data-widget_type=\"heading.default\">\n\t\t\t\t<div class=\"elementor-widget-container\">\n\t\t\t<style>\/*! elementor - v3.17.0 - 08-11-2023 *\/\n.elementor-heading-title{padding:0;margin:0;line-height:1}.elementor-widget-heading .elementor-heading-title[class*=elementor-size-]>a{color:inherit;font-size:inherit;line-height:inherit}.elementor-widget-heading .elementor-heading-title.elementor-size-small{font-size:15px}.elementor-widget-heading .elementor-heading-title.elementor-size-medium{font-size:19px}.elementor-widget-heading .elementor-heading-title.elementor-size-large{font-size:29px}.elementor-widget-heading .elementor-heading-title.elementor-size-xl{font-size:39px}.elementor-widget-heading .elementor-heading-title.elementor-size-xxl{font-size:59px}<\/style><h1 class=\"elementor-heading-title elementor-size-xl\">MS2: La consolidaci\u00f3n de un equipo<\/h1>\t\t<\/div>\n\t\t\t\t<\/div>\n\t\t\t\t\t<\/div>\n\t\t<\/div>\n\t\t\t\t\t\t\t<\/div>\n\t\t<\/section>\n\t\t\t\t<section class=\"elementor-section elementor-top-section elementor-element elementor-element-c6d6db0 elementor-section-boxed elementor-section-height-default elementor-section-height-default\" data-id=\"c6d6db0\" data-element_type=\"section\" data-settings=\"{&quot;shape_divider_top&quot;:&quot;opacity-tilt&quot;}\">\n\t\t\t\t\t<div class=\"elementor-shape elementor-shape-top\" data-negative=\"false\">\n\t\t\t<svg xmlns=\"http:\/\/www.w3.org\/2000\/svg\" viewBox=\"0 0 2600 131.1\" preserveAspectRatio=\"none\">\n\t<path class=\"elementor-shape-fill\" d=\"M0 0L2600 0 2600 69.1 0 0z\"\/>\n\t<path class=\"elementor-shape-fill\" style=\"opacity:0.5\" d=\"M0 0L2600 0 2600 69.1 0 69.1z\"\/>\n\t<path class=\"elementor-shape-fill\" style=\"opacity:0.25\" d=\"M2600 0L0 0 0 130.1 2600 69.1z\"\/>\n<\/svg>\t\t<\/div>\n\t\t\t\t\t<div class=\"elementor-container elementor-column-gap-default\">\n\t\t\t\t\t<div class=\"elementor-column elementor-col-100 elementor-top-column elementor-element elementor-element-b8c99a4\" data-id=\"b8c99a4\" data-element_type=\"column\">\n\t\t\t<div class=\"elementor-widget-wrap elementor-element-populated\">\n\t\t\t\t\t\t\t\t<div class=\"elementor-element elementor-element-b819119 elementor-widget elementor-widget-text-editor\" data-id=\"b819119\" data-element_type=\"widget\" data-widget_type=\"text-editor.default\">\n\t\t\t\t<div class=\"elementor-widget-container\">\n\t\t\t<style>\/*! elementor - v3.17.0 - 08-11-2023 *\/\n.elementor-widget-text-editor.elementor-drop-cap-view-stacked .elementor-drop-cap{background-color:#69727d;color:#fff}.elementor-widget-text-editor.elementor-drop-cap-view-framed .elementor-drop-cap{color:#69727d;border:3px solid;background-color:transparent}.elementor-widget-text-editor:not(.elementor-drop-cap-view-default) .elementor-drop-cap{margin-top:8px}.elementor-widget-text-editor:not(.elementor-drop-cap-view-default) .elementor-drop-cap-letter{width:1em;height:1em}.elementor-widget-text-editor .elementor-drop-cap{float:left;text-align:center;line-height:1;font-size:50px}.elementor-widget-text-editor .elementor-drop-cap-letter{display:inline-block}<\/style>\t\t\t\t<p style=\"text-align: justify;\">La experiencia de la primera edici\u00f3n reforz\u00f3 la creencia de que Motostudent era un proyecto con mucho inter\u00e9s tanto a nivel docente para los estudiantes que participaban como a nivel investigador para los profesores y grupos de investigaci\u00f3n que colaboraban. En la segunda edici\u00f3n, se identificaron las fortalezas y las debilidades de los equipos que participaron en la primera y se constituy\u00f3 un \u00fanico equipo llamado\u00a0<strong>MS2 Uniovi<\/strong>\u00a0y formado por catorce estudiantes, un piloto y el profesor \u00c1lvaro Noriega actuando como tutor.<\/p>\t\t\t\t\t\t<\/div>\n\t\t\t\t<\/div>\n\t\t\t\t\t<\/div>\n\t\t<\/div>\n\t\t\t\t\t\t\t<\/div>\n\t\t<\/section>\n\t\t\t\t<section class=\"elementor-section elementor-top-section elementor-element elementor-element-b4dd9d1 elementor-section-boxed elementor-section-height-default elementor-section-height-default\" data-id=\"b4dd9d1\" data-element_type=\"section\">\n\t\t\t\t\t\t<div class=\"elementor-container elementor-column-gap-default\">\n\t\t\t\t\t<div class=\"elementor-column elementor-col-50 elementor-top-column elementor-element elementor-element-3f852c5\" data-id=\"3f852c5\" data-element_type=\"column\">\n\t\t\t<div class=\"elementor-widget-wrap elementor-element-populated\">\n\t\t\t\t\t\t\t\t<div class=\"elementor-element elementor-element-e4d9371 elementor-widget elementor-widget-image\" data-id=\"e4d9371\" data-element_type=\"widget\" data-widget_type=\"image.default\">\n\t\t\t\t<div class=\"elementor-widget-container\">\n\t\t\t<style>\/*! elementor - v3.17.0 - 08-11-2023 *\/\n.elementor-widget-image{text-align:center}.elementor-widget-image a{display:inline-block}.elementor-widget-image a img[src$=\".svg\"]{width:48px}.elementor-widget-image img{vertical-align:middle;display:inline-block}<\/style>\t\t\t\t\t\t\t\t\t\t\t\t<img loading=\"lazy\" decoding=\"async\" width=\"762\" height=\"569\" src=\"https:\/\/www.unioviedo.es\/motostudent\/wp-content\/uploads\/2022\/02\/MSII-3.jpg\" class=\"attachment-large size-large wp-image-398\" alt=\"\" srcset=\"https:\/\/www.unioviedo.es\/motostudent\/wp-content\/uploads\/2022\/02\/MSII-3.jpg 762w, https:\/\/www.unioviedo.es\/motostudent\/wp-content\/uploads\/2022\/02\/MSII-3-300x224.jpg 300w\" sizes=\"auto, (max-width: 762px) 100vw, 762px\" \/>\t\t\t\t\t\t\t\t\t\t\t\t\t\t\t<\/div>\n\t\t\t\t<\/div>\n\t\t\t\t\t<\/div>\n\t\t<\/div>\n\t\t\t\t<div class=\"elementor-column elementor-col-50 elementor-top-column elementor-element elementor-element-df96f8a\" data-id=\"df96f8a\" data-element_type=\"column\">\n\t\t\t<div class=\"elementor-widget-wrap elementor-element-populated\">\n\t\t\t\t\t\t\t\t<div class=\"elementor-element elementor-element-66db437 elementor-widget elementor-widget-image\" data-id=\"66db437\" data-element_type=\"widget\" data-widget_type=\"image.default\">\n\t\t\t\t<div class=\"elementor-widget-container\">\n\t\t\t\t\t\t\t\t\t\t\t\t\t\t\t<img loading=\"lazy\" decoding=\"async\" width=\"1024\" height=\"698\" src=\"https:\/\/www.unioviedo.es\/motostudent\/wp-content\/uploads\/2022\/02\/MSII-2-1024x698.jpg\" class=\"attachment-large size-large wp-image-397\" alt=\"\" srcset=\"https:\/\/www.unioviedo.es\/motostudent\/wp-content\/uploads\/2022\/02\/MSII-2-1024x698.jpg 1024w, https:\/\/www.unioviedo.es\/motostudent\/wp-content\/uploads\/2022\/02\/MSII-2-300x205.jpg 300w, https:\/\/www.unioviedo.es\/motostudent\/wp-content\/uploads\/2022\/02\/MSII-2-768x524.jpg 768w, https:\/\/www.unioviedo.es\/motostudent\/wp-content\/uploads\/2022\/02\/MSII-2-1536x1047.jpg 1536w, https:\/\/www.unioviedo.es\/motostudent\/wp-content\/uploads\/2022\/02\/MSII-2-2048x1396.jpg 2048w\" sizes=\"auto, (max-width: 1024px) 100vw, 1024px\" \/>\t\t\t\t\t\t\t\t\t\t\t\t\t\t\t<\/div>\n\t\t\t\t<\/div>\n\t\t\t\t\t<\/div>\n\t\t<\/div>\n\t\t\t\t\t\t\t<\/div>\n\t\t<\/section>\n\t\t\t\t<section class=\"elementor-section elementor-top-section elementor-element elementor-element-5fe0bd8 elementor-section-boxed elementor-section-height-default elementor-section-height-default\" data-id=\"5fe0bd8\" data-element_type=\"section\" data-settings=\"{&quot;background_background&quot;:&quot;classic&quot;}\">\n\t\t\t\t\t\t<div class=\"elementor-container elementor-column-gap-default\">\n\t\t\t\t\t<div class=\"elementor-column elementor-col-100 elementor-top-column elementor-element elementor-element-61c65a9\" data-id=\"61c65a9\" data-element_type=\"column\">\n\t\t\t<div class=\"elementor-widget-wrap elementor-element-populated\">\n\t\t\t\t\t\t\t\t<div class=\"elementor-element elementor-element-336432e elementor-widget elementor-widget-text-editor\" data-id=\"336432e\" data-element_type=\"widget\" data-widget_type=\"text-editor.default\">\n\t\t\t\t<div class=\"elementor-widget-container\">\n\t\t\t\t\t\t\t<p style=\"text-align: justify;\">Esta manera de actuar hizo que grandes empresas del sector, como Suzuki Motor Ib\u00e9rica colaboraran como patrocinadores del nuevo equipo de la Universidad de Oviedo, potenciando aun mas las capacidades del proyecto de cara a la competici\u00f3n.<\/p><p style=\"text-align: justify;\">Fruto de esta forma de trabajar, se desarrollaron e integraron en el prototipo dos propuestas altamente innovadoras: un aerofreno de asistencia a la frenada y un retrovisor electr\u00f3nico, ambas funcionales y que serian usadas en la presentaci\u00f3n y competici\u00f3n en Motorland Arag\u00f3n.<\/p><p style=\"text-align: justify;\">En esta edici\u00f3n, el equipo de la Universidad de Oviedo obtuvo el premio al mejor dise\u00f1o y consigui\u00f3 un octavo puesto final en la carrera, siendo un gran hito para el equipo desde la edici\u00f3n previa y situ\u00e1ndolo como un\u00a0 equipo referente.<\/p>\t\t\t\t\t\t<\/div>\n\t\t\t\t<\/div>\n\t\t\t\t\t<\/div>\n\t\t<\/div>\n\t\t\t\t\t\t\t<\/div>\n\t\t<\/section>\n\t\t\t\t\t\t\t<\/div>\n\t\t","protected":false},"excerpt":{"rendered":"<p>MS2: La consolidaci\u00f3n de un equipo La experiencia de la primera edici\u00f3n reforz\u00f3 la creencia de que Motostudent era un proyecto con mucho inter\u00e9s tanto a nivel docente para los estudiantes que participaban como a nivel investigador para los profesores y grupos de investigaci\u00f3n que colaboraban. En la segunda edici\u00f3n, se identificaron las fortalezas y &hellip;<\/p>\n<p class=\"read-more\"> <a class=\"\" href=\"https:\/\/www.unioviedo.es\/motostudent\/ms2\/\"> <span class=\"screen-reader-text\">MS2<\/span> Leer m\u00e1s &raquo;<\/a><\/p>\n","protected":false},"author":1,"featured_media":0,"parent":0,"menu_order":0,"comment_status":"closed","ping_status":"closed","template":"","meta":{"site-sidebar-layout":"no-sidebar","site-content-layout":"page-builder","ast-main-header-display":"","ast-hfb-above-header-display":"","ast-hfb-below-header-display":"","ast-hfb-mobile-header-display":"","site-post-title":"disabled","ast-breadcrumbs-content":"","ast-featured-img":"disabled","footer-sml-layout":"","theme-transparent-header-meta":"","adv-header-id-meta":"","stick-header-meta":"","header-above-stick-meta":"","header-main-stick-meta":"","header-below-stick-meta":"","footnotes":""},"class_list":["post-1183","page","type-page","status-publish","hentry"],"_links":{"self":[{"href":"https:\/\/www.unioviedo.es\/motostudent\/wp-json\/wp\/v2\/pages\/1183","targetHints":{"allow":["GET"]}}],"collection":[{"href":"https:\/\/www.unioviedo.es\/motostudent\/wp-json\/wp\/v2\/pages"}],"about":[{"href":"https:\/\/www.unioviedo.es\/motostudent\/wp-json\/wp\/v2\/types\/page"}],"author":[{"embeddable":true,"href":"https:\/\/www.unioviedo.es\/motostudent\/wp-json\/wp\/v2\/users\/1"}],"replies":[{"embeddable":true,"href":"https:\/\/www.unioviedo.es\/motostudent\/wp-json\/wp\/v2\/comments?post=1183"}],"version-history":[{"count":7,"href":"https:\/\/www.unioviedo.es\/motostudent\/wp-json\/wp\/v2\/pages\/1183\/revisions"}],"predecessor-version":[{"id":1411,"href":"https:\/\/www.unioviedo.es\/motostudent\/wp-json\/wp\/v2\/pages\/1183\/revisions\/1411"}],"wp:attachment":[{"href":"https:\/\/www.unioviedo.es\/motostudent\/wp-json\/wp\/v2\/media?parent=1183"}],"curies":[{"name":"wp","href":"https:\/\/api.w.org\/{rel}","templated":true}]}}