{"id":1192,"date":"2022-08-06T15:58:43","date_gmt":"2022-08-06T15:58:43","guid":{"rendered":"http:\/\/www.unioviedo.es\/motostudent\/?page_id=1192"},"modified":"2022-08-09T10:01:45","modified_gmt":"2022-08-09T10:01:45","slug":"ms3","status":"publish","type":"page","link":"https:\/\/www.unioviedo.es\/motostudent\/ms3\/","title":{"rendered":"MS3"},"content":{"rendered":"\t\t<div data-elementor-type=\"wp-page\" data-elementor-id=\"1192\" class=\"elementor elementor-1192\" data-elementor-post-type=\"page\">\n\t\t\t\t\t\t\t\t\t<section class=\"elementor-section elementor-top-section elementor-element elementor-element-688ad9f elementor-section-boxed elementor-section-height-default elementor-section-height-default\" data-id=\"688ad9f\" data-element_type=\"section\" data-settings=\"{&quot;background_background&quot;:&quot;classic&quot;}\">\n\t\t\t\t\t\t\t<div class=\"elementor-background-overlay\"><\/div>\n\t\t\t\t\t\t\t<div class=\"elementor-container elementor-column-gap-default\">\n\t\t\t\t\t<div class=\"elementor-column elementor-col-100 elementor-top-column elementor-element elementor-element-f0dbd75\" data-id=\"f0dbd75\" data-element_type=\"column\">\n\t\t\t<div class=\"elementor-widget-wrap elementor-element-populated\">\n\t\t\t\t\t\t\t\t<div class=\"elementor-element elementor-element-be1fd37 elementor-widget elementor-widget-heading\" data-id=\"be1fd37\" data-element_type=\"widget\" data-widget_type=\"heading.default\">\n\t\t\t\t<div class=\"elementor-widget-container\">\n\t\t\t<style>\/*! elementor - v3.17.0 - 08-11-2023 *\/\n.elementor-heading-title{padding:0;margin:0;line-height:1}.elementor-widget-heading .elementor-heading-title[class*=elementor-size-]>a{color:inherit;font-size:inherit;line-height:inherit}.elementor-widget-heading .elementor-heading-title.elementor-size-small{font-size:15px}.elementor-widget-heading .elementor-heading-title.elementor-size-medium{font-size:19px}.elementor-widget-heading .elementor-heading-title.elementor-size-large{font-size:29px}.elementor-widget-heading .elementor-heading-title.elementor-size-xl{font-size:39px}.elementor-widget-heading .elementor-heading-title.elementor-size-xxl{font-size:59px}<\/style><h1 class=\"elementor-heading-title elementor-size-xl\">MS3: El equipo crece <\/h1>\t\t<\/div>\n\t\t\t\t<\/div>\n\t\t\t\t\t<\/div>\n\t\t<\/div>\n\t\t\t\t\t\t\t<\/div>\n\t\t<\/section>\n\t\t\t\t<section class=\"elementor-section elementor-top-section elementor-element elementor-element-c6d6db0 elementor-section-boxed elementor-section-height-default elementor-section-height-default\" data-id=\"c6d6db0\" data-element_type=\"section\" data-settings=\"{&quot;shape_divider_top&quot;:&quot;opacity-tilt&quot;,&quot;background_background&quot;:&quot;classic&quot;}\">\n\t\t\t\t\t<div class=\"elementor-shape elementor-shape-top\" data-negative=\"false\">\n\t\t\t<svg xmlns=\"http:\/\/www.w3.org\/2000\/svg\" viewBox=\"0 0 2600 131.1\" preserveAspectRatio=\"none\">\n\t<path class=\"elementor-shape-fill\" d=\"M0 0L2600 0 2600 69.1 0 0z\"\/>\n\t<path class=\"elementor-shape-fill\" style=\"opacity:0.5\" d=\"M0 0L2600 0 2600 69.1 0 69.1z\"\/>\n\t<path class=\"elementor-shape-fill\" style=\"opacity:0.25\" d=\"M2600 0L0 0 0 130.1 2600 69.1z\"\/>\n<\/svg>\t\t<\/div>\n\t\t\t\t\t<div class=\"elementor-container elementor-column-gap-default\">\n\t\t\t\t\t<div class=\"elementor-column elementor-col-100 elementor-top-column elementor-element elementor-element-b8c99a4\" data-id=\"b8c99a4\" data-element_type=\"column\">\n\t\t\t<div class=\"elementor-widget-wrap elementor-element-populated\">\n\t\t\t\t\t\t\t\t<div class=\"elementor-element elementor-element-b819119 elementor-widget elementor-widget-text-editor\" data-id=\"b819119\" data-element_type=\"widget\" data-widget_type=\"text-editor.default\">\n\t\t\t\t<div class=\"elementor-widget-container\">\n\t\t\t<style>\/*! elementor - v3.17.0 - 08-11-2023 *\/\n.elementor-widget-text-editor.elementor-drop-cap-view-stacked .elementor-drop-cap{background-color:#69727d;color:#fff}.elementor-widget-text-editor.elementor-drop-cap-view-framed .elementor-drop-cap{color:#69727d;border:3px solid;background-color:transparent}.elementor-widget-text-editor:not(.elementor-drop-cap-view-default) .elementor-drop-cap{margin-top:8px}.elementor-widget-text-editor:not(.elementor-drop-cap-view-default) .elementor-drop-cap-letter{width:1em;height:1em}.elementor-widget-text-editor .elementor-drop-cap{float:left;text-align:center;line-height:1;font-size:50px}.elementor-widget-text-editor .elementor-drop-cap-letter{display:inline-block}<\/style>\t\t\t\t<p style=\"text-align: justify;\"><span style=\"color: #ffffff;\">Los resultados de la segunda edici\u00f3n del concurso fueron un incentivo para continuar y mejorar el proyecto de la Universidad de Oviedo. El nuevo equipo, llamado MS3 Uniovi, se form\u00f3 con un proceso selectivo en el que participaron m\u00e1s de 80 estudiantes y hered\u00f3 la estructura y organizaci\u00f3n del equipo anterior.<\/span><\/p>\t\t\t\t\t\t<\/div>\n\t\t\t\t<\/div>\n\t\t\t\t\t<\/div>\n\t\t<\/div>\n\t\t\t\t\t\t\t<\/div>\n\t\t<\/section>\n\t\t\t\t<section class=\"elementor-section elementor-top-section elementor-element elementor-element-b4dd9d1 elementor-section-boxed elementor-section-height-default elementor-section-height-default\" data-id=\"b4dd9d1\" data-element_type=\"section\" data-settings=\"{&quot;background_background&quot;:&quot;classic&quot;}\">\n\t\t\t\t\t\t<div class=\"elementor-container elementor-column-gap-default\">\n\t\t\t\t\t<div class=\"elementor-column elementor-col-50 elementor-top-column elementor-element elementor-element-3f852c5\" data-id=\"3f852c5\" data-element_type=\"column\">\n\t\t\t<div class=\"elementor-widget-wrap elementor-element-populated\">\n\t\t\t\t\t\t\t\t<div class=\"elementor-element elementor-element-e4d9371 elementor-widget elementor-widget-image\" data-id=\"e4d9371\" data-element_type=\"widget\" data-widget_type=\"image.default\">\n\t\t\t\t<div class=\"elementor-widget-container\">\n\t\t\t<style>\/*! elementor - v3.17.0 - 08-11-2023 *\/\n.elementor-widget-image{text-align:center}.elementor-widget-image a{display:inline-block}.elementor-widget-image a img[src$=\".svg\"]{width:48px}.elementor-widget-image img{vertical-align:middle;display:inline-block}<\/style>\t\t\t\t\t\t\t\t\t\t\t\t<img loading=\"lazy\" decoding=\"async\" width=\"1024\" height=\"575\" src=\"https:\/\/www.unioviedo.es\/motostudent\/wp-content\/uploads\/2022\/08\/ms3-equipo-1024x575.jpg\" class=\"attachment-large size-large wp-image-1200\" alt=\"\" srcset=\"https:\/\/www.unioviedo.es\/motostudent\/wp-content\/uploads\/2022\/08\/ms3-equipo-1024x575.jpg 1024w, https:\/\/www.unioviedo.es\/motostudent\/wp-content\/uploads\/2022\/08\/ms3-equipo-300x169.jpg 300w, https:\/\/www.unioviedo.es\/motostudent\/wp-content\/uploads\/2022\/08\/ms3-equipo-768x431.jpg 768w, https:\/\/www.unioviedo.es\/motostudent\/wp-content\/uploads\/2022\/08\/ms3-equipo.jpg 1280w\" sizes=\"auto, (max-width: 1024px) 100vw, 1024px\" \/>\t\t\t\t\t\t\t\t\t\t\t\t\t\t\t<\/div>\n\t\t\t\t<\/div>\n\t\t\t\t\t<\/div>\n\t\t<\/div>\n\t\t\t\t<div class=\"elementor-column elementor-col-50 elementor-top-column elementor-element elementor-element-df96f8a\" data-id=\"df96f8a\" data-element_type=\"column\">\n\t\t\t<div class=\"elementor-widget-wrap elementor-element-populated\">\n\t\t\t\t\t\t\t\t<div class=\"elementor-element elementor-element-66db437 elementor-widget elementor-widget-image\" data-id=\"66db437\" data-element_type=\"widget\" data-widget_type=\"image.default\">\n\t\t\t\t<div class=\"elementor-widget-container\">\n\t\t\t\t\t\t\t\t\t\t\t\t\t\t\t<img loading=\"lazy\" decoding=\"async\" width=\"846\" height=\"554\" src=\"https:\/\/www.unioviedo.es\/motostudent\/wp-content\/uploads\/2022\/02\/MSIII-1.jpg\" class=\"attachment-large size-large wp-image-399\" alt=\"\" srcset=\"https:\/\/www.unioviedo.es\/motostudent\/wp-content\/uploads\/2022\/02\/MSIII-1.jpg 846w, https:\/\/www.unioviedo.es\/motostudent\/wp-content\/uploads\/2022\/02\/MSIII-1-300x196.jpg 300w, https:\/\/www.unioviedo.es\/motostudent\/wp-content\/uploads\/2022\/02\/MSIII-1-768x503.jpg 768w\" sizes=\"auto, (max-width: 846px) 100vw, 846px\" \/>\t\t\t\t\t\t\t\t\t\t\t\t\t\t\t<\/div>\n\t\t\t\t<\/div>\n\t\t\t\t\t<\/div>\n\t\t<\/div>\n\t\t\t\t\t\t\t<\/div>\n\t\t<\/section>\n\t\t\t\t<section class=\"elementor-section elementor-top-section elementor-element elementor-element-5fe0bd8 elementor-section-boxed elementor-section-height-default elementor-section-height-default\" data-id=\"5fe0bd8\" data-element_type=\"section\" data-settings=\"{&quot;background_background&quot;:&quot;classic&quot;}\">\n\t\t\t\t\t\t<div class=\"elementor-container elementor-column-gap-default\">\n\t\t\t\t\t<div class=\"elementor-column elementor-col-100 elementor-top-column elementor-element elementor-element-61c65a9\" data-id=\"61c65a9\" data-element_type=\"column\">\n\t\t\t<div class=\"elementor-widget-wrap elementor-element-populated\">\n\t\t\t\t\t\t\t\t<div class=\"elementor-element elementor-element-336432e elementor-widget elementor-widget-text-editor\" data-id=\"336432e\" data-element_type=\"widget\" data-widget_type=\"text-editor.default\">\n\t\t\t\t<div class=\"elementor-widget-container\">\n\t\t\t\t\t\t\t<p style=\"text-align: justify;\">En esta tercera edici\u00f3n se incorporaron instituciones p\u00fablicas como Gij\u00f3n Impulsa, como patrocinadores del equipo y se mantuvieron colaboraciones con empresas especialistas que ya conoc\u00edan el proyecto de la edici\u00f3n anterior.\nEl concurso sigui\u00f3 ampliando su repercusi\u00f3n a nivel internacional, incorporando equipos sudamericanos a los equipos de cada vez m\u00e1s pa\u00edses europeos. En la fase final participaron 29 equipos.<\/p>\n<p style=\"text-align: justify;\">El equipo de la Universidad de Oviedo sigui\u00f3 planteando un proyecto que result\u00f3 muy bien valorado en sus distintos aspectos y haciendo hincapi\u00e9 en las innovaciones tecnol\u00f3gicas presentando un bastidor tubular en fibra con uniones de aluminio.<\/p>\n<p style=\"text-align: justify;\">Dicho proyecto consigui\u00f3 una posici\u00f3n top 10 muy meritoria dado que el n\u00famero y calidad de los equipos competidores hab\u00eda aumentado.<\/p>\t\t\t\t\t\t<\/div>\n\t\t\t\t<\/div>\n\t\t\t\t<div class=\"elementor-element elementor-element-f6e867a elementor-widget elementor-widget-image\" data-id=\"f6e867a\" data-element_type=\"widget\" data-widget_type=\"image.default\">\n\t\t\t\t<div class=\"elementor-widget-container\">\n\t\t\t\t\t\t\t\t\t\t\t\t\t\t\t<img loading=\"lazy\" decoding=\"async\" width=\"1024\" height=\"683\" src=\"https:\/\/www.unioviedo.es\/motostudent\/wp-content\/uploads\/2022\/08\/motostudent_coitipa_1-1024x683.jpg\" class=\"attachment-large size-large wp-image-1201\" alt=\"\" srcset=\"https:\/\/www.unioviedo.es\/motostudent\/wp-content\/uploads\/2022\/08\/motostudent_coitipa_1-1024x683.jpg 1024w, https:\/\/www.unioviedo.es\/motostudent\/wp-content\/uploads\/2022\/08\/motostudent_coitipa_1-300x200.jpg 300w, https:\/\/www.unioviedo.es\/motostudent\/wp-content\/uploads\/2022\/08\/motostudent_coitipa_1-768x512.jpg 768w, https:\/\/www.unioviedo.es\/motostudent\/wp-content\/uploads\/2022\/08\/motostudent_coitipa_1.jpg 1500w\" sizes=\"auto, (max-width: 1024px) 100vw, 1024px\" \/>\t\t\t\t\t\t\t\t\t\t\t\t\t\t\t<\/div>\n\t\t\t\t<\/div>\n\t\t\t\t\t<\/div>\n\t\t<\/div>\n\t\t\t\t\t\t\t<\/div>\n\t\t<\/section>\n\t\t\t\t\t\t\t<\/div>\n\t\t","protected":false},"excerpt":{"rendered":"<p>MS3: El equipo crece Los resultados de la segunda edici\u00f3n del concurso fueron un incentivo para continuar y mejorar el proyecto de la Universidad de Oviedo. El nuevo equipo, llamado MS3 Uniovi, se form\u00f3 con un proceso selectivo en el que participaron m\u00e1s de 80 estudiantes y hered\u00f3 la estructura y organizaci\u00f3n del equipo anterior. &hellip;<\/p>\n<p class=\"read-more\"> <a class=\"\" href=\"https:\/\/www.unioviedo.es\/motostudent\/ms3\/\"> <span class=\"screen-reader-text\">MS3<\/span> Leer m\u00e1s &raquo;<\/a><\/p>\n","protected":false},"author":1,"featured_media":0,"parent":0,"menu_order":0,"comment_status":"closed","ping_status":"closed","template":"","meta":{"site-sidebar-layout":"no-sidebar","site-content-layout":"page-builder","ast-main-header-display":"","ast-hfb-above-header-display":"","ast-hfb-below-header-display":"","ast-hfb-mobile-header-display":"","site-post-title":"disabled","ast-breadcrumbs-content":"","ast-featured-img":"disabled","footer-sml-layout":"","theme-transparent-header-meta":"","adv-header-id-meta":"","stick-header-meta":"","header-above-stick-meta":"","header-main-stick-meta":"","header-below-stick-meta":"","footnotes":""},"class_list":["post-1192","page","type-page","status-publish","hentry"],"_links":{"self":[{"href":"https:\/\/www.unioviedo.es\/motostudent\/wp-json\/wp\/v2\/pages\/1192","targetHints":{"allow":["GET"]}}],"collection":[{"href":"https:\/\/www.unioviedo.es\/motostudent\/wp-json\/wp\/v2\/pages"}],"about":[{"href":"https:\/\/www.unioviedo.es\/motostudent\/wp-json\/wp\/v2\/types\/page"}],"author":[{"embeddable":true,"href":"https:\/\/www.unioviedo.es\/motostudent\/wp-json\/wp\/v2\/users\/1"}],"replies":[{"embeddable":true,"href":"https:\/\/www.unioviedo.es\/motostudent\/wp-json\/wp\/v2\/comments?post=1192"}],"version-history":[{"count":10,"href":"https:\/\/www.unioviedo.es\/motostudent\/wp-json\/wp\/v2\/pages\/1192\/revisions"}],"predecessor-version":[{"id":1408,"href":"https:\/\/www.unioviedo.es\/motostudent\/wp-json\/wp\/v2\/pages\/1192\/revisions\/1408"}],"wp:attachment":[{"href":"https:\/\/www.unioviedo.es\/motostudent\/wp-json\/wp\/v2\/media?parent=1192"}],"curies":[{"name":"wp","href":"https:\/\/api.w.org\/{rel}","templated":true}]}}