{"id":1196,"date":"2022-08-06T15:59:09","date_gmt":"2022-08-06T15:59:09","guid":{"rendered":"http:\/\/www.unioviedo.es\/motostudent\/?page_id=1196"},"modified":"2022-08-09T09:58:09","modified_gmt":"2022-08-09T09:58:09","slug":"ms5","status":"publish","type":"page","link":"https:\/\/www.unioviedo.es\/motostudent\/ms5\/","title":{"rendered":"MS5"},"content":{"rendered":"\t\t<div data-elementor-type=\"wp-page\" data-elementor-id=\"1196\" class=\"elementor elementor-1196\" data-elementor-post-type=\"page\">\n\t\t\t\t\t\t\t\t\t<section class=\"elementor-section elementor-top-section elementor-element elementor-element-688ad9f elementor-section-boxed elementor-section-height-default elementor-section-height-default\" data-id=\"688ad9f\" data-element_type=\"section\" data-settings=\"{&quot;background_background&quot;:&quot;classic&quot;}\">\n\t\t\t\t\t\t\t<div class=\"elementor-background-overlay\"><\/div>\n\t\t\t\t\t\t\t<div class=\"elementor-container elementor-column-gap-default\">\n\t\t\t\t\t<div class=\"elementor-column elementor-col-100 elementor-top-column elementor-element elementor-element-f0dbd75\" data-id=\"f0dbd75\" data-element_type=\"column\">\n\t\t\t<div class=\"elementor-widget-wrap elementor-element-populated\">\n\t\t\t\t\t\t\t\t<div class=\"elementor-element elementor-element-be1fd37 elementor-widget elementor-widget-heading\" data-id=\"be1fd37\" data-element_type=\"widget\" data-widget_type=\"heading.default\">\n\t\t\t\t<div class=\"elementor-widget-container\">\n\t\t\t<style>\/*! elementor - v3.17.0 - 08-11-2023 *\/\n.elementor-heading-title{padding:0;margin:0;line-height:1}.elementor-widget-heading .elementor-heading-title[class*=elementor-size-]>a{color:inherit;font-size:inherit;line-height:inherit}.elementor-widget-heading .elementor-heading-title.elementor-size-small{font-size:15px}.elementor-widget-heading .elementor-heading-title.elementor-size-medium{font-size:19px}.elementor-widget-heading .elementor-heading-title.elementor-size-large{font-size:29px}.elementor-widget-heading .elementor-heading-title.elementor-size-xl{font-size:39px}.elementor-widget-heading .elementor-heading-title.elementor-size-xxl{font-size:59px}<\/style><h1 class=\"elementor-heading-title elementor-size-xl\">MS5: La ultima generaci\u00f3n de combusti\u00f3n<\/h1>\t\t<\/div>\n\t\t\t\t<\/div>\n\t\t\t\t\t<\/div>\n\t\t<\/div>\n\t\t\t\t\t\t\t<\/div>\n\t\t<\/section>\n\t\t\t\t<section class=\"elementor-section elementor-top-section elementor-element elementor-element-c6d6db0 elementor-section-boxed elementor-section-height-default elementor-section-height-default\" data-id=\"c6d6db0\" data-element_type=\"section\" data-settings=\"{&quot;shape_divider_top&quot;:&quot;opacity-tilt&quot;}\">\n\t\t\t\t\t<div class=\"elementor-shape elementor-shape-top\" data-negative=\"false\">\n\t\t\t<svg xmlns=\"http:\/\/www.w3.org\/2000\/svg\" viewBox=\"0 0 2600 131.1\" preserveAspectRatio=\"none\">\n\t<path class=\"elementor-shape-fill\" d=\"M0 0L2600 0 2600 69.1 0 0z\"\/>\n\t<path class=\"elementor-shape-fill\" style=\"opacity:0.5\" d=\"M0 0L2600 0 2600 69.1 0 69.1z\"\/>\n\t<path class=\"elementor-shape-fill\" style=\"opacity:0.25\" d=\"M2600 0L0 0 0 130.1 2600 69.1z\"\/>\n<\/svg>\t\t<\/div>\n\t\t\t\t\t<div class=\"elementor-container elementor-column-gap-default\">\n\t\t\t\t\t<div class=\"elementor-column elementor-col-100 elementor-top-column elementor-element elementor-element-b8c99a4\" data-id=\"b8c99a4\" data-element_type=\"column\">\n\t\t\t<div class=\"elementor-widget-wrap elementor-element-populated\">\n\t\t\t\t\t\t\t\t<div class=\"elementor-element elementor-element-b819119 elementor-widget elementor-widget-text-editor\" data-id=\"b819119\" data-element_type=\"widget\" data-widget_type=\"text-editor.default\">\n\t\t\t\t<div class=\"elementor-widget-container\">\n\t\t\t<style>\/*! elementor - v3.17.0 - 08-11-2023 *\/\n.elementor-widget-text-editor.elementor-drop-cap-view-stacked .elementor-drop-cap{background-color:#69727d;color:#fff}.elementor-widget-text-editor.elementor-drop-cap-view-framed .elementor-drop-cap{color:#69727d;border:3px solid;background-color:transparent}.elementor-widget-text-editor:not(.elementor-drop-cap-view-default) .elementor-drop-cap{margin-top:8px}.elementor-widget-text-editor:not(.elementor-drop-cap-view-default) .elementor-drop-cap-letter{width:1em;height:1em}.elementor-widget-text-editor .elementor-drop-cap{float:left;text-align:center;line-height:1;font-size:50px}.elementor-widget-text-editor .elementor-drop-cap-letter{display:inline-block}<\/style>\t\t\t\t<p style=\"text-align: justify;\">Para el a\u00f1o 2018 y tras 4 ediciones situ\u00e1ndose en lo mas alto de la categor\u00eda, toco poner el broche final haciendo nuestro ultimo prototipo de combusti\u00f3n, para esta edici\u00f3n se volvi\u00f3 a las ra\u00edces del proyecto, retornando a un equipo mas peque\u00f1o con menos de 30 integrantes pero muy bien estructurado y con estudiantes de diversas ramas de conocimiento, como son ingenier\u00eda, comercio y marketing, A.D.E. y muchas mas.<\/p>\t\t\t\t\t\t<\/div>\n\t\t\t\t<\/div>\n\t\t\t\t\t<\/div>\n\t\t<\/div>\n\t\t\t\t\t\t\t<\/div>\n\t\t<\/section>\n\t\t\t\t<section class=\"elementor-section elementor-top-section elementor-element elementor-element-b4dd9d1 elementor-section-boxed elementor-section-height-default elementor-section-height-default\" data-id=\"b4dd9d1\" data-element_type=\"section\">\n\t\t\t\t\t\t<div class=\"elementor-container elementor-column-gap-default\">\n\t\t\t\t\t<div class=\"elementor-column elementor-col-50 elementor-top-column elementor-element elementor-element-3f852c5\" data-id=\"3f852c5\" data-element_type=\"column\">\n\t\t\t<div class=\"elementor-widget-wrap elementor-element-populated\">\n\t\t\t\t\t\t\t\t<div class=\"elementor-element elementor-element-e4d9371 elementor-widget elementor-widget-image\" data-id=\"e4d9371\" data-element_type=\"widget\" data-widget_type=\"image.default\">\n\t\t\t\t<div class=\"elementor-widget-container\">\n\t\t\t<style>\/*! elementor - v3.17.0 - 08-11-2023 *\/\n.elementor-widget-image{text-align:center}.elementor-widget-image a{display:inline-block}.elementor-widget-image a img[src$=\".svg\"]{width:48px}.elementor-widget-image img{vertical-align:middle;display:inline-block}<\/style>\t\t\t\t\t\t\t\t\t\t\t\t<img loading=\"lazy\" decoding=\"async\" width=\"1024\" height=\"681\" src=\"https:\/\/www.unioviedo.es\/motostudent\/wp-content\/uploads\/2022\/06\/MS5.jpg\" class=\"attachment-large size-large wp-image-697\" alt=\"\" srcset=\"https:\/\/www.unioviedo.es\/motostudent\/wp-content\/uploads\/2022\/06\/MS5.jpg 1024w, https:\/\/www.unioviedo.es\/motostudent\/wp-content\/uploads\/2022\/06\/MS5-300x200.jpg 300w, https:\/\/www.unioviedo.es\/motostudent\/wp-content\/uploads\/2022\/06\/MS5-768x511.jpg 768w\" sizes=\"auto, (max-width: 1024px) 100vw, 1024px\" \/>\t\t\t\t\t\t\t\t\t\t\t\t\t\t\t<\/div>\n\t\t\t\t<\/div>\n\t\t\t\t\t<\/div>\n\t\t<\/div>\n\t\t\t\t<div class=\"elementor-column elementor-col-50 elementor-top-column elementor-element elementor-element-df96f8a\" data-id=\"df96f8a\" data-element_type=\"column\">\n\t\t\t<div class=\"elementor-widget-wrap elementor-element-populated\">\n\t\t\t\t\t\t\t\t<div class=\"elementor-element elementor-element-66db437 elementor-widget elementor-widget-image\" data-id=\"66db437\" data-element_type=\"widget\" data-widget_type=\"image.default\">\n\t\t\t\t<div class=\"elementor-widget-container\">\n\t\t\t\t\t\t\t\t\t\t\t\t\t\t\t<img loading=\"lazy\" decoding=\"async\" width=\"491\" height=\"326\" src=\"https:\/\/www.unioviedo.es\/motostudent\/wp-content\/uploads\/2022\/08\/descarga.jpg\" class=\"attachment-full size-full wp-image-1232\" alt=\"\" srcset=\"https:\/\/www.unioviedo.es\/motostudent\/wp-content\/uploads\/2022\/08\/descarga.jpg 491w, https:\/\/www.unioviedo.es\/motostudent\/wp-content\/uploads\/2022\/08\/descarga-300x199.jpg 300w\" sizes=\"auto, (max-width: 491px) 100vw, 491px\" \/>\t\t\t\t\t\t\t\t\t\t\t\t\t\t\t<\/div>\n\t\t\t\t<\/div>\n\t\t\t\t\t<\/div>\n\t\t<\/div>\n\t\t\t\t\t\t\t<\/div>\n\t\t<\/section>\n\t\t\t\t<section class=\"elementor-section elementor-top-section elementor-element elementor-element-5fe0bd8 elementor-section-boxed elementor-section-height-default elementor-section-height-default\" data-id=\"5fe0bd8\" data-element_type=\"section\" data-settings=\"{&quot;background_background&quot;:&quot;classic&quot;}\">\n\t\t\t\t\t\t<div class=\"elementor-container elementor-column-gap-default\">\n\t\t\t\t\t<div class=\"elementor-column elementor-col-100 elementor-top-column elementor-element elementor-element-61c65a9\" data-id=\"61c65a9\" data-element_type=\"column\">\n\t\t\t<div class=\"elementor-widget-wrap elementor-element-populated\">\n\t\t\t\t\t\t\t\t<div class=\"elementor-element elementor-element-336432e elementor-widget elementor-widget-text-editor\" data-id=\"336432e\" data-element_type=\"widget\" data-widget_type=\"text-editor.default\">\n\t\t\t\t<div class=\"elementor-widget-container\">\n\t\t\t\t\t\t\t<p style=\"text-align: justify;\">\u00a0 \u00a0Para esta edici\u00f3n el dise\u00f1o de la moto tenia que ser especial, tenia que ser diferente, decidimos darle a la moto una mayor visibilidad y colorido, optando por los colores corporativos para el carenado y optando por un llamativo color amarillo para el bastidor de competici\u00f3n del prototipo.<\/p><p style=\"text-align: justify;\"><span style=\"font-style: inherit; font-weight: inherit; color: var(--ast-global-color-3);\">\u00a0 \u00a0Aprovechando la reestructuraci\u00f3n en departamentos y subdepartamentos en el equipo se creo uno especifico para el dise\u00f1o de la innovaci\u00f3n requerida de cara a la competici\u00f3n, creando un sistema de salida <\/span><span style=\"font-weight: inherit; color: var(--ast-global-color-3);\"><i>holeshot <\/i>para el tren delantero y trasero, sistema tan interesante e innovador que al a\u00f1o siguiente los equipo de motoGP incorporar\u00edan a sus motos y que sustituir\u00eda en muchos equipos el sistema <i>anti-wheelie<\/i>, de esta manera permitir\u00eda por medio de la variaci\u00f3n de la geometr\u00eda de la moto conseguir una salida mas r\u00e1pida y eficiente en los primeros metros de la carrera<\/span><\/p><p style=\"text-align: justify;\"><span style=\"font-style: inherit; font-weight: inherit; color: var(--ast-global-color-3);\">\u00a0En esta edici\u00f3n, el equipo de la Universidad de Oviedo finalizar\u00eda su paso por la categor\u00eda \u00ab<\/span><span style=\"font-weight: inherit; color: var(--ast-global-color-3);\"><i>Petrol<\/i><\/span><span style=\"font-style: inherit; font-weight: inherit; color: var(--ast-global-color-3);\">\u00bb habiendo dejado buen sabor de boca y dando mucho que hablar con su innovaci\u00f3n, lo cual le valdr\u00eda\u00a0 quedar en los siguientes puestos en las dos partes de la competici\u00f3n:<\/span><\/p><ul><li>\u00a0MS1: posici\u00f3n 11\u00ba de 45 equipos<\/li><li>MS2: posici\u00f3n 29\u00ba de 45 equipos<\/li><\/ul>\t\t\t\t\t\t<\/div>\n\t\t\t\t<\/div>\n\t\t\t\t\t<\/div>\n\t\t<\/div>\n\t\t\t\t\t\t\t<\/div>\n\t\t<\/section>\n\t\t\t\t\t\t\t<\/div>\n\t\t","protected":false},"excerpt":{"rendered":"<p>MS5: La ultima generaci\u00f3n de combusti\u00f3n Para el a\u00f1o 2018 y tras 4 ediciones situ\u00e1ndose en lo mas alto de la categor\u00eda, toco poner el broche final haciendo nuestro ultimo prototipo de combusti\u00f3n, para esta edici\u00f3n se volvi\u00f3 a las ra\u00edces del proyecto, retornando a un equipo mas peque\u00f1o con menos de 30 integrantes pero &hellip;<\/p>\n<p class=\"read-more\"> <a class=\"\" href=\"https:\/\/www.unioviedo.es\/motostudent\/ms5\/\"> <span class=\"screen-reader-text\">MS5<\/span> Leer m\u00e1s &raquo;<\/a><\/p>\n","protected":false},"author":1,"featured_media":0,"parent":0,"menu_order":0,"comment_status":"closed","ping_status":"closed","template":"","meta":{"site-sidebar-layout":"no-sidebar","site-content-layout":"page-builder","ast-main-header-display":"","ast-hfb-above-header-display":"","ast-hfb-below-header-display":"","ast-hfb-mobile-header-display":"","site-post-title":"disabled","ast-breadcrumbs-content":"","ast-featured-img":"disabled","footer-sml-layout":"","theme-transparent-header-meta":"","adv-header-id-meta":"","stick-header-meta":"","header-above-stick-meta":"","header-main-stick-meta":"","header-below-stick-meta":"","footnotes":""},"class_list":["post-1196","page","type-page","status-publish","hentry"],"_links":{"self":[{"href":"https:\/\/www.unioviedo.es\/motostudent\/wp-json\/wp\/v2\/pages\/1196","targetHints":{"allow":["GET"]}}],"collection":[{"href":"https:\/\/www.unioviedo.es\/motostudent\/wp-json\/wp\/v2\/pages"}],"about":[{"href":"https:\/\/www.unioviedo.es\/motostudent\/wp-json\/wp\/v2\/types\/page"}],"author":[{"embeddable":true,"href":"https:\/\/www.unioviedo.es\/motostudent\/wp-json\/wp\/v2\/users\/1"}],"replies":[{"embeddable":true,"href":"https:\/\/www.unioviedo.es\/motostudent\/wp-json\/wp\/v2\/comments?post=1196"}],"version-history":[{"count":10,"href":"https:\/\/www.unioviedo.es\/motostudent\/wp-json\/wp\/v2\/pages\/1196\/revisions"}],"predecessor-version":[{"id":1399,"href":"https:\/\/www.unioviedo.es\/motostudent\/wp-json\/wp\/v2\/pages\/1196\/revisions\/1399"}],"wp:attachment":[{"href":"https:\/\/www.unioviedo.es\/motostudent\/wp-json\/wp\/v2\/media?parent=1196"}],"curies":[{"name":"wp","href":"https:\/\/api.w.org\/{rel}","templated":true}]}}