{"id":1198,"date":"2022-08-06T15:59:47","date_gmt":"2022-08-06T15:59:47","guid":{"rendered":"http:\/\/www.unioviedo.es\/motostudent\/?page_id=1198"},"modified":"2024-05-14T18:12:18","modified_gmt":"2024-05-14T18:12:18","slug":"ms7","status":"publish","type":"page","link":"https:\/\/www.unioviedo.es\/motostudent\/ms7\/","title":{"rendered":"MS7"},"content":{"rendered":"\t\t<div data-elementor-type=\"wp-page\" data-elementor-id=\"1198\" class=\"elementor elementor-1198\" data-elementor-post-type=\"page\">\n\t\t\t\t\t\t\t\t\t<section class=\"elementor-section elementor-top-section elementor-element elementor-element-688ad9f elementor-section-boxed elementor-section-height-default elementor-section-height-default\" data-id=\"688ad9f\" data-element_type=\"section\" data-settings=\"{&quot;background_background&quot;:&quot;classic&quot;}\">\n\t\t\t\t\t\t\t<div class=\"elementor-background-overlay\"><\/div>\n\t\t\t\t\t\t\t<div class=\"elementor-container elementor-column-gap-default\">\n\t\t\t\t\t<div class=\"elementor-column elementor-col-100 elementor-top-column elementor-element elementor-element-f0dbd75\" data-id=\"f0dbd75\" data-element_type=\"column\">\n\t\t\t<div class=\"elementor-widget-wrap elementor-element-populated\">\n\t\t\t\t\t\t\t\t<div class=\"elementor-element elementor-element-be1fd37 elementor-widget elementor-widget-heading\" data-id=\"be1fd37\" data-element_type=\"widget\" data-widget_type=\"heading.default\">\n\t\t\t\t<div class=\"elementor-widget-container\">\n\t\t\t<style>\/*! elementor - v3.17.0 - 08-11-2023 *\/\n.elementor-heading-title{padding:0;margin:0;line-height:1}.elementor-widget-heading .elementor-heading-title[class*=elementor-size-]>a{color:inherit;font-size:inherit;line-height:inherit}.elementor-widget-heading .elementor-heading-title.elementor-size-small{font-size:15px}.elementor-widget-heading .elementor-heading-title.elementor-size-medium{font-size:19px}.elementor-widget-heading .elementor-heading-title.elementor-size-large{font-size:29px}.elementor-widget-heading .elementor-heading-title.elementor-size-xl{font-size:39px}.elementor-widget-heading .elementor-heading-title.elementor-size-xxl{font-size:59px}<\/style><h1 class=\"elementor-heading-title elementor-size-xl\">MS7: Una moto que mira al futuro<\/h1>\t\t<\/div>\n\t\t\t\t<\/div>\n\t\t\t\t\t<\/div>\n\t\t<\/div>\n\t\t\t\t\t\t\t<\/div>\n\t\t<\/section>\n\t\t\t\t<section class=\"elementor-section elementor-top-section elementor-element elementor-element-c6d6db0 elementor-section-boxed elementor-section-height-default elementor-section-height-default\" data-id=\"c6d6db0\" data-element_type=\"section\" data-settings=\"{&quot;shape_divider_top&quot;:&quot;opacity-tilt&quot;}\">\n\t\t\t\t\t<div class=\"elementor-shape elementor-shape-top\" data-negative=\"false\">\n\t\t\t<svg xmlns=\"http:\/\/www.w3.org\/2000\/svg\" viewBox=\"0 0 2600 131.1\" preserveAspectRatio=\"none\">\n\t<path class=\"elementor-shape-fill\" d=\"M0 0L2600 0 2600 69.1 0 0z\"\/>\n\t<path class=\"elementor-shape-fill\" style=\"opacity:0.5\" d=\"M0 0L2600 0 2600 69.1 0 69.1z\"\/>\n\t<path class=\"elementor-shape-fill\" style=\"opacity:0.25\" d=\"M2600 0L0 0 0 130.1 2600 69.1z\"\/>\n<\/svg>\t\t<\/div>\n\t\t\t\t\t<div class=\"elementor-container elementor-column-gap-default\">\n\t\t\t\t\t<div class=\"elementor-column elementor-col-100 elementor-top-column elementor-element elementor-element-b8c99a4\" data-id=\"b8c99a4\" data-element_type=\"column\">\n\t\t\t<div class=\"elementor-widget-wrap elementor-element-populated\">\n\t\t\t\t\t\t\t\t<div class=\"elementor-element elementor-element-19a41af elementor-widget elementor-widget-text-editor\" data-id=\"19a41af\" data-element_type=\"widget\" data-widget_type=\"text-editor.default\">\n\t\t\t\t<div class=\"elementor-widget-container\">\n\t\t\t<style>\/*! elementor - v3.17.0 - 08-11-2023 *\/\n.elementor-widget-text-editor.elementor-drop-cap-view-stacked .elementor-drop-cap{background-color:#69727d;color:#fff}.elementor-widget-text-editor.elementor-drop-cap-view-framed .elementor-drop-cap{color:#69727d;border:3px solid;background-color:transparent}.elementor-widget-text-editor:not(.elementor-drop-cap-view-default) .elementor-drop-cap{margin-top:8px}.elementor-widget-text-editor:not(.elementor-drop-cap-view-default) .elementor-drop-cap-letter{width:1em;height:1em}.elementor-widget-text-editor .elementor-drop-cap{float:left;text-align:center;line-height:1;font-size:50px}.elementor-widget-text-editor .elementor-drop-cap-letter{display:inline-block}<\/style>\t\t\t\t<p>Despu\u00e9s de los notables \u00e9xitos en la edici\u00f3n anterior de la competici\u00f3n, nuestro equipo se embarc\u00f3 en un nuevo y emocionante desaf\u00edo. Con la valiosa experiencia acumulada en la categor\u00eda el\u00e9ctrica de la competici\u00f3n pasada, nos propusimos desde el inicio desarrollar una moto que no solo fuera <b>s\u00f3lida<\/b> y <b>robusta<\/b>, sino tambi\u00e9n innovadora en su <b>electrificaci\u00f3n <\/b>y <b>dise\u00f1o<\/b>. Adem\u00e1s, tratamos de enfocarnos en establecer prototipos y metodolog\u00edas de trabajo que sentaran las bases para futuras mejoras y desarrollos.<\/p>\t\t\t\t\t\t<\/div>\n\t\t\t\t<\/div>\n\t\t\t\t\t<\/div>\n\t\t<\/div>\n\t\t\t\t\t\t\t<\/div>\n\t\t<\/section>\n\t\t\t\t<section class=\"elementor-section elementor-top-section elementor-element elementor-element-96b0cca elementor-section-boxed elementor-section-height-default elementor-section-height-default\" data-id=\"96b0cca\" data-element_type=\"section\">\n\t\t\t\t\t\t<div class=\"elementor-container elementor-column-gap-default\">\n\t\t\t\t\t<div class=\"elementor-column elementor-col-100 elementor-top-column elementor-element elementor-element-ecfc247\" data-id=\"ecfc247\" data-element_type=\"column\">\n\t\t\t<div class=\"elementor-widget-wrap elementor-element-populated\">\n\t\t\t\t\t\t\t\t<div class=\"elementor-element elementor-element-199d421 elementor-grid-1 elementor-posts--thumbnail-left elementor-grid-tablet-2 elementor-grid-mobile-1 elementor-widget elementor-widget-posts\" data-id=\"199d421\" data-element_type=\"widget\" data-settings=\"{&quot;classic_columns&quot;:&quot;1&quot;,&quot;classic_columns_tablet&quot;:&quot;2&quot;,&quot;classic_columns_mobile&quot;:&quot;1&quot;,&quot;classic_row_gap&quot;:{&quot;unit&quot;:&quot;px&quot;,&quot;size&quot;:35,&quot;sizes&quot;:[]},&quot;classic_row_gap_tablet&quot;:{&quot;unit&quot;:&quot;px&quot;,&quot;size&quot;:&quot;&quot;,&quot;sizes&quot;:[]},&quot;classic_row_gap_mobile&quot;:{&quot;unit&quot;:&quot;px&quot;,&quot;size&quot;:&quot;&quot;,&quot;sizes&quot;:[]}}\" data-widget_type=\"posts.classic\">\n\t\t\t\t<div class=\"elementor-widget-container\">\n\t\t\t<link rel=\"stylesheet\" href=\"https:\/\/www.unioviedo.es\/motostudent\/wp-content\/plugins\/pro-elements\/assets\/css\/widget-posts.min.css\">\t\t<div class=\"elementor-posts-container elementor-posts elementor-posts--skin-classic elementor-grid\">\n\t\t\t\t<article class=\"elementor-post elementor-grid-item post-2724 post type-post status-publish format-standard has-post-thumbnail hentry category-avances tag-revista_ms7\">\n\t\t\t\t<a class=\"elementor-post__thumbnail__link\" href=\"https:\/\/www.unioviedo.es\/motostudent\/revista-resumen-de-la-vii-edicion-ms7\/\" tabindex=\"-1\" >\n\t\t\t<div class=\"elementor-post__thumbnail\"><img loading=\"lazy\" decoding=\"async\" width=\"554\" height=\"791\" src=\"https:\/\/www.unioviedo.es\/motostudent\/wp-content\/uploads\/2024\/05\/portada_revista_ms7.png\" class=\"attachment-medium_large size-medium_large wp-image-2735\" alt=\"\" srcset=\"https:\/\/www.unioviedo.es\/motostudent\/wp-content\/uploads\/2024\/05\/portada_revista_ms7.png 554w, https:\/\/www.unioviedo.es\/motostudent\/wp-content\/uploads\/2024\/05\/portada_revista_ms7-210x300.png 210w\" sizes=\"auto, (max-width: 554px) 100vw, 554px\" \/><\/div>\n\t\t<\/a>\n\t\t\t\t<div class=\"elementor-post__text\">\n\t\t\t\t<h2 class=\"elementor-post__title\">\n\t\t\t<a href=\"https:\/\/www.unioviedo.es\/motostudent\/revista-resumen-de-la-vii-edicion-ms7\/\" >\n\t\t\t\tRevista resumen de la VII edici\u00f3n | MS7\t\t\t<\/a>\n\t\t<\/h2>\n\t\t\t\t<div class=\"elementor-post__excerpt\">\n\t\t\t\t\t<\/div>\n\t\t\n\t\t<a class=\"elementor-post__read-more\" href=\"https:\/\/www.unioviedo.es\/motostudent\/revista-resumen-de-la-vii-edicion-ms7\/\" aria-label=\"Read more about Revista resumen de la VII edici\u00f3n | MS7\" tabindex=\"-1\" >\n\t\t\tRead More \u00bb\t\t<\/a>\n\n\t\t\t\t<\/div>\n\t\t\t\t<\/article>\n\t\t\t\t<\/div>\n\t\t\n\t\t\t\t<\/div>\n\t\t\t\t<\/div>\n\t\t\t\t\t<\/div>\n\t\t<\/div>\n\t\t\t\t\t\t\t<\/div>\n\t\t<\/section>\n\t\t\t\t<section class=\"elementor-section elementor-top-section elementor-element elementor-element-b4dd9d1 elementor-section-boxed elementor-section-height-default elementor-section-height-default\" data-id=\"b4dd9d1\" data-element_type=\"section\">\n\t\t\t\t\t\t<div class=\"elementor-container elementor-column-gap-default\">\n\t\t\t\t\t<div class=\"elementor-column elementor-col-50 elementor-top-column elementor-element elementor-element-3f852c5\" data-id=\"3f852c5\" data-element_type=\"column\">\n\t\t\t<div class=\"elementor-widget-wrap elementor-element-populated\">\n\t\t\t\t\t\t\t\t<div class=\"elementor-element elementor-element-e4d9371 elementor-widget elementor-widget-image\" data-id=\"e4d9371\" data-element_type=\"widget\" data-widget_type=\"image.default\">\n\t\t\t\t<div class=\"elementor-widget-container\">\n\t\t\t<style>\/*! elementor - v3.17.0 - 08-11-2023 *\/\n.elementor-widget-image{text-align:center}.elementor-widget-image a{display:inline-block}.elementor-widget-image a img[src$=\".svg\"]{width:48px}.elementor-widget-image img{vertical-align:middle;display:inline-block}<\/style>\t\t\t\t\t\t\t\t\t\t\t\t<img loading=\"lazy\" decoding=\"async\" width=\"1024\" height=\"683\" src=\"https:\/\/www.unioviedo.es\/motostudent\/wp-content\/uploads\/2024\/02\/WolfastCarteles_equipo_MS7_-1024x683.jpg\" class=\"attachment-large size-large wp-image-2346\" alt=\"\" srcset=\"https:\/\/www.unioviedo.es\/motostudent\/wp-content\/uploads\/2024\/02\/WolfastCarteles_equipo_MS7_-1024x683.jpg 1024w, https:\/\/www.unioviedo.es\/motostudent\/wp-content\/uploads\/2024\/02\/WolfastCarteles_equipo_MS7_-300x200.jpg 300w, https:\/\/www.unioviedo.es\/motostudent\/wp-content\/uploads\/2024\/02\/WolfastCarteles_equipo_MS7_-768x512.jpg 768w, https:\/\/www.unioviedo.es\/motostudent\/wp-content\/uploads\/2024\/02\/WolfastCarteles_equipo_MS7_-1536x1024.jpg 1536w, https:\/\/www.unioviedo.es\/motostudent\/wp-content\/uploads\/2024\/02\/WolfastCarteles_equipo_MS7_-2048x1365.jpg 2048w\" sizes=\"auto, (max-width: 1024px) 100vw, 1024px\" \/>\t\t\t\t\t\t\t\t\t\t\t\t\t\t\t<\/div>\n\t\t\t\t<\/div>\n\t\t\t\t\t<\/div>\n\t\t<\/div>\n\t\t\t\t<div class=\"elementor-column elementor-col-50 elementor-top-column elementor-element elementor-element-df96f8a\" data-id=\"df96f8a\" data-element_type=\"column\">\n\t\t\t<div class=\"elementor-widget-wrap elementor-element-populated\">\n\t\t\t\t\t\t\t\t<div class=\"elementor-element elementor-element-66db437 elementor-widget elementor-widget-image\" data-id=\"66db437\" data-element_type=\"widget\" data-widget_type=\"image.default\">\n\t\t\t\t<div class=\"elementor-widget-container\">\n\t\t\t\t\t\t\t\t\t\t\t\t\t\t\t<img loading=\"lazy\" decoding=\"async\" width=\"1024\" height=\"683\" src=\"https:\/\/www.unioviedo.es\/motostudent\/wp-content\/uploads\/2024\/02\/1697486227270-1024x683.jpg\" class=\"attachment-large size-large wp-image-2347\" alt=\"\" srcset=\"https:\/\/www.unioviedo.es\/motostudent\/wp-content\/uploads\/2024\/02\/1697486227270-1024x683.jpg 1024w, https:\/\/www.unioviedo.es\/motostudent\/wp-content\/uploads\/2024\/02\/1697486227270-300x200.jpg 300w, https:\/\/www.unioviedo.es\/motostudent\/wp-content\/uploads\/2024\/02\/1697486227270-768x512.jpg 768w, https:\/\/www.unioviedo.es\/motostudent\/wp-content\/uploads\/2024\/02\/1697486227270-1536x1024.jpg 1536w, https:\/\/www.unioviedo.es\/motostudent\/wp-content\/uploads\/2024\/02\/1697486227270.jpg 2048w\" sizes=\"auto, (max-width: 1024px) 100vw, 1024px\" \/>\t\t\t\t\t\t\t\t\t\t\t\t\t\t\t<\/div>\n\t\t\t\t<\/div>\n\t\t\t\t\t<\/div>\n\t\t<\/div>\n\t\t\t\t\t\t\t<\/div>\n\t\t<\/section>\n\t\t\t\t<section class=\"elementor-section elementor-top-section elementor-element elementor-element-5fe0bd8 elementor-section-boxed elementor-section-height-default elementor-section-height-default\" data-id=\"5fe0bd8\" data-element_type=\"section\" data-settings=\"{&quot;background_background&quot;:&quot;classic&quot;}\">\n\t\t\t\t\t\t<div class=\"elementor-container elementor-column-gap-default\">\n\t\t\t\t\t<div class=\"elementor-column elementor-col-100 elementor-top-column elementor-element elementor-element-61c65a9\" data-id=\"61c65a9\" data-element_type=\"column\">\n\t\t\t<div class=\"elementor-widget-wrap elementor-element-populated\">\n\t\t\t\t\t\t\t\t<div class=\"elementor-element elementor-element-b50400e elementor-widget elementor-widget-text-editor\" data-id=\"b50400e\" data-element_type=\"widget\" data-widget_type=\"text-editor.default\">\n\t\t\t\t<div class=\"elementor-widget-container\">\n\t\t\t\t\t\t\t<p><span style=\"color: var(--ast-global-color-3);\">Como de costumbre, nos pusimos el objetivo de mejorar nuestras marcas y desarrollo respecto a la edici\u00f3n anterior. Y podemos decir orgullosamente que el list\u00f3n ha quedado muy alto. Uno de los puntos m\u00e1s significativos de esta edici\u00f3n ha sido la creaci\u00f3n de nuestra propia bater\u00eda, con unas excelentes prestaciones.<\/span><\/p><p><span style=\"font-style: inherit; font-weight: inherit; color: var(--ast-global-color-3); text-align: justify;\">La semana de la competici\u00f3n se present\u00f3 como todo un reto, que fuimos capaces de superar\u00a0<\/span><span style=\"font-style: inherit; font-weight: inherit; color: var(--ast-global-color-3); text-align: justify;\">exitosamente<\/span><span style=\"font-style: inherit; font-weight: inherit; color: var(--ast-global-color-3); text-align: justify;\">: <\/span><strong style=\"font-style: inherit; color: var(--ast-global-color-3); text-align: justify;\">de no tener inversor a correr la final<\/strong><span style=\"font-style: inherit; font-weight: inherit; color: var(--ast-global-color-3); text-align: justify;\">.<\/span><\/p><p style=\"text-align: justify;\">Los resultados en esta edici\u00f3n fueron:<\/p><ul><li>Posici\u00f3n final MS1 (fase relativa al proyecto industrial y de innovaci\u00f3n t\u00e9cnica as\u00ed como al plan de negocio vinculado): 11 de 43<\/li><li>Posici\u00f3n final MS2 (fase relativa a las pruebas en pista y carreras en circuito)\u00a0: 20 de 27<\/li><li>Posici\u00f3n final combinada (MS1 + MS2): 15 de 43<\/li><\/ul>\t\t\t\t\t\t<\/div>\n\t\t\t\t<\/div>\n\t\t\t\t\t<\/div>\n\t\t<\/div>\n\t\t\t\t\t\t\t<\/div>\n\t\t<\/section>\n\t\t\t\t<section class=\"elementor-section elementor-top-section elementor-element elementor-element-eeb9c60 elementor-section-boxed elementor-section-height-default elementor-section-height-default\" data-id=\"eeb9c60\" data-element_type=\"section\">\n\t\t\t\t\t\t<div class=\"elementor-container elementor-column-gap-default\">\n\t\t\t\t\t<div class=\"elementor-column elementor-col-50 elementor-top-column elementor-element elementor-element-f7e3255\" data-id=\"f7e3255\" data-element_type=\"column\">\n\t\t\t<div class=\"elementor-widget-wrap elementor-element-populated\">\n\t\t\t\t\t\t\t\t<div class=\"elementor-element elementor-element-cde9518 elementor-widget elementor-widget-image\" data-id=\"cde9518\" data-element_type=\"widget\" data-widget_type=\"image.default\">\n\t\t\t\t<div class=\"elementor-widget-container\">\n\t\t\t\t\t\t\t\t\t\t\t\t\t\t\t<img loading=\"lazy\" decoding=\"async\" width=\"1024\" height=\"683\" src=\"https:\/\/www.unioviedo.es\/motostudent\/wp-content\/uploads\/2024\/02\/1697486194803-1024x683.jpg\" class=\"attachment-large size-large wp-image-2395\" alt=\"\" srcset=\"https:\/\/www.unioviedo.es\/motostudent\/wp-content\/uploads\/2024\/02\/1697486194803-1024x683.jpg 1024w, https:\/\/www.unioviedo.es\/motostudent\/wp-content\/uploads\/2024\/02\/1697486194803-300x200.jpg 300w, https:\/\/www.unioviedo.es\/motostudent\/wp-content\/uploads\/2024\/02\/1697486194803-768x512.jpg 768w, https:\/\/www.unioviedo.es\/motostudent\/wp-content\/uploads\/2024\/02\/1697486194803-1536x1024.jpg 1536w, https:\/\/www.unioviedo.es\/motostudent\/wp-content\/uploads\/2024\/02\/1697486194803.jpg 2048w\" sizes=\"auto, (max-width: 1024px) 100vw, 1024px\" \/>\t\t\t\t\t\t\t\t\t\t\t\t\t\t\t<\/div>\n\t\t\t\t<\/div>\n\t\t\t\t\t<\/div>\n\t\t<\/div>\n\t\t\t\t<div class=\"elementor-column elementor-col-50 elementor-top-column elementor-element elementor-element-c3d7d71\" data-id=\"c3d7d71\" data-element_type=\"column\">\n\t\t\t<div class=\"elementor-widget-wrap elementor-element-populated\">\n\t\t\t\t\t\t\t\t<div class=\"elementor-element elementor-element-9329e6c elementor-widget elementor-widget-image\" data-id=\"9329e6c\" data-element_type=\"widget\" data-widget_type=\"image.default\">\n\t\t\t\t<div class=\"elementor-widget-container\">\n\t\t\t\t\t\t\t\t\t\t\t\t\t\t\t<img loading=\"lazy\" decoding=\"async\" width=\"1024\" height=\"770\" src=\"https:\/\/www.unioviedo.es\/motostudent\/wp-content\/uploads\/2024\/02\/foto_ms7_epi_presentacion-1024x770.jpeg\" class=\"attachment-large size-large wp-image-2422\" alt=\"\" srcset=\"https:\/\/www.unioviedo.es\/motostudent\/wp-content\/uploads\/2024\/02\/foto_ms7_epi_presentacion-1024x770.jpeg 1024w, https:\/\/www.unioviedo.es\/motostudent\/wp-content\/uploads\/2024\/02\/foto_ms7_epi_presentacion-300x226.jpeg 300w, https:\/\/www.unioviedo.es\/motostudent\/wp-content\/uploads\/2024\/02\/foto_ms7_epi_presentacion-768x578.jpeg 768w, https:\/\/www.unioviedo.es\/motostudent\/wp-content\/uploads\/2024\/02\/foto_ms7_epi_presentacion-1536x1155.jpeg 1536w, https:\/\/www.unioviedo.es\/motostudent\/wp-content\/uploads\/2024\/02\/foto_ms7_epi_presentacion.jpeg 2048w\" sizes=\"auto, (max-width: 1024px) 100vw, 1024px\" \/>\t\t\t\t\t\t\t\t\t\t\t\t\t\t\t<\/div>\n\t\t\t\t<\/div>\n\t\t\t\t\t<\/div>\n\t\t<\/div>\n\t\t\t\t\t\t\t<\/div>\n\t\t<\/section>\n\t\t\t\t<section class=\"elementor-section elementor-top-section elementor-element elementor-element-eb7df68 elementor-section-boxed elementor-section-height-default elementor-section-height-default\" data-id=\"eb7df68\" data-element_type=\"section\">\n\t\t\t\t\t\t<div class=\"elementor-container elementor-column-gap-default\">\n\t\t\t\t\t<div class=\"elementor-column elementor-col-100 elementor-top-column elementor-element elementor-element-1c146a7\" data-id=\"1c146a7\" data-element_type=\"column\">\n\t\t\t<div class=\"elementor-widget-wrap\">\n\t\t\t\t\t\t\t\t\t<\/div>\n\t\t<\/div>\n\t\t\t\t\t\t\t<\/div>\n\t\t<\/section>\n\t\t\t\t\t\t\t<\/div>\n\t\t","protected":false},"excerpt":{"rendered":"<p>MS7: Una moto que mira al futuro Despu\u00e9s de los notables \u00e9xitos en la edici\u00f3n anterior de la competici\u00f3n, nuestro equipo se embarc\u00f3 en un nuevo y emocionante desaf\u00edo. Con la valiosa experiencia acumulada en la categor\u00eda el\u00e9ctrica de la competici\u00f3n pasada, nos propusimos desde el inicio desarrollar una moto que no solo fuera s\u00f3lida &hellip;<\/p>\n<p class=\"read-more\"> <a class=\"\" href=\"https:\/\/www.unioviedo.es\/motostudent\/revista-resumen-de-la-vii-edicion-ms7\/\"> <span class=\"screen-reader-text\">Revista resumen de la VII edici\u00f3n | MS7<\/span> Leer m\u00e1s &raquo;<\/a><\/p>\n","protected":false},"author":1,"featured_media":0,"parent":0,"menu_order":0,"comment_status":"closed","ping_status":"closed","template":"","meta":{"site-sidebar-layout":"no-sidebar","site-content-layout":"page-builder","ast-main-header-display":"","ast-hfb-above-header-display":"","ast-hfb-below-header-display":"","ast-hfb-mobile-header-display":"","site-post-title":"disabled","ast-breadcrumbs-content":"","ast-featured-img":"disabled","footer-sml-layout":"","theme-transparent-header-meta":"","adv-header-id-meta":"","stick-header-meta":"","header-above-stick-meta":"","header-main-stick-meta":"","header-below-stick-meta":"","footnotes":""},"class_list":["post-1198","page","type-page","status-publish","hentry"],"_links":{"self":[{"href":"https:\/\/www.unioviedo.es\/motostudent\/wp-json\/wp\/v2\/pages\/1198","targetHints":{"allow":["GET"]}}],"collection":[{"href":"https:\/\/www.unioviedo.es\/motostudent\/wp-json\/wp\/v2\/pages"}],"about":[{"href":"https:\/\/www.unioviedo.es\/motostudent\/wp-json\/wp\/v2\/types\/page"}],"author":[{"embeddable":true,"href":"https:\/\/www.unioviedo.es\/motostudent\/wp-json\/wp\/v2\/users\/1"}],"replies":[{"embeddable":true,"href":"https:\/\/www.unioviedo.es\/motostudent\/wp-json\/wp\/v2\/comments?post=1198"}],"version-history":[{"count":61,"href":"https:\/\/www.unioviedo.es\/motostudent\/wp-json\/wp\/v2\/pages\/1198\/revisions"}],"predecessor-version":[{"id":2752,"href":"https:\/\/www.unioviedo.es\/motostudent\/wp-json\/wp\/v2\/pages\/1198\/revisions\/2752"}],"wp:attachment":[{"href":"https:\/\/www.unioviedo.es\/motostudent\/wp-json\/wp\/v2\/media?parent=1198"}],"curies":[{"name":"wp","href":"https:\/\/api.w.org\/{rel}","templated":true}]}}