{"id":147,"date":"2023-11-24T11:34:29","date_gmt":"2023-11-24T10:34:29","guid":{"rendered":"https:\/\/www.unioviedo.es\/negocia2\/?page_id=147"},"modified":"2025-06-02T14:04:49","modified_gmt":"2025-06-02T12:04:49","slug":"luis-antonio-fernandez-villazon","status":"publish","type":"page","link":"https:\/\/www.unioviedo.es\/negocia2\/index.php\/luis-antonio-fernandez-villazon\/","title":{"rendered":"Luis Antonio Fern\u00e1ndez Villaz\u00f3n"},"content":{"rendered":"\n<p><strong>Profesor Titular de Universidad de Derecho del Trabajo y Seguridad Social. Universidad de Oviedo<\/strong><\/p>\n\n\n\n<figure class=\"wp-block-image size-large is-resized\"><img loading=\"lazy\" decoding=\"async\" width=\"912\" height=\"1024\" src=\"https:\/\/www.unioviedo.es\/negocia2\/wp-content\/uploads\/2024\/01\/luis-1-912x1024.jpg\" alt=\"\" class=\"wp-image-269\" style=\"width:372px;height:auto\" srcset=\"https:\/\/www.unioviedo.es\/negocia2\/wp-content\/uploads\/2024\/01\/luis-1-912x1024.jpg 912w, https:\/\/www.unioviedo.es\/negocia2\/wp-content\/uploads\/2024\/01\/luis-1-267x300.jpg 267w, https:\/\/www.unioviedo.es\/negocia2\/wp-content\/uploads\/2024\/01\/luis-1-768x862.jpg 768w, https:\/\/www.unioviedo.es\/negocia2\/wp-content\/uploads\/2024\/01\/luis-1-1368x1536.jpg 1368w, https:\/\/www.unioviedo.es\/negocia2\/wp-content\/uploads\/2024\/01\/luis-1.jpg 1700w\" sizes=\"auto, (max-width: 767px) 89vw, (max-width: 1000px) 54vw, (max-width: 1071px) 543px, 580px\" \/><\/figure>\n\n\n\n<p>Acreditado como Catedr\u00e1tico por la ANECA, el Dr. Fern\u00e1ndez Villaz\u00f3n inici\u00f3 su carrera cient\u00edfica con una publicaci\u00f3n pionera en Espa\u00f1a sobre el tratamiento de datos personales en el \u00e1mbito laboral (Revista de Relaciones Laborales, 1994), que sigue siendo una de las m\u00e1s citadas sobre el tema en la actualidad. Desde entonces, buena parte de su actividad investigadora se ha centrado en la protecci\u00f3n de los derechos fundamentales de los trabajadores y su interacci\u00f3n con las facultades patronales de gesti\u00f3n y control y las nuevas tecnolog\u00edas, tema sobre el que es autor de varias obras de referencia. Tambi\u00e9n ha desarrollado relevantes estudios sobre la igualdad de g\u00e9nero en las relaciones laborales, sobre el reparto de competencias entre los tribunales sociales y los administrativos (tema de su tesis doctoral), sobre las relaciones laborales en el sector p\u00fablico, el r\u00e9gimen jur\u00eddico del tiempo de trabajo, o sobre las pol\u00edticas para proteger y promover el empleo de los grupos m\u00e1s vulnerables. Sobre este \u00faltimo punto, ha realizado un interesante an\u00e1lisis de la conceptualizaci\u00f3n jur\u00eddica del t\u00e9rmino \u201cgrupos vulnerables\u201d y la interacci\u00f3n entre pol\u00edticas y Derecho que representa. Sus publicaciones m\u00e1s recientes se centran en los problemas del desarrollo de relaciones laborales colectivas en los nuevos modelos de empresa, tema del \u00faltimo proyecto de investigaci\u00f3n que ha liderado (<a href=\"http:\/\/www.unioviedo.es\/aunas\">Proyecto AUNAS<\/a>). El objeto de esta investigaci\u00f3n fue analizar en detalle los desaf\u00edos que deben enfrentar las instituciones colectivas del Derecho del Trabajo y los ajustes que se consideran oportunos para que puedan seguir cumpliendo su papel esencial de compensar e integrar las diferencias en el nuevo contexto socioecon\u00f3mico.<\/p>\n\n\n\n<p>Ha sido director de una tesis doctoral y dirige otras dos en curso. Ha liderado cuatro proyectos nacionales del Programa Nacional de Investigaci\u00f3n (incluido el actual), adem\u00e1s de participar como investigador en varios otros (9) y en un Proyecto Europeo del IX Programa Marco.<\/p>\n\n\n\n<p>Tambi\u00e9n ha realizado numerosas actividades de transferencia, entre las que destacan la emisi\u00f3n de informes para diversas instituciones, la participaci\u00f3n en la redacci\u00f3n del proyecto de Ley de Igualdad del Principado de Asturias y la actuaci\u00f3n como \u00e1rbitro en un conflicto colectivo ante el Servicio Asturiano de resoluci\u00f3n. de conflictos laborales (SASEC).<\/p>\n\n\n\n<p>Perfil de Luis Antonio Fern\u00e1ndez Villaz\u00f3n en la&nbsp;<a href=\"https:\/\/derechoprivado.uniovi.es\/personal\/pdi\/-\/asset_publisher\/0020\/content\/pdi_fernandez-villazon-luis-antonio;jsessionid=9AE0B18BB696B397A25284CE06F76120?redirect=%2Fpersonal%2Fpdi\">Universidad de Oviedo<\/a><\/p>\n","protected":false},"excerpt":{"rendered":"<p>Profesor Titular de Universidad de Derecho del Trabajo y Seguridad Social. Universidad de Oviedo Acreditado como Catedr\u00e1tico por la ANECA, el Dr. Fern\u00e1ndez Villaz\u00f3n inici\u00f3 su carrera cient\u00edfica con una publicaci\u00f3n pionera en Espa\u00f1a sobre el tratamiento de datos personales en el \u00e1mbito laboral (Revista de Relaciones Laborales, 1994), que sigue siendo una de las &hellip; <\/p>\n<p class=\"link-more\"><a href=\"https:\/\/www.unioviedo.es\/negocia2\/index.php\/luis-antonio-fernandez-villazon\/\" class=\"more-link\">Continuar leyendo<span class=\"screen-reader-text\"> \u00abLuis Antonio Fern\u00e1ndez Villaz\u00f3n\u00bb<\/span><\/a><\/p>\n","protected":false},"author":1,"featured_media":0,"parent":0,"menu_order":0,"comment_status":"closed","ping_status":"closed","template":"","meta":{"footnotes":""},"class_list":["post-147","page","type-page","status-publish","hentry"],"_links":{"self":[{"href":"https:\/\/www.unioviedo.es\/negocia2\/index.php\/wp-json\/wp\/v2\/pages\/147","targetHints":{"allow":["GET"]}}],"collection":[{"href":"https:\/\/www.unioviedo.es\/negocia2\/index.php\/wp-json\/wp\/v2\/pages"}],"about":[{"href":"https:\/\/www.unioviedo.es\/negocia2\/index.php\/wp-json\/wp\/v2\/types\/page"}],"author":[{"embeddable":true,"href":"https:\/\/www.unioviedo.es\/negocia2\/index.php\/wp-json\/wp\/v2\/users\/1"}],"replies":[{"embeddable":true,"href":"https:\/\/www.unioviedo.es\/negocia2\/index.php\/wp-json\/wp\/v2\/comments?post=147"}],"version-history":[{"count":15,"href":"https:\/\/www.unioviedo.es\/negocia2\/index.php\/wp-json\/wp\/v2\/pages\/147\/revisions"}],"predecessor-version":[{"id":853,"href":"https:\/\/www.unioviedo.es\/negocia2\/index.php\/wp-json\/wp\/v2\/pages\/147\/revisions\/853"}],"wp:attachment":[{"href":"https:\/\/www.unioviedo.es\/negocia2\/index.php\/wp-json\/wp\/v2\/media?parent=147"}],"curies":[{"name":"wp","href":"https:\/\/api.w.org\/{rel}","templated":true}]}}