{"id":165,"date":"2023-11-24T12:14:46","date_gmt":"2023-11-24T11:14:46","guid":{"rendered":"https:\/\/www.unioviedo.es\/negocia2\/?page_id=165"},"modified":"2024-01-17T13:16:40","modified_gmt":"2024-01-17T12:16:40","slug":"ana-rosa-arguelles-blanco","status":"publish","type":"page","link":"https:\/\/www.unioviedo.es\/negocia2\/index.php\/ana-rosa-arguelles-blanco\/","title":{"rendered":"Ana Rosa Arg\u00fcelles Blanco"},"content":{"rendered":"\n<p id=\"block-41720bd1-7733-4910-8c3d-c7838fcf679b\"><strong>Catedr\u00e1tica de Derecho del Trabajo. Universidad de Oviedo<\/strong><\/p>\n\n\n\n<figure class=\"wp-block-image size-large is-resized\"><img loading=\"lazy\" decoding=\"async\" width=\"1024\" height=\"768\" src=\"https:\/\/www.unioviedo.es\/negocia2\/wp-content\/uploads\/2024\/01\/ana-1024x768.jpg\" alt=\"\" class=\"wp-image-263\" style=\"width:427px;height:auto\" srcset=\"https:\/\/www.unioviedo.es\/negocia2\/wp-content\/uploads\/2024\/01\/ana-1024x768.jpg 1024w, https:\/\/www.unioviedo.es\/negocia2\/wp-content\/uploads\/2024\/01\/ana-300x225.jpg 300w, https:\/\/www.unioviedo.es\/negocia2\/wp-content\/uploads\/2024\/01\/ana-768x576.jpg 768w, https:\/\/www.unioviedo.es\/negocia2\/wp-content\/uploads\/2024\/01\/ana-1536x1152.jpg 1536w, https:\/\/www.unioviedo.es\/negocia2\/wp-content\/uploads\/2024\/01\/ana-2048x1536.jpg 2048w\" sizes=\"auto, (max-width: 767px) 89vw, (max-width: 1000px) 54vw, (max-width: 1071px) 543px, 580px\" \/><\/figure>\n\n\n\n<p id=\"block-089e2d28-981d-4f9a-b5d8-34741d791a76\">Autora de un total de 4 libros (1 en coautor\u00eda), 33 cap\u00edtulos (3 en coautor\u00eda) y 24 art\u00edculos (2 en coautor\u00eda), tiene reconocidos 3 sexenios de investigaci\u00f3n (\u00faltimo per\u00edodo evaluado positivamente 2011-2017). Entre sus aportaciones cient\u00edficas tambi\u00e9n se encuentran comentarios de jurisprudencia (10), pr\u00f3logos (6), recensiones (1) y otras publicaciones (6). Ha participado en un total de 14 proyectos de investigaci\u00f3n, en 6 como Investigadora Principal (3 auton\u00f3micos y 3 del Plan Nacional en uno de los cuales fue la coordinadora de dos subproyectos, uno de la Universidad de Lleida). Diferentes entidades p\u00fablicas y privadas han formalizado con ella 15 contratos de investigaci\u00f3n (en 9 intervino como IP).<\/p>\n\n\n\n<p id=\"block-b5881d37-acb7-4455-b040-1e4742ff5470\">Ha presentado 15 comunicaciones en congresos nacionales e internacionales, interviniendo como ponente invitada en 19 congresos y jornadas. Ha dictado 21 conferencias en entornos acad\u00e9micos y profesionales. Realiz\u00f3 estancias de investigaci\u00f3n en el <em>Centre d\u00b4Investigation et Recherches Critiques sur le Droit<\/em> (con Antoine Jeammaud; predoctoral, 1993) y la <em>Maison de Sciences de l`Homme Ange Gu\u00e9pin<\/em> (con Alain Supiot; postdoctoral, 1999). L\u00edneas de investigaci\u00f3n: excedencia voluntaria, igualdad (en especial, por raz\u00f3n de g\u00e9nero y discapacidad), ordenaci\u00f3n del tiempo de trabajo, representaci\u00f3n y participaci\u00f3n del personal, convenio colectivo y huelga.<\/p>\n\n\n\n<p id=\"block-1d3f01f2-bec8-4080-b145-464d7df0042b\">Sus aportaciones a la sociedad han merecido el reconocimiento de 1 sexenio de transferencia y le han permitido participar en la g\u00e9nesis de dos normas auton\u00f3micas, una sobre sociedades cooperativas y otra sobre igualdad entre mujeres y hombres. Tambi\u00e9n ha sido invitada como experta por la Junta General del Principado de Asturias para participar en las sesiones de dos comisiones, valorando una proposici\u00f3n legislativa y un programa auton\u00f3mico sobre igualdad. Ha dirigido la tesis doctoral defendida por Mar\u00eda Jes\u00fas Fern\u00e1ndez P\u00e9rez bajo el t\u00edtulo La contrataci\u00f3n de servicios profesionales en los medios de comunicaci\u00f3n el 9 de diciembre de 2015, en la Universidad de Oviedo.<\/p>\n\n\n\n<p id=\"block-cf72d9a5-17f8-4d02-94b1-504898b24f75\">Ha sido Vicesecretaria General de la Universidad de Oviedo (2004-2007) y Coordinadora del Grado en Relaciones Laborales y Recursos Humanos de la Universidad de Oviedo. Recibi\u00f3 el Premio Extraordinario de Doctorado de la Universidad de Oviedo (2010) y particip\u00f3 en obras merecedoras del Premio de Investigaci\u00f3n del Consejo Econ\u00f3mico y Social (1996) y de un Acc\u00e9sit al Premio \u00c1ngeles Dur\u00e1n del Instituto Universitario de Estudios de las Mujeres (IUEM) de la Universidad Aut\u00f3noma de Madrid. Tambi\u00e9n ha recibido el IV Premio a la igualdad Alicia Salcedo concedido por el Colegio Oficial de Abogados de Oviedo.<\/p>\n\n\n\n<p>perfil de Ana Rosa Arg\u00fcelles en la <a href=\"https:\/\/derechoprivado.uniovi.es\/personal\/pdi\/-\/asset_publisher\/0020\/content\/pdi_arguelles-blanco-ana-rosa?redirect=%2Fpersonal%2Fpdi\">Universidad de Oviedo<\/a><\/p>\n","protected":false},"excerpt":{"rendered":"<p>Catedr\u00e1tica de Derecho del Trabajo. Universidad de Oviedo Autora de un total de 4 libros (1 en coautor\u00eda), 33 cap\u00edtulos (3 en coautor\u00eda) y 24 art\u00edculos (2 en coautor\u00eda), tiene reconocidos 3 sexenios de investigaci\u00f3n (\u00faltimo per\u00edodo evaluado positivamente 2011-2017). Entre sus aportaciones cient\u00edficas tambi\u00e9n se encuentran comentarios de jurisprudencia (10), pr\u00f3logos (6), recensiones (1) &hellip; <\/p>\n<p class=\"link-more\"><a href=\"https:\/\/www.unioviedo.es\/negocia2\/index.php\/ana-rosa-arguelles-blanco\/\" class=\"more-link\">Continuar leyendo<span class=\"screen-reader-text\"> \u00abAna Rosa Arg\u00fcelles Blanco\u00bb<\/span><\/a><\/p>\n","protected":false},"author":1,"featured_media":0,"parent":0,"menu_order":0,"comment_status":"closed","ping_status":"closed","template":"","meta":{"footnotes":""},"class_list":["post-165","page","type-page","status-publish","hentry"],"_links":{"self":[{"href":"https:\/\/www.unioviedo.es\/negocia2\/index.php\/wp-json\/wp\/v2\/pages\/165","targetHints":{"allow":["GET"]}}],"collection":[{"href":"https:\/\/www.unioviedo.es\/negocia2\/index.php\/wp-json\/wp\/v2\/pages"}],"about":[{"href":"https:\/\/www.unioviedo.es\/negocia2\/index.php\/wp-json\/wp\/v2\/types\/page"}],"author":[{"embeddable":true,"href":"https:\/\/www.unioviedo.es\/negocia2\/index.php\/wp-json\/wp\/v2\/users\/1"}],"replies":[{"embeddable":true,"href":"https:\/\/www.unioviedo.es\/negocia2\/index.php\/wp-json\/wp\/v2\/comments?post=165"}],"version-history":[{"count":4,"href":"https:\/\/www.unioviedo.es\/negocia2\/index.php\/wp-json\/wp\/v2\/pages\/165\/revisions"}],"predecessor-version":[{"id":265,"href":"https:\/\/www.unioviedo.es\/negocia2\/index.php\/wp-json\/wp\/v2\/pages\/165\/revisions\/265"}],"wp:attachment":[{"href":"https:\/\/www.unioviedo.es\/negocia2\/index.php\/wp-json\/wp\/v2\/media?parent=165"}],"curies":[{"name":"wp","href":"https:\/\/api.w.org\/{rel}","templated":true}]}}