{"id":176,"date":"2023-12-11T12:31:15","date_gmt":"2023-12-11T11:31:15","guid":{"rendered":"https:\/\/www.unioviedo.es\/negocia2\/?page_id=176"},"modified":"2024-01-17T13:34:08","modified_gmt":"2024-01-17T12:34:08","slug":"carolina-martinez-moreno","status":"publish","type":"page","link":"https:\/\/www.unioviedo.es\/negocia2\/index.php\/carolina-martinez-moreno\/","title":{"rendered":"Carolina Mart\u00ednez Moreno"},"content":{"rendered":"\n<p><strong>Catedr\u00e1tica de Derecho del Trabajo y Seguridad Social. Universidad de Oviedo<\/strong><\/p>\n\n\n\n<figure class=\"wp-block-image size-full is-resized\"><img loading=\"lazy\" decoding=\"async\" width=\"831\" height=\"548\" src=\"https:\/\/www.unioviedo.es\/negocia2\/wp-content\/uploads\/2023\/12\/carol2.jpg\" alt=\"\" class=\"wp-image-180\" style=\"width:458px;height:auto\" srcset=\"https:\/\/www.unioviedo.es\/negocia2\/wp-content\/uploads\/2023\/12\/carol2.jpg 831w, https:\/\/www.unioviedo.es\/negocia2\/wp-content\/uploads\/2023\/12\/carol2-300x198.jpg 300w, https:\/\/www.unioviedo.es\/negocia2\/wp-content\/uploads\/2023\/12\/carol2-768x506.jpg 768w\" sizes=\"auto, (max-width: 767px) 89vw, (max-width: 1000px) 54vw, (max-width: 1071px) 543px, 580px\" \/><\/figure>\n\n\n\n<p>Carolina Mart\u00ednez Moreno es una destacada figura en el campo del Derecho del Trabajo y de la Seguridad Social. Actualmente ejerce como Catedr\u00e1tica en la Universidad de Oviedo.<\/p>\n\n\n\n<p>Carolina ha tenido un papel importante en la Comisi\u00f3n Consultiva Nacional de Convenios Colectivos, donde se desempe\u00f1\u00f3 como Presidenta desde noviembre de 2008 hasta mayo de 2012. Adem\u00e1s, ha participado en procedimientos arbitrales de descuelgue ante el Instituto Laboral de la Comunidad de Madrid y ha sido mediadora y \u00e1rbitro del SIMA en distintos procedimientos.<\/p>\n\n\n\n<p>Es autora de 7 libros, 62 cap\u00edtulos de libros y 77 art\u00edculos en revistas de impacto. Sus principales l\u00edneas de investigaci\u00f3n incluyen los sujetos de la relaci\u00f3n laboral, trabajadores pobres, fuentes de la relaci\u00f3n laboral, negociaci\u00f3n colectiva y procedimiento laboral.<\/p>\n\n\n\n<p>Perfil de Carolina Mart\u00ednez Moreno en la <a href=\"https:\/\/derechoprivado.uniovi.es\/personal\/pdi\/-\/asset_publisher\/0020\/content\/pdi_martinez-moreno-carolina;jsessionid=BFB81502A4707580DDBF8627358EB68B?redirect=%2Fpersonal%2Fpdi\">Universidad de Oviedo<\/a><\/p>\n","protected":false},"excerpt":{"rendered":"<p>Catedr\u00e1tica de Derecho del Trabajo y Seguridad Social. Universidad de Oviedo Carolina Mart\u00ednez Moreno es una destacada figura en el campo del Derecho del Trabajo y de la Seguridad Social. Actualmente ejerce como Catedr\u00e1tica en la Universidad de Oviedo. Carolina ha tenido un papel importante en la Comisi\u00f3n Consultiva Nacional de Convenios Colectivos, donde se &hellip; <\/p>\n<p class=\"link-more\"><a href=\"https:\/\/www.unioviedo.es\/negocia2\/index.php\/carolina-martinez-moreno\/\" class=\"more-link\">Continuar leyendo<span class=\"screen-reader-text\"> \u00abCarolina Mart\u00ednez Moreno\u00bb<\/span><\/a><\/p>\n","protected":false},"author":1,"featured_media":0,"parent":0,"menu_order":0,"comment_status":"closed","ping_status":"closed","template":"","meta":{"footnotes":""},"class_list":["post-176","page","type-page","status-publish","hentry"],"_links":{"self":[{"href":"https:\/\/www.unioviedo.es\/negocia2\/index.php\/wp-json\/wp\/v2\/pages\/176","targetHints":{"allow":["GET"]}}],"collection":[{"href":"https:\/\/www.unioviedo.es\/negocia2\/index.php\/wp-json\/wp\/v2\/pages"}],"about":[{"href":"https:\/\/www.unioviedo.es\/negocia2\/index.php\/wp-json\/wp\/v2\/types\/page"}],"author":[{"embeddable":true,"href":"https:\/\/www.unioviedo.es\/negocia2\/index.php\/wp-json\/wp\/v2\/users\/1"}],"replies":[{"embeddable":true,"href":"https:\/\/www.unioviedo.es\/negocia2\/index.php\/wp-json\/wp\/v2\/comments?post=176"}],"version-history":[{"count":5,"href":"https:\/\/www.unioviedo.es\/negocia2\/index.php\/wp-json\/wp\/v2\/pages\/176\/revisions"}],"predecessor-version":[{"id":277,"href":"https:\/\/www.unioviedo.es\/negocia2\/index.php\/wp-json\/wp\/v2\/pages\/176\/revisions\/277"}],"wp:attachment":[{"href":"https:\/\/www.unioviedo.es\/negocia2\/index.php\/wp-json\/wp\/v2\/media?parent=176"}],"curies":[{"name":"wp","href":"https:\/\/api.w.org\/{rel}","templated":true}]}}