{"id":185,"date":"2023-12-13T13:19:34","date_gmt":"2023-12-13T12:19:34","guid":{"rendered":"https:\/\/www.unioviedo.es\/negocia2\/?page_id=185"},"modified":"2024-02-06T19:47:32","modified_gmt":"2024-02-06T18:47:32","slug":"maria-luz-rodriguez-fernandez","status":"publish","type":"page","link":"https:\/\/www.unioviedo.es\/negocia2\/index.php\/maria-luz-rodriguez-fernandez\/","title":{"rendered":"Mar\u00eda Luz Rodr\u00edguez Fern\u00e1ndez"},"content":{"rendered":"\n<p><strong>Catedr\u00e1tica de Derecho del Trabajo y Seguridad Social. Universidad de Castilla-La Mancha<\/strong><\/p>\n\n\n\n<figure class=\"wp-block-image size-large is-resized\"><img loading=\"lazy\" decoding=\"async\" width=\"1024\" height=\"924\" src=\"https:\/\/www.unioviedo.es\/negocia2\/wp-content\/uploads\/2024\/02\/5-FOTO-MLRF-JUNIO-2023-1024x924.jpg\" alt=\"\" class=\"wp-image-297\" style=\"width:346px;height:auto\" srcset=\"https:\/\/www.unioviedo.es\/negocia2\/wp-content\/uploads\/2024\/02\/5-FOTO-MLRF-JUNIO-2023-1024x924.jpg 1024w, https:\/\/www.unioviedo.es\/negocia2\/wp-content\/uploads\/2024\/02\/5-FOTO-MLRF-JUNIO-2023-300x271.jpg 300w, https:\/\/www.unioviedo.es\/negocia2\/wp-content\/uploads\/2024\/02\/5-FOTO-MLRF-JUNIO-2023-768x693.jpg 768w, https:\/\/www.unioviedo.es\/negocia2\/wp-content\/uploads\/2024\/02\/5-FOTO-MLRF-JUNIO-2023.jpg 1127w\" sizes=\"auto, (max-width: 767px) 89vw, (max-width: 1000px) 54vw, (max-width: 1071px) 543px, 580px\" \/><\/figure>\n\n\n\n<p>Mar\u00eda Luz Rodr\u00edguez Fern\u00e1ndez es Catedr\u00e1tica de Derecho del Trabajo y de la Seguridad Social en la Universidad de Castilla-La Mancha y tiene reconocidos 4 sexenios de investigaci\u00f3n (\u00faltimo 2022) y un sexenio de transferencia (2018). Licenciada en Derecho por la Universidad de Valladolid, con premio extraordinario de Licenciatura (1992). Doctora en Derecho por la Universidad de Valladolid (1999), con Sobresaliente Cum Laude. Becaria de Investigaci\u00f3n del MEC (1988-1991). Profesora en las Universidades de Valladolid (1992-1997), Carlos III (1998-1999) y Castilla-La Mancha (2000-). Visiting scholar en las Universidades de Cambridge (Reino Unido), Bolonia (Italia) y Penn State University (USA), el European Centre for Social Welfare Policy and Research de Viena (Austria), el European Trade Union Institute de Bruselas (B\u00e9lgica) y el Research Department de la Organizaci\u00f3n Internacional del Trabajo en Ginebra (Suiza). Visiting professor en la Universidad de Brescia (Italia). He publicado un total de 7 libros, 7 documentos t\u00e9cnico-cient\u00edficos, 28 cap\u00edtulos en libros colectivos, 46 art\u00edculos en revistas especializadas y 46 art\u00edculos de divulgaci\u00f3n cient\u00edfica, adem\u00e1s de haber dirigido y editado 5 obras colectivas. Sus libros est\u00e1n publicados en editoriales de los primeros puestos del Scholarly Publishers Indicators y los arti\u0301culos publicados en revistas indexadas del Q1 y Q2, adem\u00e1s de contar con publicaciones en revistas y editoriales internacionales. Tiene 337 citas desde<br>2017, \u00edndice h12 (Google Scholar). Ha participado en un total de 8 Proyectos de I+D+i financiados en convocatorias p\u00fablicas, siendo la IP de 2 de ellos, y en 24 Contratos de I+D+i de especial relevancia con empresas y administraciones, siendo la IP de 22 de ellos. Tiene un total de 190 intervenciones en Congresos, Jornadas y Seminarios de car\u00e1cter nacional e internacional. Es evaluadora del European Research Council y de la CNEAI (sexenio de transferencia). Experta en Trabajo Decente y Desarrollo Econ\u00f3mico de la Fundaci\u00f3n COTEC<br>y en Relaciones Industriales de la Agencia europea Eurofound. Miembro de los Consejos Cient\u00edficos\/Redacci\u00f3n de las Revistas IUSLabor, Diversitates (Brasil), Revista Internacional y Comparada de Relaciones laborales y Derecho del Empleo (Italia) y Documentaci\u00f3n<br>Administrativa. Consultora externa de la Organizaci\u00f3n Internacional del Trabajo y contratada como Especialista Senior en Instituciones del Mercado de Trabajo por esta Organizaci\u00f3n (2021-2022). Miembro de los Consejos Asesores del Center for Economic Policy and Political Economy y del Foro Humanismo Tecnol\u00f3gico de ESADE y de Digital Future Society (Barcelona). Ha realizado informes para organismos p\u00fablicos, como Plataformas digitales y mercado de trabajo para el Ministerio de Trabajo y Seguridad Social, y organismos privados, como Pol\u00edticas p\u00fablicas, sociales y fiscales para las sociedades digitales para la Fundaci\u00f3n Alternativas o Decent Work in the Patform Ecomomy<br>para la Organizaci\u00f3n Internacional del Trabajo. Tambi\u00e9n ha participado en la elaboraci\u00f3n de leyes propias de su disciplina, como la Ley de Procedimiento Laboral de 1990, por la que fue Condecorada con la Real Cruz Distinguida de Primera Clase de San Raimundo de<br>Pen\u0303afort. Ha sido \u00c1rbitro de elecciones sindicales, Mediadora del Servicio Interconfederal de Mediaci\u00f3n y Arbitraje (SIMA) y \u00c1rbitro del Jurado Arbitral Laboral de Castilla-La Mancha. Ha desempe\u00f1ado cargos relacionados con su disciplina en instituciones privadas y<br>p\u00fablicas. En la esfera privada ha sido Jefa de Departamento Jur\u00eddico del SIMA; en la esfera p\u00fablica, ha sido Asesora del Ministro de Trabajo y Asuntos Sociales (2005-2007), Consejera de Trabajo y Empleo del Gobierno de Castilla-La Mancha (2007-2010) y Secretaria de Estado de Empleo (2010-2011). Forma parte de la Red Euro-Latinoamericana de Ana\u0301lisis de Trabajo y Sindicalismo, de la Comunidad para la Investigaci\u00f3n y el Estudio Laboral y Ocupacional y de Labor Law Community.<br><\/p>\n","protected":false},"excerpt":{"rendered":"<p>Catedr\u00e1tica de Derecho del Trabajo y Seguridad Social. Universidad de Castilla-La Mancha Mar\u00eda Luz Rodr\u00edguez Fern\u00e1ndez es Catedr\u00e1tica de Derecho del Trabajo y de la Seguridad Social en la Universidad de Castilla-La Mancha y tiene reconocidos 4 sexenios de investigaci\u00f3n (\u00faltimo 2022) y un sexenio de transferencia (2018). Licenciada en Derecho por la Universidad de &hellip; <\/p>\n<p class=\"link-more\"><a href=\"https:\/\/www.unioviedo.es\/negocia2\/index.php\/maria-luz-rodriguez-fernandez\/\" class=\"more-link\">Continuar leyendo<span class=\"screen-reader-text\"> \u00abMar\u00eda Luz Rodr\u00edguez Fern\u00e1ndez\u00bb<\/span><\/a><\/p>\n","protected":false},"author":1,"featured_media":0,"parent":0,"menu_order":0,"comment_status":"closed","ping_status":"closed","template":"","meta":{"footnotes":""},"class_list":["post-185","page","type-page","status-publish","hentry"],"_links":{"self":[{"href":"https:\/\/www.unioviedo.es\/negocia2\/index.php\/wp-json\/wp\/v2\/pages\/185","targetHints":{"allow":["GET"]}}],"collection":[{"href":"https:\/\/www.unioviedo.es\/negocia2\/index.php\/wp-json\/wp\/v2\/pages"}],"about":[{"href":"https:\/\/www.unioviedo.es\/negocia2\/index.php\/wp-json\/wp\/v2\/types\/page"}],"author":[{"embeddable":true,"href":"https:\/\/www.unioviedo.es\/negocia2\/index.php\/wp-json\/wp\/v2\/users\/1"}],"replies":[{"embeddable":true,"href":"https:\/\/www.unioviedo.es\/negocia2\/index.php\/wp-json\/wp\/v2\/comments?post=185"}],"version-history":[{"count":5,"href":"https:\/\/www.unioviedo.es\/negocia2\/index.php\/wp-json\/wp\/v2\/pages\/185\/revisions"}],"predecessor-version":[{"id":300,"href":"https:\/\/www.unioviedo.es\/negocia2\/index.php\/wp-json\/wp\/v2\/pages\/185\/revisions\/300"}],"wp:attachment":[{"href":"https:\/\/www.unioviedo.es\/negocia2\/index.php\/wp-json\/wp\/v2\/media?parent=185"}],"curies":[{"name":"wp","href":"https:\/\/api.w.org\/{rel}","templated":true}]}}