{"id":189,"date":"2023-12-13T13:24:39","date_gmt":"2023-12-13T12:24:39","guid":{"rendered":"https:\/\/www.unioviedo.es\/negocia2\/?page_id=189"},"modified":"2024-01-23T15:34:04","modified_gmt":"2024-01-23T14:34:04","slug":"jose-soler-arrebola","status":"publish","type":"page","link":"https:\/\/www.unioviedo.es\/negocia2\/index.php\/jose-soler-arrebola\/","title":{"rendered":"Jos\u00e9 Antonio Soler Arrebola"},"content":{"rendered":"\n<p><strong>Profesor Titular de Universidad de Derecho del Trabajo y de la Seguridad Socia. Universidad de Almer\u00eda<\/strong><\/p>\n\n\n\n<figure class=\"wp-block-image size-large is-resized\"><img loading=\"lazy\" decoding=\"async\" width=\"784\" height=\"1024\" src=\"https:\/\/www.unioviedo.es\/negocia2\/wp-content\/uploads\/2024\/01\/jose-soler-784x1024.jpg\" alt=\"\" class=\"wp-image-284\" style=\"width:328px;height:auto\" srcset=\"https:\/\/www.unioviedo.es\/negocia2\/wp-content\/uploads\/2024\/01\/jose-soler-784x1024.jpg 784w, https:\/\/www.unioviedo.es\/negocia2\/wp-content\/uploads\/2024\/01\/jose-soler-230x300.jpg 230w, https:\/\/www.unioviedo.es\/negocia2\/wp-content\/uploads\/2024\/01\/jose-soler-768x1003.jpg 768w, https:\/\/www.unioviedo.es\/negocia2\/wp-content\/uploads\/2024\/01\/jose-soler-1176x1536.jpg 1176w, https:\/\/www.unioviedo.es\/negocia2\/wp-content\/uploads\/2024\/01\/jose-soler.jpg 1270w\" sizes=\"auto, (max-width: 767px) 89vw, (max-width: 1000px) 54vw, (max-width: 1071px) 543px, 580px\" \/><\/figure>\n\n\n\n<p>Jos\u00e9 A. Soler Arrebola, DNI 24229068- V, Fecha de nacimiento: 30\/8\/1967, ORCID 0000-0001-8843-1339 es Profesor Titular de Derecho del Trabajo y de la Seguridad Social en la Universidad de Almer\u00eda, posee en la actualidad tres sexenios de investigaci\u00f3n CNEAI y es el responsable del Grupo de Investigaci\u00f3n \u00abDerecho del Trabajo ante el reto de un mundo globalizado\u00bb (SEJ 485).<br>En cuanto a las l\u00edneas de investigaci\u00f3n que ha desarrollado se han centrado en la relaciones laborales de car\u00e1cter especial, la delimitaci\u00f3n del r\u00e9gimen jur\u00eddico de los trabajadores aut\u00f3nomos econ\u00f3micamente dependientes y la subrogaci\u00f3n empresarial en<br>supuestos de reversi\u00f3n de servicios p\u00fablicos de las que han efectuado monograf\u00edas relativas a esta materia publicadas en editoriales de prestigio. Junto a ello, una cuarta tem\u00e1tica ha configurado su quehacer investigador al elaborar numerosos estudios y participar en diferentes proyectos de investigaci\u00f3n a trav\u00e9s de I+D relacionados con la negociaci\u00f3n colectiva.<br>Respecto de estos \u00faltimos destacan por su inter\u00e9s los denominados: \u00abLa construcci\u00f3n transnacional del Derecho del Trabajo: de la pir\u00e1mide a la red. La contribuci\u00f3n espa\u00f1ola\u00bb \u00abPID2019-104809GB-I00\u00bb (2020-2023); \u00abAlternativas para una acci\u00f3n sindical eficaz en el<br>nuevo modelo de empresa (AUNAS) \u00bb RTI2018-093458-B-I00&#8243; (2019-2022); \u00abAn\u00e1lisis jur\u00eddico multidisciplinar de la Econom\u00eda Colaborativa (AJMEC)\u00bb \u00abA-SEJ-210-UGR20\u00bb (2021-2023); \u00abLa regulaci\u00f3n internacional de los mercados y la erosi\u00f3n del modelo social y pol\u00edtico europeo\u00bb \u00abDER2014-57213-R\u00bb (2015-2017); \u00abConsecuencias laborales de los procesos de reestructuraci\u00f3n empresarial\u00bb \u00abDER2012- 37773\u00bb (2012-2015); \u00abNuevos contenidos y tendencias de la negociaci\u00f3n colectiva (III)\u00bb \u00abDER2008-01899&#8243;(2009-2011) y \u00abNuevos contenidos y tendencias de la negociaci\u00f3n colectiva (II)\u00bb \u00bb SEJ2005-07750-C02-01&#8243; (2005-2008), entre otros.<\/p>\n\n\n\n<p>Perfil de Jos\u00e9 Antonio Soler Arrebola en la <a href=\"https:\/\/www.ual.es\/persona\/505250505748545686\">Universidad de Almer\u00eda<\/a><br><\/p>\n","protected":false},"excerpt":{"rendered":"<p>Profesor Titular de Universidad de Derecho del Trabajo y de la Seguridad Socia. Universidad de Almer\u00eda Jos\u00e9 A. Soler Arrebola, DNI 24229068- V, Fecha de nacimiento: 30\/8\/1967, ORCID 0000-0001-8843-1339 es Profesor Titular de Derecho del Trabajo y de la Seguridad Social en la Universidad de Almer\u00eda, posee en la actualidad tres sexenios de investigaci\u00f3n CNEAI &hellip; <\/p>\n<p class=\"link-more\"><a href=\"https:\/\/www.unioviedo.es\/negocia2\/index.php\/jose-soler-arrebola\/\" class=\"more-link\">Continuar leyendo<span class=\"screen-reader-text\"> \u00abJos\u00e9 Antonio Soler Arrebola\u00bb<\/span><\/a><\/p>\n","protected":false},"author":1,"featured_media":0,"parent":0,"menu_order":0,"comment_status":"closed","ping_status":"closed","template":"","meta":{"footnotes":""},"class_list":["post-189","page","type-page","status-publish","hentry"],"_links":{"self":[{"href":"https:\/\/www.unioviedo.es\/negocia2\/index.php\/wp-json\/wp\/v2\/pages\/189","targetHints":{"allow":["GET"]}}],"collection":[{"href":"https:\/\/www.unioviedo.es\/negocia2\/index.php\/wp-json\/wp\/v2\/pages"}],"about":[{"href":"https:\/\/www.unioviedo.es\/negocia2\/index.php\/wp-json\/wp\/v2\/types\/page"}],"author":[{"embeddable":true,"href":"https:\/\/www.unioviedo.es\/negocia2\/index.php\/wp-json\/wp\/v2\/users\/1"}],"replies":[{"embeddable":true,"href":"https:\/\/www.unioviedo.es\/negocia2\/index.php\/wp-json\/wp\/v2\/comments?post=189"}],"version-history":[{"count":6,"href":"https:\/\/www.unioviedo.es\/negocia2\/index.php\/wp-json\/wp\/v2\/pages\/189\/revisions"}],"predecessor-version":[{"id":287,"href":"https:\/\/www.unioviedo.es\/negocia2\/index.php\/wp-json\/wp\/v2\/pages\/189\/revisions\/287"}],"wp:attachment":[{"href":"https:\/\/www.unioviedo.es\/negocia2\/index.php\/wp-json\/wp\/v2\/media?parent=189"}],"curies":[{"name":"wp","href":"https:\/\/api.w.org\/{rel}","templated":true}]}}