{"id":191,"date":"2023-12-13T13:29:18","date_gmt":"2023-12-13T12:29:18","guid":{"rendered":"https:\/\/www.unioviedo.es\/negocia2\/?page_id=191"},"modified":"2023-12-13T13:29:18","modified_gmt":"2023-12-13T12:29:18","slug":"sergio-gonzalez-begega","status":"publish","type":"page","link":"https:\/\/www.unioviedo.es\/negocia2\/index.php\/sergio-gonzalez-begega\/","title":{"rendered":"Sergio Gonz\u00e1lez Begega"},"content":{"rendered":"\n<p><strong>Profesor Titular de Universidad de Sociolog\u00eda. Universidad de Oviedo<\/strong><\/p>\n\n\n\n<p>Sergio Gonz\u00e1lez Begega, DNI 10889398W, 25\/9\/1977 es Profesor Titular del Departamento de Sociolog\u00eda de la Universidad de Oviedo. Es coordinador del Programa de M\u00e1ster en Historia y An\u00e1lisis Sociocultural en la misma Universidad. Sus l\u00edneas de investigaci\u00f3n incluyen las relaciones laborales europeas y la pol\u00edtica social comparada. Su producci\u00f3n investigadora comprende 71 publicaciones. De ellas 41 corresponden a art\u00edculos en revistas acad\u00e9micas con \u00edndice de impacto: 10 han sido publicados<br>por revistas con \u00edndice JCR-SSCI (Q1=3; Q2=2; Q3=2; Q4=3); 17 m\u00e1s por revistas SJR-Scopus (Q1=1; Q2=4; Q3=7; Q4=5); y los restantes 14 por revistas con otros \u00edndices de calidad (sello FECYT, ESCI y otros). Entre sus referencias se incluyen tambi\u00e9n 3 libros y 21<br>cap\u00edtulos de libro, la mayor parte de ellos publicados por editoriales con \u00edndice SPI. La calidad de su investigaci\u00f3n est\u00e1 respaldada por los siguientes indicadores. Cuenta con 3 tramos de investigaci\u00f3n reconocidos, uno auton\u00f3mico (2003-08) y dos nacionales (2009-14; 2015- 2020).<br>Ha participado en 22 proyectos de investigaci\u00f3n, incluyendo 5 europeos (PILOT, RECWOWE, BEUcitizen, ChangingEmployment y SODITREC). Ha sido co-investigador principal de este \u00faltimo. Asimismo, ha tomado parte en 16 contratos nacionales e internacionales de transferencia de conocimiento, siendo primer responsable de 14 de ellos. Ha llevado a cabo 7 estancias de investigaci\u00f3n como investigador visitante (CNRS-CSU, ETUI, University of Manchester-MBS, IPP-CSIC, ICM-UCM y UCM). Tambi\u00e9n ha sido revisor por pares de revistas acad\u00e9micas con \u00edndice de impacto y evaluador de proyectos para el Social Sciences and Humanities Research Council (SSHRC) de Canad\u00e1 y para el Narodowe Centrum Nauki (NCN) de Polonia. Es experto externo en relaciones laborales de EUROFOUND y miembro de las redes de investigaci\u00f3n WPE, Goodcorp (ETUI) y PROMEBI (Uniovi).<\/p>\n\n\n\n<p>Perfil de Sergio Gonz\u00e1lez Begega en la <a href=\"https:\/\/sociologia.uniovi.es\/areas\/sociologia\/-\/asset_publisher\/Wg5M\/content\/gonzalez-begega-sergio?redirect=%2Fareas%2Fsociologia\">Universidad de Oviedo<\/a>.<br><\/p>\n","protected":false},"excerpt":{"rendered":"<p>Profesor Titular de Universidad de Sociolog\u00eda. Universidad de Oviedo Sergio Gonz\u00e1lez Begega, DNI 10889398W, 25\/9\/1977 es Profesor Titular del Departamento de Sociolog\u00eda de la Universidad de Oviedo. Es coordinador del Programa de M\u00e1ster en Historia y An\u00e1lisis Sociocultural en la misma Universidad. Sus l\u00edneas de investigaci\u00f3n incluyen las relaciones laborales europeas y la pol\u00edtica social &hellip; <\/p>\n<p class=\"link-more\"><a href=\"https:\/\/www.unioviedo.es\/negocia2\/index.php\/sergio-gonzalez-begega\/\" class=\"more-link\">Continuar leyendo<span class=\"screen-reader-text\"> \u00abSergio Gonz\u00e1lez Begega\u00bb<\/span><\/a><\/p>\n","protected":false},"author":1,"featured_media":0,"parent":0,"menu_order":0,"comment_status":"closed","ping_status":"closed","template":"","meta":{"footnotes":""},"class_list":["post-191","page","type-page","status-publish","hentry"],"_links":{"self":[{"href":"https:\/\/www.unioviedo.es\/negocia2\/index.php\/wp-json\/wp\/v2\/pages\/191","targetHints":{"allow":["GET"]}}],"collection":[{"href":"https:\/\/www.unioviedo.es\/negocia2\/index.php\/wp-json\/wp\/v2\/pages"}],"about":[{"href":"https:\/\/www.unioviedo.es\/negocia2\/index.php\/wp-json\/wp\/v2\/types\/page"}],"author":[{"embeddable":true,"href":"https:\/\/www.unioviedo.es\/negocia2\/index.php\/wp-json\/wp\/v2\/users\/1"}],"replies":[{"embeddable":true,"href":"https:\/\/www.unioviedo.es\/negocia2\/index.php\/wp-json\/wp\/v2\/comments?post=191"}],"version-history":[{"count":1,"href":"https:\/\/www.unioviedo.es\/negocia2\/index.php\/wp-json\/wp\/v2\/pages\/191\/revisions"}],"predecessor-version":[{"id":192,"href":"https:\/\/www.unioviedo.es\/negocia2\/index.php\/wp-json\/wp\/v2\/pages\/191\/revisions\/192"}],"wp:attachment":[{"href":"https:\/\/www.unioviedo.es\/negocia2\/index.php\/wp-json\/wp\/v2\/media?parent=191"}],"curies":[{"name":"wp","href":"https:\/\/api.w.org\/{rel}","templated":true}]}}