{"id":193,"date":"2023-12-13T13:34:54","date_gmt":"2023-12-13T12:34:54","guid":{"rendered":"https:\/\/www.unioviedo.es\/negocia2\/?page_id=193"},"modified":"2024-01-23T15:35:50","modified_gmt":"2024-01-23T14:35:50","slug":"remedios-menendez-calvo","status":"publish","type":"page","link":"https:\/\/www.unioviedo.es\/negocia2\/index.php\/remedios-menendez-calvo\/","title":{"rendered":"Remedios Men\u00e9ndez calvo"},"content":{"rendered":"\n<p><strong>Profesora de Derecho del Trabajo y de la Seguridad Social. Universidad de Alcal\u00e1<\/strong><\/p>\n\n\n\n<figure class=\"wp-block-image size-large is-resized\"><img loading=\"lazy\" decoding=\"async\" width=\"967\" height=\"1024\" src=\"https:\/\/www.unioviedo.es\/negocia2\/wp-content\/uploads\/2024\/01\/Remedios-967x1024.jpg\" alt=\"\" class=\"wp-image-274\" style=\"width:365px;height:auto\" srcset=\"https:\/\/www.unioviedo.es\/negocia2\/wp-content\/uploads\/2024\/01\/Remedios-967x1024.jpg 967w, https:\/\/www.unioviedo.es\/negocia2\/wp-content\/uploads\/2024\/01\/Remedios-283x300.jpg 283w, https:\/\/www.unioviedo.es\/negocia2\/wp-content\/uploads\/2024\/01\/Remedios-768x813.jpg 768w, https:\/\/www.unioviedo.es\/negocia2\/wp-content\/uploads\/2024\/01\/Remedios.jpg 1326w\" sizes=\"auto, (max-width: 767px) 89vw, (max-width: 1000px) 54vw, (max-width: 1071px) 543px, 580px\" \/><\/figure>\n\n\n\n<p>Remedios Men\u00e9ndez Calvo es Profesora Titular de Universidad de Derecho del Trabajo y de la Seguridad Social, vinculada al Departamento de Ciencias Jur\u00eddicas de la Universidad de Alcal\u00e1. Junto a la docencia y la gesti\u00f3n, tambi\u00e9n propio del quehacer universitario, cabe resaltar las vertientes de la investigaci\u00f3n, la formaci\u00f3n y la transferencia del saber a la sociedad. Ha llevado a cabo una amplia ACTIVIDAD INVESTIGADORA que, b\u00e1sicamente, ha gravitado en torno a tres ejes o l\u00edneas principales: de un lado, las reestructuraciones empresariales y, muy en especial, la problem\u00e1tica de las distintas vertientes de la descentralizaci\u00f3n productiva. De otro, la negociaci\u00f3n colectiva analizando tanto los problemas derivados de su estructura como de sus contenidos, as\u00ed como los mecanismos de soluci\u00f3n (extrajudicial) de conflictos colectivos laborales. Y, por \u00faltimo, el principio<br>de no discriminaci\u00f3n y la igualdad de trato por raz\u00f3n de g\u00e9nero en su perspectiva laboral.<br>Estas l\u00edneas de investigaci\u00f3n han hecho posible su participaci\u00f3n en la elaboraci\u00f3n de m\u00faltiples estudios sobre estructura, contenidos y evoluci\u00f3n de negociaci\u00f3n colectiva en sectores muy relevantes, como, se\u00f1aladamente, el de la siderometalurgia y el de las tecnolog\u00edas de la informaci\u00f3n y comunicaci\u00f3n, y sobre concretos aspectos regulados en ella. Dichos estudios han sido realizados a trav\u00e9s de su integraci\u00f3n en Grupos de trabajo constituidos en el seno del Ministerio de Industria, Turismo y Comercio dentro de los llamados Observatorios sectoriales en los que participan, de modo activo, los agentes sociales. Y, asimismo, particip\u00f3 en la creaci\u00f3n del Observatorio de la negociaci\u00f3n colectiva auspiciado por la C.S. de CCOO y en el asesoramiento directo en mesas de<br> negociaci\u00f3n. Por todo ello, se ha ocupado, tambi\u00e9n, de temas estrechamente relacionados con la negociaci\u00f3n colectiva como son los relativos a la participaci\u00f3n colectiva y representaci\u00f3n de los trabajadores en la empresa. Evidenciando, en fin, la calidad de su<br>ACTIVIDAD PROFESIONAL y los abundantes resultados en TRANSFERENCIA AL SECTOR PRODUCTIVO. Muchos de esos trabajos de investigaci\u00f3n han sido publicados en Revistas de impacto de la disciplina y en editoriales de conocido prestigio de su \u00e1rea de<br>conocimiento, o presentados en Simposios ius laboralistas.<br>Adem\u00e1s, los diferentes trabajos de investigaci\u00f3n se han enriquecido con an\u00e1lisis de derecho comparado, que son el resultado de ESTANCIAS DE INVESTIGACI\u00d3N en el extranjero, se\u00f1aladamente con la Universit\u00e0 degli Studi di Cagliari y, en especial, con su Centro Studi di Relazioni Industriali, o la Universit\u00e0 di Milano. Tambi\u00e9n de una estrecha colaboraci\u00f3n con colegas de Universidades de Francia<br>(Comptrasec-Burdeos). En el \u00e1mbito nacional, tambi\u00e9n ha realizado diversas y provechosas estancias en Universidades p\u00fablicas espa\u00f1olas y mantiene un v\u00ednculo intenso con la de Oviedo, Santiago de Compostela, Le\u00f3n y Castilla-La Mancha, participando en<br>Proyectos y\/o Contratos que se han traducido en diversas publicaciones, algunas de las cuales prestan especial atenci\u00f3n a las realidades territoriales.<br>Ha participado desde 2012 en m\u00e1s de una docena de CONTRATOS Y PROYECTOS DE INVESTIGACI\u00d3N de especial relevancia con empresas y\/o administraciones. Ello le ha permitido integrarse activamente en distintos Grupos de investigaci\u00f3n financiados por diferentes entidades nacionales e internacionales que han versado sobre muy diferentes temas y que han estado compuestos por distintos<br>especialistas. Todo ello ha favorecido su capacidad de trabajo en equipo y una amplia experiencia para integrarse plenamente en muy diferentes proyectos de investigaci\u00f3n aplicada. En el periodo 2015-2018 fue Investigadora Principal de un Proyecto I+D+i del MEC sobre Poder de direcci\u00f3n y nuevas estructuras empresariales. Y forma parte de Grupos de Investigaci\u00f3n del programa propio de la Universidad de Alcal\u00e1: Derecho y empresa, coordinado por el Dr. Manuel Lucas Dur\u00e1n; Igualdad de g\u00e9nero, coordinado por la Dra. Isabel Garrido G\u00f3mez.<br>Como investigadora, ha sido invitada a participar como PONENTE EN CONGRESOS O JORNADAS nacionales e internacionales. Y, en calidad de ORGANIZADORA O MIEMBRO DEL COMIT\u00c9 CIENT\u00cdFICO, ha sido tambi\u00e9n responsable de coordinar un importante n\u00famero de simposios estatales y plurinacionales. Ejemplo de ello lo constituyen las abundantes y variadas tem\u00e1ticamente intervenciones como ponente y conferenciante en foros muy diversos, nacionales y extranjeros. Entre otros, en las Universidades de Alcal\u00e1, Oviedo, Castilla-La Mancha, Santiago de Compostela, M\u00e1laga, Cagliari, Burdeos y Mil\u00e1n; en diferentes Ayuntamientos, en el Instituto Andaluz de la Mujer, en la Asociaci\u00f3n Nacional de Abogados Laboralistas, Colegios Oficiales de Graduados Sociales, la Escuela sindical Mu\u00f1oz Zapico-CCOO, la Escuela sindical Juli\u00e1n Besteiro-UGT, o en las empresas Repsol-YPF, Roche-Farma y TRW-Arganda, as\u00ed como la Fundaci\u00f3n Rodolfo Benito Samaniego y FOREM o IFES. En suma, su presencia en foros extrauniversitarios ha favorecido el proceso de adquisici\u00f3n de conocimientos y ha favorecido la transferencia de conocimientos a entidades.<br>Como indicadores generales de calidad de la producci\u00f3n cient\u00edfica hallamos en su Curriculum Art\u00edculos en Revistas de reconocido prestigio en el \u00e1rea de conocimiento, por ISOC Ciencias Jur\u00eddicas y Latindex. La mayor\u00eda de sus publicaciones han sido editadas por variado y cualificado n\u00famero de instituciones p\u00fablicas y de editoriales privadas especializadas en materia laboral. Entre las primeras, destacan el Ministerio de<br>Trabajo y Econom\u00eda Social, Consejo Econ\u00f3mico y Social, la Comisi\u00f3n Consultiva Nacional de Convenios Colectivos, la Junta de Andaluc\u00eda o el Consello Galego de Relacions Laborais de la Xunta de Galicia. Y, entre las segundas, cabe se\u00f1alar a prestigiosas<br>editoriales privadas en el \u00e1mbito jur\u00eddico, tales como La Ley, Tecnos, Tirant Lo Blanch, Cinca, Centro de estudios Ram\u00f3n Areces, Comares, Bomarzo o Aranzadi. Algunas, entre las m\u00e1s relevantes, de 2011-2022.<\/p>\n\n\n\n<p>Perfil de Remedios Men\u00e9ndez Calvo en la <a href=\"https:\/\/www.uah.es\/es\/estudios\/profesor\/Maria-Remedios-Menendez-Calvo\/\">Universidad de Alcal\u00e1<\/a>.<\/p>\n","protected":false},"excerpt":{"rendered":"<p>Profesora de Derecho del Trabajo y de la Seguridad Social. Universidad de Alcal\u00e1 Remedios Men\u00e9ndez Calvo es Profesora Titular de Universidad de Derecho del Trabajo y de la Seguridad Social, vinculada al Departamento de Ciencias Jur\u00eddicas de la Universidad de Alcal\u00e1. Junto a la docencia y la gesti\u00f3n, tambi\u00e9n propio del quehacer universitario, cabe resaltar &hellip; <\/p>\n<p class=\"link-more\"><a href=\"https:\/\/www.unioviedo.es\/negocia2\/index.php\/remedios-menendez-calvo\/\" class=\"more-link\">Continuar leyendo<span class=\"screen-reader-text\"> \u00abRemedios Men\u00e9ndez calvo\u00bb<\/span><\/a><\/p>\n","protected":false},"author":1,"featured_media":0,"parent":0,"menu_order":0,"comment_status":"closed","ping_status":"closed","template":"","meta":{"footnotes":""},"class_list":["post-193","page","type-page","status-publish","hentry"],"_links":{"self":[{"href":"https:\/\/www.unioviedo.es\/negocia2\/index.php\/wp-json\/wp\/v2\/pages\/193","targetHints":{"allow":["GET"]}}],"collection":[{"href":"https:\/\/www.unioviedo.es\/negocia2\/index.php\/wp-json\/wp\/v2\/pages"}],"about":[{"href":"https:\/\/www.unioviedo.es\/negocia2\/index.php\/wp-json\/wp\/v2\/types\/page"}],"author":[{"embeddable":true,"href":"https:\/\/www.unioviedo.es\/negocia2\/index.php\/wp-json\/wp\/v2\/users\/1"}],"replies":[{"embeddable":true,"href":"https:\/\/www.unioviedo.es\/negocia2\/index.php\/wp-json\/wp\/v2\/comments?post=193"}],"version-history":[{"count":4,"href":"https:\/\/www.unioviedo.es\/negocia2\/index.php\/wp-json\/wp\/v2\/pages\/193\/revisions"}],"predecessor-version":[{"id":289,"href":"https:\/\/www.unioviedo.es\/negocia2\/index.php\/wp-json\/wp\/v2\/pages\/193\/revisions\/289"}],"wp:attachment":[{"href":"https:\/\/www.unioviedo.es\/negocia2\/index.php\/wp-json\/wp\/v2\/media?parent=193"}],"curies":[{"name":"wp","href":"https:\/\/api.w.org\/{rel}","templated":true}]}}