{"id":197,"date":"2023-12-13T13:38:17","date_gmt":"2023-12-13T12:38:17","guid":{"rendered":"https:\/\/www.unioviedo.es\/negocia2\/?page_id=197"},"modified":"2024-01-17T13:24:03","modified_gmt":"2024-01-17T12:24:03","slug":"raul-paya-castilblanque","status":"publish","type":"page","link":"https:\/\/www.unioviedo.es\/negocia2\/index.php\/raul-paya-castilblanque\/","title":{"rendered":"Ra\u00fal Pay\u00e1 Castilblanque"},"content":{"rendered":"\n<p><strong>Profesor Ayudante Doctor de Sociolog\u00eda. Universidad de Valencia<\/strong><\/p>\n\n\n\n<figure class=\"wp-block-image size-large is-resized\"><img loading=\"lazy\" decoding=\"async\" width=\"1024\" height=\"768\" src=\"https:\/\/www.unioviedo.es\/negocia2\/wp-content\/uploads\/2024\/01\/Raul-1024x768.jpg\" alt=\"\" class=\"wp-image-271\" style=\"width:481px;height:auto\" srcset=\"https:\/\/www.unioviedo.es\/negocia2\/wp-content\/uploads\/2024\/01\/Raul-1024x768.jpg 1024w, https:\/\/www.unioviedo.es\/negocia2\/wp-content\/uploads\/2024\/01\/Raul-300x225.jpg 300w, https:\/\/www.unioviedo.es\/negocia2\/wp-content\/uploads\/2024\/01\/Raul-768x576.jpg 768w, https:\/\/www.unioviedo.es\/negocia2\/wp-content\/uploads\/2024\/01\/Raul-1536x1152.jpg 1536w, https:\/\/www.unioviedo.es\/negocia2\/wp-content\/uploads\/2024\/01\/Raul-2048x1536.jpg 2048w\" sizes=\"auto, (max-width: 767px) 89vw, (max-width: 1000px) 54vw, (max-width: 1071px) 543px, 580px\" \/><\/figure>\n\n\n\n<p>Ra\u00fal Pay\u00e1 Castiblanque es profesor ayudante doctor (acreditado a contratado doctor) en el<br>departamento de sociolog\u00eda de la Universidad de Oviedo. Anteriormente fue investigador postdoctoral Margarita Salas en el Centre dEstudis Sociol\u00f2gics sobre la Vida Quotidiana i el Treball (QUIT) de la Universitat Aut\u00f2noma de Barcelona e investigador predocotoral FPU en la Universitat de Val\u00e8ncia. Su principal l\u00ednea de investigaci\u00f3n se centra en el estudio comparado de los modelos de relaciones laborales europeos y sus efectos sobre la mejora de la sostenibilidad y la seguridad y salud ocupacional. Su etapa formativa fue combinada con el ejerci\u00f3 de la profesi\u00f3n de T\u00e9cnico de prevenci\u00f3n de riesgos laborales desde el a\u00f1o 2007 hasta 2016. Dicha experiencia laboral le permiti\u00f3 iniciar una l\u00ednea de investigaci\u00f3n novedosa, orientada hacia el estudio del impacto de representaci\u00f3n sindical<br>sobre los determinantes de la sostenibilidad y la seguridad y salud laboral, presentando como resultado m\u00e1s de veinte art\u00edculos cient\u00edficos (4 indexados en JCR-Wos y 12 en SJR-Scopus) y diversos cap\u00edtulos de libro en editoriales de prestigio (Tirant lo Blanch, Aranzadi, Icaria, Laborum, etc.). Ha participado en diversos proyectos de I+D competitivos y contratos de transferencia.<\/p>\n\n\n\n<p>Perfil de Ra\u00fal Pay\u00e1 Castilblanque en la <a href=\"https:\/\/www.uv.es\/uvweb\/universidad\/es\/ficha-persona-1285950309813.html?p2=raulpa2&amp;idA=\">Universidad de Valencia<\/a>.<br><\/p>\n","protected":false},"excerpt":{"rendered":"<p>Profesor Ayudante Doctor de Sociolog\u00eda. Universidad de Valencia Ra\u00fal Pay\u00e1 Castiblanque es profesor ayudante doctor (acreditado a contratado doctor) en eldepartamento de sociolog\u00eda de la Universidad de Oviedo. Anteriormente fue investigador postdoctoral Margarita Salas en el Centre dEstudis Sociol\u00f2gics sobre la Vida Quotidiana i el Treball (QUIT) de la Universitat Aut\u00f2noma de Barcelona e investigador &hellip; <\/p>\n<p class=\"link-more\"><a href=\"https:\/\/www.unioviedo.es\/negocia2\/index.php\/raul-paya-castilblanque\/\" class=\"more-link\">Continuar leyendo<span class=\"screen-reader-text\"> \u00abRa\u00fal Pay\u00e1 Castilblanque\u00bb<\/span><\/a><\/p>\n","protected":false},"author":1,"featured_media":0,"parent":0,"menu_order":0,"comment_status":"closed","ping_status":"closed","template":"","meta":{"footnotes":""},"class_list":["post-197","page","type-page","status-publish","hentry"],"_links":{"self":[{"href":"https:\/\/www.unioviedo.es\/negocia2\/index.php\/wp-json\/wp\/v2\/pages\/197","targetHints":{"allow":["GET"]}}],"collection":[{"href":"https:\/\/www.unioviedo.es\/negocia2\/index.php\/wp-json\/wp\/v2\/pages"}],"about":[{"href":"https:\/\/www.unioviedo.es\/negocia2\/index.php\/wp-json\/wp\/v2\/types\/page"}],"author":[{"embeddable":true,"href":"https:\/\/www.unioviedo.es\/negocia2\/index.php\/wp-json\/wp\/v2\/users\/1"}],"replies":[{"embeddable":true,"href":"https:\/\/www.unioviedo.es\/negocia2\/index.php\/wp-json\/wp\/v2\/comments?post=197"}],"version-history":[{"count":3,"href":"https:\/\/www.unioviedo.es\/negocia2\/index.php\/wp-json\/wp\/v2\/pages\/197\/revisions"}],"predecessor-version":[{"id":272,"href":"https:\/\/www.unioviedo.es\/negocia2\/index.php\/wp-json\/wp\/v2\/pages\/197\/revisions\/272"}],"wp:attachment":[{"href":"https:\/\/www.unioviedo.es\/negocia2\/index.php\/wp-json\/wp\/v2\/media?parent=197"}],"curies":[{"name":"wp","href":"https:\/\/api.w.org\/{rel}","templated":true}]}}