{"id":305,"date":"2024-02-12T09:11:15","date_gmt":"2024-02-12T08:11:15","guid":{"rendered":"https:\/\/www.unioviedo.es\/negocia2\/?page_id=305"},"modified":"2024-02-13T10:22:35","modified_gmt":"2024-02-13T09:22:35","slug":"concepcion-sanz-saez","status":"publish","type":"page","link":"https:\/\/www.unioviedo.es\/negocia2\/index.php\/concepcion-sanz-saez\/","title":{"rendered":"Concepci\u00f3n Sanz S\u00e1ez"},"content":{"rendered":"\n<p><strong>Profesora<\/strong><\/p>\n\n\n\n<figure class=\"wp-block-image size-large is-resized\"><img loading=\"lazy\" decoding=\"async\" width=\"788\" height=\"1024\" src=\"https:\/\/www.unioviedo.es\/negocia2\/wp-content\/uploads\/2024\/02\/mi-foto-788x1024.jpg\" alt=\"\" class=\"wp-image-306\" style=\"width:317px;height:auto\" srcset=\"https:\/\/www.unioviedo.es\/negocia2\/wp-content\/uploads\/2024\/02\/mi-foto-788x1024.jpg 788w, https:\/\/www.unioviedo.es\/negocia2\/wp-content\/uploads\/2024\/02\/mi-foto-231x300.jpg 231w, https:\/\/www.unioviedo.es\/negocia2\/wp-content\/uploads\/2024\/02\/mi-foto-768x998.jpg 768w, https:\/\/www.unioviedo.es\/negocia2\/wp-content\/uploads\/2024\/02\/mi-foto-1182x1536.jpg 1182w, https:\/\/www.unioviedo.es\/negocia2\/wp-content\/uploads\/2024\/02\/mi-foto-1575x2048.jpg 1575w, https:\/\/www.unioviedo.es\/negocia2\/wp-content\/uploads\/2024\/02\/mi-foto-scaled.jpg 1969w\" sizes=\"auto, (max-width: 767px) 89vw, (max-width: 1000px) 54vw, (max-width: 1071px) 543px, 580px\" \/><\/figure>\n\n\n\n<p>Acumulo una dilatada experiencia, como puede inferirse de mis m\u00e1s de 30 a\u00f1os en la Tesorer\u00eda General de la Seguridad Social, que he ido compatibilizando como profesora asociada durante los \u00faltimos a\u00f1os en la UCLM.<\/p>\n\n\n\n<p>En cuanto a mi cualificaci\u00f3n acad\u00e9mica, he alcanzado la m\u00e1xima, as\u00ed lo expresa la calificaci\u00f3n de Sobresaliente \u201cCum Laude\u201d en mi tesis \u201cEl r\u00e9gimen prestacional de las empleadas de hogar. An\u00e1lisis cr\u00edtico y perspectivas de cambio\u201d. As\u00ed como la estancia de investigaci\u00f3n de doctorado previa en COMPTRASEC y los cursos de especializaci\u00f3n posteriores.<\/p>\n\n\n\n<p>Igualmente, poseo una calidad docente contrastada por los resultados de las evaluaciones peri\u00f3dicas realizadas, como por la experiencia alcanzada realizando la coordinaci\u00f3n de 4\u00ba curso de grado de Derecho, perteneciendo a comit\u00e9 cient\u00edfico y realizando evaluaciones externas en distintas revistas de prestigio.<\/p>\n\n\n\n<p>Vengo realizando una actividad investigadora reconocida y ratificada, tanto por evaluaciones&nbsp; nacionales como&nbsp; en las convocatorias&nbsp; internacionales competitivas, dando cuenta de ello con distintas contribuciones a congresos y conferencias cient\u00edficas nacionales e internacionales, quedando acreditadas con variadas publicaciones cient\u00edficas, entre las que se encuentran libros, cap\u00edtulos de libros y art\u00edculos cient\u00edficos,&nbsp;&nbsp;&nbsp; as\u00ed como la direcci\u00f3n y coordinaci\u00f3n del libro&nbsp; <em>Reflexiones sobre el empleo dom\u00e9stico. De d\u00f3nde venimos, donde nos encontramos y hacia donde vamos. <\/em>Destacando que dos de mis comunicaciones fueron elegidas para ser presentadas en plenaria para el Congreso Interuniversitario OIT sobre el futuro del trabajo en la Facultad de ciencias del Trabajo de la Universidad de Sevilla y para su presentaci\u00f3n en Madrid en la II Conferencia Nacional Tripartita sobre El futuro del trabajo que queremos en el marco del Centenario de la OIT.<\/p>\n\n\n\n<p>Mantengo un compromiso social manifiesto con la participaci\u00f3n en planes y equipos de trabajo relacionados con el espacio europeo de educaci\u00f3n superior a trav\u00e9s de la elaboraci\u00f3n de distintos materiales docentes, con una apuesta decidida por la renovaci\u00f3n y la modernizaci\u00f3n a trav\u00e9s de distintos proyectos de investigaci\u00f3n unidos a cursos y seminarios recibidos e impartidos orientados a la formaci\u00f3n docente universitaria, a\u00f1adidos a la participaci\u00f3n en congresos orientados a la formaci\u00f3n docente universitaria<\/p>\n\n\n\n<p>Conservo varios registros de premios a la direcci\u00f3n de TFG, que unido a la direcci\u00f3n de TFM, es garant\u00eda de calidad de las actividades que vengo desarrollando tanto en docencia y formaci\u00f3n como en investigaci\u00f3n, confirmado con m\u00faltiples citas y rese\u00f1as de mis distintas publicaciones.<\/p>\n","protected":false},"excerpt":{"rendered":"<p>Profesora Acumulo una dilatada experiencia, como puede inferirse de mis m\u00e1s de 30 a\u00f1os en la Tesorer\u00eda General de la Seguridad Social, que he ido compatibilizando como profesora asociada durante los \u00faltimos a\u00f1os en la UCLM. En cuanto a mi cualificaci\u00f3n acad\u00e9mica, he alcanzado la m\u00e1xima, as\u00ed lo expresa la calificaci\u00f3n de Sobresaliente \u201cCum Laude\u201d &hellip; <\/p>\n<p class=\"link-more\"><a href=\"https:\/\/www.unioviedo.es\/negocia2\/index.php\/concepcion-sanz-saez\/\" class=\"more-link\">Continuar leyendo<span class=\"screen-reader-text\"> \u00abConcepci\u00f3n Sanz S\u00e1ez\u00bb<\/span><\/a><\/p>\n","protected":false},"author":1,"featured_media":0,"parent":0,"menu_order":0,"comment_status":"closed","ping_status":"closed","template":"","meta":{"footnotes":""},"class_list":["post-305","page","type-page","status-publish","hentry"],"_links":{"self":[{"href":"https:\/\/www.unioviedo.es\/negocia2\/index.php\/wp-json\/wp\/v2\/pages\/305","targetHints":{"allow":["GET"]}}],"collection":[{"href":"https:\/\/www.unioviedo.es\/negocia2\/index.php\/wp-json\/wp\/v2\/pages"}],"about":[{"href":"https:\/\/www.unioviedo.es\/negocia2\/index.php\/wp-json\/wp\/v2\/types\/page"}],"author":[{"embeddable":true,"href":"https:\/\/www.unioviedo.es\/negocia2\/index.php\/wp-json\/wp\/v2\/users\/1"}],"replies":[{"embeddable":true,"href":"https:\/\/www.unioviedo.es\/negocia2\/index.php\/wp-json\/wp\/v2\/comments?post=305"}],"version-history":[{"count":2,"href":"https:\/\/www.unioviedo.es\/negocia2\/index.php\/wp-json\/wp\/v2\/pages\/305\/revisions"}],"predecessor-version":[{"id":322,"href":"https:\/\/www.unioviedo.es\/negocia2\/index.php\/wp-json\/wp\/v2\/pages\/305\/revisions\/322"}],"wp:attachment":[{"href":"https:\/\/www.unioviedo.es\/negocia2\/index.php\/wp-json\/wp\/v2\/media?parent=305"}],"curies":[{"name":"wp","href":"https:\/\/api.w.org\/{rel}","templated":true}]}}