{"id":308,"date":"2024-02-12T09:13:55","date_gmt":"2024-02-12T08:13:55","guid":{"rendered":"https:\/\/www.unioviedo.es\/negocia2\/?page_id=308"},"modified":"2024-06-07T10:14:05","modified_gmt":"2024-06-07T08:14:05","slug":"covadonga-fernandez-villar","status":"publish","type":"page","link":"https:\/\/www.unioviedo.es\/negocia2\/index.php\/covadonga-fernandez-villar\/","title":{"rendered":"Covadonga Fern\u00e1ndez Villar"},"content":{"rendered":"\n<p><strong>Abogada Servicios Jur\u00eddicos CC.OO. de Asturias<\/strong><\/p>\n\n\n\n<figure class=\"wp-block-image size-large is-resized\"><img loading=\"lazy\" decoding=\"async\" width=\"768\" height=\"1024\" src=\"https:\/\/www.unioviedo.es\/negocia2\/wp-content\/uploads\/2024\/02\/covadonga-768x1024.jpg\" alt=\"\" class=\"wp-image-309\" style=\"width:263px;height:auto\" srcset=\"https:\/\/www.unioviedo.es\/negocia2\/wp-content\/uploads\/2024\/02\/covadonga-768x1024.jpg 768w, https:\/\/www.unioviedo.es\/negocia2\/wp-content\/uploads\/2024\/02\/covadonga-225x300.jpg 225w, https:\/\/www.unioviedo.es\/negocia2\/wp-content\/uploads\/2024\/02\/covadonga-1152x1536.jpg 1152w, https:\/\/www.unioviedo.es\/negocia2\/wp-content\/uploads\/2024\/02\/covadonga-1536x2048.jpg 1536w, https:\/\/www.unioviedo.es\/negocia2\/wp-content\/uploads\/2024\/02\/covadonga-scaled.jpg 1920w\" sizes=\"auto, (max-width: 767px) 89vw, (max-width: 1000px) 54vw, (max-width: 1071px) 543px, 580px\" \/><\/figure>\n\n\n\n<p>Covadonga Fern\u00e1ndez Villar es estudiante de Doctorado en Derecho desde 2020, compaginando su labor investigadora con el ejercicio de la abogac\u00eda en los servicios jur\u00eddicos de Comisiones Obreras de Asturias.<\/p>\n\n\n\n<p>Desde 2017 viene colaborando activamente con organizaciones sindicales, desde su asesor\u00eda legal, acci\u00f3n sindical e impartici\u00f3n de charlas y formaci\u00f3n sobre r\u00e9gimen de empleadas del hogar, acoso laboral y por raz\u00f3n de sexo y r\u00e9gimen de representaci\u00f3n del personal.<\/p>\n\n\n\n<p>Su pr\u00e1ctica profesional se ha desarrollado en torno a las relaciones laborales individuales de trabajo, en materias diversas que abarcan desde despidos, sanciones, modificaciones sustanciales de condiciones de trabajo, derechos de conciliaci\u00f3n y corresponsabilidad, reclamaciones de cantidad, etc. As\u00ed como, en materias de Seguridad Social, en materias de prestaciones de seguridad social, incapacidades permanentes etc.<\/p>\n\n\n\n<p>Sus principales l\u00edneas de investigaci\u00f3n se han centrado en el estudio de las relaciones laborales colectivas en los nuevos contextos productivos y en el \u00e1mbito de la prevenci\u00f3n de riesgos laborales con perspectiva de g\u00e9nero.<\/p>\n\n\n\n<p>Ha realizado varias publicaciones, como cap\u00edtulo de obra colectiva en la editorial Thomson Reuters Aranzadi y como art\u00edculo en la revista cient\u00edfica Temas Laborales. Para su tesis doctoral, iniciada en 2020, ha centrado su labor investigadora en el \u00e1mbito del r\u00e9gimen de representaci\u00f3n del personal en el marco de las nuevas relaciones laborales, en empresas de reducida dimensi\u00f3n y fragmentadas.&nbsp;<\/p>\n\n\n\n<p>Se han presentado varias ponencias en la Universitat de Valencia en 2023, participando en varios encuentros de la Secci\u00f3n Juvenil de la AEDTSS en 2021 y 2022 y en las Microjornadas de Igualdad, organizada por la AEDTSS representaci\u00f3n a la Secci\u00f3n Juvenil.<\/p>\n","protected":false},"excerpt":{"rendered":"<p>Abogada Servicios Jur\u00eddicos CC.OO. de Asturias Covadonga Fern\u00e1ndez Villar es estudiante de Doctorado en Derecho desde 2020, compaginando su labor investigadora con el ejercicio de la abogac\u00eda en los servicios jur\u00eddicos de Comisiones Obreras de Asturias. Desde 2017 viene colaborando activamente con organizaciones sindicales, desde su asesor\u00eda legal, acci\u00f3n sindical e impartici\u00f3n de charlas y &hellip; <\/p>\n<p class=\"link-more\"><a href=\"https:\/\/www.unioviedo.es\/negocia2\/index.php\/covadonga-fernandez-villar\/\" class=\"more-link\">Continuar leyendo<span class=\"screen-reader-text\"> \u00abCovadonga Fern\u00e1ndez Villar\u00bb<\/span><\/a><\/p>\n","protected":false},"author":1,"featured_media":0,"parent":0,"menu_order":0,"comment_status":"closed","ping_status":"closed","template":"","meta":{"footnotes":""},"class_list":["post-308","page","type-page","status-publish","hentry"],"_links":{"self":[{"href":"https:\/\/www.unioviedo.es\/negocia2\/index.php\/wp-json\/wp\/v2\/pages\/308","targetHints":{"allow":["GET"]}}],"collection":[{"href":"https:\/\/www.unioviedo.es\/negocia2\/index.php\/wp-json\/wp\/v2\/pages"}],"about":[{"href":"https:\/\/www.unioviedo.es\/negocia2\/index.php\/wp-json\/wp\/v2\/types\/page"}],"author":[{"embeddable":true,"href":"https:\/\/www.unioviedo.es\/negocia2\/index.php\/wp-json\/wp\/v2\/users\/1"}],"replies":[{"embeddable":true,"href":"https:\/\/www.unioviedo.es\/negocia2\/index.php\/wp-json\/wp\/v2\/comments?post=308"}],"version-history":[{"count":3,"href":"https:\/\/www.unioviedo.es\/negocia2\/index.php\/wp-json\/wp\/v2\/pages\/308\/revisions"}],"predecessor-version":[{"id":402,"href":"https:\/\/www.unioviedo.es\/negocia2\/index.php\/wp-json\/wp\/v2\/pages\/308\/revisions\/402"}],"wp:attachment":[{"href":"https:\/\/www.unioviedo.es\/negocia2\/index.php\/wp-json\/wp\/v2\/media?parent=308"}],"curies":[{"name":"wp","href":"https:\/\/api.w.org\/{rel}","templated":true}]}}