{"id":315,"date":"2024-02-13T10:17:58","date_gmt":"2024-02-13T09:17:58","guid":{"rendered":"https:\/\/www.unioviedo.es\/negocia2\/?page_id=315"},"modified":"2024-02-13T10:19:21","modified_gmt":"2024-02-13T09:19:21","slug":"cristina-roldan-maleno","status":"publish","type":"page","link":"https:\/\/www.unioviedo.es\/negocia2\/index.php\/cristina-roldan-maleno\/","title":{"rendered":"Cristina Rold\u00e1n Maleno"},"content":{"rendered":"\n<p><strong>Profesora Sustituta Interina de Derecho del Trabajo. Universidad de Almer\u00eda<\/strong><\/p>\n\n\n\n<figure class=\"wp-block-image size-large is-resized\"><img loading=\"lazy\" decoding=\"async\" width=\"987\" height=\"1024\" src=\"https:\/\/www.unioviedo.es\/negocia2\/wp-content\/uploads\/2024\/02\/IMG-20240212-WA0013-987x1024.jpg\" alt=\"\" class=\"wp-image-316\" style=\"width:292px;height:auto\" srcset=\"https:\/\/www.unioviedo.es\/negocia2\/wp-content\/uploads\/2024\/02\/IMG-20240212-WA0013-987x1024.jpg 987w, https:\/\/www.unioviedo.es\/negocia2\/wp-content\/uploads\/2024\/02\/IMG-20240212-WA0013-289x300.jpg 289w, https:\/\/www.unioviedo.es\/negocia2\/wp-content\/uploads\/2024\/02\/IMG-20240212-WA0013-768x797.jpg 768w, https:\/\/www.unioviedo.es\/negocia2\/wp-content\/uploads\/2024\/02\/IMG-20240212-WA0013-1480x1536.jpg 1480w, https:\/\/www.unioviedo.es\/negocia2\/wp-content\/uploads\/2024\/02\/IMG-20240212-WA0013.jpg 1542w\" sizes=\"auto, (max-width: 767px) 89vw, (max-width: 1000px) 54vw, (max-width: 1071px) 543px, 580px\" \/><\/figure>\n\n\n\n<p>Cristina Rold\u00e1n Maleno es graduada en Derecho por la Universidad de Almer\u00eda (m\u00e1ster de abogac\u00eda), y diplomada en Trabajo Social por la de Granada (m\u00e1ster de estudios migratorios, desarrollo e intervenci\u00f3n social).<\/p>\n\n\n\n<p>Obtuvo un contrato predoctoral FPU vinculado al \u00c1rea de Derecho del Trabajo y la Seguridad Social de la Universidad de Almer\u00eda, donde recientemente ha depositado su tesis doctoral sobre negociaci\u00f3n colectiva de gesti\u00f3n y vac\u00edos representativos, temas en torno a los que giran, as\u00ed mismo, sus primeras publicaciones.<\/p>\n\n\n\n<p>Es socia de la AEDTSS, ha realizado estancias de investigaci\u00f3n en las Universidades de Siena y Catania, y ha defendido comunicaciones en algunos eventos de car\u00e1cter internacional.<\/p>\n\n\n\n<p>Actualmente, ejerce como profesora sustituta interina en la UAL, impartiendo Derecho Colectivo y Derecho del Trabajo y de la Seguridad Social.<\/p>\n","protected":false},"excerpt":{"rendered":"<p>Profesora Sustituta Interina de Derecho del Trabajo. Universidad de Almer\u00eda Cristina Rold\u00e1n Maleno es graduada en Derecho por la Universidad de Almer\u00eda (m\u00e1ster de abogac\u00eda), y diplomada en Trabajo Social por la de Granada (m\u00e1ster de estudios migratorios, desarrollo e intervenci\u00f3n social). Obtuvo un contrato predoctoral FPU vinculado al \u00c1rea de Derecho del Trabajo y &hellip; <\/p>\n<p class=\"link-more\"><a href=\"https:\/\/www.unioviedo.es\/negocia2\/index.php\/cristina-roldan-maleno\/\" class=\"more-link\">Continuar leyendo<span class=\"screen-reader-text\"> \u00abCristina Rold\u00e1n Maleno\u00bb<\/span><\/a><\/p>\n","protected":false},"author":1,"featured_media":0,"parent":0,"menu_order":0,"comment_status":"closed","ping_status":"closed","template":"","meta":{"footnotes":""},"class_list":["post-315","page","type-page","status-publish","hentry"],"_links":{"self":[{"href":"https:\/\/www.unioviedo.es\/negocia2\/index.php\/wp-json\/wp\/v2\/pages\/315","targetHints":{"allow":["GET"]}}],"collection":[{"href":"https:\/\/www.unioviedo.es\/negocia2\/index.php\/wp-json\/wp\/v2\/pages"}],"about":[{"href":"https:\/\/www.unioviedo.es\/negocia2\/index.php\/wp-json\/wp\/v2\/types\/page"}],"author":[{"embeddable":true,"href":"https:\/\/www.unioviedo.es\/negocia2\/index.php\/wp-json\/wp\/v2\/users\/1"}],"replies":[{"embeddable":true,"href":"https:\/\/www.unioviedo.es\/negocia2\/index.php\/wp-json\/wp\/v2\/comments?post=315"}],"version-history":[{"count":4,"href":"https:\/\/www.unioviedo.es\/negocia2\/index.php\/wp-json\/wp\/v2\/pages\/315\/revisions"}],"predecessor-version":[{"id":320,"href":"https:\/\/www.unioviedo.es\/negocia2\/index.php\/wp-json\/wp\/v2\/pages\/315\/revisions\/320"}],"wp:attachment":[{"href":"https:\/\/www.unioviedo.es\/negocia2\/index.php\/wp-json\/wp\/v2\/media?parent=315"}],"curies":[{"name":"wp","href":"https:\/\/api.w.org\/{rel}","templated":true}]}}