{"id":34,"date":"2023-10-24T11:08:16","date_gmt":"2023-10-24T09:08:16","guid":{"rendered":"https:\/\/www.unioviedo.es\/negocia2\/?page_id=34"},"modified":"2023-12-21T14:49:31","modified_gmt":"2023-12-21T13:49:31","slug":"inicio","status":"publish","type":"page","link":"https:\/\/www.unioviedo.es\/negocia2\/","title":{"rendered":"Presentaci\u00f3n"},"content":{"rendered":"\n<p>\u00abNEGOCIA2\u00bb es un Proyecto I+D, financiado por el Ministerio de Ciencia e Innovaci\u00f3n, la Agencia Estatal de Investigaci\u00f3n y el Fondo Europeo de Desarrollo Regional (FEDER), que tiene como objetivo  abordar dos figuras clave para la disciplina jur\u00eddica del trabajo y las relaciones laborales: el di\u00e1logo social y la negociaci\u00f3n colectiva. Adem\u00e1s de un an\u00e1lisis dogm\u00e1tico del papel de esas instituciones como fuentes de derechos y obligaciones, se pretende analizar y evaluar las soluciones concretas que los resultados del di\u00e1logo y la negociaci\u00f3n est\u00e1n teniendo en relaci\u00f3n con aspectos tem\u00e1ticos que son de vital importancia en las sociedades actuales.<\/p>\n\n\n\n<p>El proyecto es coordinado por la Universidad de Oviedo y participan en \u00e9l investigadoras e investigadores de esta universidad y de las universidades de Alcal\u00e1 de Henares, Almer\u00eda, Castilla-La Mancha, Vigo y Valencia<\/p>\n","protected":false},"excerpt":{"rendered":"<p>\u00abNEGOCIA2\u00bb es un Proyecto I+D, financiado por el Ministerio de Ciencia e Innovaci\u00f3n, la Agencia Estatal de Investigaci\u00f3n y el Fondo Europeo de Desarrollo Regional (FEDER), que tiene como objetivo abordar dos figuras clave para la disciplina jur\u00eddica del trabajo y las relaciones laborales: el di\u00e1logo social y la negociaci\u00f3n colectiva. Adem\u00e1s de un an\u00e1lisis &hellip; <\/p>\n<p class=\"link-more\"><a href=\"https:\/\/www.unioviedo.es\/negocia2\/\" class=\"more-link\">Continuar leyendo<span class=\"screen-reader-text\"> \u00abPresentaci\u00f3n\u00bb<\/span><\/a><\/p>\n","protected":false},"author":1,"featured_media":0,"parent":0,"menu_order":0,"comment_status":"closed","ping_status":"closed","template":"","meta":{"footnotes":""},"class_list":["post-34","page","type-page","status-publish","hentry"],"_links":{"self":[{"href":"https:\/\/www.unioviedo.es\/negocia2\/index.php\/wp-json\/wp\/v2\/pages\/34","targetHints":{"allow":["GET"]}}],"collection":[{"href":"https:\/\/www.unioviedo.es\/negocia2\/index.php\/wp-json\/wp\/v2\/pages"}],"about":[{"href":"https:\/\/www.unioviedo.es\/negocia2\/index.php\/wp-json\/wp\/v2\/types\/page"}],"author":[{"embeddable":true,"href":"https:\/\/www.unioviedo.es\/negocia2\/index.php\/wp-json\/wp\/v2\/users\/1"}],"replies":[{"embeddable":true,"href":"https:\/\/www.unioviedo.es\/negocia2\/index.php\/wp-json\/wp\/v2\/comments?post=34"}],"version-history":[{"count":5,"href":"https:\/\/www.unioviedo.es\/negocia2\/index.php\/wp-json\/wp\/v2\/pages\/34\/revisions"}],"predecessor-version":[{"id":234,"href":"https:\/\/www.unioviedo.es\/negocia2\/index.php\/wp-json\/wp\/v2\/pages\/34\/revisions\/234"}],"wp:attachment":[{"href":"https:\/\/www.unioviedo.es\/negocia2\/index.php\/wp-json\/wp\/v2\/media?parent=34"}],"curies":[{"name":"wp","href":"https:\/\/api.w.org\/{rel}","templated":true}]}}