{"id":347,"date":"2024-04-22T17:32:56","date_gmt":"2024-04-22T15:32:56","guid":{"rendered":"https:\/\/www.unioviedo.es\/negocia2\/?page_id=347"},"modified":"2024-04-22T18:19:58","modified_gmt":"2024-04-22T16:19:58","slug":"david-diego-ruiz","status":"publish","type":"page","link":"https:\/\/www.unioviedo.es\/negocia2\/index.php\/david-diego-ruiz\/","title":{"rendered":"David Diego Ruiz"},"content":{"rendered":"\n<p><strong>Letrado Jefe de los Servicios Jur\u00eddicos de UGT-Asturias<\/strong><\/p>\n\n\n\n<figure class=\"wp-block-image size-large is-resized\"><img loading=\"lazy\" decoding=\"async\" width=\"1024\" height=\"768\" src=\"https:\/\/www.unioviedo.es\/negocia2\/wp-content\/uploads\/2024\/04\/David-1024x768.jpg\" alt=\"\" class=\"wp-image-348\" style=\"width:313px;height:auto\" srcset=\"https:\/\/www.unioviedo.es\/negocia2\/wp-content\/uploads\/2024\/04\/David-1024x768.jpg 1024w, https:\/\/www.unioviedo.es\/negocia2\/wp-content\/uploads\/2024\/04\/David-300x225.jpg 300w, https:\/\/www.unioviedo.es\/negocia2\/wp-content\/uploads\/2024\/04\/David-768x576.jpg 768w, https:\/\/www.unioviedo.es\/negocia2\/wp-content\/uploads\/2024\/04\/David-1536x1152.jpg 1536w, https:\/\/www.unioviedo.es\/negocia2\/wp-content\/uploads\/2024\/04\/David-2048x1536.jpg 2048w\" sizes=\"auto, (max-width: 767px) 89vw, (max-width: 1000px) 54vw, (max-width: 1071px) 543px, 580px\" \/><\/figure>\n\n\n\n<p>Licenciado en Derecho por la Universidad de Oviedo, David Diego Ruiz ha tenido una carrera profesional destacada en el campo del derecho y las relaciones laborales. Su trayectoria comenz\u00f3 como T\u00e9cnico de Empleo en la Oficina de Orientaci\u00f3n Laboral del Ayuntamiento de Langreo en 2006\/07. Posteriormente, trabaj\u00f3 como T\u00e9cnico de Empleo y Coordinador Comercial en Acci\u00f3n Laboral, Lugones entre agosto y noviembre de 2007. Luego, desde noviembre de 2007 hasta junio de 2010, trabaj\u00f3 como T\u00e9cnico de Empleo e Insertor Laboral en AFESA-ASTURIAS-FEAFES.<\/p>\n\n\n\n<p>David se uni\u00f3 a los Servicios Jur\u00eddicos de UGT-ASTURIAS en julio de 2013 como abogado en el \u00e1rea jur\u00eddico-laboral, cargo que ocup\u00f3 hasta junio de 2015. Desde julio de 2015 hasta la actualidad, ha estado sirviendo como Letrado Jefe de los Servicios Jur\u00eddicos de UGT-ASTURIAS.<\/p>\n\n\n\n<p>Adem\u00e1s de sus responsabilidades como Letrado Jefe, David ha asumido varios roles adicionales. Desde 2015, ha sido miembro de la Comisi\u00f3n Delegada del Servicio Asturiano de Soluci\u00f3n Extrajudicial de Conflictos, la Comisi\u00f3n Consultiva de Convenios del Principado de Asturias, la comisi\u00f3n de seguimiento FOGASA Asturias, y el Equipo de Coordinaci\u00f3n del \u00c1rea de Acci\u00f3n LGTBI &#8211; UGT.<\/p>\n","protected":false},"excerpt":{"rendered":"<p>Letrado Jefe de los Servicios Jur\u00eddicos de UGT-Asturias Licenciado en Derecho por la Universidad de Oviedo, David Diego Ruiz ha tenido una carrera profesional destacada en el campo del derecho y las relaciones laborales. Su trayectoria comenz\u00f3 como T\u00e9cnico de Empleo en la Oficina de Orientaci\u00f3n Laboral del Ayuntamiento de Langreo en 2006\/07. Posteriormente, trabaj\u00f3 &hellip; <\/p>\n<p class=\"link-more\"><a href=\"https:\/\/www.unioviedo.es\/negocia2\/index.php\/david-diego-ruiz\/\" class=\"more-link\">Continuar leyendo<span class=\"screen-reader-text\"> \u00abDavid Diego Ruiz\u00bb<\/span><\/a><\/p>\n","protected":false},"author":1,"featured_media":0,"parent":0,"menu_order":0,"comment_status":"closed","ping_status":"closed","template":"","meta":{"footnotes":""},"class_list":["post-347","page","type-page","status-publish","hentry"],"_links":{"self":[{"href":"https:\/\/www.unioviedo.es\/negocia2\/index.php\/wp-json\/wp\/v2\/pages\/347","targetHints":{"allow":["GET"]}}],"collection":[{"href":"https:\/\/www.unioviedo.es\/negocia2\/index.php\/wp-json\/wp\/v2\/pages"}],"about":[{"href":"https:\/\/www.unioviedo.es\/negocia2\/index.php\/wp-json\/wp\/v2\/types\/page"}],"author":[{"embeddable":true,"href":"https:\/\/www.unioviedo.es\/negocia2\/index.php\/wp-json\/wp\/v2\/users\/1"}],"replies":[{"embeddable":true,"href":"https:\/\/www.unioviedo.es\/negocia2\/index.php\/wp-json\/wp\/v2\/comments?post=347"}],"version-history":[{"count":6,"href":"https:\/\/www.unioviedo.es\/negocia2\/index.php\/wp-json\/wp\/v2\/pages\/347\/revisions"}],"predecessor-version":[{"id":355,"href":"https:\/\/www.unioviedo.es\/negocia2\/index.php\/wp-json\/wp\/v2\/pages\/347\/revisions\/355"}],"wp:attachment":[{"href":"https:\/\/www.unioviedo.es\/negocia2\/index.php\/wp-json\/wp\/v2\/media?parent=347"}],"curies":[{"name":"wp","href":"https:\/\/api.w.org\/{rel}","templated":true}]}}