{"id":35,"date":"2023-10-24T11:08:16","date_gmt":"2023-10-24T09:08:16","guid":{"rendered":"https:\/\/www.unioviedo.es\/negocia2\/?page_id=35"},"modified":"2025-05-05T13:55:43","modified_gmt":"2025-05-05T11:55:43","slug":"acerca-de","status":"publish","type":"page","link":"https:\/\/www.unioviedo.es\/negocia2\/index.php\/acerca-de\/","title":{"rendered":"Quienes somos"},"content":{"rendered":"\n<p>El equipo del Proyecto NEGOCIA2 est\u00e1 integrado por personal investigador de diversas universidades espa\u00f1olas, &nbsp;coordinado desde la Universidad de Oviedo y perteneciente, en su mayor\u00eda, al \u00e1rea de Derecho del trabajo y de la Seguridad Social. El proyecto forma parte de las actividades &nbsp;del&nbsp;<a href=\"http:\/\/gds.grupos.uniovi.es\/\">Grupo de Investigaci\u00f3n en Derecho Social de la Universidad de Oviedo (GDS)&nbsp;<\/a>.<\/p>\n\n\n\n<h6 class=\"wp-block-heading\">Investigadores Principales:<\/h6>\n\n\n\n<p><a href=\"https:\/\/www.unioviedo.es\/negocia2\/index.php\/luis-antonio-fernandez-villazon\/\" data-type=\"page\" data-id=\"147\">Luis Antonio Fern\u00e1ndez Villaz\u00f3n<\/a>&nbsp;(IP 1), Universidad de Oviedo<\/p>\n\n\n\n<p><a href=\"https:\/\/www.unioviedo.es\/negocia2\/index.php\/ana-rosa-arguelles-blanco\/\" data-type=\"page\" data-id=\"165\">Ana Rosa Arg\u00fcelles Blanco&nbsp;<\/a>(IP 2), Universidad de Oviedo<\/p>\n\n\n\n<h6 class=\"wp-block-heading\">Equipo de Investigaci\u00f3n:<\/h6>\n\n\n\n<p><a href=\"https:\/\/www.unioviedo.es\/negocia2\/index.php\/carolina-martinez-moreno\/\" data-type=\"page\" data-id=\"176\">Carolina Mart\u00ednez Moreno<\/a>, Universidad de Oviedo<\/p>\n\n\n\n<p><a href=\"https:\/\/www.unioviedo.es\/negocia2\/index.php\/maria-luz-rodriguez-fernandez\/\" data-type=\"page\" data-id=\"185\">Maria Luz Rodr\u00edguez Fern\u00e1ndez<\/a>, Universidad de Castilla la Mancha<\/p>\n\n\n\n<p><a href=\"https:\/\/www.unioviedo.es\/negocia2\/index.php\/remedios-menendez-calvo\/\" data-type=\"page\" data-id=\"193\">Remedios Men\u00e9ndez Calvo<\/a>, Universidad de Alcal\u00e1 de Henares<\/p>\n\n\n\n<p><a href=\"https:\/\/www.unioviedo.es\/negocia2\/index.php\/jose-soler-arrebola\/\" data-type=\"page\" data-id=\"189\">Jose Antonio Soler Arrebola<\/a>, Universidad de Almer\u00eda<\/p>\n\n\n\n<p><a href=\"https:\/\/www.unioviedo.es\/negocia2\/index.php\/emma-rodriguez-rodriguez\/\" data-type=\"page\" data-id=\"199\">Emma Rodr\u00edguez Rodr\u00edguez<\/a>, Universidad de Vigo<\/p>\n\n\n\n<p><a href=\"https:\/\/www.unioviedo.es\/negocia2\/index.php\/sergio-gonzalez-begega\/\" data-type=\"page\" data-id=\"191\">Sergio Gonz\u00e1lez Begega<\/a>, Universidad de Oviedo (Sociolog\u00eda)<\/p>\n\n\n\n<p><a href=\"https:\/\/www.unioviedo.es\/negocia2\/index.php\/raul-paya-castilblanque\/\" data-type=\"page\" data-id=\"197\">Ra\u00fal Pay\u00e1 Castilblanque<\/a>, Universidad de valencia (Sociolog\u00eda)<\/p>\n\n\n\n<h6 class=\"wp-block-heading\">Equipo de trabajo:<\/h6>\n\n\n\n<p><a href=\"https:\/\/www.unioviedo.es\/negocia2\/index.php\/concepcion-sanz-saez\/\" data-type=\"page\" data-id=\"305\">Concepci\u00f3n Sanz S\u00e1ez<\/a>, Castilla-La Mancha<\/p>\n\n\n\n<p><a href=\"https:\/\/www.unioviedo.es\/negocia2\/index.php\/david-diego-ruiz\/\" data-type=\"page\" data-id=\"347\">David Diego Ruiz<\/a>, Letrado Jefe Servicios Jur\u00eddicos de UGT-Asturias<\/p>\n\n\n\n<p><a href=\"https:\/\/www.unioviedo.es\/negocia2\/index.php\/nuria-fernandez-martinez\/\" data-type=\"page\" data-id=\"448\">Nuria Fern\u00e1ndez Mart\u00ednez<\/a>, Coordinadora Servicios Jur\u00eddicos de CC. OO. &#8211; Asturias<\/p>\n\n\n\n<p><a href=\"https:\/\/www.unioviedo.es\/negocia2\/index.php\/ignacio-garcia-lopez\/\" data-type=\"page\" data-id=\"398\">Ignacio Garc\u00eda L\u00f3pez<\/a>, Director de Apoyo Corporativo de FADE<\/p>\n\n\n\n<p><a href=\"https:\/\/www.unioviedo.es\/negocia2\/index.php\/cristina-roldan-maleno\/\" data-type=\"page\" data-id=\"315\">Cristina Azucena Rold\u00e1n Maleno<\/a>, Universidad de Almer\u00eda<\/p>\n\n\n\n<p><a href=\"https:\/\/www.unioviedo.es\/negocia2\/index.php\/aranzazu-fatima-roldan-martinez\/\" data-type=\"page\" data-id=\"605\">Aranzazu F\u00e1tima Rold\u00e1n Mart\u00ednez<\/a>, Universidad de Alcala<\/p>\n\n\n\n<p><span><span><a href=\"https:\/\/www.unioviedo.es\/negocia2\/index.php\/covadonga-fernandez-villar\/\" data-type=\"page\" data-id=\"308\">Covadonga Fern\u00e1ndez Villar<\/a><\/span><\/span>, abogada Comisiones Obreras de Asturias<\/p>\n\n\n\n<p><\/p>\n\n\n\n<p><\/p>\n","protected":false},"excerpt":{"rendered":"<p>El equipo del Proyecto NEGOCIA2 est\u00e1 integrado por personal investigador de diversas universidades espa\u00f1olas, &nbsp;coordinado desde la Universidad de Oviedo y perteneciente, en su mayor\u00eda, al \u00e1rea de Derecho del trabajo y de la Seguridad Social. El proyecto forma parte de las actividades &nbsp;del&nbsp;Grupo de Investigaci\u00f3n en Derecho Social de la Universidad de Oviedo (GDS)&nbsp;. &hellip; <\/p>\n<p class=\"link-more\"><a href=\"https:\/\/www.unioviedo.es\/negocia2\/index.php\/acerca-de\/\" class=\"more-link\">Continuar leyendo<span class=\"screen-reader-text\"> \u00abQuienes somos\u00bb<\/span><\/a><\/p>\n","protected":false},"author":1,"featured_media":112,"parent":0,"menu_order":0,"comment_status":"closed","ping_status":"closed","template":"","meta":{"footnotes":""},"class_list":["post-35","page","type-page","status-publish","has-post-thumbnail","hentry"],"_links":{"self":[{"href":"https:\/\/www.unioviedo.es\/negocia2\/index.php\/wp-json\/wp\/v2\/pages\/35","targetHints":{"allow":["GET"]}}],"collection":[{"href":"https:\/\/www.unioviedo.es\/negocia2\/index.php\/wp-json\/wp\/v2\/pages"}],"about":[{"href":"https:\/\/www.unioviedo.es\/negocia2\/index.php\/wp-json\/wp\/v2\/types\/page"}],"author":[{"embeddable":true,"href":"https:\/\/www.unioviedo.es\/negocia2\/index.php\/wp-json\/wp\/v2\/users\/1"}],"replies":[{"embeddable":true,"href":"https:\/\/www.unioviedo.es\/negocia2\/index.php\/wp-json\/wp\/v2\/comments?post=35"}],"version-history":[{"count":22,"href":"https:\/\/www.unioviedo.es\/negocia2\/index.php\/wp-json\/wp\/v2\/pages\/35\/revisions"}],"predecessor-version":[{"id":612,"href":"https:\/\/www.unioviedo.es\/negocia2\/index.php\/wp-json\/wp\/v2\/pages\/35\/revisions\/612"}],"wp:featuredmedia":[{"embeddable":true,"href":"https:\/\/www.unioviedo.es\/negocia2\/index.php\/wp-json\/wp\/v2\/media\/112"}],"wp:attachment":[{"href":"https:\/\/www.unioviedo.es\/negocia2\/index.php\/wp-json\/wp\/v2\/media?parent=35"}],"curies":[{"name":"wp","href":"https:\/\/api.w.org\/{rel}","templated":true}]}}